{"id":438,"date":"2024-06-09T20:11:19","date_gmt":"2024-06-09T20:11:19","guid":{"rendered":"https:\/\/aliolio.art\/?post_type=product&#038;p=438"},"modified":"2025-04-02T09:01:55","modified_gmt":"2025-04-02T09:01:55","slug":"abstract-beetle-n-02","status":"publish","type":"product","link":"https:\/\/aliolio.art\/en\/product\/abstract-beetle-n-02\/","title":{"rendered":"Abstract Beetle N\u00b0 02"},"content":{"rendered":"<p>Mixed media oilpainting on cardboard 2 parts \u00e1 24 x 30 x 0,5 cm<\/p>","protected":false},"excerpt":{"rendered":"<p>Abstract Beetle N\u00b0 02<\/p>\n<p>Original mixed media art with acrylics, markers and oilcolor on canvas, size 2 parts 24 x 3o x 0,5 cm, by Ali Olio.<\/p>\n<p>This painting symbolizes the importance of even the smallest creatures of our world. There is beauty everywhere &#8211; we just have to look for it. The similar colors green, yellow and orange highlight the symbiosis\u00a0of all the living beings. The abstract background complements the glossy beetle.<\/p>\n<p>This painting comes on cardboard \/ panel without a frame.<\/p>\n<p>______<\/p>\n<p>By buying this artwork you change the world for the better. You invest in yourself or as a gift into your loved ones. Collecting original art changes the energy of a room and lets you focus on what really matters in live. You create a home extraordinary.<\/p>","protected":false},"featured_media":452,"comment_status":"open","ping_status":"closed","template":"","meta":[],"product_brand":[],"product_cat":[45,57,21],"product_tag":[],"class_list":{"0":"post-438","1":"product","2":"type-product","3":"status-publish","4":"has-post-thumbnail","6":"product_cat-parent-available","7":"product_cat-parent-experimental","8":"product_cat-grandparent-original-art","10":"first","11":"instock","12":"featured","13":"sold-individually","14":"shipping-taxable","15":"purchasable","16":"product-type-simple"},"yoast_head":"<!-- This site is optimized with the Yoast SEO plugin v25.8 - https:\/\/yoast.com\/wordpress\/plugins\/seo\/ -->\n<title>Abstract Beetle N\u00b0 02 - Ali Olio<\/title>\n<meta name=\"robots\" content=\"index, follow, max-snippet:-1, max-image-preview:large, max-video-preview:-1\" \/>\n<link rel=\"canonical\" href=\"https:\/\/aliolio.art\/en\/product\/abstract-beetle-n-02\/\" \/>\n<meta property=\"og:locale\" content=\"en_GB\" \/>\n<meta property=\"og:type\" content=\"article\" \/>\n<meta property=\"og:title\" content=\"Abstract Beetle N\u00b0 02 - Ali Olio\" \/>\n<meta property=\"og:description\" content=\"Abstract Beetle N\u00b0 02  Original mixed media art with acrylics, markers and oilcolor on canvas, size 2 parts 24 x 3o x 0,5 cm, by Ali Olio.  This painting symbolizes the importance of even the smallest creatures of our world. There is beauty everywhere - we just have to look for it. The similar colors green, yellow and orange highlight the symbiosis\u00a0of all the living beings. The abstract background complements the glossy beetle.  This painting comes on cardboard \/ panel without a frame.  ______  By buying this artwork you change the world for the better. You invest in yourself or as a gift into your loved ones. Collecting original art changes the energy of a room and lets you focus on what really matters in live. You create a home extraordinary.\" \/>\n<meta property=\"og:url\" content=\"https:\/\/aliolio.art\/en\/product\/abstract-beetle-n-02\/\" \/>\n<meta property=\"og:site_name\" content=\"Ali Olio\" \/>\n<meta property=\"article:modified_time\" content=\"2025-04-02T09:01:55+00:00\" \/>\n<meta property=\"og:image\" content=\"https:\/\/aliolio.art\/wp-content\/uploads\/2024\/06\/Abstract-N\u00b0002-b_24x30cm_AliOlioArt_painting_frontsiye.jpg\" \/>\n\t<meta property=\"og:image:width\" content=\"1920\" \/>\n\t<meta property=\"og:image:height\" content=\"1920\" \/>\n\t<meta property=\"og:image:type\" content=\"image\/jpeg\" \/>\n<meta name=\"twitter:card\" content=\"summary_large_image\" \/>\n<script type=\"application\/ld+json\" class=\"yoast-schema-graph\">{\"@context\":\"https:\/\/schema.org\",\"@graph\":[{\"@type\":\"WebPage\",\"@id\":\"https:\/\/aliolio.art\/product\/abstract-beetle-n-02\/\",\"url\":\"https:\/\/aliolio.art\/product\/abstract-beetle-n-02\/\",\"name\":\"Abstract Beetle N\u00b0 02 - Ali Olio\",\"isPartOf\":{\"@id\":\"https:\/\/aliolio.art\/#website\"},\"primaryImageOfPage\":{\"@id\":\"https:\/\/aliolio.art\/product\/abstract-beetle-n-02\/#primaryimage\"},\"image\":{\"@id\":\"https:\/\/aliolio.art\/product\/abstract-beetle-n-02\/#primaryimage\"},\"thumbnailUrl\":\"https:\/\/aliolio.art\/wp-content\/uploads\/2024\/06\/Abstract-N\u00b0002-b_24x30cm_AliOlioArt_painting_frontsiye.jpg\",\"datePublished\":\"2024-06-09T20:11:19+00:00\",\"dateModified\":\"2025-04-02T09:01:55+00:00\",\"breadcrumb\":{\"@id\":\"https:\/\/aliolio.art\/product\/abstract-beetle-n-02\/#breadcrumb\"},\"inLanguage\":\"en-GB\",\"potentialAction\":[{\"@type\":\"ReadAction\",\"target\":[\"https:\/\/aliolio.art\/product\/abstract-beetle-n-02\/\"]}]},{\"@type\":\"ImageObject\",\"inLanguage\":\"en-GB\",\"@id\":\"https:\/\/aliolio.art\/product\/abstract-beetle-n-02\/#primaryimage\",\"url\":\"https:\/\/aliolio.art\/wp-content\/uploads\/2024\/06\/Abstract-N\u00b0002-b_24x30cm_AliOlioArt_painting_frontsiye.jpg\",\"contentUrl\":\"https:\/\/aliolio.art\/wp-content\/uploads\/2024\/06\/Abstract-N\u00b0002-b_24x30cm_AliOlioArt_painting_frontsiye.jpg\",\"width\":1920,\"height\":1920,\"caption\":\"Ali Olio | Fine Art from the Alps | Kunst aus den Alpen | abstract beetle yellow green orange white | abstrakter K\u00e4fer gr\u00fcn gelb orange wei\u00df\"},{\"@type\":\"BreadcrumbList\",\"@id\":\"https:\/\/aliolio.art\/product\/abstract-beetle-n-02\/#breadcrumb\",\"itemListElement\":[{\"@type\":\"ListItem\",\"position\":1,\"name\":\"Startseite\",\"item\":\"https:\/\/aliolio.art\/\"},{\"@type\":\"ListItem\",\"position\":2,\"name\":\"Shop\",\"item\":\"https:\/\/aliolio.art\/collect\/\"},{\"@type\":\"ListItem\",\"position\":3,\"name\":\"Abstract Beetle N\u00b0 02\"}]},{\"@type\":\"WebSite\",\"@id\":\"https:\/\/aliolio.art\/#website\",\"url\":\"https:\/\/aliolio.art\/\",\"name\":\"Ali Olio\",\"description\":\"Fine Art from the Alps\",\"publisher\":{\"@id\":\"https:\/\/aliolio.art\/#organization\"},\"potentialAction\":[{\"@type\":\"SearchAction\",\"target\":{\"@type\":\"EntryPoint\",\"urlTemplate\":\"https:\/\/aliolio.art\/?s={search_term_string}\"},\"query-input\":{\"@type\":\"PropertyValueSpecification\",\"valueRequired\":true,\"valueName\":\"search_term_string\"}}],\"inLanguage\":\"en-GB\"},{\"@type\":\"Organization\",\"@id\":\"https:\/\/aliolio.art\/#organization\",\"name\":\"Ali Olio\",\"url\":\"https:\/\/aliolio.art\/\",\"logo\":{\"@type\":\"ImageObject\",\"inLanguage\":\"en-GB\",\"@id\":\"https:\/\/aliolio.art\/#\/schema\/logo\/image\/\",\"url\":\"https:\/\/aliolio.art\/wp-content\/uploads\/2024\/06\/cropped-cropped-AliOlioArt-logo-white-transparent.png\",\"contentUrl\":\"https:\/\/aliolio.art\/wp-content\/uploads\/2024\/06\/cropped-cropped-AliOlioArt-logo-white-transparent.png\",\"width\":512,\"height\":512,\"caption\":\"Ali Olio\"},\"image\":{\"@id\":\"https:\/\/aliolio.art\/#\/schema\/logo\/image\/\"}}]}<\/script>\n<!-- \/ Yoast SEO plugin. -->","yoast_head_json":{"title":"Abstract Beetle N\u00b0 02 - Ali Olio","robots":{"index":"index","follow":"follow","max-snippet":"max-snippet:-1","max-image-preview":"max-image-preview:large","max-video-preview":"max-video-preview:-1"},"canonical":"https:\/\/aliolio.art\/en\/product\/abstract-beetle-n-02\/","og_locale":"en_GB","og_type":"article","og_title":"Abstract Beetle N\u00b0 02 - Ali Olio","og_description":"Abstract Beetle N\u00b0 02  Original mixed media art with acrylics, markers and oilcolor on canvas, size 2 parts 24 x 3o x 0,5 cm, by Ali Olio.  This painting symbolizes the importance of even the smallest creatures of our world. There is beauty everywhere - we just have to look for it. The similar colors green, yellow and orange highlight the symbiosis\u00a0of all the living beings. The abstract background complements the glossy beetle.  This painting comes on cardboard \/ panel without a frame.  ______  By buying this artwork you change the world for the better. You invest in yourself or as a gift into your loved ones. Collecting original art changes the energy of a room and lets you focus on what really matters in live. You create a home extraordinary.","og_url":"https:\/\/aliolio.art\/en\/product\/abstract-beetle-n-02\/","og_site_name":"Ali Olio","article_modified_time":"2025-04-02T09:01:55+00:00","og_image":[{"width":1920,"height":1920,"url":"https:\/\/aliolio.art\/wp-content\/uploads\/2024\/06\/Abstract-N\u00b0002-b_24x30cm_AliOlioArt_painting_frontsiye.jpg","type":"image\/jpeg"}],"twitter_card":"summary_large_image","schema":{"@context":"https:\/\/schema.org","@graph":[{"@type":"WebPage","@id":"https:\/\/aliolio.art\/product\/abstract-beetle-n-02\/","url":"https:\/\/aliolio.art\/product\/abstract-beetle-n-02\/","name":"Abstract Beetle N\u00b0 02 - Ali Olio","isPartOf":{"@id":"https:\/\/aliolio.art\/#website"},"primaryImageOfPage":{"@id":"https:\/\/aliolio.art\/product\/abstract-beetle-n-02\/#primaryimage"},"image":{"@id":"https:\/\/aliolio.art\/product\/abstract-beetle-n-02\/#primaryimage"},"thumbnailUrl":"https:\/\/aliolio.art\/wp-content\/uploads\/2024\/06\/Abstract-N\u00b0002-b_24x30cm_AliOlioArt_painting_frontsiye.jpg","datePublished":"2024-06-09T20:11:19+00:00","dateModified":"2025-04-02T09:01:55+00:00","breadcrumb":{"@id":"https:\/\/aliolio.art\/product\/abstract-beetle-n-02\/#breadcrumb"},"inLanguage":"en-GB","potentialAction":[{"@type":"ReadAction","target":["https:\/\/aliolio.art\/product\/abstract-beetle-n-02\/"]}]},{"@type":"ImageObject","inLanguage":"en-GB","@id":"https:\/\/aliolio.art\/product\/abstract-beetle-n-02\/#primaryimage","url":"https:\/\/aliolio.art\/wp-content\/uploads\/2024\/06\/Abstract-N\u00b0002-b_24x30cm_AliOlioArt_painting_frontsiye.jpg","contentUrl":"https:\/\/aliolio.art\/wp-content\/uploads\/2024\/06\/Abstract-N\u00b0002-b_24x30cm_AliOlioArt_painting_frontsiye.jpg","width":1920,"height":1920,"caption":"Ali Olio | Fine Art from the Alps | Kunst aus den Alpen | abstract beetle yellow green orange white | abstrakter K\u00e4fer gr\u00fcn gelb orange wei\u00df"},{"@type":"BreadcrumbList","@id":"https:\/\/aliolio.art\/product\/abstract-beetle-n-02\/#breadcrumb","itemListElement":[{"@type":"ListItem","position":1,"name":"Startseite","item":"https:\/\/aliolio.art\/"},{"@type":"ListItem","position":2,"name":"Shop","item":"https:\/\/aliolio.art\/collect\/"},{"@type":"ListItem","position":3,"name":"Abstract Beetle N\u00b0 02"}]},{"@type":"WebSite","@id":"https:\/\/aliolio.art\/#website","url":"https:\/\/aliolio.art\/","name":"Ali Olio","description":"Fine Art from the Alps","publisher":{"@id":"https:\/\/aliolio.art\/#organization"},"potentialAction":[{"@type":"SearchAction","target":{"@type":"EntryPoint","urlTemplate":"https:\/\/aliolio.art\/?s={search_term_string}"},"query-input":{"@type":"PropertyValueSpecification","valueRequired":true,"valueName":"search_term_string"}}],"inLanguage":"en-GB"},{"@type":"Organization","@id":"https:\/\/aliolio.art\/#organization","name":"Ali Olio","url":"https:\/\/aliolio.art\/","logo":{"@type":"ImageObject","inLanguage":"en-GB","@id":"https:\/\/aliolio.art\/#\/schema\/logo\/image\/","url":"https:\/\/aliolio.art\/wp-content\/uploads\/2024\/06\/cropped-cropped-AliOlioArt-logo-white-transparent.png","contentUrl":"https:\/\/aliolio.art\/wp-content\/uploads\/2024\/06\/cropped-cropped-AliOlioArt-logo-white-transparent.png","width":512,"height":512,"caption":"Ali Olio"},"image":{"@id":"https:\/\/aliolio.art\/#\/schema\/logo\/image\/"}}]}},"jetpack_sharing_enabled":true,"_links":{"self":[{"href":"https:\/\/aliolio.art\/en\/wp-json\/wp\/v2\/product\/438","targetHints":{"allow":["GET"]}}],"collection":[{"href":"https:\/\/aliolio.art\/en\/wp-json\/wp\/v2\/product"}],"about":[{"href":"https:\/\/aliolio.art\/en\/wp-json\/wp\/v2\/types\/product"}],"replies":[{"embeddable":true,"href":"https:\/\/aliolio.art\/en\/wp-json\/wp\/v2\/comments?post=438"}],"version-history":[{"count":2,"href":"https:\/\/aliolio.art\/en\/wp-json\/wp\/v2\/product\/438\/revisions"}],"predecessor-version":[{"id":1024,"href":"https:\/\/aliolio.art\/en\/wp-json\/wp\/v2\/product\/438\/revisions\/1024"}],"wp:featuredmedia":[{"embeddable":true,"href":"https:\/\/aliolio.art\/en\/wp-json\/wp\/v2\/media\/452"}],"wp:attachment":[{"href":"https:\/\/aliolio.art\/en\/wp-json\/wp\/v2\/media?parent=438"}],"wp:term":[{"taxonomy":"product_brand","embeddable":true,"href":"https:\/\/aliolio.art\/en\/wp-json\/wp\/v2\/product_brand?post=438"},{"taxonomy":"product_cat","embeddable":true,"href":"https:\/\/aliolio.art\/en\/wp-json\/wp\/v2\/product_cat?post=438"},{"taxonomy":"product_tag","embeddable":true,"href":"https:\/\/aliolio.art\/en\/wp-json\/wp\/v2\/product_tag?post=438"}],"curies":[{"name":"wp","href":"https:\/\/api.w.org\/{rel}","templated":true}]}}