{"id":4154,"date":"2026-03-31T18:55:33","date_gmt":"2026-03-31T18:55:33","guid":{"rendered":"https:\/\/aliolio.art\/?post_type=product&#038;p=4154"},"modified":"2026-03-31T20:24:32","modified_gmt":"2026-03-31T20:24:32","slug":"im-moment-sommer","status":"publish","type":"product","link":"https:\/\/aliolio.art\/en\/product\/im-moment-sommer\/","title":{"rendered":"Im Moment | Sommer"},"content":{"rendered":"<p><strong>Moments Serie<\/strong><br \/>\nOilpainting on canvas <em>50x70x4,5cm<\/em><\/p>","protected":false},"excerpt":{"rendered":"<p data-section-id=\"1az3aiv\" data-start=\"365\" data-end=\"395\"><span role=\"text\"><strong data-start=\"369\" data-end=\"393\">Im Moment | Sommer<\/strong><\/span><\/p>\n<p data-start=\"397\" data-end=\"429\">Weniger Ablenkung. Mehr Leben.<\/p>\n<p data-start=\"431\" data-end=\"662\">Zwischen Nachrichten, Meetings und Serien: vergiss nicht, durchzuatmen.<br data-start=\"502\" data-end=\"505\" \/>Nimm den Moment wahr \u2013 Sonnenstrahlen auf der Haut, ein Windhauch durch die Haare, das Rauschen der Bl\u00e4tter \u00fcber dir. Dieses Kunstwerk erinnert dich daran.<\/p>\n<p data-start=\"664\" data-end=\"861\">So gestaltet, dass es auf allen vier Seiten aufgeh\u00e4ngt werden kann \u2013 ganz so, wie es bei dir im Moment passt.<br data-start=\"773\" data-end=\"776\" \/>Dieses Bild ist Teil der vierteiligen <em data-start=\"814\" data-end=\"823\">Moments<\/em> Serie und repr\u00e4sentiert den Sommer.<\/p>\n<p data-start=\"863\" data-end=\"935\"><em data-start=\"863\" data-end=\"933\">(Rahmen und Zubeh\u00f6r nicht inkludiert; Fotos dienen der Vorstellung.)<\/em><\/p>\n<p>&nbsp;<\/p>\n<p data-section-id=\"1vrw0p0\" data-start=\"95\" data-end=\"129\"><span role=\"text\"><strong data-start=\"99\" data-end=\"127\">In the Moment | Summer<\/strong><\/span><\/p>\n<p data-start=\"131\" data-end=\"161\">Less distraction. More life.<\/p>\n<p data-start=\"163\" data-end=\"376\">Between messages, meetings, and series: don\u2019t forget to pause and breathe.<br data-start=\"237\" data-end=\"240\" \/>Notice the moment \u2013 sunlight on your skin, a breeze through your hair, the rustle of leaves above. This artwork is here to remind you.<\/p>\n<p data-start=\"378\" data-end=\"532\">Designed to be displayed on all four sides \u2013 wherever it fits your moment.<br data-start=\"452\" data-end=\"455\" \/>This piece is part of the four-part <em data-start=\"491\" data-end=\"500\">Moments<\/em> series and represents summer.<\/p>\n<p data-start=\"534\" data-end=\"606\"><em data-start=\"534\" data-end=\"604\">(Frame and accessories not included; photos are for reference only.)<\/em><\/p>","protected":false},"featured_media":4123,"comment_status":"open","ping_status":"closed","template":"","meta":[],"product_brand":[],"product_cat":[45,65,21,59],"product_tag":[],"class_list":{"0":"post-4154","1":"product","2":"type-product","3":"status-publish","4":"has-post-thumbnail","6":"product_cat-parent-available","7":"product_cat-moments","8":"product_cat-grandparent-original-art","9":"product_cat-parent-serie","11":"first","12":"instock","13":"featured","14":"sold-individually","15":"shipping-taxable","16":"purchasable","17":"product-type-simple"},"yoast_head":"<!-- This site is optimized with the Yoast SEO plugin v25.8 - https:\/\/yoast.com\/wordpress\/plugins\/seo\/ -->\n<title>Im Moment | Sommer - Ali Olio<\/title>\n<meta name=\"description\" content=\"Kunst als Erinnerung daran, im Moment zu leben. Blick nach oben in die sommerlichen Baumkronen zwischen Sonnenstrahlen, ein \u00d6lgem\u00e4lde auf Leinwand.\" \/>\n<meta name=\"robots\" content=\"index, follow, max-snippet:-1, max-image-preview:large, max-video-preview:-1\" \/>\n<link rel=\"canonical\" href=\"https:\/\/aliolio.art\/en\/product\/im-moment-sommer\/\" \/>\n<meta property=\"og:locale\" content=\"en_GB\" \/>\n<meta property=\"og:type\" content=\"article\" \/>\n<meta property=\"og:title\" content=\"Im Moment | Sommer - Ali Olio\" \/>\n<meta property=\"og:description\" content=\"Kunst als Erinnerung daran, im Moment zu leben. Blick nach oben in die sommerlichen Baumkronen zwischen Sonnenstrahlen, ein \u00d6lgem\u00e4lde auf Leinwand.\" \/>\n<meta property=\"og:url\" content=\"https:\/\/aliolio.art\/en\/product\/im-moment-sommer\/\" \/>\n<meta property=\"og:site_name\" content=\"Ali Olio\" \/>\n<meta property=\"article:modified_time\" content=\"2026-03-31T20:24:32+00:00\" \/>\n<meta property=\"og:image\" content=\"https:\/\/aliolio.art\/wp-content\/uploads\/2026\/03\/aliolioart_im-moment-sommer_serie_full-scaled.jpg\" \/>\n\t<meta property=\"og:image:width\" content=\"2560\" \/>\n\t<meta property=\"og:image:height\" content=\"2560\" \/>\n\t<meta property=\"og:image:type\" content=\"image\/jpeg\" \/>\n<meta name=\"twitter:card\" content=\"summary_large_image\" \/>\n<meta name=\"twitter:label1\" content=\"Estimated reading time\" \/>\n\t<meta name=\"twitter:data1\" content=\"1 minute\" \/>\n<script type=\"application\/ld+json\" class=\"yoast-schema-graph\">{\"@context\":\"https:\/\/schema.org\",\"@graph\":[{\"@type\":\"WebPage\",\"@id\":\"https:\/\/aliolio.art\/product\/im-moment-sommer\/\",\"url\":\"https:\/\/aliolio.art\/product\/im-moment-sommer\/\",\"name\":\"Im Moment | Sommer - Ali Olio\",\"isPartOf\":{\"@id\":\"https:\/\/aliolio.art\/#website\"},\"primaryImageOfPage\":{\"@id\":\"https:\/\/aliolio.art\/product\/im-moment-sommer\/#primaryimage\"},\"image\":{\"@id\":\"https:\/\/aliolio.art\/product\/im-moment-sommer\/#primaryimage\"},\"thumbnailUrl\":\"https:\/\/aliolio.art\/wp-content\/uploads\/2026\/03\/aliolioart_im-moment-sommer_serie_full-scaled.jpg\",\"datePublished\":\"2026-03-31T18:55:33+00:00\",\"dateModified\":\"2026-03-31T20:24:32+00:00\",\"description\":\"Kunst als Erinnerung daran, im Moment zu leben. Blick nach oben in die sommerlichen Baumkronen zwischen Sonnenstrahlen, ein \u00d6lgem\u00e4lde auf Leinwand.\",\"breadcrumb\":{\"@id\":\"https:\/\/aliolio.art\/product\/im-moment-sommer\/#breadcrumb\"},\"inLanguage\":\"en-GB\",\"potentialAction\":[{\"@type\":\"ReadAction\",\"target\":[\"https:\/\/aliolio.art\/product\/im-moment-sommer\/\"]}]},{\"@type\":\"ImageObject\",\"inLanguage\":\"en-GB\",\"@id\":\"https:\/\/aliolio.art\/product\/im-moment-sommer\/#primaryimage\",\"url\":\"https:\/\/aliolio.art\/wp-content\/uploads\/2026\/03\/aliolioart_im-moment-sommer_serie_full-scaled.jpg\",\"contentUrl\":\"https:\/\/aliolio.art\/wp-content\/uploads\/2026\/03\/aliolioart_im-moment-sommer_serie_full-scaled.jpg\",\"width\":2560,\"height\":2560,\"caption\":\"Im Moment | Summer - Teil der Moments Serie | \u00d6lgem\u00e4lde auf Leinwand - Baumkronen im Sommer und dazwischen Sonnenstrahlen Farbt\u00f6ne in Blau und Gr\u00fcn | Original Art von Alexandra Isabel H\u00f6hager, aufstrebende \u00f6sterreichische K\u00fcnstlerin | Ali Olio | Fine Art from the Alps\"},{\"@type\":\"BreadcrumbList\",\"@id\":\"https:\/\/aliolio.art\/product\/im-moment-sommer\/#breadcrumb\",\"itemListElement\":[{\"@type\":\"ListItem\",\"position\":1,\"name\":\"Startseite\",\"item\":\"https:\/\/aliolio.art\/\"},{\"@type\":\"ListItem\",\"position\":2,\"name\":\"Shop\",\"item\":\"https:\/\/aliolio.art\/collect\/\"},{\"@type\":\"ListItem\",\"position\":3,\"name\":\"Im Moment | Sommer\"}]},{\"@type\":\"WebSite\",\"@id\":\"https:\/\/aliolio.art\/#website\",\"url\":\"https:\/\/aliolio.art\/\",\"name\":\"Ali Olio\",\"description\":\"Fine Art from the Alps\",\"publisher\":{\"@id\":\"https:\/\/aliolio.art\/#organization\"},\"potentialAction\":[{\"@type\":\"SearchAction\",\"target\":{\"@type\":\"EntryPoint\",\"urlTemplate\":\"https:\/\/aliolio.art\/?s={search_term_string}\"},\"query-input\":{\"@type\":\"PropertyValueSpecification\",\"valueRequired\":true,\"valueName\":\"search_term_string\"}}],\"inLanguage\":\"en-GB\"},{\"@type\":\"Organization\",\"@id\":\"https:\/\/aliolio.art\/#organization\",\"name\":\"Ali Olio\",\"url\":\"https:\/\/aliolio.art\/\",\"logo\":{\"@type\":\"ImageObject\",\"inLanguage\":\"en-GB\",\"@id\":\"https:\/\/aliolio.art\/#\/schema\/logo\/image\/\",\"url\":\"https:\/\/aliolio.art\/wp-content\/uploads\/2024\/06\/cropped-cropped-AliOlioArt-logo-white-transparent.png\",\"contentUrl\":\"https:\/\/aliolio.art\/wp-content\/uploads\/2024\/06\/cropped-cropped-AliOlioArt-logo-white-transparent.png\",\"width\":512,\"height\":512,\"caption\":\"Ali Olio\"},\"image\":{\"@id\":\"https:\/\/aliolio.art\/#\/schema\/logo\/image\/\"}}]}<\/script>\n<!-- \/ Yoast SEO plugin. -->","yoast_head_json":{"title":"Im Moment | Sommer - Ali Olio","description":"Kunst als Erinnerung daran, im Moment zu leben. Blick nach oben in die sommerlichen Baumkronen zwischen Sonnenstrahlen, ein \u00d6lgem\u00e4lde auf Leinwand.","robots":{"index":"index","follow":"follow","max-snippet":"max-snippet:-1","max-image-preview":"max-image-preview:large","max-video-preview":"max-video-preview:-1"},"canonical":"https:\/\/aliolio.art\/en\/product\/im-moment-sommer\/","og_locale":"en_GB","og_type":"article","og_title":"Im Moment | Sommer - Ali Olio","og_description":"Kunst als Erinnerung daran, im Moment zu leben. Blick nach oben in die sommerlichen Baumkronen zwischen Sonnenstrahlen, ein \u00d6lgem\u00e4lde auf Leinwand.","og_url":"https:\/\/aliolio.art\/en\/product\/im-moment-sommer\/","og_site_name":"Ali Olio","article_modified_time":"2026-03-31T20:24:32+00:00","og_image":[{"width":2560,"height":2560,"url":"https:\/\/aliolio.art\/wp-content\/uploads\/2026\/03\/aliolioart_im-moment-sommer_serie_full-scaled.jpg","type":"image\/jpeg"}],"twitter_card":"summary_large_image","twitter_misc":{"Estimated reading time":"1 minute"},"schema":{"@context":"https:\/\/schema.org","@graph":[{"@type":"WebPage","@id":"https:\/\/aliolio.art\/product\/im-moment-sommer\/","url":"https:\/\/aliolio.art\/product\/im-moment-sommer\/","name":"Im Moment | Sommer - Ali Olio","isPartOf":{"@id":"https:\/\/aliolio.art\/#website"},"primaryImageOfPage":{"@id":"https:\/\/aliolio.art\/product\/im-moment-sommer\/#primaryimage"},"image":{"@id":"https:\/\/aliolio.art\/product\/im-moment-sommer\/#primaryimage"},"thumbnailUrl":"https:\/\/aliolio.art\/wp-content\/uploads\/2026\/03\/aliolioart_im-moment-sommer_serie_full-scaled.jpg","datePublished":"2026-03-31T18:55:33+00:00","dateModified":"2026-03-31T20:24:32+00:00","description":"Kunst als Erinnerung daran, im Moment zu leben. Blick nach oben in die sommerlichen Baumkronen zwischen Sonnenstrahlen, ein \u00d6lgem\u00e4lde auf Leinwand.","breadcrumb":{"@id":"https:\/\/aliolio.art\/product\/im-moment-sommer\/#breadcrumb"},"inLanguage":"en-GB","potentialAction":[{"@type":"ReadAction","target":["https:\/\/aliolio.art\/product\/im-moment-sommer\/"]}]},{"@type":"ImageObject","inLanguage":"en-GB","@id":"https:\/\/aliolio.art\/product\/im-moment-sommer\/#primaryimage","url":"https:\/\/aliolio.art\/wp-content\/uploads\/2026\/03\/aliolioart_im-moment-sommer_serie_full-scaled.jpg","contentUrl":"https:\/\/aliolio.art\/wp-content\/uploads\/2026\/03\/aliolioart_im-moment-sommer_serie_full-scaled.jpg","width":2560,"height":2560,"caption":"Im Moment | Summer - Teil der Moments Serie | \u00d6lgem\u00e4lde auf Leinwand - Baumkronen im Sommer und dazwischen Sonnenstrahlen Farbt\u00f6ne in Blau und Gr\u00fcn | Original Art von Alexandra Isabel H\u00f6hager, aufstrebende \u00f6sterreichische K\u00fcnstlerin | Ali Olio | Fine Art from the Alps"},{"@type":"BreadcrumbList","@id":"https:\/\/aliolio.art\/product\/im-moment-sommer\/#breadcrumb","itemListElement":[{"@type":"ListItem","position":1,"name":"Startseite","item":"https:\/\/aliolio.art\/"},{"@type":"ListItem","position":2,"name":"Shop","item":"https:\/\/aliolio.art\/collect\/"},{"@type":"ListItem","position":3,"name":"Im Moment | Sommer"}]},{"@type":"WebSite","@id":"https:\/\/aliolio.art\/#website","url":"https:\/\/aliolio.art\/","name":"Ali Olio","description":"Fine Art from the Alps","publisher":{"@id":"https:\/\/aliolio.art\/#organization"},"potentialAction":[{"@type":"SearchAction","target":{"@type":"EntryPoint","urlTemplate":"https:\/\/aliolio.art\/?s={search_term_string}"},"query-input":{"@type":"PropertyValueSpecification","valueRequired":true,"valueName":"search_term_string"}}],"inLanguage":"en-GB"},{"@type":"Organization","@id":"https:\/\/aliolio.art\/#organization","name":"Ali Olio","url":"https:\/\/aliolio.art\/","logo":{"@type":"ImageObject","inLanguage":"en-GB","@id":"https:\/\/aliolio.art\/#\/schema\/logo\/image\/","url":"https:\/\/aliolio.art\/wp-content\/uploads\/2024\/06\/cropped-cropped-AliOlioArt-logo-white-transparent.png","contentUrl":"https:\/\/aliolio.art\/wp-content\/uploads\/2024\/06\/cropped-cropped-AliOlioArt-logo-white-transparent.png","width":512,"height":512,"caption":"Ali Olio"},"image":{"@id":"https:\/\/aliolio.art\/#\/schema\/logo\/image\/"}}]}},"jetpack_sharing_enabled":true,"_links":{"self":[{"href":"https:\/\/aliolio.art\/en\/wp-json\/wp\/v2\/product\/4154","targetHints":{"allow":["GET"]}}],"collection":[{"href":"https:\/\/aliolio.art\/en\/wp-json\/wp\/v2\/product"}],"about":[{"href":"https:\/\/aliolio.art\/en\/wp-json\/wp\/v2\/types\/product"}],"replies":[{"embeddable":true,"href":"https:\/\/aliolio.art\/en\/wp-json\/wp\/v2\/comments?post=4154"}],"version-history":[{"count":1,"href":"https:\/\/aliolio.art\/en\/wp-json\/wp\/v2\/product\/4154\/revisions"}],"predecessor-version":[{"id":4155,"href":"https:\/\/aliolio.art\/en\/wp-json\/wp\/v2\/product\/4154\/revisions\/4155"}],"wp:featuredmedia":[{"embeddable":true,"href":"https:\/\/aliolio.art\/en\/wp-json\/wp\/v2\/media\/4123"}],"wp:attachment":[{"href":"https:\/\/aliolio.art\/en\/wp-json\/wp\/v2\/media?parent=4154"}],"wp:term":[{"taxonomy":"product_brand","embeddable":true,"href":"https:\/\/aliolio.art\/en\/wp-json\/wp\/v2\/product_brand?post=4154"},{"taxonomy":"product_cat","embeddable":true,"href":"https:\/\/aliolio.art\/en\/wp-json\/wp\/v2\/product_cat?post=4154"},{"taxonomy":"product_tag","embeddable":true,"href":"https:\/\/aliolio.art\/en\/wp-json\/wp\/v2\/product_tag?post=4154"}],"curies":[{"name":"wp","href":"https:\/\/api.w.org\/{rel}","templated":true}]}}