{"id":4145,"date":"2026-03-31T12:51:03","date_gmt":"2026-03-31T12:51:03","guid":{"rendered":"https:\/\/aliolio.art\/?post_type=product&#038;p=4145"},"modified":"2026-03-31T18:55:08","modified_gmt":"2026-03-31T18:55:08","slug":"im-moment-fruhling","status":"publish","type":"product","link":"https:\/\/aliolio.art\/en\/product\/im-moment-fruhling\/","title":{"rendered":"Im Moment | Fr\u00fchling"},"content":{"rendered":"<p><strong>Moments Serie<\/strong><br \/>\nOilpainting on canvas <em>80&#215;12<\/em><em>0x4,5cm<\/em><\/p>","protected":false},"excerpt":{"rendered":"<h3 data-section-id=\"1rb2udc\" data-start=\"259\" data-end=\"289\"><span role=\"text\"><strong data-start=\"263\" data-end=\"289\">Im Moment | Fr\u00fchling<\/strong><\/span><\/h3>\n<p data-start=\"291\" data-end=\"323\">Weniger Ablenkung. Mehr Leben.<\/p>\n<p data-start=\"325\" data-end=\"610\">Zwischen Nachrichten, Meetings und Serien: vergiss nicht, durchzuatmen.<br data-start=\"396\" data-end=\"399\" \/>Nimm den Moment wahr \u2013 die ersten warmen Sonnenstrahlen auf der Haut, das leise Erwachen der Natur, Vogelstimmen in der klaren Luft und die ersten Bl\u00fcten, die sich \u00f6ffnen. Dieses Kunstwerk erinnert dich daran.<\/p>\n<p data-start=\"612\" data-end=\"811\">So gestaltet, dass es auf allen vier Seiten aufgeh\u00e4ngt werden kann \u2013 ganz so, wie es bei dir im Moment passt.<br data-start=\"721\" data-end=\"724\" \/>Dieses Bild ist Teil der vierteiligen <em data-start=\"762\" data-end=\"771\">Moments<\/em> Serie und repr\u00e4sentiert den Fr\u00fchling.<\/p>\n<p data-start=\"813\" data-end=\"885\"><em data-start=\"813\" data-end=\"883\">(Rahmen und Zubeh\u00f6r nicht inkludiert; Fotos dienen der Vorstellung.)<\/em><\/p>\n<h3 data-section-id=\"zhjm10\" data-start=\"86\" data-end=\"120\"><span role=\"text\"><strong data-start=\"90\" data-end=\"118\">In the Moment | Spring<\/strong><\/span><\/h3>\n<p data-start=\"122\" data-end=\"152\">Less distraction. More life.<\/p>\n<p data-start=\"154\" data-end=\"420\">Between messages, meetings, and series: don\u2019t forget to pause and breathe.<br data-start=\"228\" data-end=\"231\" \/>Notice the moment \u2013 the first warm sunlight on your skin, nature slowly awakening, birdsong in the clear air, and the first blossoms beginning to open. This artwork is here to remind you.<\/p>\n<p data-start=\"422\" data-end=\"576\">Designed to be displayed on all four sides \u2013 wherever it fits your moment.<br data-start=\"496\" data-end=\"499\" \/>This piece is part of the four-part <em data-start=\"535\" data-end=\"544\">Moments<\/em> series and represents spring.<\/p>\n<p data-start=\"578\" data-end=\"650\"><em data-start=\"578\" data-end=\"648\">(Frame and accessories not included; photos are for reference only.)<\/em><\/p>","protected":false},"featured_media":4150,"comment_status":"open","ping_status":"closed","template":"","meta":[],"product_brand":[],"product_cat":[65,21,59,50],"product_tag":[58],"class_list":{"0":"post-4145","1":"product","2":"type-product","3":"status-publish","4":"has-post-thumbnail","6":"product_cat-moments","7":"product_cat-grandparent-original-art","8":"product_cat-parent-serie","9":"product_cat-parent-sold","10":"product_tag-sold","12":"first","13":"outofstock","14":"featured","15":"sold-individually","16":"shipping-taxable","17":"product-type-simple"},"yoast_head":"<!-- This site is optimized with the Yoast SEO plugin v25.8 - https:\/\/yoast.com\/wordpress\/plugins\/seo\/ -->\n<title>Im Moment | Fr\u00fchling - Ali Olio<\/title>\n<meta name=\"description\" content=\"Natur trifft Kunst \u2013 Baumkronen in \u00d6l auf Leinwand. Dieses Kunstwerk verbindet die Sch\u00f6nheit der Natur mit ausdrucksstarker \u00d6lmalerei.\" \/>\n<meta name=\"robots\" content=\"index, follow, max-snippet:-1, max-image-preview:large, max-video-preview:-1\" \/>\n<link rel=\"canonical\" href=\"https:\/\/aliolio.art\/en\/product\/im-moment-fruhling\/\" \/>\n<meta property=\"og:locale\" content=\"en_GB\" \/>\n<meta property=\"og:type\" content=\"article\" \/>\n<meta property=\"og:title\" content=\"Im Moment | Fr\u00fchling - Ali Olio\" \/>\n<meta property=\"og:description\" content=\"Natur trifft Kunst \u2013 Baumkronen in \u00d6l auf Leinwand. Dieses Kunstwerk verbindet die Sch\u00f6nheit der Natur mit ausdrucksstarker \u00d6lmalerei.\" \/>\n<meta property=\"og:url\" content=\"https:\/\/aliolio.art\/en\/product\/im-moment-fruhling\/\" \/>\n<meta property=\"og:site_name\" content=\"Ali Olio\" \/>\n<meta property=\"article:modified_time\" content=\"2026-03-31T18:55:08+00:00\" \/>\n<meta property=\"og:image\" content=\"https:\/\/aliolio.art\/wp-content\/uploads\/2026\/03\/aliolioart_im-moment-fruehling_kunst-serie-5-scaled.jpg\" \/>\n\t<meta property=\"og:image:width\" content=\"2560\" \/>\n\t<meta property=\"og:image:height\" content=\"2560\" \/>\n\t<meta property=\"og:image:type\" content=\"image\/jpeg\" \/>\n<meta name=\"twitter:card\" content=\"summary_large_image\" \/>\n<meta name=\"twitter:label1\" content=\"Estimated reading time\" \/>\n\t<meta name=\"twitter:data1\" content=\"1 minute\" \/>\n<script type=\"application\/ld+json\" class=\"yoast-schema-graph\">{\"@context\":\"https:\/\/schema.org\",\"@graph\":[{\"@type\":\"WebPage\",\"@id\":\"https:\/\/aliolio.art\/product\/im-moment-fruhling\/\",\"url\":\"https:\/\/aliolio.art\/product\/im-moment-fruhling\/\",\"name\":\"Im Moment | Fr\u00fchling - Ali Olio\",\"isPartOf\":{\"@id\":\"https:\/\/aliolio.art\/#website\"},\"primaryImageOfPage\":{\"@id\":\"https:\/\/aliolio.art\/product\/im-moment-fruhling\/#primaryimage\"},\"image\":{\"@id\":\"https:\/\/aliolio.art\/product\/im-moment-fruhling\/#primaryimage\"},\"thumbnailUrl\":\"https:\/\/aliolio.art\/wp-content\/uploads\/2026\/03\/aliolioart_im-moment-fruehling_kunst-serie-5-scaled.jpg\",\"datePublished\":\"2026-03-31T12:51:03+00:00\",\"dateModified\":\"2026-03-31T18:55:08+00:00\",\"description\":\"Natur trifft Kunst \u2013 Baumkronen in \u00d6l auf Leinwand. Dieses Kunstwerk verbindet die Sch\u00f6nheit der Natur mit ausdrucksstarker \u00d6lmalerei.\",\"breadcrumb\":{\"@id\":\"https:\/\/aliolio.art\/product\/im-moment-fruhling\/#breadcrumb\"},\"inLanguage\":\"en-GB\",\"potentialAction\":[{\"@type\":\"ReadAction\",\"target\":[\"https:\/\/aliolio.art\/product\/im-moment-fruhling\/\"]}]},{\"@type\":\"ImageObject\",\"inLanguage\":\"en-GB\",\"@id\":\"https:\/\/aliolio.art\/product\/im-moment-fruhling\/#primaryimage\",\"url\":\"https:\/\/aliolio.art\/wp-content\/uploads\/2026\/03\/aliolioart_im-moment-fruehling_kunst-serie-5-scaled.jpg\",\"contentUrl\":\"https:\/\/aliolio.art\/wp-content\/uploads\/2026\/03\/aliolioart_im-moment-fruehling_kunst-serie-5-scaled.jpg\",\"width\":2560,\"height\":2560,\"caption\":\"Im Moment | Fr\u00fchling - Teil der Moments Serie | \u00d6lgem\u00e4lde auf Leinwand - Baumkronen im Sommer und dazwischen Sonnenstrahlen Farbt\u00f6ne in Blau und Gr\u00fcn | Original Art von Alexandra Isabel H\u00f6hager, aufstrebende \u00f6sterreichische K\u00fcnstlerin | Ali Olio | Fine Art from the Alps\"},{\"@type\":\"BreadcrumbList\",\"@id\":\"https:\/\/aliolio.art\/product\/im-moment-fruhling\/#breadcrumb\",\"itemListElement\":[{\"@type\":\"ListItem\",\"position\":1,\"name\":\"Startseite\",\"item\":\"https:\/\/aliolio.art\/\"},{\"@type\":\"ListItem\",\"position\":2,\"name\":\"Shop\",\"item\":\"https:\/\/aliolio.art\/collect\/\"},{\"@type\":\"ListItem\",\"position\":3,\"name\":\"Im Moment | Fr\u00fchling\"}]},{\"@type\":\"WebSite\",\"@id\":\"https:\/\/aliolio.art\/#website\",\"url\":\"https:\/\/aliolio.art\/\",\"name\":\"Ali Olio\",\"description\":\"Fine Art from the Alps\",\"publisher\":{\"@id\":\"https:\/\/aliolio.art\/#organization\"},\"potentialAction\":[{\"@type\":\"SearchAction\",\"target\":{\"@type\":\"EntryPoint\",\"urlTemplate\":\"https:\/\/aliolio.art\/?s={search_term_string}\"},\"query-input\":{\"@type\":\"PropertyValueSpecification\",\"valueRequired\":true,\"valueName\":\"search_term_string\"}}],\"inLanguage\":\"en-GB\"},{\"@type\":\"Organization\",\"@id\":\"https:\/\/aliolio.art\/#organization\",\"name\":\"Ali Olio\",\"url\":\"https:\/\/aliolio.art\/\",\"logo\":{\"@type\":\"ImageObject\",\"inLanguage\":\"en-GB\",\"@id\":\"https:\/\/aliolio.art\/#\/schema\/logo\/image\/\",\"url\":\"https:\/\/aliolio.art\/wp-content\/uploads\/2024\/06\/cropped-cropped-AliOlioArt-logo-white-transparent.png\",\"contentUrl\":\"https:\/\/aliolio.art\/wp-content\/uploads\/2024\/06\/cropped-cropped-AliOlioArt-logo-white-transparent.png\",\"width\":512,\"height\":512,\"caption\":\"Ali Olio\"},\"image\":{\"@id\":\"https:\/\/aliolio.art\/#\/schema\/logo\/image\/\"}}]}<\/script>\n<!-- \/ Yoast SEO plugin. -->","yoast_head_json":{"title":"Im Moment | Fr\u00fchling - Ali Olio","description":"Natur trifft Kunst \u2013 Baumkronen in \u00d6l auf Leinwand. Dieses Kunstwerk verbindet die Sch\u00f6nheit der Natur mit ausdrucksstarker \u00d6lmalerei.","robots":{"index":"index","follow":"follow","max-snippet":"max-snippet:-1","max-image-preview":"max-image-preview:large","max-video-preview":"max-video-preview:-1"},"canonical":"https:\/\/aliolio.art\/en\/product\/im-moment-fruhling\/","og_locale":"en_GB","og_type":"article","og_title":"Im Moment | Fr\u00fchling - Ali Olio","og_description":"Natur trifft Kunst \u2013 Baumkronen in \u00d6l auf Leinwand. Dieses Kunstwerk verbindet die Sch\u00f6nheit der Natur mit ausdrucksstarker \u00d6lmalerei.","og_url":"https:\/\/aliolio.art\/en\/product\/im-moment-fruhling\/","og_site_name":"Ali Olio","article_modified_time":"2026-03-31T18:55:08+00:00","og_image":[{"width":2560,"height":2560,"url":"https:\/\/aliolio.art\/wp-content\/uploads\/2026\/03\/aliolioart_im-moment-fruehling_kunst-serie-5-scaled.jpg","type":"image\/jpeg"}],"twitter_card":"summary_large_image","twitter_misc":{"Estimated reading time":"1 minute"},"schema":{"@context":"https:\/\/schema.org","@graph":[{"@type":"WebPage","@id":"https:\/\/aliolio.art\/product\/im-moment-fruhling\/","url":"https:\/\/aliolio.art\/product\/im-moment-fruhling\/","name":"Im Moment | Fr\u00fchling - Ali Olio","isPartOf":{"@id":"https:\/\/aliolio.art\/#website"},"primaryImageOfPage":{"@id":"https:\/\/aliolio.art\/product\/im-moment-fruhling\/#primaryimage"},"image":{"@id":"https:\/\/aliolio.art\/product\/im-moment-fruhling\/#primaryimage"},"thumbnailUrl":"https:\/\/aliolio.art\/wp-content\/uploads\/2026\/03\/aliolioart_im-moment-fruehling_kunst-serie-5-scaled.jpg","datePublished":"2026-03-31T12:51:03+00:00","dateModified":"2026-03-31T18:55:08+00:00","description":"Natur trifft Kunst \u2013 Baumkronen in \u00d6l auf Leinwand. Dieses Kunstwerk verbindet die Sch\u00f6nheit der Natur mit ausdrucksstarker \u00d6lmalerei.","breadcrumb":{"@id":"https:\/\/aliolio.art\/product\/im-moment-fruhling\/#breadcrumb"},"inLanguage":"en-GB","potentialAction":[{"@type":"ReadAction","target":["https:\/\/aliolio.art\/product\/im-moment-fruhling\/"]}]},{"@type":"ImageObject","inLanguage":"en-GB","@id":"https:\/\/aliolio.art\/product\/im-moment-fruhling\/#primaryimage","url":"https:\/\/aliolio.art\/wp-content\/uploads\/2026\/03\/aliolioart_im-moment-fruehling_kunst-serie-5-scaled.jpg","contentUrl":"https:\/\/aliolio.art\/wp-content\/uploads\/2026\/03\/aliolioart_im-moment-fruehling_kunst-serie-5-scaled.jpg","width":2560,"height":2560,"caption":"Im Moment | Fr\u00fchling - Teil der Moments Serie | \u00d6lgem\u00e4lde auf Leinwand - Baumkronen im Sommer und dazwischen Sonnenstrahlen Farbt\u00f6ne in Blau und Gr\u00fcn | Original Art von Alexandra Isabel H\u00f6hager, aufstrebende \u00f6sterreichische K\u00fcnstlerin | Ali Olio | Fine Art from the Alps"},{"@type":"BreadcrumbList","@id":"https:\/\/aliolio.art\/product\/im-moment-fruhling\/#breadcrumb","itemListElement":[{"@type":"ListItem","position":1,"name":"Startseite","item":"https:\/\/aliolio.art\/"},{"@type":"ListItem","position":2,"name":"Shop","item":"https:\/\/aliolio.art\/collect\/"},{"@type":"ListItem","position":3,"name":"Im Moment | Fr\u00fchling"}]},{"@type":"WebSite","@id":"https:\/\/aliolio.art\/#website","url":"https:\/\/aliolio.art\/","name":"Ali Olio","description":"Fine Art from the Alps","publisher":{"@id":"https:\/\/aliolio.art\/#organization"},"potentialAction":[{"@type":"SearchAction","target":{"@type":"EntryPoint","urlTemplate":"https:\/\/aliolio.art\/?s={search_term_string}"},"query-input":{"@type":"PropertyValueSpecification","valueRequired":true,"valueName":"search_term_string"}}],"inLanguage":"en-GB"},{"@type":"Organization","@id":"https:\/\/aliolio.art\/#organization","name":"Ali Olio","url":"https:\/\/aliolio.art\/","logo":{"@type":"ImageObject","inLanguage":"en-GB","@id":"https:\/\/aliolio.art\/#\/schema\/logo\/image\/","url":"https:\/\/aliolio.art\/wp-content\/uploads\/2024\/06\/cropped-cropped-AliOlioArt-logo-white-transparent.png","contentUrl":"https:\/\/aliolio.art\/wp-content\/uploads\/2024\/06\/cropped-cropped-AliOlioArt-logo-white-transparent.png","width":512,"height":512,"caption":"Ali Olio"},"image":{"@id":"https:\/\/aliolio.art\/#\/schema\/logo\/image\/"}}]}},"jetpack_sharing_enabled":true,"_links":{"self":[{"href":"https:\/\/aliolio.art\/en\/wp-json\/wp\/v2\/product\/4145","targetHints":{"allow":["GET"]}}],"collection":[{"href":"https:\/\/aliolio.art\/en\/wp-json\/wp\/v2\/product"}],"about":[{"href":"https:\/\/aliolio.art\/en\/wp-json\/wp\/v2\/types\/product"}],"replies":[{"embeddable":true,"href":"https:\/\/aliolio.art\/en\/wp-json\/wp\/v2\/comments?post=4145"}],"version-history":[{"count":2,"href":"https:\/\/aliolio.art\/en\/wp-json\/wp\/v2\/product\/4145\/revisions"}],"predecessor-version":[{"id":4152,"href":"https:\/\/aliolio.art\/en\/wp-json\/wp\/v2\/product\/4145\/revisions\/4152"}],"wp:featuredmedia":[{"embeddable":true,"href":"https:\/\/aliolio.art\/en\/wp-json\/wp\/v2\/media\/4150"}],"wp:attachment":[{"href":"https:\/\/aliolio.art\/en\/wp-json\/wp\/v2\/media?parent=4145"}],"wp:term":[{"taxonomy":"product_brand","embeddable":true,"href":"https:\/\/aliolio.art\/en\/wp-json\/wp\/v2\/product_brand?post=4145"},{"taxonomy":"product_cat","embeddable":true,"href":"https:\/\/aliolio.art\/en\/wp-json\/wp\/v2\/product_cat?post=4145"},{"taxonomy":"product_tag","embeddable":true,"href":"https:\/\/aliolio.art\/en\/wp-json\/wp\/v2\/product_tag?post=4145"}],"curies":[{"name":"wp","href":"https:\/\/api.w.org\/{rel}","templated":true}]}}