{"id":4136,"date":"2026-03-31T12:42:44","date_gmt":"2026-03-31T12:42:44","guid":{"rendered":"https:\/\/aliolio.art\/?post_type=product&#038;p=4136"},"modified":"2026-03-31T12:50:20","modified_gmt":"2026-03-31T12:50:20","slug":"im-moment-winter","status":"publish","type":"product","link":"https:\/\/aliolio.art\/en\/product\/im-moment-winter\/","title":{"rendered":"Im Moment | Winter"},"content":{"rendered":"<p><strong>Moments Serie<\/strong><br \/>\nOilpainting on canvas <em>40x50x4,5cm<\/em><\/p>","protected":false},"excerpt":{"rendered":"<h3 data-section-id=\"1az3aiv\" data-start=\"365\" data-end=\"395\"><span role=\"text\"><strong data-start=\"369\" data-end=\"393\">\u201eIm Moment | Winter\u201c<\/strong><\/span><\/h3>\n<p data-start=\"397\" data-end=\"429\">Weniger Ablenkung. Mehr Leben.<\/p>\n<p data-start=\"431\" data-end=\"662\">Zwischen Nachrichten, Meetings und Serien: vergiss nicht, durchzuatmen.<br data-start=\"502\" data-end=\"505\" \/>Nimm den Moment wahr \u2013 Sonnenstrahlen im Gesicht, die eiskalte Luft beim Atmen, das Glitzern der Schneeflocken im Licht. Dieses Kunstwerk erinnert dich daran.<\/p>\n<p data-start=\"664\" data-end=\"861\">So gestaltet, dass es auf allen vier Seiten aufgeh\u00e4ngt werden kann \u2013 ganz so, wie es bei dir im Moment passt.<br data-start=\"773\" data-end=\"776\" \/>Dieses Bild ist Teil der vierteiligen <em data-start=\"814\" data-end=\"823\">Moments<\/em> Serie und repr\u00e4sentiert den Winter.<\/p>\n<p data-start=\"863\" data-end=\"935\"><em data-start=\"863\" data-end=\"933\">(Rahmen und Zubeh\u00f6r nicht inkludiert; Fotos dienen der Vorstellung.)<\/em><\/p>\n<p>&nbsp;<\/p>\n<h3 data-section-id=\"1ucycyu\" data-start=\"112\" data-end=\"146\"><span role=\"text\"><strong data-start=\"116\" data-end=\"144\">\u201cIn the Moment | Winter\u201d<\/strong><\/span><\/h3>\n<p data-start=\"148\" data-end=\"178\">Less distraction. More life.<\/p>\n<p data-start=\"180\" data-end=\"412\">Between messages, meetings, and series: don\u2019t forget to pause and breathe.<br data-start=\"254\" data-end=\"257\" \/>Notice the moment \u2013 sunlight on your face, the crisp cold air as you breathe, the sparkle of snowflakes in the light. This artwork is here to remind you.<\/p>\n<p data-start=\"414\" data-end=\"568\">Designed to be displayed on all four sides \u2013 wherever it fits your moment.<br data-start=\"488\" data-end=\"491\" \/>This piece is part of the four-part <em data-start=\"527\" data-end=\"536\">Moments<\/em> series and represents winter.<\/p>\n<p data-start=\"570\" data-end=\"642\"><em data-start=\"570\" data-end=\"640\">(Frame and accessories not included; photos are for reference only.)<\/em><\/p>\n<p>&nbsp;<\/p>","protected":false},"featured_media":4142,"comment_status":"open","ping_status":"closed","template":"","meta":[],"product_brand":[],"product_cat":[45,65,21,59],"product_tag":[],"class_list":{"0":"post-4136","1":"product","2":"type-product","3":"status-publish","4":"has-post-thumbnail","6":"product_cat-parent-available","7":"product_cat-moments","8":"product_cat-grandparent-original-art","9":"product_cat-parent-serie","11":"first","12":"instock","13":"featured","14":"sold-individually","15":"shipping-taxable","16":"purchasable","17":"product-type-simple"},"yoast_head":"<!-- This site is optimized with the Yoast SEO plugin v25.8 - https:\/\/yoast.com\/wordpress\/plugins\/seo\/ -->\n<title>Im Moment | Winter - Ali Olio<\/title>\n<meta name=\"description\" content=\"Kunst als Erinnerung daran, im Moment zu leben. Blick nach oben in die winterlichen Baumkronen zwischen Sonnenstrahlen, ein \u00d6lgem\u00e4lde auf Leinwand.\" \/>\n<meta name=\"robots\" content=\"index, follow, max-snippet:-1, max-image-preview:large, max-video-preview:-1\" \/>\n<link rel=\"canonical\" href=\"https:\/\/aliolio.art\/en\/product\/im-moment-winter\/\" \/>\n<meta property=\"og:locale\" content=\"en_GB\" \/>\n<meta property=\"og:type\" content=\"article\" \/>\n<meta property=\"og:title\" content=\"Im Moment | Winter - Ali Olio\" \/>\n<meta property=\"og:description\" content=\"Kunst als Erinnerung daran, im Moment zu leben. Blick nach oben in die winterlichen Baumkronen zwischen Sonnenstrahlen, ein \u00d6lgem\u00e4lde auf Leinwand.\" \/>\n<meta property=\"og:url\" content=\"https:\/\/aliolio.art\/en\/product\/im-moment-winter\/\" \/>\n<meta property=\"og:site_name\" content=\"Ali Olio\" \/>\n<meta property=\"article:modified_time\" content=\"2026-03-31T12:50:20+00:00\" \/>\n<meta property=\"og:image\" content=\"https:\/\/aliolio.art\/wp-content\/uploads\/2026\/03\/aliolioart_im-moment-winter_kunst-serie-mockup-scaled.jpg\" \/>\n\t<meta property=\"og:image:width\" content=\"2560\" \/>\n\t<meta property=\"og:image:height\" content=\"2560\" \/>\n\t<meta property=\"og:image:type\" content=\"image\/jpeg\" \/>\n<meta name=\"twitter:card\" content=\"summary_large_image\" \/>\n<meta name=\"twitter:label1\" content=\"Estimated reading time\" \/>\n\t<meta name=\"twitter:data1\" content=\"1 minute\" \/>\n<script type=\"application\/ld+json\" class=\"yoast-schema-graph\">{\"@context\":\"https:\/\/schema.org\",\"@graph\":[{\"@type\":\"WebPage\",\"@id\":\"https:\/\/aliolio.art\/product\/im-moment-winter\/\",\"url\":\"https:\/\/aliolio.art\/product\/im-moment-winter\/\",\"name\":\"Im Moment | Winter - Ali Olio\",\"isPartOf\":{\"@id\":\"https:\/\/aliolio.art\/#website\"},\"primaryImageOfPage\":{\"@id\":\"https:\/\/aliolio.art\/product\/im-moment-winter\/#primaryimage\"},\"image\":{\"@id\":\"https:\/\/aliolio.art\/product\/im-moment-winter\/#primaryimage\"},\"thumbnailUrl\":\"https:\/\/aliolio.art\/wp-content\/uploads\/2026\/03\/aliolioart_im-moment-winter_kunst-serie-mockup-scaled.jpg\",\"datePublished\":\"2026-03-31T12:42:44+00:00\",\"dateModified\":\"2026-03-31T12:50:20+00:00\",\"description\":\"Kunst als Erinnerung daran, im Moment zu leben. Blick nach oben in die winterlichen Baumkronen zwischen Sonnenstrahlen, ein \u00d6lgem\u00e4lde auf Leinwand.\",\"breadcrumb\":{\"@id\":\"https:\/\/aliolio.art\/product\/im-moment-winter\/#breadcrumb\"},\"inLanguage\":\"en-GB\",\"potentialAction\":[{\"@type\":\"ReadAction\",\"target\":[\"https:\/\/aliolio.art\/product\/im-moment-winter\/\"]}]},{\"@type\":\"ImageObject\",\"inLanguage\":\"en-GB\",\"@id\":\"https:\/\/aliolio.art\/product\/im-moment-winter\/#primaryimage\",\"url\":\"https:\/\/aliolio.art\/wp-content\/uploads\/2026\/03\/aliolioart_im-moment-winter_kunst-serie-mockup-scaled.jpg\",\"contentUrl\":\"https:\/\/aliolio.art\/wp-content\/uploads\/2026\/03\/aliolioart_im-moment-winter_kunst-serie-mockup-scaled.jpg\",\"width\":2560,\"height\":2560,\"caption\":\"Im Moment | Winter - Teil der Moments Serie | \u00d6lgem\u00e4lde auf Leinwand - Baumkronen im Winter und dazwischen Sonnenstrahlen Farbt\u00f6ne in Blau und Wei\u00df | Original Art von Alexandra Isabel H\u00f6hager, aufstrebende \u00f6sterreichische K\u00fcnstlerin | Ali Olio | Fine Art from the Alps\"},{\"@type\":\"BreadcrumbList\",\"@id\":\"https:\/\/aliolio.art\/product\/im-moment-winter\/#breadcrumb\",\"itemListElement\":[{\"@type\":\"ListItem\",\"position\":1,\"name\":\"Startseite\",\"item\":\"https:\/\/aliolio.art\/\"},{\"@type\":\"ListItem\",\"position\":2,\"name\":\"Shop\",\"item\":\"https:\/\/aliolio.art\/collect\/\"},{\"@type\":\"ListItem\",\"position\":3,\"name\":\"Im Moment | Winter\"}]},{\"@type\":\"WebSite\",\"@id\":\"https:\/\/aliolio.art\/#website\",\"url\":\"https:\/\/aliolio.art\/\",\"name\":\"Ali Olio\",\"description\":\"Fine Art from the Alps\",\"publisher\":{\"@id\":\"https:\/\/aliolio.art\/#organization\"},\"potentialAction\":[{\"@type\":\"SearchAction\",\"target\":{\"@type\":\"EntryPoint\",\"urlTemplate\":\"https:\/\/aliolio.art\/?s={search_term_string}\"},\"query-input\":{\"@type\":\"PropertyValueSpecification\",\"valueRequired\":true,\"valueName\":\"search_term_string\"}}],\"inLanguage\":\"en-GB\"},{\"@type\":\"Organization\",\"@id\":\"https:\/\/aliolio.art\/#organization\",\"name\":\"Ali Olio\",\"url\":\"https:\/\/aliolio.art\/\",\"logo\":{\"@type\":\"ImageObject\",\"inLanguage\":\"en-GB\",\"@id\":\"https:\/\/aliolio.art\/#\/schema\/logo\/image\/\",\"url\":\"https:\/\/aliolio.art\/wp-content\/uploads\/2024\/06\/cropped-cropped-AliOlioArt-logo-white-transparent.png\",\"contentUrl\":\"https:\/\/aliolio.art\/wp-content\/uploads\/2024\/06\/cropped-cropped-AliOlioArt-logo-white-transparent.png\",\"width\":512,\"height\":512,\"caption\":\"Ali Olio\"},\"image\":{\"@id\":\"https:\/\/aliolio.art\/#\/schema\/logo\/image\/\"}}]}<\/script>\n<!-- \/ Yoast SEO plugin. -->","yoast_head_json":{"title":"Im Moment | Winter - Ali Olio","description":"Kunst als Erinnerung daran, im Moment zu leben. Blick nach oben in die winterlichen Baumkronen zwischen Sonnenstrahlen, ein \u00d6lgem\u00e4lde auf Leinwand.","robots":{"index":"index","follow":"follow","max-snippet":"max-snippet:-1","max-image-preview":"max-image-preview:large","max-video-preview":"max-video-preview:-1"},"canonical":"https:\/\/aliolio.art\/en\/product\/im-moment-winter\/","og_locale":"en_GB","og_type":"article","og_title":"Im Moment | Winter - Ali Olio","og_description":"Kunst als Erinnerung daran, im Moment zu leben. Blick nach oben in die winterlichen Baumkronen zwischen Sonnenstrahlen, ein \u00d6lgem\u00e4lde auf Leinwand.","og_url":"https:\/\/aliolio.art\/en\/product\/im-moment-winter\/","og_site_name":"Ali Olio","article_modified_time":"2026-03-31T12:50:20+00:00","og_image":[{"width":2560,"height":2560,"url":"https:\/\/aliolio.art\/wp-content\/uploads\/2026\/03\/aliolioart_im-moment-winter_kunst-serie-mockup-scaled.jpg","type":"image\/jpeg"}],"twitter_card":"summary_large_image","twitter_misc":{"Estimated reading time":"1 minute"},"schema":{"@context":"https:\/\/schema.org","@graph":[{"@type":"WebPage","@id":"https:\/\/aliolio.art\/product\/im-moment-winter\/","url":"https:\/\/aliolio.art\/product\/im-moment-winter\/","name":"Im Moment | Winter - Ali Olio","isPartOf":{"@id":"https:\/\/aliolio.art\/#website"},"primaryImageOfPage":{"@id":"https:\/\/aliolio.art\/product\/im-moment-winter\/#primaryimage"},"image":{"@id":"https:\/\/aliolio.art\/product\/im-moment-winter\/#primaryimage"},"thumbnailUrl":"https:\/\/aliolio.art\/wp-content\/uploads\/2026\/03\/aliolioart_im-moment-winter_kunst-serie-mockup-scaled.jpg","datePublished":"2026-03-31T12:42:44+00:00","dateModified":"2026-03-31T12:50:20+00:00","description":"Kunst als Erinnerung daran, im Moment zu leben. Blick nach oben in die winterlichen Baumkronen zwischen Sonnenstrahlen, ein \u00d6lgem\u00e4lde auf Leinwand.","breadcrumb":{"@id":"https:\/\/aliolio.art\/product\/im-moment-winter\/#breadcrumb"},"inLanguage":"en-GB","potentialAction":[{"@type":"ReadAction","target":["https:\/\/aliolio.art\/product\/im-moment-winter\/"]}]},{"@type":"ImageObject","inLanguage":"en-GB","@id":"https:\/\/aliolio.art\/product\/im-moment-winter\/#primaryimage","url":"https:\/\/aliolio.art\/wp-content\/uploads\/2026\/03\/aliolioart_im-moment-winter_kunst-serie-mockup-scaled.jpg","contentUrl":"https:\/\/aliolio.art\/wp-content\/uploads\/2026\/03\/aliolioart_im-moment-winter_kunst-serie-mockup-scaled.jpg","width":2560,"height":2560,"caption":"Im Moment | Winter - Teil der Moments Serie | \u00d6lgem\u00e4lde auf Leinwand - Baumkronen im Winter und dazwischen Sonnenstrahlen Farbt\u00f6ne in Blau und Wei\u00df | Original Art von Alexandra Isabel H\u00f6hager, aufstrebende \u00f6sterreichische K\u00fcnstlerin | Ali Olio | Fine Art from the Alps"},{"@type":"BreadcrumbList","@id":"https:\/\/aliolio.art\/product\/im-moment-winter\/#breadcrumb","itemListElement":[{"@type":"ListItem","position":1,"name":"Startseite","item":"https:\/\/aliolio.art\/"},{"@type":"ListItem","position":2,"name":"Shop","item":"https:\/\/aliolio.art\/collect\/"},{"@type":"ListItem","position":3,"name":"Im Moment | Winter"}]},{"@type":"WebSite","@id":"https:\/\/aliolio.art\/#website","url":"https:\/\/aliolio.art\/","name":"Ali Olio","description":"Fine Art from the Alps","publisher":{"@id":"https:\/\/aliolio.art\/#organization"},"potentialAction":[{"@type":"SearchAction","target":{"@type":"EntryPoint","urlTemplate":"https:\/\/aliolio.art\/?s={search_term_string}"},"query-input":{"@type":"PropertyValueSpecification","valueRequired":true,"valueName":"search_term_string"}}],"inLanguage":"en-GB"},{"@type":"Organization","@id":"https:\/\/aliolio.art\/#organization","name":"Ali Olio","url":"https:\/\/aliolio.art\/","logo":{"@type":"ImageObject","inLanguage":"en-GB","@id":"https:\/\/aliolio.art\/#\/schema\/logo\/image\/","url":"https:\/\/aliolio.art\/wp-content\/uploads\/2024\/06\/cropped-cropped-AliOlioArt-logo-white-transparent.png","contentUrl":"https:\/\/aliolio.art\/wp-content\/uploads\/2024\/06\/cropped-cropped-AliOlioArt-logo-white-transparent.png","width":512,"height":512,"caption":"Ali Olio"},"image":{"@id":"https:\/\/aliolio.art\/#\/schema\/logo\/image\/"}}]}},"jetpack_sharing_enabled":true,"_links":{"self":[{"href":"https:\/\/aliolio.art\/en\/wp-json\/wp\/v2\/product\/4136","targetHints":{"allow":["GET"]}}],"collection":[{"href":"https:\/\/aliolio.art\/en\/wp-json\/wp\/v2\/product"}],"about":[{"href":"https:\/\/aliolio.art\/en\/wp-json\/wp\/v2\/types\/product"}],"replies":[{"embeddable":true,"href":"https:\/\/aliolio.art\/en\/wp-json\/wp\/v2\/comments?post=4136"}],"version-history":[{"count":1,"href":"https:\/\/aliolio.art\/en\/wp-json\/wp\/v2\/product\/4136\/revisions"}],"predecessor-version":[{"id":4144,"href":"https:\/\/aliolio.art\/en\/wp-json\/wp\/v2\/product\/4136\/revisions\/4144"}],"wp:featuredmedia":[{"embeddable":true,"href":"https:\/\/aliolio.art\/en\/wp-json\/wp\/v2\/media\/4142"}],"wp:attachment":[{"href":"https:\/\/aliolio.art\/en\/wp-json\/wp\/v2\/media?parent=4136"}],"wp:term":[{"taxonomy":"product_brand","embeddable":true,"href":"https:\/\/aliolio.art\/en\/wp-json\/wp\/v2\/product_brand?post=4136"},{"taxonomy":"product_cat","embeddable":true,"href":"https:\/\/aliolio.art\/en\/wp-json\/wp\/v2\/product_cat?post=4136"},{"taxonomy":"product_tag","embeddable":true,"href":"https:\/\/aliolio.art\/en\/wp-json\/wp\/v2\/product_tag?post=4136"}],"curies":[{"name":"wp","href":"https:\/\/api.w.org\/{rel}","templated":true}]}}