{"id":4133,"date":"2026-03-31T12:40:48","date_gmt":"2026-03-31T12:40:48","guid":{"rendered":"https:\/\/aliolio.art\/?post_type=product&#038;p=4133"},"modified":"2026-03-31T18:53:54","modified_gmt":"2026-03-31T18:53:54","slug":"im-moment-herbst","status":"publish","type":"product","link":"https:\/\/aliolio.art\/en\/product\/im-moment-herbst\/","title":{"rendered":"Im Moment | Herbst"},"content":{"rendered":"<p><strong>Moments Serie<\/strong><br \/>\nOilpainting on canvas 7<em>0x100x4,5cm<\/em><\/p>","protected":false},"excerpt":{"rendered":"<p class=\"_ap3a _aaco _aacu _aacx _aad7 _aade\" dir=\"auto\"><strong>Im Moment | Herbst<\/strong><\/p>\n<p class=\"_ap3a _aaco _aacu _aacx _aad7 _aade\" dir=\"auto\">Dieses Kunstwerk ist eine Erinnerung daran, wie wenig es braucht, um gl\u00fccklich zu sein. Ein Blick nach oben \u2013 Baumkronen, Licht, Luft \u2013 und das Herz wird ruhig. Das Bild l\u00e4dt dazu ein, kurz innezuhalten und das Sch\u00f6ne im Einfachen zu sehen.<\/p>\n<p data-start=\"664\" data-end=\"861\">So gestaltet, dass es auf allen vier Seiten aufgeh\u00e4ngt werden kann \u2013 ganz so, wie es bei dir im Moment passt.<br data-start=\"773\" data-end=\"776\" \/>Dieses Bild ist Teil der vierteiligen <em data-start=\"814\" data-end=\"823\">Moments<\/em> Serie und repr\u00e4sentiert den Herbst.<\/p>\n<p data-start=\"863\" data-end=\"935\"><em data-start=\"863\" data-end=\"933\">(Rahmen und Zubeh\u00f6r nicht inkludiert; Fotos dienen der Vorstellung.)<\/em><\/p>\n<p data-start=\"863\" data-end=\"935\">\n<p data-section-id=\"fcv0ar\" data-start=\"85\" data-end=\"119\"><span role=\"text\"><strong data-start=\"89\" data-end=\"117\">In the Moment | Autumn<\/strong><\/span><\/p>\n<p data-start=\"121\" data-end=\"339\">This artwork is a reminder of how little it takes to feel happy. A simple glance upward \u2013 treetops, light, air \u2013 and the heart begins to slow. It invites you to pause for a moment and notice the beauty in simplicity.<\/p>\n<p data-start=\"341\" data-end=\"495\">Designed to be displayed on all four sides \u2013 wherever it fits your moment.<br data-start=\"415\" data-end=\"418\" \/>This piece is part of the four-part <em data-start=\"454\" data-end=\"463\">Moments<\/em> series and represents autumn.<\/p>\n<p data-start=\"497\" data-end=\"569\"><em data-start=\"497\" data-end=\"567\">(Frame and accessories not included; photos are for reference only.)<\/em><\/p>\n<p>&nbsp;<\/p>","protected":false},"featured_media":3621,"comment_status":"open","ping_status":"closed","template":"","meta":[],"product_brand":[],"product_cat":[65,21,59,50],"product_tag":[58],"class_list":{"0":"post-4133","1":"product","2":"type-product","3":"status-publish","4":"has-post-thumbnail","6":"product_cat-moments","7":"product_cat-grandparent-original-art","8":"product_cat-parent-serie","9":"product_cat-parent-sold","10":"product_tag-sold","12":"first","13":"outofstock","14":"featured","15":"sold-individually","16":"shipping-taxable","17":"product-type-simple"},"yoast_head":"<!-- This site is optimized with the Yoast SEO plugin v25.8 - https:\/\/yoast.com\/wordpress\/plugins\/seo\/ -->\n<title>Im Moment | Herbst - Ali Olio<\/title>\n<meta name=\"description\" content=\"Natur trifft Kunst \u2013 Waldgem\u00e4lde in \u00d6l auf Leinwand. Dieses Kunstwerk verbindet die Sch\u00f6nheit der Natur mit ausdrucksstarker \u00d6lmalerei.\" \/>\n<meta name=\"robots\" content=\"index, follow, max-snippet:-1, max-image-preview:large, max-video-preview:-1\" \/>\n<link rel=\"canonical\" href=\"https:\/\/aliolio.art\/en\/product\/im-moment-herbst\/\" \/>\n<meta property=\"og:locale\" content=\"en_GB\" \/>\n<meta property=\"og:type\" content=\"article\" \/>\n<meta property=\"og:title\" content=\"Im Moment | Herbst - Ali Olio\" \/>\n<meta property=\"og:description\" content=\"Natur trifft Kunst \u2013 Waldgem\u00e4lde in \u00d6l auf Leinwand. Dieses Kunstwerk verbindet die Sch\u00f6nheit der Natur mit ausdrucksstarker \u00d6lmalerei.\" \/>\n<meta property=\"og:url\" content=\"https:\/\/aliolio.art\/en\/product\/im-moment-herbst\/\" \/>\n<meta property=\"og:site_name\" content=\"Ali Olio\" \/>\n<meta property=\"article:modified_time\" content=\"2026-03-31T18:53:54+00:00\" \/>\n<meta property=\"og:image\" content=\"https:\/\/aliolio.art\/wp-content\/uploads\/2025\/05\/AliOlioArt_AlexandraIsabelHoerhager_Kunst_ImMoment-00-1.jpg\" \/>\n\t<meta property=\"og:image:width\" content=\"1921\" \/>\n\t<meta property=\"og:image:height\" content=\"1921\" \/>\n\t<meta property=\"og:image:type\" content=\"image\/jpeg\" \/>\n<meta name=\"twitter:card\" content=\"summary_large_image\" \/>\n<meta name=\"twitter:label1\" content=\"Estimated reading time\" \/>\n\t<meta name=\"twitter:data1\" content=\"1 minute\" \/>\n<script type=\"application\/ld+json\" class=\"yoast-schema-graph\">{\"@context\":\"https:\/\/schema.org\",\"@graph\":[{\"@type\":\"WebPage\",\"@id\":\"https:\/\/aliolio.art\/product\/im-moment-herbst\/\",\"url\":\"https:\/\/aliolio.art\/product\/im-moment-herbst\/\",\"name\":\"Im Moment | Herbst - Ali Olio\",\"isPartOf\":{\"@id\":\"https:\/\/aliolio.art\/#website\"},\"primaryImageOfPage\":{\"@id\":\"https:\/\/aliolio.art\/product\/im-moment-herbst\/#primaryimage\"},\"image\":{\"@id\":\"https:\/\/aliolio.art\/product\/im-moment-herbst\/#primaryimage\"},\"thumbnailUrl\":\"https:\/\/aliolio.art\/wp-content\/uploads\/2025\/05\/AliOlioArt_AlexandraIsabelHoerhager_Kunst_ImMoment-00-1.jpg\",\"datePublished\":\"2026-03-31T12:40:48+00:00\",\"dateModified\":\"2026-03-31T18:53:54+00:00\",\"description\":\"Natur trifft Kunst \u2013 Waldgem\u00e4lde in \u00d6l auf Leinwand. Dieses Kunstwerk verbindet die Sch\u00f6nheit der Natur mit ausdrucksstarker \u00d6lmalerei.\",\"breadcrumb\":{\"@id\":\"https:\/\/aliolio.art\/product\/im-moment-herbst\/#breadcrumb\"},\"inLanguage\":\"en-GB\",\"potentialAction\":[{\"@type\":\"ReadAction\",\"target\":[\"https:\/\/aliolio.art\/product\/im-moment-herbst\/\"]}]},{\"@type\":\"ImageObject\",\"inLanguage\":\"en-GB\",\"@id\":\"https:\/\/aliolio.art\/product\/im-moment-herbst\/#primaryimage\",\"url\":\"https:\/\/aliolio.art\/wp-content\/uploads\/2025\/05\/AliOlioArt_AlexandraIsabelHoerhager_Kunst_ImMoment-00-1.jpg\",\"contentUrl\":\"https:\/\/aliolio.art\/wp-content\/uploads\/2025\/05\/AliOlioArt_AlexandraIsabelHoerhager_Kunst_ImMoment-00-1.jpg\",\"width\":1921,\"height\":1921,\"caption\":\"\u00d6lgem\u00e4lde Wald, Blick nach oben, Bl\u00e4tterdach Kunst, Naturmalerei, Sonnenlicht im Wald, spirituelle Kunst, achtsame Wandbilder, moderne Landschaftsmalerei, Waldblick Leinwandbild, Naturkunst handgemalt, Kunst f\u00fcr Entspannung und Ruhe, Ali Olio Art, Alexandra Isabel H\u00f6rhager Kunst, Tiroler K\u00fcnstlerin\"},{\"@type\":\"BreadcrumbList\",\"@id\":\"https:\/\/aliolio.art\/product\/im-moment-herbst\/#breadcrumb\",\"itemListElement\":[{\"@type\":\"ListItem\",\"position\":1,\"name\":\"Startseite\",\"item\":\"https:\/\/aliolio.art\/\"},{\"@type\":\"ListItem\",\"position\":2,\"name\":\"Shop\",\"item\":\"https:\/\/aliolio.art\/collect\/\"},{\"@type\":\"ListItem\",\"position\":3,\"name\":\"Im Moment | Herbst\"}]},{\"@type\":\"WebSite\",\"@id\":\"https:\/\/aliolio.art\/#website\",\"url\":\"https:\/\/aliolio.art\/\",\"name\":\"Ali Olio\",\"description\":\"Fine Art from the Alps\",\"publisher\":{\"@id\":\"https:\/\/aliolio.art\/#organization\"},\"potentialAction\":[{\"@type\":\"SearchAction\",\"target\":{\"@type\":\"EntryPoint\",\"urlTemplate\":\"https:\/\/aliolio.art\/?s={search_term_string}\"},\"query-input\":{\"@type\":\"PropertyValueSpecification\",\"valueRequired\":true,\"valueName\":\"search_term_string\"}}],\"inLanguage\":\"en-GB\"},{\"@type\":\"Organization\",\"@id\":\"https:\/\/aliolio.art\/#organization\",\"name\":\"Ali Olio\",\"url\":\"https:\/\/aliolio.art\/\",\"logo\":{\"@type\":\"ImageObject\",\"inLanguage\":\"en-GB\",\"@id\":\"https:\/\/aliolio.art\/#\/schema\/logo\/image\/\",\"url\":\"https:\/\/aliolio.art\/wp-content\/uploads\/2024\/06\/cropped-cropped-AliOlioArt-logo-white-transparent.png\",\"contentUrl\":\"https:\/\/aliolio.art\/wp-content\/uploads\/2024\/06\/cropped-cropped-AliOlioArt-logo-white-transparent.png\",\"width\":512,\"height\":512,\"caption\":\"Ali Olio\"},\"image\":{\"@id\":\"https:\/\/aliolio.art\/#\/schema\/logo\/image\/\"}}]}<\/script>\n<!-- \/ Yoast SEO plugin. -->","yoast_head_json":{"title":"Im Moment | Herbst - Ali Olio","description":"Natur trifft Kunst \u2013 Waldgem\u00e4lde in \u00d6l auf Leinwand. Dieses Kunstwerk verbindet die Sch\u00f6nheit der Natur mit ausdrucksstarker \u00d6lmalerei.","robots":{"index":"index","follow":"follow","max-snippet":"max-snippet:-1","max-image-preview":"max-image-preview:large","max-video-preview":"max-video-preview:-1"},"canonical":"https:\/\/aliolio.art\/en\/product\/im-moment-herbst\/","og_locale":"en_GB","og_type":"article","og_title":"Im Moment | Herbst - Ali Olio","og_description":"Natur trifft Kunst \u2013 Waldgem\u00e4lde in \u00d6l auf Leinwand. Dieses Kunstwerk verbindet die Sch\u00f6nheit der Natur mit ausdrucksstarker \u00d6lmalerei.","og_url":"https:\/\/aliolio.art\/en\/product\/im-moment-herbst\/","og_site_name":"Ali Olio","article_modified_time":"2026-03-31T18:53:54+00:00","og_image":[{"width":1921,"height":1921,"url":"https:\/\/aliolio.art\/wp-content\/uploads\/2025\/05\/AliOlioArt_AlexandraIsabelHoerhager_Kunst_ImMoment-00-1.jpg","type":"image\/jpeg"}],"twitter_card":"summary_large_image","twitter_misc":{"Estimated reading time":"1 minute"},"schema":{"@context":"https:\/\/schema.org","@graph":[{"@type":"WebPage","@id":"https:\/\/aliolio.art\/product\/im-moment-herbst\/","url":"https:\/\/aliolio.art\/product\/im-moment-herbst\/","name":"Im Moment | Herbst - Ali Olio","isPartOf":{"@id":"https:\/\/aliolio.art\/#website"},"primaryImageOfPage":{"@id":"https:\/\/aliolio.art\/product\/im-moment-herbst\/#primaryimage"},"image":{"@id":"https:\/\/aliolio.art\/product\/im-moment-herbst\/#primaryimage"},"thumbnailUrl":"https:\/\/aliolio.art\/wp-content\/uploads\/2025\/05\/AliOlioArt_AlexandraIsabelHoerhager_Kunst_ImMoment-00-1.jpg","datePublished":"2026-03-31T12:40:48+00:00","dateModified":"2026-03-31T18:53:54+00:00","description":"Natur trifft Kunst \u2013 Waldgem\u00e4lde in \u00d6l auf Leinwand. Dieses Kunstwerk verbindet die Sch\u00f6nheit der Natur mit ausdrucksstarker \u00d6lmalerei.","breadcrumb":{"@id":"https:\/\/aliolio.art\/product\/im-moment-herbst\/#breadcrumb"},"inLanguage":"en-GB","potentialAction":[{"@type":"ReadAction","target":["https:\/\/aliolio.art\/product\/im-moment-herbst\/"]}]},{"@type":"ImageObject","inLanguage":"en-GB","@id":"https:\/\/aliolio.art\/product\/im-moment-herbst\/#primaryimage","url":"https:\/\/aliolio.art\/wp-content\/uploads\/2025\/05\/AliOlioArt_AlexandraIsabelHoerhager_Kunst_ImMoment-00-1.jpg","contentUrl":"https:\/\/aliolio.art\/wp-content\/uploads\/2025\/05\/AliOlioArt_AlexandraIsabelHoerhager_Kunst_ImMoment-00-1.jpg","width":1921,"height":1921,"caption":"\u00d6lgem\u00e4lde Wald, Blick nach oben, Bl\u00e4tterdach Kunst, Naturmalerei, Sonnenlicht im Wald, spirituelle Kunst, achtsame Wandbilder, moderne Landschaftsmalerei, Waldblick Leinwandbild, Naturkunst handgemalt, Kunst f\u00fcr Entspannung und Ruhe, Ali Olio Art, Alexandra Isabel H\u00f6rhager Kunst, Tiroler K\u00fcnstlerin"},{"@type":"BreadcrumbList","@id":"https:\/\/aliolio.art\/product\/im-moment-herbst\/#breadcrumb","itemListElement":[{"@type":"ListItem","position":1,"name":"Startseite","item":"https:\/\/aliolio.art\/"},{"@type":"ListItem","position":2,"name":"Shop","item":"https:\/\/aliolio.art\/collect\/"},{"@type":"ListItem","position":3,"name":"Im Moment | Herbst"}]},{"@type":"WebSite","@id":"https:\/\/aliolio.art\/#website","url":"https:\/\/aliolio.art\/","name":"Ali Olio","description":"Fine Art from the Alps","publisher":{"@id":"https:\/\/aliolio.art\/#organization"},"potentialAction":[{"@type":"SearchAction","target":{"@type":"EntryPoint","urlTemplate":"https:\/\/aliolio.art\/?s={search_term_string}"},"query-input":{"@type":"PropertyValueSpecification","valueRequired":true,"valueName":"search_term_string"}}],"inLanguage":"en-GB"},{"@type":"Organization","@id":"https:\/\/aliolio.art\/#organization","name":"Ali Olio","url":"https:\/\/aliolio.art\/","logo":{"@type":"ImageObject","inLanguage":"en-GB","@id":"https:\/\/aliolio.art\/#\/schema\/logo\/image\/","url":"https:\/\/aliolio.art\/wp-content\/uploads\/2024\/06\/cropped-cropped-AliOlioArt-logo-white-transparent.png","contentUrl":"https:\/\/aliolio.art\/wp-content\/uploads\/2024\/06\/cropped-cropped-AliOlioArt-logo-white-transparent.png","width":512,"height":512,"caption":"Ali Olio"},"image":{"@id":"https:\/\/aliolio.art\/#\/schema\/logo\/image\/"}}]}},"jetpack_sharing_enabled":true,"_links":{"self":[{"href":"https:\/\/aliolio.art\/en\/wp-json\/wp\/v2\/product\/4133","targetHints":{"allow":["GET"]}}],"collection":[{"href":"https:\/\/aliolio.art\/en\/wp-json\/wp\/v2\/product"}],"about":[{"href":"https:\/\/aliolio.art\/en\/wp-json\/wp\/v2\/types\/product"}],"replies":[{"embeddable":true,"href":"https:\/\/aliolio.art\/en\/wp-json\/wp\/v2\/comments?post=4133"}],"version-history":[{"count":3,"href":"https:\/\/aliolio.art\/en\/wp-json\/wp\/v2\/product\/4133\/revisions"}],"predecessor-version":[{"id":4153,"href":"https:\/\/aliolio.art\/en\/wp-json\/wp\/v2\/product\/4133\/revisions\/4153"}],"wp:featuredmedia":[{"embeddable":true,"href":"https:\/\/aliolio.art\/en\/wp-json\/wp\/v2\/media\/3621"}],"wp:attachment":[{"href":"https:\/\/aliolio.art\/en\/wp-json\/wp\/v2\/media?parent=4133"}],"wp:term":[{"taxonomy":"product_brand","embeddable":true,"href":"https:\/\/aliolio.art\/en\/wp-json\/wp\/v2\/product_brand?post=4133"},{"taxonomy":"product_cat","embeddable":true,"href":"https:\/\/aliolio.art\/en\/wp-json\/wp\/v2\/product_cat?post=4133"},{"taxonomy":"product_tag","embeddable":true,"href":"https:\/\/aliolio.art\/en\/wp-json\/wp\/v2\/product_tag?post=4133"}],"curies":[{"name":"wp","href":"https:\/\/api.w.org\/{rel}","templated":true}]}}