{"id":4064,"date":"2025-06-27T11:59:50","date_gmt":"2025-06-27T11:59:50","guid":{"rendered":"https:\/\/aliolio.art\/?post_type=product&#038;p=4064"},"modified":"2025-06-27T13:12:25","modified_gmt":"2025-06-27T13:12:25","slug":"august","status":"publish","type":"product","link":"https:\/\/aliolio.art\/en\/product\/august\/","title":{"rendered":"August"},"content":{"rendered":"<p><strong>12 Month Series<\/strong><br \/>\nMixed media oilpainting on canvas <em>60x80x2cm<\/em><\/p>","protected":false},"excerpt":{"rendered":"<p data-start=\"1567\" data-end=\"2154\">\u201eAugust\u201c ist Teil der 12 Months Series und entstand bei einem sp\u00e4tsommerlichen Streifzug durch die W\u00e4lder rund um Schladming \u2013 auf der Suche nach Schwammerln, Sonnenstrahlen und stillen Momenten. Das warme Licht f\u00e4llt durch das Bl\u00e4tterdach und verwandelt den Waldboden in ein lebendiges Spiel aus Schatten und Gold.<br data-start=\"1882\" data-end=\"1885\" \/>\u201eAugust\u201c erz\u00e4hlt von der F\u00fclle der Natur und davon, wie n\u00e4hrend es ist, sich im Moment zu verlieren \u2013 mit allen Sinnen, bar jeder Eile.<br data-start=\"2020\" data-end=\"2023\" \/><strong data-start=\"2023\" data-end=\"2154\">Dieses Bild ist f\u00fcr dich, wenn du dich nach Ruhe sehnst, nach dem Duft von Moos und dem Gef\u00fchl, ganz bei dir selbst anzukommen.<\/strong><\/p>\n<p data-start=\"2156\" data-end=\"2658\"><strong>___<\/strong><\/p>\n<p data-start=\"2156\" data-end=\"2658\"><br data-start=\"2201\" data-end=\"2204\" \/>\u201cAugust\u201d was created during a late summer walk through the forests of Schladming \u2013 in search of mushrooms, sunlight, and quiet moments. Golden rays pierce the canopy, turning the forest floor into a dance of light and shadow.<br data-start=\"2429\" data-end=\"2432\" \/>\u201cAugust\u201d speaks of nature\u2019s abundance and the deep nourishment that comes from slowing down and being fully present.<br data-start=\"2548\" data-end=\"2551\" \/><strong data-start=\"2551\" data-end=\"2658\">This piece is for you, if you long for stillness, the scent of moss, and the gentle return to yourself.<\/strong><\/p>","protected":false},"featured_media":4066,"comment_status":"open","ping_status":"closed","template":"","meta":[],"product_brand":[],"product_cat":[53,45,21,59],"product_tag":[],"class_list":{"0":"post-4064","1":"product","2":"type-product","3":"status-publish","4":"has-post-thumbnail","6":"product_cat-child-serie-12-month-series","7":"product_cat-parent-available","8":"product_cat-grandparent-original-art","9":"product_cat-parent-serie","11":"first","12":"instock","13":"featured","14":"sold-individually","15":"shipping-taxable","16":"purchasable","17":"product-type-simple"},"yoast_head":"<!-- This site is optimized with the Yoast SEO plugin v25.8 - https:\/\/yoast.com\/wordpress\/plugins\/seo\/ -->\n<title>August - Ali Olio<\/title>\n<meta name=\"description\" content=\"Dieses Bild ist f\u00fcr dich, wenn du dich nach Ruhe sehnst, nach dem Duft von Moos und dem Gef\u00fchl, ganz bei dir selbst anzukommen. Teil der 12 Months Series.\" \/>\n<meta name=\"robots\" content=\"index, follow, max-snippet:-1, max-image-preview:large, max-video-preview:-1\" \/>\n<link rel=\"canonical\" href=\"https:\/\/aliolio.art\/en\/product\/august\/\" \/>\n<meta property=\"og:locale\" content=\"en_GB\" \/>\n<meta property=\"og:type\" content=\"article\" \/>\n<meta property=\"og:title\" content=\"August - Ali Olio\" \/>\n<meta property=\"og:description\" content=\"Dieses Bild ist f\u00fcr dich, wenn du dich nach Ruhe sehnst, nach dem Duft von Moos und dem Gef\u00fchl, ganz bei dir selbst anzukommen. Teil der 12 Months Series.\" \/>\n<meta property=\"og:url\" content=\"https:\/\/aliolio.art\/en\/product\/august\/\" \/>\n<meta property=\"og:site_name\" content=\"Ali Olio\" \/>\n<meta property=\"article:modified_time\" content=\"2025-06-27T13:12:25+00:00\" \/>\n<meta property=\"og:image\" content=\"https:\/\/aliolio.art\/wp-content\/uploads\/2025\/06\/august-2025-60x80-mockup-aliolioart-web-scaled.webp\" \/>\n\t<meta property=\"og:image:width\" content=\"2560\" \/>\n\t<meta property=\"og:image:height\" content=\"2560\" \/>\n\t<meta property=\"og:image:type\" content=\"image\/webp\" \/>\n<meta name=\"twitter:card\" content=\"summary_large_image\" \/>\n<meta name=\"twitter:label1\" content=\"Estimated reading time\" \/>\n\t<meta name=\"twitter:data1\" content=\"1 minute\" \/>\n<script type=\"application\/ld+json\" class=\"yoast-schema-graph\">{\"@context\":\"https:\/\/schema.org\",\"@graph\":[{\"@type\":\"WebPage\",\"@id\":\"https:\/\/aliolio.art\/product\/august\/\",\"url\":\"https:\/\/aliolio.art\/product\/august\/\",\"name\":\"August - Ali Olio\",\"isPartOf\":{\"@id\":\"https:\/\/aliolio.art\/#website\"},\"primaryImageOfPage\":{\"@id\":\"https:\/\/aliolio.art\/product\/august\/#primaryimage\"},\"image\":{\"@id\":\"https:\/\/aliolio.art\/product\/august\/#primaryimage\"},\"thumbnailUrl\":\"https:\/\/aliolio.art\/wp-content\/uploads\/2025\/06\/august-2025-60x80-mockup-aliolioart-web-scaled.webp\",\"datePublished\":\"2025-06-27T11:59:50+00:00\",\"dateModified\":\"2025-06-27T13:12:25+00:00\",\"description\":\"Dieses Bild ist f\u00fcr dich, wenn du dich nach Ruhe sehnst, nach dem Duft von Moos und dem Gef\u00fchl, ganz bei dir selbst anzukommen. Teil der 12 Months Series.\",\"breadcrumb\":{\"@id\":\"https:\/\/aliolio.art\/product\/august\/#breadcrumb\"},\"inLanguage\":\"en-GB\",\"potentialAction\":[{\"@type\":\"ReadAction\",\"target\":[\"https:\/\/aliolio.art\/product\/august\/\"]}]},{\"@type\":\"ImageObject\",\"inLanguage\":\"en-GB\",\"@id\":\"https:\/\/aliolio.art\/product\/august\/#primaryimage\",\"url\":\"https:\/\/aliolio.art\/wp-content\/uploads\/2025\/06\/august-2025-60x80-mockup-aliolioart-web-scaled.webp\",\"contentUrl\":\"https:\/\/aliolio.art\/wp-content\/uploads\/2025\/06\/august-2025-60x80-mockup-aliolioart-web-scaled.webp\",\"width\":2560,\"height\":2560,\"caption\":\"August Kunstwerk Teil der 12 Months Series | inspiriert vom Schwammerlsuchen in Schladming, Naturbild, Waldbild, Gr\u00fcnt\u00f6ne, Mixed Media \u00d6lgem\u00e4lde | Original Art von Alexandra Isabel H\u00f6hager, aufstrebende \u00f6sterreichische K\u00fcnstlerin | Ali Olio | Fine Art from the Alps\"},{\"@type\":\"BreadcrumbList\",\"@id\":\"https:\/\/aliolio.art\/product\/august\/#breadcrumb\",\"itemListElement\":[{\"@type\":\"ListItem\",\"position\":1,\"name\":\"Startseite\",\"item\":\"https:\/\/aliolio.art\/\"},{\"@type\":\"ListItem\",\"position\":2,\"name\":\"Shop\",\"item\":\"https:\/\/aliolio.art\/collect\/\"},{\"@type\":\"ListItem\",\"position\":3,\"name\":\"August\"}]},{\"@type\":\"WebSite\",\"@id\":\"https:\/\/aliolio.art\/#website\",\"url\":\"https:\/\/aliolio.art\/\",\"name\":\"Ali Olio\",\"description\":\"Fine Art from the Alps\",\"publisher\":{\"@id\":\"https:\/\/aliolio.art\/#organization\"},\"potentialAction\":[{\"@type\":\"SearchAction\",\"target\":{\"@type\":\"EntryPoint\",\"urlTemplate\":\"https:\/\/aliolio.art\/?s={search_term_string}\"},\"query-input\":{\"@type\":\"PropertyValueSpecification\",\"valueRequired\":true,\"valueName\":\"search_term_string\"}}],\"inLanguage\":\"en-GB\"},{\"@type\":\"Organization\",\"@id\":\"https:\/\/aliolio.art\/#organization\",\"name\":\"Ali Olio\",\"url\":\"https:\/\/aliolio.art\/\",\"logo\":{\"@type\":\"ImageObject\",\"inLanguage\":\"en-GB\",\"@id\":\"https:\/\/aliolio.art\/#\/schema\/logo\/image\/\",\"url\":\"https:\/\/aliolio.art\/wp-content\/uploads\/2024\/06\/cropped-cropped-AliOlioArt-logo-white-transparent.png\",\"contentUrl\":\"https:\/\/aliolio.art\/wp-content\/uploads\/2024\/06\/cropped-cropped-AliOlioArt-logo-white-transparent.png\",\"width\":512,\"height\":512,\"caption\":\"Ali Olio\"},\"image\":{\"@id\":\"https:\/\/aliolio.art\/#\/schema\/logo\/image\/\"}}]}<\/script>\n<!-- \/ Yoast SEO plugin. -->","yoast_head_json":{"title":"August - Ali Olio","description":"Dieses Bild ist f\u00fcr dich, wenn du dich nach Ruhe sehnst, nach dem Duft von Moos und dem Gef\u00fchl, ganz bei dir selbst anzukommen. Teil der 12 Months Series.","robots":{"index":"index","follow":"follow","max-snippet":"max-snippet:-1","max-image-preview":"max-image-preview:large","max-video-preview":"max-video-preview:-1"},"canonical":"https:\/\/aliolio.art\/en\/product\/august\/","og_locale":"en_GB","og_type":"article","og_title":"August - Ali Olio","og_description":"Dieses Bild ist f\u00fcr dich, wenn du dich nach Ruhe sehnst, nach dem Duft von Moos und dem Gef\u00fchl, ganz bei dir selbst anzukommen. Teil der 12 Months Series.","og_url":"https:\/\/aliolio.art\/en\/product\/august\/","og_site_name":"Ali Olio","article_modified_time":"2025-06-27T13:12:25+00:00","og_image":[{"width":2560,"height":2560,"url":"https:\/\/aliolio.art\/wp-content\/uploads\/2025\/06\/august-2025-60x80-mockup-aliolioart-web-scaled.webp","type":"image\/webp"}],"twitter_card":"summary_large_image","twitter_misc":{"Estimated reading time":"1 minute"},"schema":{"@context":"https:\/\/schema.org","@graph":[{"@type":"WebPage","@id":"https:\/\/aliolio.art\/product\/august\/","url":"https:\/\/aliolio.art\/product\/august\/","name":"August - Ali Olio","isPartOf":{"@id":"https:\/\/aliolio.art\/#website"},"primaryImageOfPage":{"@id":"https:\/\/aliolio.art\/product\/august\/#primaryimage"},"image":{"@id":"https:\/\/aliolio.art\/product\/august\/#primaryimage"},"thumbnailUrl":"https:\/\/aliolio.art\/wp-content\/uploads\/2025\/06\/august-2025-60x80-mockup-aliolioart-web-scaled.webp","datePublished":"2025-06-27T11:59:50+00:00","dateModified":"2025-06-27T13:12:25+00:00","description":"Dieses Bild ist f\u00fcr dich, wenn du dich nach Ruhe sehnst, nach dem Duft von Moos und dem Gef\u00fchl, ganz bei dir selbst anzukommen. Teil der 12 Months Series.","breadcrumb":{"@id":"https:\/\/aliolio.art\/product\/august\/#breadcrumb"},"inLanguage":"en-GB","potentialAction":[{"@type":"ReadAction","target":["https:\/\/aliolio.art\/product\/august\/"]}]},{"@type":"ImageObject","inLanguage":"en-GB","@id":"https:\/\/aliolio.art\/product\/august\/#primaryimage","url":"https:\/\/aliolio.art\/wp-content\/uploads\/2025\/06\/august-2025-60x80-mockup-aliolioart-web-scaled.webp","contentUrl":"https:\/\/aliolio.art\/wp-content\/uploads\/2025\/06\/august-2025-60x80-mockup-aliolioart-web-scaled.webp","width":2560,"height":2560,"caption":"August Kunstwerk Teil der 12 Months Series | inspiriert vom Schwammerlsuchen in Schladming, Naturbild, Waldbild, Gr\u00fcnt\u00f6ne, Mixed Media \u00d6lgem\u00e4lde | Original Art von Alexandra Isabel H\u00f6hager, aufstrebende \u00f6sterreichische K\u00fcnstlerin | Ali Olio | Fine Art from the Alps"},{"@type":"BreadcrumbList","@id":"https:\/\/aliolio.art\/product\/august\/#breadcrumb","itemListElement":[{"@type":"ListItem","position":1,"name":"Startseite","item":"https:\/\/aliolio.art\/"},{"@type":"ListItem","position":2,"name":"Shop","item":"https:\/\/aliolio.art\/collect\/"},{"@type":"ListItem","position":3,"name":"August"}]},{"@type":"WebSite","@id":"https:\/\/aliolio.art\/#website","url":"https:\/\/aliolio.art\/","name":"Ali Olio","description":"Fine Art from the Alps","publisher":{"@id":"https:\/\/aliolio.art\/#organization"},"potentialAction":[{"@type":"SearchAction","target":{"@type":"EntryPoint","urlTemplate":"https:\/\/aliolio.art\/?s={search_term_string}"},"query-input":{"@type":"PropertyValueSpecification","valueRequired":true,"valueName":"search_term_string"}}],"inLanguage":"en-GB"},{"@type":"Organization","@id":"https:\/\/aliolio.art\/#organization","name":"Ali Olio","url":"https:\/\/aliolio.art\/","logo":{"@type":"ImageObject","inLanguage":"en-GB","@id":"https:\/\/aliolio.art\/#\/schema\/logo\/image\/","url":"https:\/\/aliolio.art\/wp-content\/uploads\/2024\/06\/cropped-cropped-AliOlioArt-logo-white-transparent.png","contentUrl":"https:\/\/aliolio.art\/wp-content\/uploads\/2024\/06\/cropped-cropped-AliOlioArt-logo-white-transparent.png","width":512,"height":512,"caption":"Ali Olio"},"image":{"@id":"https:\/\/aliolio.art\/#\/schema\/logo\/image\/"}}]}},"jetpack_sharing_enabled":true,"_links":{"self":[{"href":"https:\/\/aliolio.art\/en\/wp-json\/wp\/v2\/product\/4064","targetHints":{"allow":["GET"]}}],"collection":[{"href":"https:\/\/aliolio.art\/en\/wp-json\/wp\/v2\/product"}],"about":[{"href":"https:\/\/aliolio.art\/en\/wp-json\/wp\/v2\/types\/product"}],"replies":[{"embeddable":true,"href":"https:\/\/aliolio.art\/en\/wp-json\/wp\/v2\/comments?post=4064"}],"version-history":[{"count":2,"href":"https:\/\/aliolio.art\/en\/wp-json\/wp\/v2\/product\/4064\/revisions"}],"predecessor-version":[{"id":4075,"href":"https:\/\/aliolio.art\/en\/wp-json\/wp\/v2\/product\/4064\/revisions\/4075"}],"wp:featuredmedia":[{"embeddable":true,"href":"https:\/\/aliolio.art\/en\/wp-json\/wp\/v2\/media\/4066"}],"wp:attachment":[{"href":"https:\/\/aliolio.art\/en\/wp-json\/wp\/v2\/media?parent=4064"}],"wp:term":[{"taxonomy":"product_brand","embeddable":true,"href":"https:\/\/aliolio.art\/en\/wp-json\/wp\/v2\/product_brand?post=4064"},{"taxonomy":"product_cat","embeddable":true,"href":"https:\/\/aliolio.art\/en\/wp-json\/wp\/v2\/product_cat?post=4064"},{"taxonomy":"product_tag","embeddable":true,"href":"https:\/\/aliolio.art\/en\/wp-json\/wp\/v2\/product_tag?post=4064"}],"curies":[{"name":"wp","href":"https:\/\/api.w.org\/{rel}","templated":true}]}}