{"id":3680,"date":"2025-05-26T13:15:35","date_gmt":"2025-05-26T13:15:35","guid":{"rendered":"https:\/\/aliolio.art\/?post_type=product&#038;p=3680"},"modified":"2025-05-26T15:23:35","modified_gmt":"2025-05-26T15:23:35","slug":"more-than-honey-fine-art-print","status":"publish","type":"product","link":"https:\/\/aliolio.art\/en\/product\/more-than-honey-fine-art-print\/","title":{"rendered":"More than Honey | Fine Art Print"},"content":{"rendered":"<p><b>Gr\u00f6\u00dfe 52x52cm auf Hahnem\u00fchle Photo Rag Fine Art Paper<\/b><\/p>","protected":false},"excerpt":{"rendered":"<p>The art print based on the popular original painting<br \/>\n&#8222;More Than Honey&#8220;<\/p>\n<p>Alles in der Natur ist miteinander verbunden \u2013 genau wie im Leben. More than Honey steht f\u00fcr diese tiefe Verbundenheit. Bienen, Blumen und Honig symbolisieren den Kreislauf des Lebens und erinnern dich daran, die Natur zu sch\u00e4tzen und zu bewahren. Mit diesem Druck setzt du ein Zeichen f\u00fcr deine Wertsch\u00e4tzung und tr\u00e4gst ein St\u00fcck Achtsamkeit in deinen Alltag.<\/p>\n<p>Gesamtma\u00df des Druck 52x52cm (Motivma\u00df 50x50cm, edler Wei\u00dfrand umlaufend 1cm).<br \/>\nDer Druck kommt ohne Rahmen in einer Kunst-Sicherheits-Verpackung.<\/p>\n<p>Materialhinweise:<\/p>\n<ul>\n<li>Hahnem\u00fchle Photo Rag Fine Art Paper<\/li>\n<li>308 g\/m\u00b2, 100% Baumwolle<\/li>\n<li>Sanft ausgepr\u00e4gte Filzstruktur<\/li>\n<li>S\u00e4ure- und ligninfrei<\/li>\n<li>ISO9706 konform \/ Museumsqualit\u00e4t f\u00fcr h\u00f6chste Alterungsbest\u00e4ndigkeit<\/li>\n<\/ul>\n<p>&nbsp;<\/p>","protected":false},"featured_media":3735,"comment_status":"open","ping_status":"closed","template":"","meta":[],"product_brand":[],"product_cat":[34],"product_tag":[],"class_list":{"0":"post-3680","1":"product","2":"type-product","3":"status-publish","4":"has-post-thumbnail","6":"product_cat-grandparent-art-prints","8":"first","9":"instock","10":"shipping-taxable","11":"purchasable","12":"product-type-simple"},"yoast_head":"<!-- This site is optimized with the Yoast SEO plugin v25.8 - https:\/\/yoast.com\/wordpress\/plugins\/seo\/ -->\n<title>More than Honey | Fine Art Print - Ali Olio<\/title>\n<meta name=\"description\" content=\"Alles in der Natur ist miteinander verbunden \u2013 genau wie im Leben. More than Honey steht f\u00fcr diese tiefe Verbundenheit.\" \/>\n<meta name=\"robots\" content=\"index, follow, max-snippet:-1, max-image-preview:large, max-video-preview:-1\" \/>\n<link rel=\"canonical\" href=\"https:\/\/aliolio.art\/en\/product\/more-than-honey-fine-art-print\/\" \/>\n<meta property=\"og:locale\" content=\"en_GB\" \/>\n<meta property=\"og:type\" content=\"article\" \/>\n<meta property=\"og:title\" content=\"More than Honey | Fine Art Print - Ali Olio\" \/>\n<meta property=\"og:description\" content=\"Alles in der Natur ist miteinander verbunden \u2013 genau wie im Leben. More than Honey steht f\u00fcr diese tiefe Verbundenheit.\" \/>\n<meta property=\"og:url\" content=\"https:\/\/aliolio.art\/en\/product\/more-than-honey-fine-art-print\/\" \/>\n<meta property=\"og:site_name\" content=\"Ali Olio\" \/>\n<meta property=\"article:modified_time\" content=\"2025-05-26T15:23:35+00:00\" \/>\n<meta property=\"og:image\" content=\"https:\/\/aliolio.art\/wp-content\/uploads\/2025\/05\/morethanhoney_print_aliolioart_1cm-Rand-1-scaled.jpg\" \/>\n\t<meta property=\"og:image:width\" content=\"2560\" \/>\n\t<meta property=\"og:image:height\" content=\"2560\" \/>\n\t<meta property=\"og:image:type\" content=\"image\/jpeg\" \/>\n<meta name=\"twitter:card\" content=\"summary_large_image\" \/>\n<meta name=\"twitter:label1\" content=\"Estimated reading time\" \/>\n\t<meta name=\"twitter:data1\" content=\"1 minute\" \/>\n<script type=\"application\/ld+json\" class=\"yoast-schema-graph\">{\"@context\":\"https:\/\/schema.org\",\"@graph\":[{\"@type\":\"WebPage\",\"@id\":\"https:\/\/aliolio.art\/product\/more-than-honey-fine-art-print\/\",\"url\":\"https:\/\/aliolio.art\/product\/more-than-honey-fine-art-print\/\",\"name\":\"More than Honey | Fine Art Print - Ali Olio\",\"isPartOf\":{\"@id\":\"https:\/\/aliolio.art\/#website\"},\"primaryImageOfPage\":{\"@id\":\"https:\/\/aliolio.art\/product\/more-than-honey-fine-art-print\/#primaryimage\"},\"image\":{\"@id\":\"https:\/\/aliolio.art\/product\/more-than-honey-fine-art-print\/#primaryimage\"},\"thumbnailUrl\":\"https:\/\/aliolio.art\/wp-content\/uploads\/2025\/05\/morethanhoney_print_aliolioart_1cm-Rand-1-scaled.jpg\",\"datePublished\":\"2025-05-26T13:15:35+00:00\",\"dateModified\":\"2025-05-26T15:23:35+00:00\",\"description\":\"Alles in der Natur ist miteinander verbunden \u2013 genau wie im Leben. More than Honey steht f\u00fcr diese tiefe Verbundenheit.\",\"breadcrumb\":{\"@id\":\"https:\/\/aliolio.art\/product\/more-than-honey-fine-art-print\/#breadcrumb\"},\"inLanguage\":\"en-GB\",\"potentialAction\":[{\"@type\":\"ReadAction\",\"target\":[\"https:\/\/aliolio.art\/product\/more-than-honey-fine-art-print\/\"]}]},{\"@type\":\"ImageObject\",\"inLanguage\":\"en-GB\",\"@id\":\"https:\/\/aliolio.art\/product\/more-than-honey-fine-art-print\/#primaryimage\",\"url\":\"https:\/\/aliolio.art\/wp-content\/uploads\/2025\/05\/morethanhoney_print_aliolioart_1cm-Rand-1-scaled.jpg\",\"contentUrl\":\"https:\/\/aliolio.art\/wp-content\/uploads\/2025\/05\/morethanhoney_print_aliolioart_1cm-Rand-1-scaled.jpg\",\"width\":2560,\"height\":2560,\"caption\":\"Ali Olio Art Alexandra H\u00f6rhager Kunst K\u00fcnstlerin \u00d6sterrreich Tirol Kufstein Mixed Media \u00d6lgem\u00e4lde Honig Biene Wabe Gro\u00dfe Leinwand Auftragsarbeit Auftragskunst\"},{\"@type\":\"BreadcrumbList\",\"@id\":\"https:\/\/aliolio.art\/product\/more-than-honey-fine-art-print\/#breadcrumb\",\"itemListElement\":[{\"@type\":\"ListItem\",\"position\":1,\"name\":\"Startseite\",\"item\":\"https:\/\/aliolio.art\/\"},{\"@type\":\"ListItem\",\"position\":2,\"name\":\"Shop\",\"item\":\"https:\/\/aliolio.art\/collect\/\"},{\"@type\":\"ListItem\",\"position\":3,\"name\":\"More than Honey | Fine Art Print\"}]},{\"@type\":\"WebSite\",\"@id\":\"https:\/\/aliolio.art\/#website\",\"url\":\"https:\/\/aliolio.art\/\",\"name\":\"Ali Olio\",\"description\":\"Fine Art from the Alps\",\"publisher\":{\"@id\":\"https:\/\/aliolio.art\/#organization\"},\"potentialAction\":[{\"@type\":\"SearchAction\",\"target\":{\"@type\":\"EntryPoint\",\"urlTemplate\":\"https:\/\/aliolio.art\/?s={search_term_string}\"},\"query-input\":{\"@type\":\"PropertyValueSpecification\",\"valueRequired\":true,\"valueName\":\"search_term_string\"}}],\"inLanguage\":\"en-GB\"},{\"@type\":\"Organization\",\"@id\":\"https:\/\/aliolio.art\/#organization\",\"name\":\"Ali Olio\",\"url\":\"https:\/\/aliolio.art\/\",\"logo\":{\"@type\":\"ImageObject\",\"inLanguage\":\"en-GB\",\"@id\":\"https:\/\/aliolio.art\/#\/schema\/logo\/image\/\",\"url\":\"https:\/\/aliolio.art\/wp-content\/uploads\/2024\/06\/cropped-cropped-AliOlioArt-logo-white-transparent.png\",\"contentUrl\":\"https:\/\/aliolio.art\/wp-content\/uploads\/2024\/06\/cropped-cropped-AliOlioArt-logo-white-transparent.png\",\"width\":512,\"height\":512,\"caption\":\"Ali Olio\"},\"image\":{\"@id\":\"https:\/\/aliolio.art\/#\/schema\/logo\/image\/\"}}]}<\/script>\n<!-- \/ Yoast SEO plugin. -->","yoast_head_json":{"title":"More than Honey | Fine Art Print - Ali Olio","description":"Alles in der Natur ist miteinander verbunden \u2013 genau wie im Leben. More than Honey steht f\u00fcr diese tiefe Verbundenheit.","robots":{"index":"index","follow":"follow","max-snippet":"max-snippet:-1","max-image-preview":"max-image-preview:large","max-video-preview":"max-video-preview:-1"},"canonical":"https:\/\/aliolio.art\/en\/product\/more-than-honey-fine-art-print\/","og_locale":"en_GB","og_type":"article","og_title":"More than Honey | Fine Art Print - Ali Olio","og_description":"Alles in der Natur ist miteinander verbunden \u2013 genau wie im Leben. More than Honey steht f\u00fcr diese tiefe Verbundenheit.","og_url":"https:\/\/aliolio.art\/en\/product\/more-than-honey-fine-art-print\/","og_site_name":"Ali Olio","article_modified_time":"2025-05-26T15:23:35+00:00","og_image":[{"width":2560,"height":2560,"url":"https:\/\/aliolio.art\/wp-content\/uploads\/2025\/05\/morethanhoney_print_aliolioart_1cm-Rand-1-scaled.jpg","type":"image\/jpeg"}],"twitter_card":"summary_large_image","twitter_misc":{"Estimated reading time":"1 minute"},"schema":{"@context":"https:\/\/schema.org","@graph":[{"@type":"WebPage","@id":"https:\/\/aliolio.art\/product\/more-than-honey-fine-art-print\/","url":"https:\/\/aliolio.art\/product\/more-than-honey-fine-art-print\/","name":"More than Honey | Fine Art Print - Ali Olio","isPartOf":{"@id":"https:\/\/aliolio.art\/#website"},"primaryImageOfPage":{"@id":"https:\/\/aliolio.art\/product\/more-than-honey-fine-art-print\/#primaryimage"},"image":{"@id":"https:\/\/aliolio.art\/product\/more-than-honey-fine-art-print\/#primaryimage"},"thumbnailUrl":"https:\/\/aliolio.art\/wp-content\/uploads\/2025\/05\/morethanhoney_print_aliolioart_1cm-Rand-1-scaled.jpg","datePublished":"2025-05-26T13:15:35+00:00","dateModified":"2025-05-26T15:23:35+00:00","description":"Alles in der Natur ist miteinander verbunden \u2013 genau wie im Leben. More than Honey steht f\u00fcr diese tiefe Verbundenheit.","breadcrumb":{"@id":"https:\/\/aliolio.art\/product\/more-than-honey-fine-art-print\/#breadcrumb"},"inLanguage":"en-GB","potentialAction":[{"@type":"ReadAction","target":["https:\/\/aliolio.art\/product\/more-than-honey-fine-art-print\/"]}]},{"@type":"ImageObject","inLanguage":"en-GB","@id":"https:\/\/aliolio.art\/product\/more-than-honey-fine-art-print\/#primaryimage","url":"https:\/\/aliolio.art\/wp-content\/uploads\/2025\/05\/morethanhoney_print_aliolioart_1cm-Rand-1-scaled.jpg","contentUrl":"https:\/\/aliolio.art\/wp-content\/uploads\/2025\/05\/morethanhoney_print_aliolioart_1cm-Rand-1-scaled.jpg","width":2560,"height":2560,"caption":"Ali Olio Art Alexandra H\u00f6rhager Kunst K\u00fcnstlerin \u00d6sterrreich Tirol Kufstein Mixed Media \u00d6lgem\u00e4lde Honig Biene Wabe Gro\u00dfe Leinwand Auftragsarbeit Auftragskunst"},{"@type":"BreadcrumbList","@id":"https:\/\/aliolio.art\/product\/more-than-honey-fine-art-print\/#breadcrumb","itemListElement":[{"@type":"ListItem","position":1,"name":"Startseite","item":"https:\/\/aliolio.art\/"},{"@type":"ListItem","position":2,"name":"Shop","item":"https:\/\/aliolio.art\/collect\/"},{"@type":"ListItem","position":3,"name":"More than Honey | Fine Art Print"}]},{"@type":"WebSite","@id":"https:\/\/aliolio.art\/#website","url":"https:\/\/aliolio.art\/","name":"Ali Olio","description":"Fine Art from the Alps","publisher":{"@id":"https:\/\/aliolio.art\/#organization"},"potentialAction":[{"@type":"SearchAction","target":{"@type":"EntryPoint","urlTemplate":"https:\/\/aliolio.art\/?s={search_term_string}"},"query-input":{"@type":"PropertyValueSpecification","valueRequired":true,"valueName":"search_term_string"}}],"inLanguage":"en-GB"},{"@type":"Organization","@id":"https:\/\/aliolio.art\/#organization","name":"Ali Olio","url":"https:\/\/aliolio.art\/","logo":{"@type":"ImageObject","inLanguage":"en-GB","@id":"https:\/\/aliolio.art\/#\/schema\/logo\/image\/","url":"https:\/\/aliolio.art\/wp-content\/uploads\/2024\/06\/cropped-cropped-AliOlioArt-logo-white-transparent.png","contentUrl":"https:\/\/aliolio.art\/wp-content\/uploads\/2024\/06\/cropped-cropped-AliOlioArt-logo-white-transparent.png","width":512,"height":512,"caption":"Ali Olio"},"image":{"@id":"https:\/\/aliolio.art\/#\/schema\/logo\/image\/"}}]}},"jetpack_sharing_enabled":true,"_links":{"self":[{"href":"https:\/\/aliolio.art\/en\/wp-json\/wp\/v2\/product\/3680","targetHints":{"allow":["GET"]}}],"collection":[{"href":"https:\/\/aliolio.art\/en\/wp-json\/wp\/v2\/product"}],"about":[{"href":"https:\/\/aliolio.art\/en\/wp-json\/wp\/v2\/types\/product"}],"replies":[{"embeddable":true,"href":"https:\/\/aliolio.art\/en\/wp-json\/wp\/v2\/comments?post=3680"}],"version-history":[{"count":3,"href":"https:\/\/aliolio.art\/en\/wp-json\/wp\/v2\/product\/3680\/revisions"}],"predecessor-version":[{"id":3734,"href":"https:\/\/aliolio.art\/en\/wp-json\/wp\/v2\/product\/3680\/revisions\/3734"}],"wp:featuredmedia":[{"embeddable":true,"href":"https:\/\/aliolio.art\/en\/wp-json\/wp\/v2\/media\/3735"}],"wp:attachment":[{"href":"https:\/\/aliolio.art\/en\/wp-json\/wp\/v2\/media?parent=3680"}],"wp:term":[{"taxonomy":"product_brand","embeddable":true,"href":"https:\/\/aliolio.art\/en\/wp-json\/wp\/v2\/product_brand?post=3680"},{"taxonomy":"product_cat","embeddable":true,"href":"https:\/\/aliolio.art\/en\/wp-json\/wp\/v2\/product_cat?post=3680"},{"taxonomy":"product_tag","embeddable":true,"href":"https:\/\/aliolio.art\/en\/wp-json\/wp\/v2\/product_tag?post=3680"}],"curies":[{"name":"wp","href":"https:\/\/api.w.org\/{rel}","templated":true}]}}