{"id":3654,"date":"2025-05-07T09:07:59","date_gmt":"2025-05-07T09:07:59","guid":{"rendered":"https:\/\/aliolio.art\/?post_type=product&#038;p=3654"},"modified":"2026-03-31T11:57:33","modified_gmt":"2026-03-31T11:57:33","slug":"abstract-yoga","status":"publish","type":"product","link":"https:\/\/aliolio.art\/en\/product\/abstract-yoga\/","title":{"rendered":"Abstract Yoga"},"content":{"rendered":"<p><strong>Active Abstract Series<\/strong><br \/>\nMixed media oilpainting on canvas <em>40x50x4cm<\/em><\/p>","protected":false},"excerpt":{"rendered":"<p class=\"\" data-start=\"822\" data-end=\"1586\">Teil der \u201eActive Abstract Series\u201c von Ali Olio Art \u2013 dieses abstrakte Mixed Media \u00d6lgem\u00e4lde verk\u00f6rpert die lebendige Energie der Yoga-Praxis. Mit dynamischen Pinselstrichen, kraftvollen Farben und einer organischen Komposition f\u00e4ngt das Kunst-Werk die Bewegung, Balance und innere Ruhe ein, die in jedem Atemzug und jeder Pose stecken.<br data-start=\"1235\" data-end=\"1238\" \/>Dieses Gem\u00e4lde spricht nicht nur Yoga-Liebhaber:innen an, sondern auch alle, die sich von der Verbindung von K\u00f6rper und Geist inspirieren lassen. Es ist eine Einladung, sich selbst zu finden und den Moment zu leben.<br data-start=\"1453\" data-end=\"1456\" \/>Jedes Detail ist ein Ausdruck von Energie und Dynamik \u2013 perfekt f\u00fcr R\u00e4ume, in denen Balance, Harmonie und Bewegung gefragt sind.<\/p>\n<blockquote data-start=\"1588\" data-end=\"1732\">\n<p class=\"\" data-start=\"1590\" data-end=\"1732\"><strong data-start=\"1590\" data-end=\"1732\">F\u00fcr Yogis, die ihre Leidenschaft in moderner Kunst feiern wollen \u2013 oder f\u00fcr alle, die nach Energie und Ruhe in einem einzigen Werk suchen.<\/strong><\/p>\n<\/blockquote>\n<p class=\"\" data-start=\"1763\" data-end=\"2416\"><br data-start=\"1846\" data-end=\"1849\" \/>Part of the \u201cActive Abstract Series\u201d by Ali Olio Art \u2013 this abstract mixed media oil painting captures the vibrant energy of yoga practice. With dynamic brushstrokes, powerful colors, and an organic composition, the artwork embodies the movement, balance, and inner peace found in each breath and pose.<br data-start=\"2151\" data-end=\"2154\" \/>Perfect for yoga lovers and anyone inspired by the connection of body and mind, this painting invites you to be present and embrace the flow of life.<br data-start=\"2303\" data-end=\"2306\" \/>Each detail represents energy and motion, making it ideal for spaces seeking balance, harmony, and vitality.<\/p>\n<blockquote data-start=\"2418\" data-end=\"2563\">\n<p class=\"\" data-start=\"2420\" data-end=\"2563\"><strong data-start=\"2420\" data-end=\"2563\">For yogis who want to celebrate their passion in modern art \u2013 or for those looking to add both energy and tranquility to their environment.<\/strong><\/p>\n<\/blockquote>","protected":false},"featured_media":3652,"comment_status":"open","ping_status":"closed","template":"","meta":[],"product_brand":[],"product_cat":[56,45,21,59],"product_tag":[],"class_list":{"0":"post-3654","1":"product","2":"type-product","3":"status-publish","4":"has-post-thumbnail","6":"product_cat-child-serie-abstract-series","7":"product_cat-parent-available","8":"product_cat-grandparent-original-art","9":"product_cat-parent-serie","11":"first","12":"instock","13":"featured","14":"sold-individually","15":"shipping-taxable","16":"purchasable","17":"product-type-simple"},"yoast_head":"<!-- This site is optimized with the Yoast SEO plugin v25.8 - https:\/\/yoast.com\/wordpress\/plugins\/seo\/ -->\n<title>Abstract Yoga - Ali Olio<\/title>\n<meta name=\"description\" content=\"Abstrakte Yoga Kunst \u2013 Original Mixed Media \u00d6lgem\u00e4lde aus der \u201aActive Abstract Series\u2018 von Ali Olio Art. Moderne, abstrakte Kunst f\u00fcr Yogafans.\" \/>\n<meta name=\"robots\" content=\"index, follow, max-snippet:-1, max-image-preview:large, max-video-preview:-1\" \/>\n<link rel=\"canonical\" href=\"https:\/\/aliolio.art\/en\/product\/abstract-yoga\/\" \/>\n<meta property=\"og:locale\" content=\"en_GB\" \/>\n<meta property=\"og:type\" content=\"article\" \/>\n<meta property=\"og:title\" content=\"Abstract Yoga - Ali Olio\" \/>\n<meta property=\"og:description\" content=\"Abstrakte Yoga Kunst \u2013 Original Mixed Media \u00d6lgem\u00e4lde aus der \u201aActive Abstract Series\u2018 von Ali Olio Art. Moderne, abstrakte Kunst f\u00fcr Yogafans.\" \/>\n<meta property=\"og:url\" content=\"https:\/\/aliolio.art\/en\/product\/abstract-yoga\/\" \/>\n<meta property=\"og:site_name\" content=\"Ali Olio\" \/>\n<meta property=\"article:modified_time\" content=\"2026-03-31T11:57:33+00:00\" \/>\n<meta property=\"og:image\" content=\"https:\/\/aliolio.art\/wp-content\/uploads\/2025\/05\/AliOlioArt_Kunst_AbstractYoga_MixedMediaOelgemaelde_40x50_webp-scaled.webp\" \/>\n\t<meta property=\"og:image:width\" content=\"2560\" \/>\n\t<meta property=\"og:image:height\" content=\"2560\" \/>\n\t<meta property=\"og:image:type\" content=\"image\/webp\" \/>\n<meta name=\"twitter:card\" content=\"summary_large_image\" \/>\n<meta name=\"twitter:label1\" content=\"Estimated reading time\" \/>\n\t<meta name=\"twitter:data1\" content=\"1 minute\" \/>\n<script type=\"application\/ld+json\" class=\"yoast-schema-graph\">{\"@context\":\"https:\/\/schema.org\",\"@graph\":[{\"@type\":\"WebPage\",\"@id\":\"https:\/\/aliolio.art\/product\/abstract-yoga\/\",\"url\":\"https:\/\/aliolio.art\/product\/abstract-yoga\/\",\"name\":\"Abstract Yoga - Ali Olio\",\"isPartOf\":{\"@id\":\"https:\/\/aliolio.art\/#website\"},\"primaryImageOfPage\":{\"@id\":\"https:\/\/aliolio.art\/product\/abstract-yoga\/#primaryimage\"},\"image\":{\"@id\":\"https:\/\/aliolio.art\/product\/abstract-yoga\/#primaryimage\"},\"thumbnailUrl\":\"https:\/\/aliolio.art\/wp-content\/uploads\/2025\/05\/AliOlioArt_Kunst_AbstractYoga_MixedMediaOelgemaelde_40x50_webp-scaled.webp\",\"datePublished\":\"2025-05-07T09:07:59+00:00\",\"dateModified\":\"2026-03-31T11:57:33+00:00\",\"description\":\"Abstrakte Yoga Kunst \u2013 Original Mixed Media \u00d6lgem\u00e4lde aus der \u201aActive Abstract Series\u2018 von Ali Olio Art. Moderne, abstrakte Kunst f\u00fcr Yogafans.\",\"breadcrumb\":{\"@id\":\"https:\/\/aliolio.art\/product\/abstract-yoga\/#breadcrumb\"},\"inLanguage\":\"en-GB\",\"potentialAction\":[{\"@type\":\"ReadAction\",\"target\":[\"https:\/\/aliolio.art\/product\/abstract-yoga\/\"]}]},{\"@type\":\"ImageObject\",\"inLanguage\":\"en-GB\",\"@id\":\"https:\/\/aliolio.art\/product\/abstract-yoga\/#primaryimage\",\"url\":\"https:\/\/aliolio.art\/wp-content\/uploads\/2025\/05\/AliOlioArt_Kunst_AbstractYoga_MixedMediaOelgemaelde_40x50_webp-scaled.webp\",\"contentUrl\":\"https:\/\/aliolio.art\/wp-content\/uploads\/2025\/05\/AliOlioArt_Kunst_AbstractYoga_MixedMediaOelgemaelde_40x50_webp-scaled.webp\",\"width\":2560,\"height\":2560,\"caption\":\"Abstract Yoga \u2013 Mixed Media \u00d6lgem\u00e4lde aus der \u201aActive Abstract Series\u2018 von Ali Olio Art. Ein kraftvolles Werk, das die Balance und innere Ruhe der Yoga-Praxis in abstrakter Form widerspiegelt. Lebendige Farben und dynamische Pinselstriche symbolisieren die Bewegung und Energie, die Yoga mit sich bringt.\"},{\"@type\":\"BreadcrumbList\",\"@id\":\"https:\/\/aliolio.art\/product\/abstract-yoga\/#breadcrumb\",\"itemListElement\":[{\"@type\":\"ListItem\",\"position\":1,\"name\":\"Startseite\",\"item\":\"https:\/\/aliolio.art\/\"},{\"@type\":\"ListItem\",\"position\":2,\"name\":\"Shop\",\"item\":\"https:\/\/aliolio.art\/collect\/\"},{\"@type\":\"ListItem\",\"position\":3,\"name\":\"Abstract Yoga\"}]},{\"@type\":\"WebSite\",\"@id\":\"https:\/\/aliolio.art\/#website\",\"url\":\"https:\/\/aliolio.art\/\",\"name\":\"Ali Olio\",\"description\":\"Fine Art from the Alps\",\"publisher\":{\"@id\":\"https:\/\/aliolio.art\/#organization\"},\"potentialAction\":[{\"@type\":\"SearchAction\",\"target\":{\"@type\":\"EntryPoint\",\"urlTemplate\":\"https:\/\/aliolio.art\/?s={search_term_string}\"},\"query-input\":{\"@type\":\"PropertyValueSpecification\",\"valueRequired\":true,\"valueName\":\"search_term_string\"}}],\"inLanguage\":\"en-GB\"},{\"@type\":\"Organization\",\"@id\":\"https:\/\/aliolio.art\/#organization\",\"name\":\"Ali Olio\",\"url\":\"https:\/\/aliolio.art\/\",\"logo\":{\"@type\":\"ImageObject\",\"inLanguage\":\"en-GB\",\"@id\":\"https:\/\/aliolio.art\/#\/schema\/logo\/image\/\",\"url\":\"https:\/\/aliolio.art\/wp-content\/uploads\/2024\/06\/cropped-cropped-AliOlioArt-logo-white-transparent.png\",\"contentUrl\":\"https:\/\/aliolio.art\/wp-content\/uploads\/2024\/06\/cropped-cropped-AliOlioArt-logo-white-transparent.png\",\"width\":512,\"height\":512,\"caption\":\"Ali Olio\"},\"image\":{\"@id\":\"https:\/\/aliolio.art\/#\/schema\/logo\/image\/\"}}]}<\/script>\n<!-- \/ Yoast SEO plugin. -->","yoast_head_json":{"title":"Abstract Yoga - Ali Olio","description":"Abstrakte Yoga Kunst \u2013 Original Mixed Media \u00d6lgem\u00e4lde aus der \u201aActive Abstract Series\u2018 von Ali Olio Art. Moderne, abstrakte Kunst f\u00fcr Yogafans.","robots":{"index":"index","follow":"follow","max-snippet":"max-snippet:-1","max-image-preview":"max-image-preview:large","max-video-preview":"max-video-preview:-1"},"canonical":"https:\/\/aliolio.art\/en\/product\/abstract-yoga\/","og_locale":"en_GB","og_type":"article","og_title":"Abstract Yoga - Ali Olio","og_description":"Abstrakte Yoga Kunst \u2013 Original Mixed Media \u00d6lgem\u00e4lde aus der \u201aActive Abstract Series\u2018 von Ali Olio Art. Moderne, abstrakte Kunst f\u00fcr Yogafans.","og_url":"https:\/\/aliolio.art\/en\/product\/abstract-yoga\/","og_site_name":"Ali Olio","article_modified_time":"2026-03-31T11:57:33+00:00","og_image":[{"width":2560,"height":2560,"url":"https:\/\/aliolio.art\/wp-content\/uploads\/2025\/05\/AliOlioArt_Kunst_AbstractYoga_MixedMediaOelgemaelde_40x50_webp-scaled.webp","type":"image\/webp"}],"twitter_card":"summary_large_image","twitter_misc":{"Estimated reading time":"1 minute"},"schema":{"@context":"https:\/\/schema.org","@graph":[{"@type":"WebPage","@id":"https:\/\/aliolio.art\/product\/abstract-yoga\/","url":"https:\/\/aliolio.art\/product\/abstract-yoga\/","name":"Abstract Yoga - Ali Olio","isPartOf":{"@id":"https:\/\/aliolio.art\/#website"},"primaryImageOfPage":{"@id":"https:\/\/aliolio.art\/product\/abstract-yoga\/#primaryimage"},"image":{"@id":"https:\/\/aliolio.art\/product\/abstract-yoga\/#primaryimage"},"thumbnailUrl":"https:\/\/aliolio.art\/wp-content\/uploads\/2025\/05\/AliOlioArt_Kunst_AbstractYoga_MixedMediaOelgemaelde_40x50_webp-scaled.webp","datePublished":"2025-05-07T09:07:59+00:00","dateModified":"2026-03-31T11:57:33+00:00","description":"Abstrakte Yoga Kunst \u2013 Original Mixed Media \u00d6lgem\u00e4lde aus der \u201aActive Abstract Series\u2018 von Ali Olio Art. Moderne, abstrakte Kunst f\u00fcr Yogafans.","breadcrumb":{"@id":"https:\/\/aliolio.art\/product\/abstract-yoga\/#breadcrumb"},"inLanguage":"en-GB","potentialAction":[{"@type":"ReadAction","target":["https:\/\/aliolio.art\/product\/abstract-yoga\/"]}]},{"@type":"ImageObject","inLanguage":"en-GB","@id":"https:\/\/aliolio.art\/product\/abstract-yoga\/#primaryimage","url":"https:\/\/aliolio.art\/wp-content\/uploads\/2025\/05\/AliOlioArt_Kunst_AbstractYoga_MixedMediaOelgemaelde_40x50_webp-scaled.webp","contentUrl":"https:\/\/aliolio.art\/wp-content\/uploads\/2025\/05\/AliOlioArt_Kunst_AbstractYoga_MixedMediaOelgemaelde_40x50_webp-scaled.webp","width":2560,"height":2560,"caption":"Abstract Yoga \u2013 Mixed Media \u00d6lgem\u00e4lde aus der \u201aActive Abstract Series\u2018 von Ali Olio Art. Ein kraftvolles Werk, das die Balance und innere Ruhe der Yoga-Praxis in abstrakter Form widerspiegelt. Lebendige Farben und dynamische Pinselstriche symbolisieren die Bewegung und Energie, die Yoga mit sich bringt."},{"@type":"BreadcrumbList","@id":"https:\/\/aliolio.art\/product\/abstract-yoga\/#breadcrumb","itemListElement":[{"@type":"ListItem","position":1,"name":"Startseite","item":"https:\/\/aliolio.art\/"},{"@type":"ListItem","position":2,"name":"Shop","item":"https:\/\/aliolio.art\/collect\/"},{"@type":"ListItem","position":3,"name":"Abstract Yoga"}]},{"@type":"WebSite","@id":"https:\/\/aliolio.art\/#website","url":"https:\/\/aliolio.art\/","name":"Ali Olio","description":"Fine Art from the Alps","publisher":{"@id":"https:\/\/aliolio.art\/#organization"},"potentialAction":[{"@type":"SearchAction","target":{"@type":"EntryPoint","urlTemplate":"https:\/\/aliolio.art\/?s={search_term_string}"},"query-input":{"@type":"PropertyValueSpecification","valueRequired":true,"valueName":"search_term_string"}}],"inLanguage":"en-GB"},{"@type":"Organization","@id":"https:\/\/aliolio.art\/#organization","name":"Ali Olio","url":"https:\/\/aliolio.art\/","logo":{"@type":"ImageObject","inLanguage":"en-GB","@id":"https:\/\/aliolio.art\/#\/schema\/logo\/image\/","url":"https:\/\/aliolio.art\/wp-content\/uploads\/2024\/06\/cropped-cropped-AliOlioArt-logo-white-transparent.png","contentUrl":"https:\/\/aliolio.art\/wp-content\/uploads\/2024\/06\/cropped-cropped-AliOlioArt-logo-white-transparent.png","width":512,"height":512,"caption":"Ali Olio"},"image":{"@id":"https:\/\/aliolio.art\/#\/schema\/logo\/image\/"}}]}},"jetpack_sharing_enabled":true,"_links":{"self":[{"href":"https:\/\/aliolio.art\/en\/wp-json\/wp\/v2\/product\/3654","targetHints":{"allow":["GET"]}}],"collection":[{"href":"https:\/\/aliolio.art\/en\/wp-json\/wp\/v2\/product"}],"about":[{"href":"https:\/\/aliolio.art\/en\/wp-json\/wp\/v2\/types\/product"}],"replies":[{"embeddable":true,"href":"https:\/\/aliolio.art\/en\/wp-json\/wp\/v2\/comments?post=3654"}],"version-history":[{"count":1,"href":"https:\/\/aliolio.art\/en\/wp-json\/wp\/v2\/product\/3654\/revisions"}],"predecessor-version":[{"id":3655,"href":"https:\/\/aliolio.art\/en\/wp-json\/wp\/v2\/product\/3654\/revisions\/3655"}],"wp:featuredmedia":[{"embeddable":true,"href":"https:\/\/aliolio.art\/en\/wp-json\/wp\/v2\/media\/3652"}],"wp:attachment":[{"href":"https:\/\/aliolio.art\/en\/wp-json\/wp\/v2\/media?parent=3654"}],"wp:term":[{"taxonomy":"product_brand","embeddable":true,"href":"https:\/\/aliolio.art\/en\/wp-json\/wp\/v2\/product_brand?post=3654"},{"taxonomy":"product_cat","embeddable":true,"href":"https:\/\/aliolio.art\/en\/wp-json\/wp\/v2\/product_cat?post=3654"},{"taxonomy":"product_tag","embeddable":true,"href":"https:\/\/aliolio.art\/en\/wp-json\/wp\/v2\/product_tag?post=3654"}],"curies":[{"name":"wp","href":"https:\/\/api.w.org\/{rel}","templated":true}]}}