{"id":3634,"date":"2025-05-07T08:53:06","date_gmt":"2025-05-07T08:53:06","guid":{"rendered":"https:\/\/aliolio.art\/?post_type=product&#038;p=3634"},"modified":"2025-06-04T15:25:36","modified_gmt":"2025-06-04T15:25:36","slug":"kraft-des-anfangs","status":"publish","type":"product","link":"https:\/\/aliolio.art\/en\/product\/kraft-des-anfangs\/","title":{"rendered":"Power of a beginning"},"content":{"rendered":"<p><strong>Experimental<\/strong><br \/>\nOilpainting on canvas 2 parts <em>\u00e1 60x80x2cm<\/em><\/p>","protected":false},"excerpt":{"rendered":"<p class=\"\" data-start=\"712\" data-end=\"1380\">Dieses zweiteilige Werk ist mehr als ein Bild \u2013 es ist ein Symbol f\u00fcr den Mut, den ersten Schritt zu wagen. Der Adler, kraftvoll und frei, steht f\u00fcr die innere Stimme, die uns ruft, loszufliegen \u2013 auch wenn wir den genauen Weg noch nicht kennen. Die abstrakte Darstellung l\u00e4sst Raum f\u00fcr Interpretation und Emotion, sie spricht die Sehnsucht an, anzukommen, ohne sich festzuhalten.<br data-start=\"1171\" data-end=\"1174\" \/>Mit dynamischem Pinselduktus, nat\u00fcrlichen Erdt\u00f6nen und goldenen Akzenten verk\u00f6rpert dieses Werk Bewegung, Weite und Hoffnung.<br data-start=\"1299\" data-end=\"1302\" \/>Ein Statement f\u00fcr alle, die aufbrechen wollen \u2013 oder bereits unterwegs sind.<\/p>\n<blockquote data-start=\"1382\" data-end=\"1479\">\n<p class=\"\" data-start=\"1384\" data-end=\"1479\">F\u00fcr Freiheitsliebende, Sinnsuchende und alle, die sich trauen, ihrem inneren Kompass zu folgen.<\/p>\n<\/blockquote>\n<p data-start=\"1384\" data-end=\"1479\">\n<p class=\"\" data-start=\"1509\" data-end=\"2012\">This diptych is more than just a painting \u2013 it\u2019s a symbol of courage and inner trust. The eagle, powerful and free, represents the moment we decide to take off \u2013 even when the path ahead is still unclear.<br data-start=\"1791\" data-end=\"1794\" \/>Abstract brushwork and earthy tones invite emotion and personal meaning. Hints of gold suggest light, direction, and vision.<br data-start=\"1918\" data-end=\"1921\" \/>This artwork embodies motion, freedom, and the beauty of not knowing \u2013 yet moving anyway.<\/p>\n<blockquote data-start=\"2014\" data-end=\"2092\">\n<p class=\"\" data-start=\"2016\" data-end=\"2092\">For seekers, soul travelers, and anyone ready to follow their own true path.<\/p>\n<\/blockquote>","protected":false},"featured_media":3644,"comment_status":"open","ping_status":"closed","template":"","meta":[],"product_brand":[],"product_cat":[57,21,50],"product_tag":[58],"class_list":{"0":"post-3634","1":"product","2":"type-product","3":"status-publish","4":"has-post-thumbnail","6":"product_cat-parent-experimental","7":"product_cat-grandparent-original-art","8":"product_cat-parent-sold","9":"product_tag-sold","11":"first","12":"outofstock","13":"sold-individually","14":"shipping-taxable","15":"product-type-simple"},"yoast_head":"<!-- This site is optimized with the Yoast SEO plugin v25.8 - https:\/\/yoast.com\/wordpress\/plugins\/seo\/ -->\n<title>Kraft des Anfangs - Ali Olio<\/title>\n<meta name=\"description\" content=\"Abstraktes Adlergem\u00e4lde in zwei Teilen \u2013 Originalkunst von Ali Olio Art. Symbol f\u00fcr Freiheit, Aufbruch und Selbstvertrauen \u2013 inspiriert von der Natur.\" \/>\n<meta name=\"robots\" content=\"index, follow, max-snippet:-1, max-image-preview:large, max-video-preview:-1\" \/>\n<link rel=\"canonical\" href=\"https:\/\/aliolio.art\/en\/product\/kraft-des-anfangs\/\" \/>\n<meta property=\"og:locale\" content=\"en_GB\" \/>\n<meta property=\"og:type\" content=\"article\" \/>\n<meta property=\"og:title\" content=\"Kraft des Anfangs - Ali Olio\" \/>\n<meta property=\"og:description\" content=\"Abstraktes Adlergem\u00e4lde in zwei Teilen \u2013 Originalkunst von Ali Olio Art. Symbol f\u00fcr Freiheit, Aufbruch und Selbstvertrauen \u2013 inspiriert von der Natur.\" \/>\n<meta property=\"og:url\" content=\"https:\/\/aliolio.art\/en\/product\/kraft-des-anfangs\/\" \/>\n<meta property=\"og:site_name\" content=\"Ali Olio\" \/>\n<meta property=\"article:modified_time\" content=\"2025-06-04T15:25:36+00:00\" \/>\n<meta property=\"og:image\" content=\"https:\/\/aliolio.art\/wp-content\/uploads\/2025\/05\/AliOlioArt_Kunst_KraftDesAnfangs_2x60x80_main-web-scaled.webp\" \/>\n\t<meta property=\"og:image:width\" content=\"2560\" \/>\n\t<meta property=\"og:image:height\" content=\"2560\" \/>\n\t<meta property=\"og:image:type\" content=\"image\/webp\" \/>\n<meta name=\"twitter:card\" content=\"summary_large_image\" \/>\n<meta name=\"twitter:label1\" content=\"Estimated reading time\" \/>\n\t<meta name=\"twitter:data1\" content=\"1 minute\" \/>\n<script type=\"application\/ld+json\" class=\"yoast-schema-graph\">{\"@context\":\"https:\/\/schema.org\",\"@graph\":[{\"@type\":\"WebPage\",\"@id\":\"https:\/\/aliolio.art\/product\/kraft-des-anfangs\/\",\"url\":\"https:\/\/aliolio.art\/product\/kraft-des-anfangs\/\",\"name\":\"Kraft des Anfangs - Ali Olio\",\"isPartOf\":{\"@id\":\"https:\/\/aliolio.art\/#website\"},\"primaryImageOfPage\":{\"@id\":\"https:\/\/aliolio.art\/product\/kraft-des-anfangs\/#primaryimage\"},\"image\":{\"@id\":\"https:\/\/aliolio.art\/product\/kraft-des-anfangs\/#primaryimage\"},\"thumbnailUrl\":\"https:\/\/aliolio.art\/wp-content\/uploads\/2025\/05\/AliOlioArt_Kunst_KraftDesAnfangs_2x60x80_main-web-scaled.webp\",\"datePublished\":\"2025-05-07T08:53:06+00:00\",\"dateModified\":\"2025-06-04T15:25:36+00:00\",\"description\":\"Abstraktes Adlergem\u00e4lde in zwei Teilen \u2013 Originalkunst von Ali Olio Art. Symbol f\u00fcr Freiheit, Aufbruch und Selbstvertrauen \u2013 inspiriert von der Natur.\",\"breadcrumb\":{\"@id\":\"https:\/\/aliolio.art\/product\/kraft-des-anfangs\/#breadcrumb\"},\"inLanguage\":\"en-GB\",\"potentialAction\":[{\"@type\":\"ReadAction\",\"target\":[\"https:\/\/aliolio.art\/product\/kraft-des-anfangs\/\"]}]},{\"@type\":\"ImageObject\",\"inLanguage\":\"en-GB\",\"@id\":\"https:\/\/aliolio.art\/product\/kraft-des-anfangs\/#primaryimage\",\"url\":\"https:\/\/aliolio.art\/wp-content\/uploads\/2025\/05\/AliOlioArt_Kunst_KraftDesAnfangs_2x60x80_main-web-scaled.webp\",\"contentUrl\":\"https:\/\/aliolio.art\/wp-content\/uploads\/2025\/05\/AliOlioArt_Kunst_KraftDesAnfangs_2x60x80_main-web-scaled.webp\",\"width\":2560,\"height\":2560,\"caption\":\"Zweiteiliges, abstraktes \u00d6lgem\u00e4lde von Ali Olio Art \u2013 kraftvolle Darstellung eines Adlers in Bewegung. Dieses Werk steht f\u00fcr Mut, Aufbruch und Vertrauen in den eigenen Weg \u2013 auch wenn das Ziel noch nicht klar vor Augen liegt.\"},{\"@type\":\"BreadcrumbList\",\"@id\":\"https:\/\/aliolio.art\/product\/kraft-des-anfangs\/#breadcrumb\",\"itemListElement\":[{\"@type\":\"ListItem\",\"position\":1,\"name\":\"Startseite\",\"item\":\"https:\/\/aliolio.art\/\"},{\"@type\":\"ListItem\",\"position\":2,\"name\":\"Shop\",\"item\":\"https:\/\/aliolio.art\/collect\/\"},{\"@type\":\"ListItem\",\"position\":3,\"name\":\"Kraft des Anfangs\"}]},{\"@type\":\"WebSite\",\"@id\":\"https:\/\/aliolio.art\/#website\",\"url\":\"https:\/\/aliolio.art\/\",\"name\":\"Ali Olio\",\"description\":\"Fine Art from the Alps\",\"publisher\":{\"@id\":\"https:\/\/aliolio.art\/#organization\"},\"potentialAction\":[{\"@type\":\"SearchAction\",\"target\":{\"@type\":\"EntryPoint\",\"urlTemplate\":\"https:\/\/aliolio.art\/?s={search_term_string}\"},\"query-input\":{\"@type\":\"PropertyValueSpecification\",\"valueRequired\":true,\"valueName\":\"search_term_string\"}}],\"inLanguage\":\"en-GB\"},{\"@type\":\"Organization\",\"@id\":\"https:\/\/aliolio.art\/#organization\",\"name\":\"Ali Olio\",\"url\":\"https:\/\/aliolio.art\/\",\"logo\":{\"@type\":\"ImageObject\",\"inLanguage\":\"en-GB\",\"@id\":\"https:\/\/aliolio.art\/#\/schema\/logo\/image\/\",\"url\":\"https:\/\/aliolio.art\/wp-content\/uploads\/2024\/06\/cropped-cropped-AliOlioArt-logo-white-transparent.png\",\"contentUrl\":\"https:\/\/aliolio.art\/wp-content\/uploads\/2024\/06\/cropped-cropped-AliOlioArt-logo-white-transparent.png\",\"width\":512,\"height\":512,\"caption\":\"Ali Olio\"},\"image\":{\"@id\":\"https:\/\/aliolio.art\/#\/schema\/logo\/image\/\"}}]}<\/script>\n<!-- \/ Yoast SEO plugin. -->","yoast_head_json":{"title":"Kraft des Anfangs - Ali Olio","description":"Abstraktes Adlergem\u00e4lde in zwei Teilen \u2013 Originalkunst von Ali Olio Art. Symbol f\u00fcr Freiheit, Aufbruch und Selbstvertrauen \u2013 inspiriert von der Natur.","robots":{"index":"index","follow":"follow","max-snippet":"max-snippet:-1","max-image-preview":"max-image-preview:large","max-video-preview":"max-video-preview:-1"},"canonical":"https:\/\/aliolio.art\/en\/product\/kraft-des-anfangs\/","og_locale":"en_GB","og_type":"article","og_title":"Kraft des Anfangs - Ali Olio","og_description":"Abstraktes Adlergem\u00e4lde in zwei Teilen \u2013 Originalkunst von Ali Olio Art. Symbol f\u00fcr Freiheit, Aufbruch und Selbstvertrauen \u2013 inspiriert von der Natur.","og_url":"https:\/\/aliolio.art\/en\/product\/kraft-des-anfangs\/","og_site_name":"Ali Olio","article_modified_time":"2025-06-04T15:25:36+00:00","og_image":[{"width":2560,"height":2560,"url":"https:\/\/aliolio.art\/wp-content\/uploads\/2025\/05\/AliOlioArt_Kunst_KraftDesAnfangs_2x60x80_main-web-scaled.webp","type":"image\/webp"}],"twitter_card":"summary_large_image","twitter_misc":{"Estimated reading time":"1 minute"},"schema":{"@context":"https:\/\/schema.org","@graph":[{"@type":"WebPage","@id":"https:\/\/aliolio.art\/product\/kraft-des-anfangs\/","url":"https:\/\/aliolio.art\/product\/kraft-des-anfangs\/","name":"Kraft des Anfangs - Ali Olio","isPartOf":{"@id":"https:\/\/aliolio.art\/#website"},"primaryImageOfPage":{"@id":"https:\/\/aliolio.art\/product\/kraft-des-anfangs\/#primaryimage"},"image":{"@id":"https:\/\/aliolio.art\/product\/kraft-des-anfangs\/#primaryimage"},"thumbnailUrl":"https:\/\/aliolio.art\/wp-content\/uploads\/2025\/05\/AliOlioArt_Kunst_KraftDesAnfangs_2x60x80_main-web-scaled.webp","datePublished":"2025-05-07T08:53:06+00:00","dateModified":"2025-06-04T15:25:36+00:00","description":"Abstraktes Adlergem\u00e4lde in zwei Teilen \u2013 Originalkunst von Ali Olio Art. Symbol f\u00fcr Freiheit, Aufbruch und Selbstvertrauen \u2013 inspiriert von der Natur.","breadcrumb":{"@id":"https:\/\/aliolio.art\/product\/kraft-des-anfangs\/#breadcrumb"},"inLanguage":"en-GB","potentialAction":[{"@type":"ReadAction","target":["https:\/\/aliolio.art\/product\/kraft-des-anfangs\/"]}]},{"@type":"ImageObject","inLanguage":"en-GB","@id":"https:\/\/aliolio.art\/product\/kraft-des-anfangs\/#primaryimage","url":"https:\/\/aliolio.art\/wp-content\/uploads\/2025\/05\/AliOlioArt_Kunst_KraftDesAnfangs_2x60x80_main-web-scaled.webp","contentUrl":"https:\/\/aliolio.art\/wp-content\/uploads\/2025\/05\/AliOlioArt_Kunst_KraftDesAnfangs_2x60x80_main-web-scaled.webp","width":2560,"height":2560,"caption":"Zweiteiliges, abstraktes \u00d6lgem\u00e4lde von Ali Olio Art \u2013 kraftvolle Darstellung eines Adlers in Bewegung. Dieses Werk steht f\u00fcr Mut, Aufbruch und Vertrauen in den eigenen Weg \u2013 auch wenn das Ziel noch nicht klar vor Augen liegt."},{"@type":"BreadcrumbList","@id":"https:\/\/aliolio.art\/product\/kraft-des-anfangs\/#breadcrumb","itemListElement":[{"@type":"ListItem","position":1,"name":"Startseite","item":"https:\/\/aliolio.art\/"},{"@type":"ListItem","position":2,"name":"Shop","item":"https:\/\/aliolio.art\/collect\/"},{"@type":"ListItem","position":3,"name":"Kraft des Anfangs"}]},{"@type":"WebSite","@id":"https:\/\/aliolio.art\/#website","url":"https:\/\/aliolio.art\/","name":"Ali Olio","description":"Fine Art from the Alps","publisher":{"@id":"https:\/\/aliolio.art\/#organization"},"potentialAction":[{"@type":"SearchAction","target":{"@type":"EntryPoint","urlTemplate":"https:\/\/aliolio.art\/?s={search_term_string}"},"query-input":{"@type":"PropertyValueSpecification","valueRequired":true,"valueName":"search_term_string"}}],"inLanguage":"en-GB"},{"@type":"Organization","@id":"https:\/\/aliolio.art\/#organization","name":"Ali Olio","url":"https:\/\/aliolio.art\/","logo":{"@type":"ImageObject","inLanguage":"en-GB","@id":"https:\/\/aliolio.art\/#\/schema\/logo\/image\/","url":"https:\/\/aliolio.art\/wp-content\/uploads\/2024\/06\/cropped-cropped-AliOlioArt-logo-white-transparent.png","contentUrl":"https:\/\/aliolio.art\/wp-content\/uploads\/2024\/06\/cropped-cropped-AliOlioArt-logo-white-transparent.png","width":512,"height":512,"caption":"Ali Olio"},"image":{"@id":"https:\/\/aliolio.art\/#\/schema\/logo\/image\/"}}]}},"jetpack_sharing_enabled":true,"_links":{"self":[{"href":"https:\/\/aliolio.art\/en\/wp-json\/wp\/v2\/product\/3634","targetHints":{"allow":["GET"]}}],"collection":[{"href":"https:\/\/aliolio.art\/en\/wp-json\/wp\/v2\/product"}],"about":[{"href":"https:\/\/aliolio.art\/en\/wp-json\/wp\/v2\/types\/product"}],"replies":[{"embeddable":true,"href":"https:\/\/aliolio.art\/en\/wp-json\/wp\/v2\/comments?post=3634"}],"version-history":[{"count":1,"href":"https:\/\/aliolio.art\/en\/wp-json\/wp\/v2\/product\/3634\/revisions"}],"predecessor-version":[{"id":3653,"href":"https:\/\/aliolio.art\/en\/wp-json\/wp\/v2\/product\/3634\/revisions\/3653"}],"wp:featuredmedia":[{"embeddable":true,"href":"https:\/\/aliolio.art\/en\/wp-json\/wp\/v2\/media\/3644"}],"wp:attachment":[{"href":"https:\/\/aliolio.art\/en\/wp-json\/wp\/v2\/media?parent=3634"}],"wp:term":[{"taxonomy":"product_brand","embeddable":true,"href":"https:\/\/aliolio.art\/en\/wp-json\/wp\/v2\/product_brand?post=3634"},{"taxonomy":"product_cat","embeddable":true,"href":"https:\/\/aliolio.art\/en\/wp-json\/wp\/v2\/product_cat?post=3634"},{"taxonomy":"product_tag","embeddable":true,"href":"https:\/\/aliolio.art\/en\/wp-json\/wp\/v2\/product_tag?post=3634"}],"curies":[{"name":"wp","href":"https:\/\/api.w.org\/{rel}","templated":true}]}}