{"id":3625,"date":"2025-05-07T08:29:16","date_gmt":"2025-05-07T08:29:16","guid":{"rendered":"https:\/\/aliolio.art\/?post_type=product&#038;p=3625"},"modified":"2025-05-27T19:54:48","modified_gmt":"2025-05-27T19:54:48","slug":"abstract-waterfall","status":"publish","type":"product","link":"https:\/\/aliolio.art\/en\/product\/abstract-waterfall\/","title":{"rendered":"Abstract Waterfall"},"content":{"rendered":"<blockquote><p><strong>Experimental<\/strong><br \/>\nMixed media oilpainting on canvas <em>60x80x4cm<\/em><\/p><\/blockquote>","protected":false},"excerpt":{"rendered":"<p>Dieses Werk ist aus dem Moment heraus entstanden \u2013 gef\u00fchrt vom Gef\u00fchl, vom Fluss der Intuition. Wie das Wasser selbst hat es eine Reise durchlebt, hat Schichten geformt, Umwege genommen, sich durch Farben gegraben \u2013 bis am Ende ein Wasserfall entstand. Roh, wild, lebendig. Es erinnert an die ungez\u00e4hmte Kraft norwegischer Gletscherlandschaften. Ein Bild voller Bewegung und Tiefe \u2013 f\u00fcr Naturliebhaber:innen, Tr\u00e4umer:innen und jene, die sich f\u00fcr die Sch\u00f6nheit und den Schutz unserer Erde einsetzen.<\/p>\n<p>&nbsp;<\/p>\n<p>This piece was born from emotion \u2013 guided by intuition and the flow of the moment. Like water, it went on a journey, carving its own path, layering stories, shaping forms \u2013 until a waterfall emerged. Raw, wild, alive. It echoes the untamed power of Norway\u2019s glacier landscapes. A painting full of movement and depth \u2013 for nature lovers, dreamers, and those who stand for the beauty and protection of our Earth.<\/p>","protected":false},"featured_media":3626,"comment_status":"open","ping_status":"closed","template":"","meta":[],"product_brand":[],"product_cat":[57,21,50],"product_tag":[58],"class_list":{"0":"post-3625","1":"product","2":"type-product","3":"status-publish","4":"has-post-thumbnail","6":"product_cat-parent-experimental","7":"product_cat-grandparent-original-art","8":"product_cat-parent-sold","9":"product_tag-sold","11":"first","12":"outofstock","13":"featured","14":"sold-individually","15":"shipping-taxable","16":"product-type-simple"},"yoast_head":"<!-- This site is optimized with the Yoast SEO plugin v25.8 - https:\/\/yoast.com\/wordpress\/plugins\/seo\/ -->\n<title>Abstract Waterfall - Ali Olio<\/title>\n<meta name=\"description\" content=\"Abstrakte Kunst trifft auf Landschaftsmalerei \u2013 Originale Mixed-Media-\u00d6lgem\u00e4lde von Ali Olio Art verbinden Naturmotive mit moderner Ausdruckskraft.\" \/>\n<meta name=\"robots\" content=\"index, follow, max-snippet:-1, max-image-preview:large, max-video-preview:-1\" \/>\n<link rel=\"canonical\" href=\"https:\/\/aliolio.art\/en\/product\/abstract-waterfall\/\" \/>\n<meta property=\"og:locale\" content=\"en_GB\" \/>\n<meta property=\"og:type\" content=\"article\" \/>\n<meta property=\"og:title\" content=\"Abstract Waterfall - Ali Olio\" \/>\n<meta property=\"og:description\" content=\"Abstrakte Kunst trifft auf Landschaftsmalerei \u2013 Originale Mixed-Media-\u00d6lgem\u00e4lde von Ali Olio Art verbinden Naturmotive mit moderner Ausdruckskraft.\" \/>\n<meta property=\"og:url\" content=\"https:\/\/aliolio.art\/en\/product\/abstract-waterfall\/\" \/>\n<meta property=\"og:site_name\" content=\"Ali Olio\" \/>\n<meta property=\"article:modified_time\" content=\"2025-05-27T19:54:48+00:00\" \/>\n<meta property=\"og:image\" content=\"https:\/\/aliolio.art\/wp-content\/uploads\/2025\/05\/AliOlioArt_AlexandraHoerhagerKunst_AbstractWaterfall_60x80.jpg\" \/>\n\t<meta property=\"og:image:width\" content=\"1921\" \/>\n\t<meta property=\"og:image:height\" content=\"1921\" \/>\n\t<meta property=\"og:image:type\" content=\"image\/jpeg\" \/>\n<meta name=\"twitter:card\" content=\"summary_large_image\" \/>\n<meta name=\"twitter:label1\" content=\"Estimated reading time\" \/>\n\t<meta name=\"twitter:data1\" content=\"1 minute\" \/>\n<script type=\"application\/ld+json\" class=\"yoast-schema-graph\">{\"@context\":\"https:\/\/schema.org\",\"@graph\":[{\"@type\":\"WebPage\",\"@id\":\"https:\/\/aliolio.art\/product\/abstract-waterfall\/\",\"url\":\"https:\/\/aliolio.art\/product\/abstract-waterfall\/\",\"name\":\"Abstract Waterfall - Ali Olio\",\"isPartOf\":{\"@id\":\"https:\/\/aliolio.art\/#website\"},\"primaryImageOfPage\":{\"@id\":\"https:\/\/aliolio.art\/product\/abstract-waterfall\/#primaryimage\"},\"image\":{\"@id\":\"https:\/\/aliolio.art\/product\/abstract-waterfall\/#primaryimage\"},\"thumbnailUrl\":\"https:\/\/aliolio.art\/wp-content\/uploads\/2025\/05\/AliOlioArt_AlexandraHoerhagerKunst_AbstractWaterfall_60x80.jpg\",\"datePublished\":\"2025-05-07T08:29:16+00:00\",\"dateModified\":\"2025-05-27T19:54:48+00:00\",\"description\":\"Abstrakte Kunst trifft auf Landschaftsmalerei \u2013 Originale Mixed-Media-\u00d6lgem\u00e4lde von Ali Olio Art verbinden Naturmotive mit moderner Ausdruckskraft.\",\"breadcrumb\":{\"@id\":\"https:\/\/aliolio.art\/product\/abstract-waterfall\/#breadcrumb\"},\"inLanguage\":\"en-GB\",\"potentialAction\":[{\"@type\":\"ReadAction\",\"target\":[\"https:\/\/aliolio.art\/product\/abstract-waterfall\/\"]}]},{\"@type\":\"ImageObject\",\"inLanguage\":\"en-GB\",\"@id\":\"https:\/\/aliolio.art\/product\/abstract-waterfall\/#primaryimage\",\"url\":\"https:\/\/aliolio.art\/wp-content\/uploads\/2025\/05\/AliOlioArt_AlexandraHoerhagerKunst_AbstractWaterfall_60x80.jpg\",\"contentUrl\":\"https:\/\/aliolio.art\/wp-content\/uploads\/2025\/05\/AliOlioArt_AlexandraHoerhagerKunst_AbstractWaterfall_60x80.jpg\",\"width\":1921,\"height\":1921,\"caption\":\"Abstrakte Kunst & moderne Landschaftsmalerei \u2013 Original Mixed Media \u00d6lgem\u00e4lde von Alexandra Isabel H\u00f6rhager (Ali Olio Art), inspiriert von Wasserfall und Natur\"},{\"@type\":\"BreadcrumbList\",\"@id\":\"https:\/\/aliolio.art\/product\/abstract-waterfall\/#breadcrumb\",\"itemListElement\":[{\"@type\":\"ListItem\",\"position\":1,\"name\":\"Startseite\",\"item\":\"https:\/\/aliolio.art\/\"},{\"@type\":\"ListItem\",\"position\":2,\"name\":\"Shop\",\"item\":\"https:\/\/aliolio.art\/collect\/\"},{\"@type\":\"ListItem\",\"position\":3,\"name\":\"Abstract Waterfall\"}]},{\"@type\":\"WebSite\",\"@id\":\"https:\/\/aliolio.art\/#website\",\"url\":\"https:\/\/aliolio.art\/\",\"name\":\"Ali Olio\",\"description\":\"Fine Art from the Alps\",\"publisher\":{\"@id\":\"https:\/\/aliolio.art\/#organization\"},\"potentialAction\":[{\"@type\":\"SearchAction\",\"target\":{\"@type\":\"EntryPoint\",\"urlTemplate\":\"https:\/\/aliolio.art\/?s={search_term_string}\"},\"query-input\":{\"@type\":\"PropertyValueSpecification\",\"valueRequired\":true,\"valueName\":\"search_term_string\"}}],\"inLanguage\":\"en-GB\"},{\"@type\":\"Organization\",\"@id\":\"https:\/\/aliolio.art\/#organization\",\"name\":\"Ali Olio\",\"url\":\"https:\/\/aliolio.art\/\",\"logo\":{\"@type\":\"ImageObject\",\"inLanguage\":\"en-GB\",\"@id\":\"https:\/\/aliolio.art\/#\/schema\/logo\/image\/\",\"url\":\"https:\/\/aliolio.art\/wp-content\/uploads\/2024\/06\/cropped-cropped-AliOlioArt-logo-white-transparent.png\",\"contentUrl\":\"https:\/\/aliolio.art\/wp-content\/uploads\/2024\/06\/cropped-cropped-AliOlioArt-logo-white-transparent.png\",\"width\":512,\"height\":512,\"caption\":\"Ali Olio\"},\"image\":{\"@id\":\"https:\/\/aliolio.art\/#\/schema\/logo\/image\/\"}}]}<\/script>\n<!-- \/ Yoast SEO plugin. -->","yoast_head_json":{"title":"Abstract Waterfall - Ali Olio","description":"Abstrakte Kunst trifft auf Landschaftsmalerei \u2013 Originale Mixed-Media-\u00d6lgem\u00e4lde von Ali Olio Art verbinden Naturmotive mit moderner Ausdruckskraft.","robots":{"index":"index","follow":"follow","max-snippet":"max-snippet:-1","max-image-preview":"max-image-preview:large","max-video-preview":"max-video-preview:-1"},"canonical":"https:\/\/aliolio.art\/en\/product\/abstract-waterfall\/","og_locale":"en_GB","og_type":"article","og_title":"Abstract Waterfall - Ali Olio","og_description":"Abstrakte Kunst trifft auf Landschaftsmalerei \u2013 Originale Mixed-Media-\u00d6lgem\u00e4lde von Ali Olio Art verbinden Naturmotive mit moderner Ausdruckskraft.","og_url":"https:\/\/aliolio.art\/en\/product\/abstract-waterfall\/","og_site_name":"Ali Olio","article_modified_time":"2025-05-27T19:54:48+00:00","og_image":[{"width":1921,"height":1921,"url":"https:\/\/aliolio.art\/wp-content\/uploads\/2025\/05\/AliOlioArt_AlexandraHoerhagerKunst_AbstractWaterfall_60x80.jpg","type":"image\/jpeg"}],"twitter_card":"summary_large_image","twitter_misc":{"Estimated reading time":"1 minute"},"schema":{"@context":"https:\/\/schema.org","@graph":[{"@type":"WebPage","@id":"https:\/\/aliolio.art\/product\/abstract-waterfall\/","url":"https:\/\/aliolio.art\/product\/abstract-waterfall\/","name":"Abstract Waterfall - Ali Olio","isPartOf":{"@id":"https:\/\/aliolio.art\/#website"},"primaryImageOfPage":{"@id":"https:\/\/aliolio.art\/product\/abstract-waterfall\/#primaryimage"},"image":{"@id":"https:\/\/aliolio.art\/product\/abstract-waterfall\/#primaryimage"},"thumbnailUrl":"https:\/\/aliolio.art\/wp-content\/uploads\/2025\/05\/AliOlioArt_AlexandraHoerhagerKunst_AbstractWaterfall_60x80.jpg","datePublished":"2025-05-07T08:29:16+00:00","dateModified":"2025-05-27T19:54:48+00:00","description":"Abstrakte Kunst trifft auf Landschaftsmalerei \u2013 Originale Mixed-Media-\u00d6lgem\u00e4lde von Ali Olio Art verbinden Naturmotive mit moderner Ausdruckskraft.","breadcrumb":{"@id":"https:\/\/aliolio.art\/product\/abstract-waterfall\/#breadcrumb"},"inLanguage":"en-GB","potentialAction":[{"@type":"ReadAction","target":["https:\/\/aliolio.art\/product\/abstract-waterfall\/"]}]},{"@type":"ImageObject","inLanguage":"en-GB","@id":"https:\/\/aliolio.art\/product\/abstract-waterfall\/#primaryimage","url":"https:\/\/aliolio.art\/wp-content\/uploads\/2025\/05\/AliOlioArt_AlexandraHoerhagerKunst_AbstractWaterfall_60x80.jpg","contentUrl":"https:\/\/aliolio.art\/wp-content\/uploads\/2025\/05\/AliOlioArt_AlexandraHoerhagerKunst_AbstractWaterfall_60x80.jpg","width":1921,"height":1921,"caption":"Abstrakte Kunst & moderne Landschaftsmalerei \u2013 Original Mixed Media \u00d6lgem\u00e4lde von Alexandra Isabel H\u00f6rhager (Ali Olio Art), inspiriert von Wasserfall und Natur"},{"@type":"BreadcrumbList","@id":"https:\/\/aliolio.art\/product\/abstract-waterfall\/#breadcrumb","itemListElement":[{"@type":"ListItem","position":1,"name":"Startseite","item":"https:\/\/aliolio.art\/"},{"@type":"ListItem","position":2,"name":"Shop","item":"https:\/\/aliolio.art\/collect\/"},{"@type":"ListItem","position":3,"name":"Abstract Waterfall"}]},{"@type":"WebSite","@id":"https:\/\/aliolio.art\/#website","url":"https:\/\/aliolio.art\/","name":"Ali Olio","description":"Fine Art from the Alps","publisher":{"@id":"https:\/\/aliolio.art\/#organization"},"potentialAction":[{"@type":"SearchAction","target":{"@type":"EntryPoint","urlTemplate":"https:\/\/aliolio.art\/?s={search_term_string}"},"query-input":{"@type":"PropertyValueSpecification","valueRequired":true,"valueName":"search_term_string"}}],"inLanguage":"en-GB"},{"@type":"Organization","@id":"https:\/\/aliolio.art\/#organization","name":"Ali Olio","url":"https:\/\/aliolio.art\/","logo":{"@type":"ImageObject","inLanguage":"en-GB","@id":"https:\/\/aliolio.art\/#\/schema\/logo\/image\/","url":"https:\/\/aliolio.art\/wp-content\/uploads\/2024\/06\/cropped-cropped-AliOlioArt-logo-white-transparent.png","contentUrl":"https:\/\/aliolio.art\/wp-content\/uploads\/2024\/06\/cropped-cropped-AliOlioArt-logo-white-transparent.png","width":512,"height":512,"caption":"Ali Olio"},"image":{"@id":"https:\/\/aliolio.art\/#\/schema\/logo\/image\/"}}]}},"jetpack_sharing_enabled":true,"_links":{"self":[{"href":"https:\/\/aliolio.art\/en\/wp-json\/wp\/v2\/product\/3625","targetHints":{"allow":["GET"]}}],"collection":[{"href":"https:\/\/aliolio.art\/en\/wp-json\/wp\/v2\/product"}],"about":[{"href":"https:\/\/aliolio.art\/en\/wp-json\/wp\/v2\/types\/product"}],"replies":[{"embeddable":true,"href":"https:\/\/aliolio.art\/en\/wp-json\/wp\/v2\/comments?post=3625"}],"version-history":[{"count":4,"href":"https:\/\/aliolio.art\/en\/wp-json\/wp\/v2\/product\/3625\/revisions"}],"predecessor-version":[{"id":3664,"href":"https:\/\/aliolio.art\/en\/wp-json\/wp\/v2\/product\/3625\/revisions\/3664"}],"wp:featuredmedia":[{"embeddable":true,"href":"https:\/\/aliolio.art\/en\/wp-json\/wp\/v2\/media\/3626"}],"wp:attachment":[{"href":"https:\/\/aliolio.art\/en\/wp-json\/wp\/v2\/media?parent=3625"}],"wp:term":[{"taxonomy":"product_brand","embeddable":true,"href":"https:\/\/aliolio.art\/en\/wp-json\/wp\/v2\/product_brand?post=3625"},{"taxonomy":"product_cat","embeddable":true,"href":"https:\/\/aliolio.art\/en\/wp-json\/wp\/v2\/product_cat?post=3625"},{"taxonomy":"product_tag","embeddable":true,"href":"https:\/\/aliolio.art\/en\/wp-json\/wp\/v2\/product_tag?post=3625"}],"curies":[{"name":"wp","href":"https:\/\/api.w.org\/{rel}","templated":true}]}}