{"id":1608,"date":"2025-03-20T16:04:16","date_gmt":"2025-03-20T16:04:16","guid":{"rendered":"https:\/\/aliolio.art\/?post_type=product&#038;p=1608"},"modified":"2026-03-31T11:55:40","modified_gmt":"2026-03-31T11:55:40","slug":"abstract-run","status":"publish","type":"product","link":"https:\/\/aliolio.art\/en\/product\/abstract-run\/","title":{"rendered":"Abstract Run"},"content":{"rendered":"<p><strong>Active Abstract Series<\/strong><br \/>\nMixed media oilpainting on canvas <em>60x80x2cm<\/em><\/p>","protected":false},"excerpt":{"rendered":"<p><strong>Abstract Run<\/strong> ist das erste Werk der <em>Active Abstract Series<\/em> und eine t\u00e4gliche Erinnerung daran, auf sich selbst und den eigenen K\u00f6rper zu achten. Die dynamischen, abstrakten Formen verschmelzen mit der Bewegung einer L\u00e4uferin oder eines L\u00e4ufers \u2013 ein Symbol f\u00fcr Energie, Freiheit und die Kraft der eigenen Schritte. Die intensiven Farben und flie\u00dfenden Linien fangen das Gef\u00fchl des Laufens ein: den Moment, in dem der Kopf frei wird und nur der Rhythmus z\u00e4hlt. <em>Abstract Run<\/em> motiviert, rauszugehen, sich zu bewegen und die Verbindung zwischen K\u00f6rper und Geist zu sp\u00fcren. Dieses Bild ist vor allem f\u00fcr die L\u00e4uferinnen und L\u00e4ufer unter uns, aber auch f\u00fcr alle, die Bewegung lieben oder damit beginnen m\u00f6chten.<\/p>\n<p>&nbsp;<\/p>\n<p><strong>Abstract Run<\/strong> is the first piece of the <em>Active Abstract Series<\/em> and a daily reminder to take care of yourself and your body. The dynamic, abstract forms merge with the movement of a runner \u2013 a symbol of energy, freedom, and the power of each step. The intense colors and flowing lines capture the feeling of running: the moment when the mind clears, and only the rhythm matters. <em>Abstract Run<\/em> inspires you to go outside, get moving, and feel the connection between body and mind. This piece is especially for all the runners out there, but also for anyone who loves movement or wants to start.<\/p>\n<p>&nbsp;<\/p>","protected":false},"featured_media":1616,"comment_status":"open","ping_status":"closed","template":"","meta":[],"product_brand":[],"product_cat":[56,45,21,59],"product_tag":[],"class_list":{"0":"post-1608","1":"product","2":"type-product","3":"status-publish","4":"has-post-thumbnail","6":"product_cat-child-serie-abstract-series","7":"product_cat-parent-available","8":"product_cat-grandparent-original-art","9":"product_cat-parent-serie","11":"first","12":"instock","13":"featured","14":"sold-individually","15":"shipping-taxable","16":"purchasable","17":"product-type-simple"},"yoast_head":"<!-- This site is optimized with the Yoast SEO plugin v25.8 - https:\/\/yoast.com\/wordpress\/plugins\/seo\/ -->\n<title>Abstract Run - Ali Olio<\/title>\n<meta name=\"robots\" content=\"index, follow, max-snippet:-1, max-image-preview:large, max-video-preview:-1\" \/>\n<link rel=\"canonical\" href=\"https:\/\/aliolio.art\/en\/product\/abstract-run\/\" \/>\n<meta property=\"og:locale\" content=\"en_GB\" \/>\n<meta property=\"og:type\" content=\"article\" \/>\n<meta property=\"og:title\" content=\"Abstract Run - Ali Olio\" \/>\n<meta property=\"og:description\" content=\"Abstract Run ist das erste Werk der Active Abstract Series und eine t\u00e4gliche Erinnerung daran, auf sich selbst und den eigenen K\u00f6rper zu achten. Die dynamischen, abstrakten Formen verschmelzen mit der Bewegung einer L\u00e4uferin oder eines L\u00e4ufers \u2013 ein Symbol f\u00fcr Energie, Freiheit und die Kraft der eigenen Schritte. Die intensiven Farben und flie\u00dfenden Linien fangen das Gef\u00fchl des Laufens ein: den Moment, in dem der Kopf frei wird und nur der Rhythmus z\u00e4hlt. Abstract Run motiviert, rauszugehen, sich zu bewegen und die Verbindung zwischen K\u00f6rper und Geist zu sp\u00fcren. Dieses Bild ist vor allem f\u00fcr die L\u00e4uferinnen und L\u00e4ufer unter uns, aber auch f\u00fcr alle, die Bewegung lieben oder damit beginnen m\u00f6chten.  &nbsp;  Abstract Run is the first piece of the Active Abstract Series and a daily reminder to take care of yourself and your body. The dynamic, abstract forms merge with the movement of a runner \u2013 a symbol of energy, freedom, and the power of each step. The intense colors and flowing lines capture the feeling of running: the moment when the mind clears, and only the rhythm matters. Abstract Run inspires you to go outside, get moving, and feel the connection between body and mind. This piece is especially for all the runners out there, but also for anyone who loves movement or wants to start.  &nbsp;\" \/>\n<meta property=\"og:url\" content=\"https:\/\/aliolio.art\/en\/product\/abstract-run\/\" \/>\n<meta property=\"og:site_name\" content=\"Ali Olio\" \/>\n<meta property=\"article:modified_time\" content=\"2026-03-31T11:55:40+00:00\" \/>\n<meta property=\"og:image\" content=\"https:\/\/aliolio.art\/wp-content\/uploads\/2025\/03\/AliOlioArt_Abstract-Run_60x80cm_frame-1-scaled.jpg\" \/>\n\t<meta property=\"og:image:width\" content=\"2560\" \/>\n\t<meta property=\"og:image:height\" content=\"2560\" \/>\n\t<meta property=\"og:image:type\" content=\"image\/jpeg\" \/>\n<meta name=\"twitter:card\" content=\"summary_large_image\" \/>\n<script type=\"application\/ld+json\" class=\"yoast-schema-graph\">{\"@context\":\"https:\/\/schema.org\",\"@graph\":[{\"@type\":\"WebPage\",\"@id\":\"https:\/\/aliolio.art\/product\/abstract-run\/\",\"url\":\"https:\/\/aliolio.art\/product\/abstract-run\/\",\"name\":\"Abstract Run - Ali Olio\",\"isPartOf\":{\"@id\":\"https:\/\/aliolio.art\/#website\"},\"primaryImageOfPage\":{\"@id\":\"https:\/\/aliolio.art\/product\/abstract-run\/#primaryimage\"},\"image\":{\"@id\":\"https:\/\/aliolio.art\/product\/abstract-run\/#primaryimage\"},\"thumbnailUrl\":\"https:\/\/aliolio.art\/wp-content\/uploads\/2025\/03\/AliOlioArt_Abstract-Run_60x80cm_frame-1-scaled.jpg\",\"datePublished\":\"2025-03-20T16:04:16+00:00\",\"dateModified\":\"2026-03-31T11:55:40+00:00\",\"breadcrumb\":{\"@id\":\"https:\/\/aliolio.art\/product\/abstract-run\/#breadcrumb\"},\"inLanguage\":\"en-GB\",\"potentialAction\":[{\"@type\":\"ReadAction\",\"target\":[\"https:\/\/aliolio.art\/product\/abstract-run\/\"]}]},{\"@type\":\"ImageObject\",\"inLanguage\":\"en-GB\",\"@id\":\"https:\/\/aliolio.art\/product\/abstract-run\/#primaryimage\",\"url\":\"https:\/\/aliolio.art\/wp-content\/uploads\/2025\/03\/AliOlioArt_Abstract-Run_60x80cm_frame-1-scaled.jpg\",\"contentUrl\":\"https:\/\/aliolio.art\/wp-content\/uploads\/2025\/03\/AliOlioArt_Abstract-Run_60x80cm_frame-1-scaled.jpg\",\"width\":2560,\"height\":2560,\"caption\":\"Ali Olio Art Mixed Media Oilpainting Abstract run colors blue orange and white Mixed Media \u00d6lgem\u00e4lde abstrakte Kunst Alexandra H\u00f6rhager\"},{\"@type\":\"BreadcrumbList\",\"@id\":\"https:\/\/aliolio.art\/product\/abstract-run\/#breadcrumb\",\"itemListElement\":[{\"@type\":\"ListItem\",\"position\":1,\"name\":\"Startseite\",\"item\":\"https:\/\/aliolio.art\/\"},{\"@type\":\"ListItem\",\"position\":2,\"name\":\"Shop\",\"item\":\"https:\/\/aliolio.art\/collect\/\"},{\"@type\":\"ListItem\",\"position\":3,\"name\":\"Abstract Run\"}]},{\"@type\":\"WebSite\",\"@id\":\"https:\/\/aliolio.art\/#website\",\"url\":\"https:\/\/aliolio.art\/\",\"name\":\"Ali Olio\",\"description\":\"Fine Art from the Alps\",\"publisher\":{\"@id\":\"https:\/\/aliolio.art\/#organization\"},\"potentialAction\":[{\"@type\":\"SearchAction\",\"target\":{\"@type\":\"EntryPoint\",\"urlTemplate\":\"https:\/\/aliolio.art\/?s={search_term_string}\"},\"query-input\":{\"@type\":\"PropertyValueSpecification\",\"valueRequired\":true,\"valueName\":\"search_term_string\"}}],\"inLanguage\":\"en-GB\"},{\"@type\":\"Organization\",\"@id\":\"https:\/\/aliolio.art\/#organization\",\"name\":\"Ali Olio\",\"url\":\"https:\/\/aliolio.art\/\",\"logo\":{\"@type\":\"ImageObject\",\"inLanguage\":\"en-GB\",\"@id\":\"https:\/\/aliolio.art\/#\/schema\/logo\/image\/\",\"url\":\"https:\/\/aliolio.art\/wp-content\/uploads\/2024\/06\/cropped-cropped-AliOlioArt-logo-white-transparent.png\",\"contentUrl\":\"https:\/\/aliolio.art\/wp-content\/uploads\/2024\/06\/cropped-cropped-AliOlioArt-logo-white-transparent.png\",\"width\":512,\"height\":512,\"caption\":\"Ali Olio\"},\"image\":{\"@id\":\"https:\/\/aliolio.art\/#\/schema\/logo\/image\/\"}}]}<\/script>\n<!-- \/ Yoast SEO plugin. -->","yoast_head_json":{"title":"Abstract Run - Ali Olio","robots":{"index":"index","follow":"follow","max-snippet":"max-snippet:-1","max-image-preview":"max-image-preview:large","max-video-preview":"max-video-preview:-1"},"canonical":"https:\/\/aliolio.art\/en\/product\/abstract-run\/","og_locale":"en_GB","og_type":"article","og_title":"Abstract Run - Ali Olio","og_description":"Abstract Run ist das erste Werk der Active Abstract Series und eine t\u00e4gliche Erinnerung daran, auf sich selbst und den eigenen K\u00f6rper zu achten. Die dynamischen, abstrakten Formen verschmelzen mit der Bewegung einer L\u00e4uferin oder eines L\u00e4ufers \u2013 ein Symbol f\u00fcr Energie, Freiheit und die Kraft der eigenen Schritte. Die intensiven Farben und flie\u00dfenden Linien fangen das Gef\u00fchl des Laufens ein: den Moment, in dem der Kopf frei wird und nur der Rhythmus z\u00e4hlt. Abstract Run motiviert, rauszugehen, sich zu bewegen und die Verbindung zwischen K\u00f6rper und Geist zu sp\u00fcren. Dieses Bild ist vor allem f\u00fcr die L\u00e4uferinnen und L\u00e4ufer unter uns, aber auch f\u00fcr alle, die Bewegung lieben oder damit beginnen m\u00f6chten.  &nbsp;  Abstract Run is the first piece of the Active Abstract Series and a daily reminder to take care of yourself and your body. The dynamic, abstract forms merge with the movement of a runner \u2013 a symbol of energy, freedom, and the power of each step. The intense colors and flowing lines capture the feeling of running: the moment when the mind clears, and only the rhythm matters. Abstract Run inspires you to go outside, get moving, and feel the connection between body and mind. This piece is especially for all the runners out there, but also for anyone who loves movement or wants to start.  &nbsp;","og_url":"https:\/\/aliolio.art\/en\/product\/abstract-run\/","og_site_name":"Ali Olio","article_modified_time":"2026-03-31T11:55:40+00:00","og_image":[{"width":2560,"height":2560,"url":"https:\/\/aliolio.art\/wp-content\/uploads\/2025\/03\/AliOlioArt_Abstract-Run_60x80cm_frame-1-scaled.jpg","type":"image\/jpeg"}],"twitter_card":"summary_large_image","schema":{"@context":"https:\/\/schema.org","@graph":[{"@type":"WebPage","@id":"https:\/\/aliolio.art\/product\/abstract-run\/","url":"https:\/\/aliolio.art\/product\/abstract-run\/","name":"Abstract Run - Ali Olio","isPartOf":{"@id":"https:\/\/aliolio.art\/#website"},"primaryImageOfPage":{"@id":"https:\/\/aliolio.art\/product\/abstract-run\/#primaryimage"},"image":{"@id":"https:\/\/aliolio.art\/product\/abstract-run\/#primaryimage"},"thumbnailUrl":"https:\/\/aliolio.art\/wp-content\/uploads\/2025\/03\/AliOlioArt_Abstract-Run_60x80cm_frame-1-scaled.jpg","datePublished":"2025-03-20T16:04:16+00:00","dateModified":"2026-03-31T11:55:40+00:00","breadcrumb":{"@id":"https:\/\/aliolio.art\/product\/abstract-run\/#breadcrumb"},"inLanguage":"en-GB","potentialAction":[{"@type":"ReadAction","target":["https:\/\/aliolio.art\/product\/abstract-run\/"]}]},{"@type":"ImageObject","inLanguage":"en-GB","@id":"https:\/\/aliolio.art\/product\/abstract-run\/#primaryimage","url":"https:\/\/aliolio.art\/wp-content\/uploads\/2025\/03\/AliOlioArt_Abstract-Run_60x80cm_frame-1-scaled.jpg","contentUrl":"https:\/\/aliolio.art\/wp-content\/uploads\/2025\/03\/AliOlioArt_Abstract-Run_60x80cm_frame-1-scaled.jpg","width":2560,"height":2560,"caption":"Ali Olio Art Mixed Media Oilpainting Abstract run colors blue orange and white Mixed Media \u00d6lgem\u00e4lde abstrakte Kunst Alexandra H\u00f6rhager"},{"@type":"BreadcrumbList","@id":"https:\/\/aliolio.art\/product\/abstract-run\/#breadcrumb","itemListElement":[{"@type":"ListItem","position":1,"name":"Startseite","item":"https:\/\/aliolio.art\/"},{"@type":"ListItem","position":2,"name":"Shop","item":"https:\/\/aliolio.art\/collect\/"},{"@type":"ListItem","position":3,"name":"Abstract Run"}]},{"@type":"WebSite","@id":"https:\/\/aliolio.art\/#website","url":"https:\/\/aliolio.art\/","name":"Ali Olio","description":"Fine Art from the Alps","publisher":{"@id":"https:\/\/aliolio.art\/#organization"},"potentialAction":[{"@type":"SearchAction","target":{"@type":"EntryPoint","urlTemplate":"https:\/\/aliolio.art\/?s={search_term_string}"},"query-input":{"@type":"PropertyValueSpecification","valueRequired":true,"valueName":"search_term_string"}}],"inLanguage":"en-GB"},{"@type":"Organization","@id":"https:\/\/aliolio.art\/#organization","name":"Ali Olio","url":"https:\/\/aliolio.art\/","logo":{"@type":"ImageObject","inLanguage":"en-GB","@id":"https:\/\/aliolio.art\/#\/schema\/logo\/image\/","url":"https:\/\/aliolio.art\/wp-content\/uploads\/2024\/06\/cropped-cropped-AliOlioArt-logo-white-transparent.png","contentUrl":"https:\/\/aliolio.art\/wp-content\/uploads\/2024\/06\/cropped-cropped-AliOlioArt-logo-white-transparent.png","width":512,"height":512,"caption":"Ali Olio"},"image":{"@id":"https:\/\/aliolio.art\/#\/schema\/logo\/image\/"}}]}},"jetpack_sharing_enabled":true,"_links":{"self":[{"href":"https:\/\/aliolio.art\/en\/wp-json\/wp\/v2\/product\/1608","targetHints":{"allow":["GET"]}}],"collection":[{"href":"https:\/\/aliolio.art\/en\/wp-json\/wp\/v2\/product"}],"about":[{"href":"https:\/\/aliolio.art\/en\/wp-json\/wp\/v2\/types\/product"}],"replies":[{"embeddable":true,"href":"https:\/\/aliolio.art\/en\/wp-json\/wp\/v2\/comments?post=1608"}],"version-history":[{"count":5,"href":"https:\/\/aliolio.art\/en\/wp-json\/wp\/v2\/product\/1608\/revisions"}],"predecessor-version":[{"id":3398,"href":"https:\/\/aliolio.art\/en\/wp-json\/wp\/v2\/product\/1608\/revisions\/3398"}],"wp:featuredmedia":[{"embeddable":true,"href":"https:\/\/aliolio.art\/en\/wp-json\/wp\/v2\/media\/1616"}],"wp:attachment":[{"href":"https:\/\/aliolio.art\/en\/wp-json\/wp\/v2\/media?parent=1608"}],"wp:term":[{"taxonomy":"product_brand","embeddable":true,"href":"https:\/\/aliolio.art\/en\/wp-json\/wp\/v2\/product_brand?post=1608"},{"taxonomy":"product_cat","embeddable":true,"href":"https:\/\/aliolio.art\/en\/wp-json\/wp\/v2\/product_cat?post=1608"},{"taxonomy":"product_tag","embeddable":true,"href":"https:\/\/aliolio.art\/en\/wp-json\/wp\/v2\/product_tag?post=1608"}],"curies":[{"name":"wp","href":"https:\/\/api.w.org\/{rel}","templated":true}]}}