{"id":1583,"date":"2025-02-02T22:01:19","date_gmt":"2025-02-02T22:01:19","guid":{"rendered":"https:\/\/aliolio.art\/?post_type=product&#038;p=1583"},"modified":"2025-04-02T09:02:59","modified_gmt":"2025-04-02T09:02:59","slug":"untitled-feelings","status":"publish","type":"product","link":"https:\/\/aliolio.art\/en\/product\/untitled-feelings\/","title":{"rendered":"Untitled Feelings"},"content":{"rendered":"<p><strong>Feelings Series<\/strong><br \/>\nOilpainting on wooden panel <em>20x20x5cm<\/em><\/p>","protected":false},"excerpt":{"rendered":"<p>Das erste Bild der Feelings Series<\/p>\n<p>Manchmal f\u00e4llt es mir schwer, meine Gef\u00fchle in Worte zu fassen. Durch die Kunst, kann ich diese verarbeiten. Dieses Bild ist gemalt wie die alten niederl\u00e4ndischen Meister malten und inspiriert von Jan van Huysum.<br \/>\nMit dem Kauf dieses Originalkunstwerks schaffst Du Dir ein au\u00dfergew\u00f6hnliches Zuhause und zeigst, was wirklich wichtig ist im Leben.<\/p>\n<p>Sometimes I find it difficult to put my feelings into words. Through art, I can process this. This picture is painted like the old Dutch masters painted and inspired by Jan van Huysum.<br \/>\nBy purchasing this original work of art, you are creating an extraordinary home and showing what is really important in life.<\/p>","protected":false},"featured_media":1599,"comment_status":"open","ping_status":"closed","template":"","meta":[],"product_brand":[],"product_cat":[45,52,21,59],"product_tag":[],"class_list":{"0":"post-1583","1":"product","2":"type-product","3":"status-publish","4":"has-post-thumbnail","6":"product_cat-parent-available","7":"product_cat-child-serie-feelings-series","8":"product_cat-grandparent-original-art","9":"product_cat-parent-serie","11":"first","12":"instock","13":"featured","14":"sold-individually","15":"shipping-taxable","16":"purchasable","17":"product-type-simple"},"yoast_head":"<!-- This site is optimized with the Yoast SEO plugin v25.8 - https:\/\/yoast.com\/wordpress\/plugins\/seo\/ -->\n<title>Untitled Feelings - Ali Olio<\/title>\n<meta name=\"robots\" content=\"index, follow, max-snippet:-1, max-image-preview:large, max-video-preview:-1\" \/>\n<link rel=\"canonical\" href=\"https:\/\/aliolio.art\/en\/product\/untitled-feelings\/\" \/>\n<meta property=\"og:locale\" content=\"en_GB\" \/>\n<meta property=\"og:type\" content=\"article\" \/>\n<meta property=\"og:title\" content=\"Untitled Feelings - Ali Olio\" \/>\n<meta property=\"og:description\" content=\"Das erste Bild der Feelings Series  Manchmal f\u00e4llt es mir schwer, meine Gef\u00fchle in Worte zu fassen. Durch die Kunst, kann ich diese verarbeiten. Dieses Bild ist gemalt wie die alten niederl\u00e4ndischen Meister malten und inspiriert von Jan van Huysum. Mit dem Kauf dieses Originalkunstwerks schaffst Du Dir ein au\u00dfergew\u00f6hnliches Zuhause und zeigst, was wirklich wichtig ist im Leben.  Sometimes I find it difficult to put my feelings into words. Through art, I can process this. This picture is painted like the old Dutch masters painted and inspired by Jan van Huysum. By purchasing this original work of art, you are creating an extraordinary home and showing what is really important in life.\" \/>\n<meta property=\"og:url\" content=\"https:\/\/aliolio.art\/en\/product\/untitled-feelings\/\" \/>\n<meta property=\"og:site_name\" content=\"Ali Olio\" \/>\n<meta property=\"article:modified_time\" content=\"2025-04-02T09:02:59+00:00\" \/>\n<meta property=\"og:image\" content=\"https:\/\/aliolio.art\/wp-content\/uploads\/2025\/02\/AliOlioArt_untitled-feelings_inframe.jpg\" \/>\n\t<meta property=\"og:image:width\" content=\"1734\" \/>\n\t<meta property=\"og:image:height\" content=\"1734\" \/>\n\t<meta property=\"og:image:type\" content=\"image\/jpeg\" \/>\n<meta name=\"twitter:card\" content=\"summary_large_image\" \/>\n<script type=\"application\/ld+json\" class=\"yoast-schema-graph\">{\"@context\":\"https:\/\/schema.org\",\"@graph\":[{\"@type\":\"WebPage\",\"@id\":\"https:\/\/aliolio.art\/product\/untitled-feelings\/\",\"url\":\"https:\/\/aliolio.art\/product\/untitled-feelings\/\",\"name\":\"Untitled Feelings - Ali Olio\",\"isPartOf\":{\"@id\":\"https:\/\/aliolio.art\/#website\"},\"primaryImageOfPage\":{\"@id\":\"https:\/\/aliolio.art\/product\/untitled-feelings\/#primaryimage\"},\"image\":{\"@id\":\"https:\/\/aliolio.art\/product\/untitled-feelings\/#primaryimage\"},\"thumbnailUrl\":\"https:\/\/aliolio.art\/wp-content\/uploads\/2025\/02\/AliOlioArt_untitled-feelings_inframe.jpg\",\"datePublished\":\"2025-02-02T22:01:19+00:00\",\"dateModified\":\"2025-04-02T09:02:59+00:00\",\"breadcrumb\":{\"@id\":\"https:\/\/aliolio.art\/product\/untitled-feelings\/#breadcrumb\"},\"inLanguage\":\"en-GB\",\"potentialAction\":[{\"@type\":\"ReadAction\",\"target\":[\"https:\/\/aliolio.art\/product\/untitled-feelings\/\"]}]},{\"@type\":\"ImageObject\",\"inLanguage\":\"en-GB\",\"@id\":\"https:\/\/aliolio.art\/product\/untitled-feelings\/#primaryimage\",\"url\":\"https:\/\/aliolio.art\/wp-content\/uploads\/2025\/02\/AliOlioArt_untitled-feelings_inframe.jpg\",\"contentUrl\":\"https:\/\/aliolio.art\/wp-content\/uploads\/2025\/02\/AliOlioArt_untitled-feelings_inframe.jpg\",\"width\":1734,\"height\":1734,\"caption\":\"Ali Olio Art Oilpainting on wooden panel flowers with woman tulips old masters painting inspired Alexandra H\u00f6rhager Kunst\"},{\"@type\":\"BreadcrumbList\",\"@id\":\"https:\/\/aliolio.art\/product\/untitled-feelings\/#breadcrumb\",\"itemListElement\":[{\"@type\":\"ListItem\",\"position\":1,\"name\":\"Startseite\",\"item\":\"https:\/\/aliolio.art\/\"},{\"@type\":\"ListItem\",\"position\":2,\"name\":\"Shop\",\"item\":\"https:\/\/aliolio.art\/collect\/\"},{\"@type\":\"ListItem\",\"position\":3,\"name\":\"Untitled Feelings\"}]},{\"@type\":\"WebSite\",\"@id\":\"https:\/\/aliolio.art\/#website\",\"url\":\"https:\/\/aliolio.art\/\",\"name\":\"Ali Olio\",\"description\":\"Fine Art from the Alps\",\"publisher\":{\"@id\":\"https:\/\/aliolio.art\/#organization\"},\"potentialAction\":[{\"@type\":\"SearchAction\",\"target\":{\"@type\":\"EntryPoint\",\"urlTemplate\":\"https:\/\/aliolio.art\/?s={search_term_string}\"},\"query-input\":{\"@type\":\"PropertyValueSpecification\",\"valueRequired\":true,\"valueName\":\"search_term_string\"}}],\"inLanguage\":\"en-GB\"},{\"@type\":\"Organization\",\"@id\":\"https:\/\/aliolio.art\/#organization\",\"name\":\"Ali Olio\",\"url\":\"https:\/\/aliolio.art\/\",\"logo\":{\"@type\":\"ImageObject\",\"inLanguage\":\"en-GB\",\"@id\":\"https:\/\/aliolio.art\/#\/schema\/logo\/image\/\",\"url\":\"https:\/\/aliolio.art\/wp-content\/uploads\/2024\/06\/cropped-cropped-AliOlioArt-logo-white-transparent.png\",\"contentUrl\":\"https:\/\/aliolio.art\/wp-content\/uploads\/2024\/06\/cropped-cropped-AliOlioArt-logo-white-transparent.png\",\"width\":512,\"height\":512,\"caption\":\"Ali Olio\"},\"image\":{\"@id\":\"https:\/\/aliolio.art\/#\/schema\/logo\/image\/\"}}]}<\/script>\n<!-- \/ Yoast SEO plugin. -->","yoast_head_json":{"title":"Untitled Feelings - Ali Olio","robots":{"index":"index","follow":"follow","max-snippet":"max-snippet:-1","max-image-preview":"max-image-preview:large","max-video-preview":"max-video-preview:-1"},"canonical":"https:\/\/aliolio.art\/en\/product\/untitled-feelings\/","og_locale":"en_GB","og_type":"article","og_title":"Untitled Feelings - Ali Olio","og_description":"Das erste Bild der Feelings Series  Manchmal f\u00e4llt es mir schwer, meine Gef\u00fchle in Worte zu fassen. Durch die Kunst, kann ich diese verarbeiten. Dieses Bild ist gemalt wie die alten niederl\u00e4ndischen Meister malten und inspiriert von Jan van Huysum. Mit dem Kauf dieses Originalkunstwerks schaffst Du Dir ein au\u00dfergew\u00f6hnliches Zuhause und zeigst, was wirklich wichtig ist im Leben.  Sometimes I find it difficult to put my feelings into words. Through art, I can process this. This picture is painted like the old Dutch masters painted and inspired by Jan van Huysum. By purchasing this original work of art, you are creating an extraordinary home and showing what is really important in life.","og_url":"https:\/\/aliolio.art\/en\/product\/untitled-feelings\/","og_site_name":"Ali Olio","article_modified_time":"2025-04-02T09:02:59+00:00","og_image":[{"width":1734,"height":1734,"url":"https:\/\/aliolio.art\/wp-content\/uploads\/2025\/02\/AliOlioArt_untitled-feelings_inframe.jpg","type":"image\/jpeg"}],"twitter_card":"summary_large_image","schema":{"@context":"https:\/\/schema.org","@graph":[{"@type":"WebPage","@id":"https:\/\/aliolio.art\/product\/untitled-feelings\/","url":"https:\/\/aliolio.art\/product\/untitled-feelings\/","name":"Untitled Feelings - Ali Olio","isPartOf":{"@id":"https:\/\/aliolio.art\/#website"},"primaryImageOfPage":{"@id":"https:\/\/aliolio.art\/product\/untitled-feelings\/#primaryimage"},"image":{"@id":"https:\/\/aliolio.art\/product\/untitled-feelings\/#primaryimage"},"thumbnailUrl":"https:\/\/aliolio.art\/wp-content\/uploads\/2025\/02\/AliOlioArt_untitled-feelings_inframe.jpg","datePublished":"2025-02-02T22:01:19+00:00","dateModified":"2025-04-02T09:02:59+00:00","breadcrumb":{"@id":"https:\/\/aliolio.art\/product\/untitled-feelings\/#breadcrumb"},"inLanguage":"en-GB","potentialAction":[{"@type":"ReadAction","target":["https:\/\/aliolio.art\/product\/untitled-feelings\/"]}]},{"@type":"ImageObject","inLanguage":"en-GB","@id":"https:\/\/aliolio.art\/product\/untitled-feelings\/#primaryimage","url":"https:\/\/aliolio.art\/wp-content\/uploads\/2025\/02\/AliOlioArt_untitled-feelings_inframe.jpg","contentUrl":"https:\/\/aliolio.art\/wp-content\/uploads\/2025\/02\/AliOlioArt_untitled-feelings_inframe.jpg","width":1734,"height":1734,"caption":"Ali Olio Art Oilpainting on wooden panel flowers with woman tulips old masters painting inspired Alexandra H\u00f6rhager Kunst"},{"@type":"BreadcrumbList","@id":"https:\/\/aliolio.art\/product\/untitled-feelings\/#breadcrumb","itemListElement":[{"@type":"ListItem","position":1,"name":"Startseite","item":"https:\/\/aliolio.art\/"},{"@type":"ListItem","position":2,"name":"Shop","item":"https:\/\/aliolio.art\/collect\/"},{"@type":"ListItem","position":3,"name":"Untitled Feelings"}]},{"@type":"WebSite","@id":"https:\/\/aliolio.art\/#website","url":"https:\/\/aliolio.art\/","name":"Ali Olio","description":"Fine Art from the Alps","publisher":{"@id":"https:\/\/aliolio.art\/#organization"},"potentialAction":[{"@type":"SearchAction","target":{"@type":"EntryPoint","urlTemplate":"https:\/\/aliolio.art\/?s={search_term_string}"},"query-input":{"@type":"PropertyValueSpecification","valueRequired":true,"valueName":"search_term_string"}}],"inLanguage":"en-GB"},{"@type":"Organization","@id":"https:\/\/aliolio.art\/#organization","name":"Ali Olio","url":"https:\/\/aliolio.art\/","logo":{"@type":"ImageObject","inLanguage":"en-GB","@id":"https:\/\/aliolio.art\/#\/schema\/logo\/image\/","url":"https:\/\/aliolio.art\/wp-content\/uploads\/2024\/06\/cropped-cropped-AliOlioArt-logo-white-transparent.png","contentUrl":"https:\/\/aliolio.art\/wp-content\/uploads\/2024\/06\/cropped-cropped-AliOlioArt-logo-white-transparent.png","width":512,"height":512,"caption":"Ali Olio"},"image":{"@id":"https:\/\/aliolio.art\/#\/schema\/logo\/image\/"}}]}},"jetpack_sharing_enabled":true,"_links":{"self":[{"href":"https:\/\/aliolio.art\/en\/wp-json\/wp\/v2\/product\/1583","targetHints":{"allow":["GET"]}}],"collection":[{"href":"https:\/\/aliolio.art\/en\/wp-json\/wp\/v2\/product"}],"about":[{"href":"https:\/\/aliolio.art\/en\/wp-json\/wp\/v2\/types\/product"}],"replies":[{"embeddable":true,"href":"https:\/\/aliolio.art\/en\/wp-json\/wp\/v2\/comments?post=1583"}],"version-history":[{"count":7,"href":"https:\/\/aliolio.art\/en\/wp-json\/wp\/v2\/product\/1583\/revisions"}],"predecessor-version":[{"id":1600,"href":"https:\/\/aliolio.art\/en\/wp-json\/wp\/v2\/product\/1583\/revisions\/1600"}],"wp:featuredmedia":[{"embeddable":true,"href":"https:\/\/aliolio.art\/en\/wp-json\/wp\/v2\/media\/1599"}],"wp:attachment":[{"href":"https:\/\/aliolio.art\/en\/wp-json\/wp\/v2\/media?parent=1583"}],"wp:term":[{"taxonomy":"product_brand","embeddable":true,"href":"https:\/\/aliolio.art\/en\/wp-json\/wp\/v2\/product_brand?post=1583"},{"taxonomy":"product_cat","embeddable":true,"href":"https:\/\/aliolio.art\/en\/wp-json\/wp\/v2\/product_cat?post=1583"},{"taxonomy":"product_tag","embeddable":true,"href":"https:\/\/aliolio.art\/en\/wp-json\/wp\/v2\/product_tag?post=1583"}],"curies":[{"name":"wp","href":"https:\/\/api.w.org\/{rel}","templated":true}]}}