{"id":1273,"date":"2024-06-23T19:59:40","date_gmt":"2024-06-23T19:59:40","guid":{"rendered":"https:\/\/aliolio.art\/?post_type=product&#038;p=1273"},"modified":"2025-03-29T18:06:53","modified_gmt":"2025-03-29T18:06:53","slug":"stark-wie-stahl","status":"publish","type":"product","link":"https:\/\/aliolio.art\/en\/product\/stark-wie-stahl\/","title":{"rendered":"Stark wie Stahl"},"content":{"rendered":"<p>Mixed media oilpainting on canvas <em>160x240x4cm<\/em><\/p>","protected":false},"excerpt":{"rendered":"<p>Inspiriert von der 3-L\u00e4nderbr\u00fccke, entworfen von einem \u00f6sterreichischen Architekten und der St\u00e4rke der Frau ist diese Bild entstanden. Kreiert durch meinen pers\u00f6nlichen Prozess ist dieses Bild sehr detailliert und doch abstrakt.<\/p>\n<p>&nbsp;<\/p>\n<p>This image was inspired by the 3-country bridge, designed by an Austrian architect and the strength of women. Created through my personal process, this image is very detailed and yet abstract.<\/p>","protected":false},"featured_media":1275,"comment_status":"open","ping_status":"closed","template":"","meta":[],"product_brand":[],"product_cat":[21,50],"product_tag":[58],"class_list":{"0":"post-1273","1":"product","2":"type-product","3":"status-publish","4":"has-post-thumbnail","6":"product_cat-grandparent-original-art","7":"product_cat-parent-sold","8":"product_tag-sold","10":"first","11":"outofstock","12":"sold-individually","13":"shipping-taxable","14":"product-type-simple"},"yoast_head":"<!-- This site is optimized with the Yoast SEO plugin v25.8 - https:\/\/yoast.com\/wordpress\/plugins\/seo\/ -->\n<title>Stark wie Stahl - Ali Olio<\/title>\n<meta name=\"robots\" content=\"index, follow, max-snippet:-1, max-image-preview:large, max-video-preview:-1\" \/>\n<link rel=\"canonical\" href=\"https:\/\/aliolio.art\/en\/product\/stark-wie-stahl\/\" \/>\n<meta property=\"og:locale\" content=\"en_GB\" \/>\n<meta property=\"og:type\" content=\"article\" \/>\n<meta property=\"og:title\" content=\"Stark wie Stahl - Ali Olio\" \/>\n<meta property=\"og:description\" content=\"Inspiriert von der 3-L\u00e4nderbr\u00fccke, entworfen von einem \u00f6sterreichischen Architekten und der St\u00e4rke der Frau ist diese Bild entstanden. Kreiert durch meinen pers\u00f6nlichen Prozess ist dieses Bild sehr detailliert und doch abstrakt.  &nbsp;  This image was inspired by the 3-country bridge, designed by an Austrian architect and the strength of women. Created through my personal process, this image is very detailed and yet abstract.\" \/>\n<meta property=\"og:url\" content=\"https:\/\/aliolio.art\/en\/product\/stark-wie-stahl\/\" \/>\n<meta property=\"og:site_name\" content=\"Ali Olio\" \/>\n<meta property=\"article:modified_time\" content=\"2025-03-29T18:06:53+00:00\" \/>\n<meta property=\"og:image\" content=\"https:\/\/aliolio.art\/wp-content\/uploads\/2024\/06\/aliolio_art_stark-wie-stahl_160x240x4_orginal_web-scaled.jpg\" \/>\n\t<meta property=\"og:image:width\" content=\"2560\" \/>\n\t<meta property=\"og:image:height\" content=\"2560\" \/>\n\t<meta property=\"og:image:type\" content=\"image\/jpeg\" \/>\n<meta name=\"twitter:card\" content=\"summary_large_image\" \/>\n<script type=\"application\/ld+json\" class=\"yoast-schema-graph\">{\"@context\":\"https:\/\/schema.org\",\"@graph\":[{\"@type\":\"WebPage\",\"@id\":\"https:\/\/aliolio.art\/product\/stark-wie-stahl\/\",\"url\":\"https:\/\/aliolio.art\/product\/stark-wie-stahl\/\",\"name\":\"Stark wie Stahl - Ali Olio\",\"isPartOf\":{\"@id\":\"https:\/\/aliolio.art\/#website\"},\"primaryImageOfPage\":{\"@id\":\"https:\/\/aliolio.art\/product\/stark-wie-stahl\/#primaryimage\"},\"image\":{\"@id\":\"https:\/\/aliolio.art\/product\/stark-wie-stahl\/#primaryimage\"},\"thumbnailUrl\":\"https:\/\/aliolio.art\/wp-content\/uploads\/2024\/06\/aliolio_art_stark-wie-stahl_160x240x4_orginal_web-scaled.jpg\",\"datePublished\":\"2024-06-23T19:59:40+00:00\",\"dateModified\":\"2025-03-29T18:06:53+00:00\",\"breadcrumb\":{\"@id\":\"https:\/\/aliolio.art\/product\/stark-wie-stahl\/#breadcrumb\"},\"inLanguage\":\"en-GB\",\"potentialAction\":[{\"@type\":\"ReadAction\",\"target\":[\"https:\/\/aliolio.art\/product\/stark-wie-stahl\/\"]}]},{\"@type\":\"ImageObject\",\"inLanguage\":\"en-GB\",\"@id\":\"https:\/\/aliolio.art\/product\/stark-wie-stahl\/#primaryimage\",\"url\":\"https:\/\/aliolio.art\/wp-content\/uploads\/2024\/06\/aliolio_art_stark-wie-stahl_160x240x4_orginal_web-scaled.jpg\",\"contentUrl\":\"https:\/\/aliolio.art\/wp-content\/uploads\/2024\/06\/aliolio_art_stark-wie-stahl_160x240x4_orginal_web-scaled.jpg\",\"width\":2560,\"height\":2560,\"caption\":\"Ali Olio | Fine Art from the Alps | Kunst aus den Alpen | Alexandra Isabel H\u00f6rhager | Abstrakte Kunst gelb lila grau Br\u00fccke Frau Zufriedenheit | abstract art contemporary yellow purple woman contentment brigde architctural\"},{\"@type\":\"BreadcrumbList\",\"@id\":\"https:\/\/aliolio.art\/product\/stark-wie-stahl\/#breadcrumb\",\"itemListElement\":[{\"@type\":\"ListItem\",\"position\":1,\"name\":\"Startseite\",\"item\":\"https:\/\/aliolio.art\/\"},{\"@type\":\"ListItem\",\"position\":2,\"name\":\"Shop\",\"item\":\"https:\/\/aliolio.art\/collect\/\"},{\"@type\":\"ListItem\",\"position\":3,\"name\":\"Stark wie Stahl\"}]},{\"@type\":\"WebSite\",\"@id\":\"https:\/\/aliolio.art\/#website\",\"url\":\"https:\/\/aliolio.art\/\",\"name\":\"Ali Olio\",\"description\":\"Fine Art from the Alps\",\"publisher\":{\"@id\":\"https:\/\/aliolio.art\/#organization\"},\"potentialAction\":[{\"@type\":\"SearchAction\",\"target\":{\"@type\":\"EntryPoint\",\"urlTemplate\":\"https:\/\/aliolio.art\/?s={search_term_string}\"},\"query-input\":{\"@type\":\"PropertyValueSpecification\",\"valueRequired\":true,\"valueName\":\"search_term_string\"}}],\"inLanguage\":\"en-GB\"},{\"@type\":\"Organization\",\"@id\":\"https:\/\/aliolio.art\/#organization\",\"name\":\"Ali Olio\",\"url\":\"https:\/\/aliolio.art\/\",\"logo\":{\"@type\":\"ImageObject\",\"inLanguage\":\"en-GB\",\"@id\":\"https:\/\/aliolio.art\/#\/schema\/logo\/image\/\",\"url\":\"https:\/\/aliolio.art\/wp-content\/uploads\/2024\/06\/cropped-cropped-AliOlioArt-logo-white-transparent.png\",\"contentUrl\":\"https:\/\/aliolio.art\/wp-content\/uploads\/2024\/06\/cropped-cropped-AliOlioArt-logo-white-transparent.png\",\"width\":512,\"height\":512,\"caption\":\"Ali Olio\"},\"image\":{\"@id\":\"https:\/\/aliolio.art\/#\/schema\/logo\/image\/\"}}]}<\/script>\n<!-- \/ Yoast SEO plugin. -->","yoast_head_json":{"title":"Stark wie Stahl - Ali Olio","robots":{"index":"index","follow":"follow","max-snippet":"max-snippet:-1","max-image-preview":"max-image-preview:large","max-video-preview":"max-video-preview:-1"},"canonical":"https:\/\/aliolio.art\/en\/product\/stark-wie-stahl\/","og_locale":"en_GB","og_type":"article","og_title":"Stark wie Stahl - Ali Olio","og_description":"Inspiriert von der 3-L\u00e4nderbr\u00fccke, entworfen von einem \u00f6sterreichischen Architekten und der St\u00e4rke der Frau ist diese Bild entstanden. Kreiert durch meinen pers\u00f6nlichen Prozess ist dieses Bild sehr detailliert und doch abstrakt.  &nbsp;  This image was inspired by the 3-country bridge, designed by an Austrian architect and the strength of women. Created through my personal process, this image is very detailed and yet abstract.","og_url":"https:\/\/aliolio.art\/en\/product\/stark-wie-stahl\/","og_site_name":"Ali Olio","article_modified_time":"2025-03-29T18:06:53+00:00","og_image":[{"width":2560,"height":2560,"url":"https:\/\/aliolio.art\/wp-content\/uploads\/2024\/06\/aliolio_art_stark-wie-stahl_160x240x4_orginal_web-scaled.jpg","type":"image\/jpeg"}],"twitter_card":"summary_large_image","schema":{"@context":"https:\/\/schema.org","@graph":[{"@type":"WebPage","@id":"https:\/\/aliolio.art\/product\/stark-wie-stahl\/","url":"https:\/\/aliolio.art\/product\/stark-wie-stahl\/","name":"Stark wie Stahl - Ali Olio","isPartOf":{"@id":"https:\/\/aliolio.art\/#website"},"primaryImageOfPage":{"@id":"https:\/\/aliolio.art\/product\/stark-wie-stahl\/#primaryimage"},"image":{"@id":"https:\/\/aliolio.art\/product\/stark-wie-stahl\/#primaryimage"},"thumbnailUrl":"https:\/\/aliolio.art\/wp-content\/uploads\/2024\/06\/aliolio_art_stark-wie-stahl_160x240x4_orginal_web-scaled.jpg","datePublished":"2024-06-23T19:59:40+00:00","dateModified":"2025-03-29T18:06:53+00:00","breadcrumb":{"@id":"https:\/\/aliolio.art\/product\/stark-wie-stahl\/#breadcrumb"},"inLanguage":"en-GB","potentialAction":[{"@type":"ReadAction","target":["https:\/\/aliolio.art\/product\/stark-wie-stahl\/"]}]},{"@type":"ImageObject","inLanguage":"en-GB","@id":"https:\/\/aliolio.art\/product\/stark-wie-stahl\/#primaryimage","url":"https:\/\/aliolio.art\/wp-content\/uploads\/2024\/06\/aliolio_art_stark-wie-stahl_160x240x4_orginal_web-scaled.jpg","contentUrl":"https:\/\/aliolio.art\/wp-content\/uploads\/2024\/06\/aliolio_art_stark-wie-stahl_160x240x4_orginal_web-scaled.jpg","width":2560,"height":2560,"caption":"Ali Olio | Fine Art from the Alps | Kunst aus den Alpen | Alexandra Isabel H\u00f6rhager | Abstrakte Kunst gelb lila grau Br\u00fccke Frau Zufriedenheit | abstract art contemporary yellow purple woman contentment brigde architctural"},{"@type":"BreadcrumbList","@id":"https:\/\/aliolio.art\/product\/stark-wie-stahl\/#breadcrumb","itemListElement":[{"@type":"ListItem","position":1,"name":"Startseite","item":"https:\/\/aliolio.art\/"},{"@type":"ListItem","position":2,"name":"Shop","item":"https:\/\/aliolio.art\/collect\/"},{"@type":"ListItem","position":3,"name":"Stark wie Stahl"}]},{"@type":"WebSite","@id":"https:\/\/aliolio.art\/#website","url":"https:\/\/aliolio.art\/","name":"Ali Olio","description":"Fine Art from the Alps","publisher":{"@id":"https:\/\/aliolio.art\/#organization"},"potentialAction":[{"@type":"SearchAction","target":{"@type":"EntryPoint","urlTemplate":"https:\/\/aliolio.art\/?s={search_term_string}"},"query-input":{"@type":"PropertyValueSpecification","valueRequired":true,"valueName":"search_term_string"}}],"inLanguage":"en-GB"},{"@type":"Organization","@id":"https:\/\/aliolio.art\/#organization","name":"Ali Olio","url":"https:\/\/aliolio.art\/","logo":{"@type":"ImageObject","inLanguage":"en-GB","@id":"https:\/\/aliolio.art\/#\/schema\/logo\/image\/","url":"https:\/\/aliolio.art\/wp-content\/uploads\/2024\/06\/cropped-cropped-AliOlioArt-logo-white-transparent.png","contentUrl":"https:\/\/aliolio.art\/wp-content\/uploads\/2024\/06\/cropped-cropped-AliOlioArt-logo-white-transparent.png","width":512,"height":512,"caption":"Ali Olio"},"image":{"@id":"https:\/\/aliolio.art\/#\/schema\/logo\/image\/"}}]}},"jetpack_sharing_enabled":true,"_links":{"self":[{"href":"https:\/\/aliolio.art\/en\/wp-json\/wp\/v2\/product\/1273","targetHints":{"allow":["GET"]}}],"collection":[{"href":"https:\/\/aliolio.art\/en\/wp-json\/wp\/v2\/product"}],"about":[{"href":"https:\/\/aliolio.art\/en\/wp-json\/wp\/v2\/types\/product"}],"replies":[{"embeddable":true,"href":"https:\/\/aliolio.art\/en\/wp-json\/wp\/v2\/comments?post=1273"}],"version-history":[{"count":3,"href":"https:\/\/aliolio.art\/en\/wp-json\/wp\/v2\/product\/1273\/revisions"}],"predecessor-version":[{"id":3401,"href":"https:\/\/aliolio.art\/en\/wp-json\/wp\/v2\/product\/1273\/revisions\/3401"}],"wp:featuredmedia":[{"embeddable":true,"href":"https:\/\/aliolio.art\/en\/wp-json\/wp\/v2\/media\/1275"}],"wp:attachment":[{"href":"https:\/\/aliolio.art\/en\/wp-json\/wp\/v2\/media?parent=1273"}],"wp:term":[{"taxonomy":"product_brand","embeddable":true,"href":"https:\/\/aliolio.art\/en\/wp-json\/wp\/v2\/product_brand?post=1273"},{"taxonomy":"product_cat","embeddable":true,"href":"https:\/\/aliolio.art\/en\/wp-json\/wp\/v2\/product_cat?post=1273"},{"taxonomy":"product_tag","embeddable":true,"href":"https:\/\/aliolio.art\/en\/wp-json\/wp\/v2\/product_tag?post=1273"}],"curies":[{"name":"wp","href":"https:\/\/api.w.org\/{rel}","templated":true}]}}