{"id":1264,"date":"2024-06-23T19:40:34","date_gmt":"2024-06-23T19:40:34","guid":{"rendered":"https:\/\/aliolio.art\/?post_type=product&#038;p=1264"},"modified":"2025-03-29T18:07:11","modified_gmt":"2025-03-29T18:07:11","slug":"more-than-honey","status":"publish","type":"product","link":"https:\/\/aliolio.art\/en\/product\/more-than-honey\/","title":{"rendered":"More than honey"},"content":{"rendered":"<p><strong>Symbiosis Series<\/strong><br \/>\nMixed media oilpainting on canvas <em>180x180x4cm<\/em><\/p>","protected":false},"excerpt":{"rendered":"<p>Auf Grund der Gr\u00f6\u00dfe kann dieses Bild nur auf Anfrage erworben werden: studio@aliolio.art<\/p>\n<p>Due to the size of this painting it can only be purchased on request: studio@aliolio.art<\/p>\n<p>&nbsp;<\/p>\n<p>Drucke sind <a href=\"https:\/\/aliolio.art\/en\/collect\/more-than-honey-2-0-print-45x45cm-2\/\">HIER<\/a> erh\u00e4ltlich<\/p>\n<p>Prints of this painting are available\u00a0 <a href=\"https:\/\/aliolio.art\/en\/collect\/more-than-honey-2-0-print-45x45cm-2\/\">CLICK HERE<\/a><\/p>\n<p>&nbsp;<\/p>\n<p>Dieses Bild symbolisiert das Leben und die Lebensfreude. Die Bienen, die den Honig produzieren und eine solch eine Wichtigkeit haben f\u00fcr das Leben unseres gesamten Planeten. Kreiert durch meinen pers\u00f6nlichen Prozess ist dieses Bild sehr detailliert und doch abstrakt.<\/p>\n<p>Wer dieses Bild zuhause hat, sp\u00fcrt die Energie tagt\u00e4glich. Die Positivit\u00e4t, die Lebensfreude, pures Gl\u00fcck.<\/p>\n<p>&nbsp;<\/p>\n<p>This picture symbolizes life and the joy of life. The bees that produce honey and are so important for the life of our entire planet. Created through my personal process, this picture is very detailed and yet abstract.<\/p>\n<p>Anyone who has this picture at home feels the energy every day. The positivity, the joy of life, pure happiness.<\/p>","protected":false},"featured_media":1272,"comment_status":"open","ping_status":"closed","template":"","meta":[],"product_brand":[],"product_cat":[21,59,50,55],"product_tag":[58],"class_list":{"0":"post-1264","1":"product","2":"type-product","3":"status-publish","4":"has-post-thumbnail","6":"product_cat-grandparent-original-art","7":"product_cat-parent-serie","8":"product_cat-parent-sold","9":"product_cat-child-serie-series","10":"product_tag-sold","12":"first","13":"outofstock","14":"sold-individually","15":"shipping-taxable","16":"product-type-simple"},"yoast_head":"<!-- This site is optimized with the Yoast SEO plugin v25.8 - https:\/\/yoast.com\/wordpress\/plugins\/seo\/ -->\n<title>More than honey - Ali Olio<\/title>\n<meta name=\"robots\" content=\"index, follow, max-snippet:-1, max-image-preview:large, max-video-preview:-1\" \/>\n<link rel=\"canonical\" href=\"https:\/\/aliolio.art\/en\/product\/more-than-honey\/\" \/>\n<meta property=\"og:locale\" content=\"en_GB\" \/>\n<meta property=\"og:type\" content=\"article\" \/>\n<meta property=\"og:title\" content=\"More than honey - Ali Olio\" \/>\n<meta property=\"og:description\" content=\"Auf Grund der Gr\u00f6\u00dfe kann dieses Bild nur auf Anfrage erworben werden: studio@aliolio.art  Due to the size of this painting it can only be purchased on request: studio@aliolio.art  &nbsp;  Drucke sind HIER erh\u00e4ltlich  Prints of this painting are available\u00a0 CLICK HERE  &nbsp;  Dieses Bild symbolisiert das Leben und die Lebensfreude. Die Bienen, die den Honig produzieren und eine solch eine Wichtigkeit haben f\u00fcr das Leben unseres gesamten Planeten. Kreiert durch meinen pers\u00f6nlichen Prozess ist dieses Bild sehr detailliert und doch abstrakt.  Wer dieses Bild zuhause hat, sp\u00fcrt die Energie tagt\u00e4glich. Die Positivit\u00e4t, die Lebensfreude, pures Gl\u00fcck.  &nbsp;  This picture symbolizes life and the joy of life. The bees that produce honey and are so important for the life of our entire planet. Created through my personal process, this picture is very detailed and yet abstract.  Anyone who has this picture at home feels the energy every day. The positivity, the joy of life, pure happiness.\" \/>\n<meta property=\"og:url\" content=\"https:\/\/aliolio.art\/en\/product\/more-than-honey\/\" \/>\n<meta property=\"og:site_name\" content=\"Ali Olio\" \/>\n<meta property=\"article:modified_time\" content=\"2025-03-29T18:07:11+00:00\" \/>\n<meta property=\"og:image\" content=\"https:\/\/aliolio.art\/wp-content\/uploads\/2024\/06\/morethanhoney_180x180_aliolioart_painting_orginal_web-1-scaled.jpg\" \/>\n\t<meta property=\"og:image:width\" content=\"2560\" \/>\n\t<meta property=\"og:image:height\" content=\"2560\" \/>\n\t<meta property=\"og:image:type\" content=\"image\/jpeg\" \/>\n<meta name=\"twitter:card\" content=\"summary_large_image\" \/>\n<script type=\"application\/ld+json\" class=\"yoast-schema-graph\">{\"@context\":\"https:\/\/schema.org\",\"@graph\":[{\"@type\":\"WebPage\",\"@id\":\"https:\/\/aliolio.art\/product\/more-than-honey\/\",\"url\":\"https:\/\/aliolio.art\/product\/more-than-honey\/\",\"name\":\"More than honey - Ali Olio\",\"isPartOf\":{\"@id\":\"https:\/\/aliolio.art\/#website\"},\"primaryImageOfPage\":{\"@id\":\"https:\/\/aliolio.art\/product\/more-than-honey\/#primaryimage\"},\"image\":{\"@id\":\"https:\/\/aliolio.art\/product\/more-than-honey\/#primaryimage\"},\"thumbnailUrl\":\"https:\/\/aliolio.art\/wp-content\/uploads\/2024\/06\/morethanhoney_180x180_aliolioart_painting_orginal_web-1-scaled.jpg\",\"datePublished\":\"2024-06-23T19:40:34+00:00\",\"dateModified\":\"2025-03-29T18:07:11+00:00\",\"breadcrumb\":{\"@id\":\"https:\/\/aliolio.art\/product\/more-than-honey\/#breadcrumb\"},\"inLanguage\":\"en-GB\",\"potentialAction\":[{\"@type\":\"ReadAction\",\"target\":[\"https:\/\/aliolio.art\/product\/more-than-honey\/\"]}]},{\"@type\":\"ImageObject\",\"inLanguage\":\"en-GB\",\"@id\":\"https:\/\/aliolio.art\/product\/more-than-honey\/#primaryimage\",\"url\":\"https:\/\/aliolio.art\/wp-content\/uploads\/2024\/06\/morethanhoney_180x180_aliolioart_painting_orginal_web-1-scaled.jpg\",\"contentUrl\":\"https:\/\/aliolio.art\/wp-content\/uploads\/2024\/06\/morethanhoney_180x180_aliolioart_painting_orginal_web-1-scaled.jpg\",\"width\":2560,\"height\":2560,\"caption\":\"Ali Olio | Fine Art from the Alps | Kunst aus den Alpen | Alexandra Isabel H\u00f6rhager Originale abstrakte Kunst | abstract art print poster matt | Kunstdruck mattes Poster Biene Honige orange Wabe Kunst Honey bee orange comb\"},{\"@type\":\"BreadcrumbList\",\"@id\":\"https:\/\/aliolio.art\/product\/more-than-honey\/#breadcrumb\",\"itemListElement\":[{\"@type\":\"ListItem\",\"position\":1,\"name\":\"Startseite\",\"item\":\"https:\/\/aliolio.art\/\"},{\"@type\":\"ListItem\",\"position\":2,\"name\":\"Shop\",\"item\":\"https:\/\/aliolio.art\/collect\/\"},{\"@type\":\"ListItem\",\"position\":3,\"name\":\"More than honey\"}]},{\"@type\":\"WebSite\",\"@id\":\"https:\/\/aliolio.art\/#website\",\"url\":\"https:\/\/aliolio.art\/\",\"name\":\"Ali Olio\",\"description\":\"Fine Art from the Alps\",\"publisher\":{\"@id\":\"https:\/\/aliolio.art\/#organization\"},\"potentialAction\":[{\"@type\":\"SearchAction\",\"target\":{\"@type\":\"EntryPoint\",\"urlTemplate\":\"https:\/\/aliolio.art\/?s={search_term_string}\"},\"query-input\":{\"@type\":\"PropertyValueSpecification\",\"valueRequired\":true,\"valueName\":\"search_term_string\"}}],\"inLanguage\":\"en-GB\"},{\"@type\":\"Organization\",\"@id\":\"https:\/\/aliolio.art\/#organization\",\"name\":\"Ali Olio\",\"url\":\"https:\/\/aliolio.art\/\",\"logo\":{\"@type\":\"ImageObject\",\"inLanguage\":\"en-GB\",\"@id\":\"https:\/\/aliolio.art\/#\/schema\/logo\/image\/\",\"url\":\"https:\/\/aliolio.art\/wp-content\/uploads\/2024\/06\/cropped-cropped-AliOlioArt-logo-white-transparent.png\",\"contentUrl\":\"https:\/\/aliolio.art\/wp-content\/uploads\/2024\/06\/cropped-cropped-AliOlioArt-logo-white-transparent.png\",\"width\":512,\"height\":512,\"caption\":\"Ali Olio\"},\"image\":{\"@id\":\"https:\/\/aliolio.art\/#\/schema\/logo\/image\/\"}}]}<\/script>\n<!-- \/ Yoast SEO plugin. -->","yoast_head_json":{"title":"More than honey - Ali Olio","robots":{"index":"index","follow":"follow","max-snippet":"max-snippet:-1","max-image-preview":"max-image-preview:large","max-video-preview":"max-video-preview:-1"},"canonical":"https:\/\/aliolio.art\/en\/product\/more-than-honey\/","og_locale":"en_GB","og_type":"article","og_title":"More than honey - Ali Olio","og_description":"Auf Grund der Gr\u00f6\u00dfe kann dieses Bild nur auf Anfrage erworben werden: studio@aliolio.art  Due to the size of this painting it can only be purchased on request: studio@aliolio.art  &nbsp;  Drucke sind HIER erh\u00e4ltlich  Prints of this painting are available\u00a0 CLICK HERE  &nbsp;  Dieses Bild symbolisiert das Leben und die Lebensfreude. Die Bienen, die den Honig produzieren und eine solch eine Wichtigkeit haben f\u00fcr das Leben unseres gesamten Planeten. Kreiert durch meinen pers\u00f6nlichen Prozess ist dieses Bild sehr detailliert und doch abstrakt.  Wer dieses Bild zuhause hat, sp\u00fcrt die Energie tagt\u00e4glich. Die Positivit\u00e4t, die Lebensfreude, pures Gl\u00fcck.  &nbsp;  This picture symbolizes life and the joy of life. The bees that produce honey and are so important for the life of our entire planet. Created through my personal process, this picture is very detailed and yet abstract.  Anyone who has this picture at home feels the energy every day. The positivity, the joy of life, pure happiness.","og_url":"https:\/\/aliolio.art\/en\/product\/more-than-honey\/","og_site_name":"Ali Olio","article_modified_time":"2025-03-29T18:07:11+00:00","og_image":[{"width":2560,"height":2560,"url":"https:\/\/aliolio.art\/wp-content\/uploads\/2024\/06\/morethanhoney_180x180_aliolioart_painting_orginal_web-1-scaled.jpg","type":"image\/jpeg"}],"twitter_card":"summary_large_image","schema":{"@context":"https:\/\/schema.org","@graph":[{"@type":"WebPage","@id":"https:\/\/aliolio.art\/product\/more-than-honey\/","url":"https:\/\/aliolio.art\/product\/more-than-honey\/","name":"More than honey - Ali Olio","isPartOf":{"@id":"https:\/\/aliolio.art\/#website"},"primaryImageOfPage":{"@id":"https:\/\/aliolio.art\/product\/more-than-honey\/#primaryimage"},"image":{"@id":"https:\/\/aliolio.art\/product\/more-than-honey\/#primaryimage"},"thumbnailUrl":"https:\/\/aliolio.art\/wp-content\/uploads\/2024\/06\/morethanhoney_180x180_aliolioart_painting_orginal_web-1-scaled.jpg","datePublished":"2024-06-23T19:40:34+00:00","dateModified":"2025-03-29T18:07:11+00:00","breadcrumb":{"@id":"https:\/\/aliolio.art\/product\/more-than-honey\/#breadcrumb"},"inLanguage":"en-GB","potentialAction":[{"@type":"ReadAction","target":["https:\/\/aliolio.art\/product\/more-than-honey\/"]}]},{"@type":"ImageObject","inLanguage":"en-GB","@id":"https:\/\/aliolio.art\/product\/more-than-honey\/#primaryimage","url":"https:\/\/aliolio.art\/wp-content\/uploads\/2024\/06\/morethanhoney_180x180_aliolioart_painting_orginal_web-1-scaled.jpg","contentUrl":"https:\/\/aliolio.art\/wp-content\/uploads\/2024\/06\/morethanhoney_180x180_aliolioart_painting_orginal_web-1-scaled.jpg","width":2560,"height":2560,"caption":"Ali Olio | Fine Art from the Alps | Kunst aus den Alpen | Alexandra Isabel H\u00f6rhager Originale abstrakte Kunst | abstract art print poster matt | Kunstdruck mattes Poster Biene Honige orange Wabe Kunst Honey bee orange comb"},{"@type":"BreadcrumbList","@id":"https:\/\/aliolio.art\/product\/more-than-honey\/#breadcrumb","itemListElement":[{"@type":"ListItem","position":1,"name":"Startseite","item":"https:\/\/aliolio.art\/"},{"@type":"ListItem","position":2,"name":"Shop","item":"https:\/\/aliolio.art\/collect\/"},{"@type":"ListItem","position":3,"name":"More than honey"}]},{"@type":"WebSite","@id":"https:\/\/aliolio.art\/#website","url":"https:\/\/aliolio.art\/","name":"Ali Olio","description":"Fine Art from the Alps","publisher":{"@id":"https:\/\/aliolio.art\/#organization"},"potentialAction":[{"@type":"SearchAction","target":{"@type":"EntryPoint","urlTemplate":"https:\/\/aliolio.art\/?s={search_term_string}"},"query-input":{"@type":"PropertyValueSpecification","valueRequired":true,"valueName":"search_term_string"}}],"inLanguage":"en-GB"},{"@type":"Organization","@id":"https:\/\/aliolio.art\/#organization","name":"Ali Olio","url":"https:\/\/aliolio.art\/","logo":{"@type":"ImageObject","inLanguage":"en-GB","@id":"https:\/\/aliolio.art\/#\/schema\/logo\/image\/","url":"https:\/\/aliolio.art\/wp-content\/uploads\/2024\/06\/cropped-cropped-AliOlioArt-logo-white-transparent.png","contentUrl":"https:\/\/aliolio.art\/wp-content\/uploads\/2024\/06\/cropped-cropped-AliOlioArt-logo-white-transparent.png","width":512,"height":512,"caption":"Ali Olio"},"image":{"@id":"https:\/\/aliolio.art\/#\/schema\/logo\/image\/"}}]}},"jetpack_sharing_enabled":true,"_links":{"self":[{"href":"https:\/\/aliolio.art\/en\/wp-json\/wp\/v2\/product\/1264","targetHints":{"allow":["GET"]}}],"collection":[{"href":"https:\/\/aliolio.art\/en\/wp-json\/wp\/v2\/product"}],"about":[{"href":"https:\/\/aliolio.art\/en\/wp-json\/wp\/v2\/types\/product"}],"replies":[{"embeddable":true,"href":"https:\/\/aliolio.art\/en\/wp-json\/wp\/v2\/comments?post=1264"}],"version-history":[{"count":3,"href":"https:\/\/aliolio.art\/en\/wp-json\/wp\/v2\/product\/1264\/revisions"}],"predecessor-version":[{"id":3402,"href":"https:\/\/aliolio.art\/en\/wp-json\/wp\/v2\/product\/1264\/revisions\/3402"}],"wp:featuredmedia":[{"embeddable":true,"href":"https:\/\/aliolio.art\/en\/wp-json\/wp\/v2\/media\/1272"}],"wp:attachment":[{"href":"https:\/\/aliolio.art\/en\/wp-json\/wp\/v2\/media?parent=1264"}],"wp:term":[{"taxonomy":"product_brand","embeddable":true,"href":"https:\/\/aliolio.art\/en\/wp-json\/wp\/v2\/product_brand?post=1264"},{"taxonomy":"product_cat","embeddable":true,"href":"https:\/\/aliolio.art\/en\/wp-json\/wp\/v2\/product_cat?post=1264"},{"taxonomy":"product_tag","embeddable":true,"href":"https:\/\/aliolio.art\/en\/wp-json\/wp\/v2\/product_tag?post=1264"}],"curies":[{"name":"wp","href":"https:\/\/api.w.org\/{rel}","templated":true}]}}