{"id":1255,"date":"2024-06-23T13:54:38","date_gmt":"2024-06-23T13:54:38","guid":{"rendered":"https:\/\/aliolio.art\/?post_type=product&#038;p=1255"},"modified":"2025-05-09T08:29:39","modified_gmt":"2025-05-09T08:29:39","slug":"contentment-within","status":"publish","type":"product","link":"https:\/\/aliolio.art\/en\/product\/contentment-within\/","title":{"rendered":"Contentment within"},"content":{"rendered":"<p>Mixed media oilpainting on canvas <em>2 \u00e1 60x80x2cm<\/em><\/p>","protected":false},"excerpt":{"rendered":"<p>Dieses Mixed Media \u00d6lgem\u00e4lde symbolisiert die Zufriedenheit in sich selbst. Eines der h\u00f6chsten G\u00fcter ist die Zufriedenheit, die man nur in sich selbst finden kann. Kein Luxus, kein Streben nach mehr kann den Menschen so gl\u00fccklich machen. Diese Thematik wurde mit diesem zweiteiligen Bild dargestellt. Die Bilder sind auch einzeln erh\u00e4ltlich, Anfragen hierzu an: studio@aliolio.art<\/p>\n<p>Mit dem Kauf dieses Originalkunstwerks schaffst Du Dir ein au\u00dfergew\u00f6hnliches Zuhause.<\/p>\n<p>This mixed media oil painting symbolizes the contentment within oneself. One of the highest goods is the contentment that one can only find within oneself. No luxury, no striving for more can make people so happy. This topic was presented with this two-part image. The images are also available individually; inquiries can be sent to: <a href=\"mailto:studio@aliolio.art\">studio@aliolio.art<\/a><\/p>\n<p>With buying this original artwork you create a home extraordinary.<\/p>","protected":false},"featured_media":1227,"comment_status":"open","ping_status":"closed","template":"","meta":[],"product_brand":[],"product_cat":[45,57,21],"product_tag":[],"class_list":{"0":"post-1255","1":"product","2":"type-product","3":"status-publish","4":"has-post-thumbnail","6":"product_cat-parent-available","7":"product_cat-parent-experimental","8":"product_cat-grandparent-original-art","10":"first","11":"instock","12":"sold-individually","13":"shipping-taxable","14":"purchasable","15":"product-type-simple"},"yoast_head":"<!-- This site is optimized with the Yoast SEO plugin v25.8 - https:\/\/yoast.com\/wordpress\/plugins\/seo\/ -->\n<title>Contentment within - Ali Olio<\/title>\n<meta name=\"robots\" content=\"index, follow, max-snippet:-1, max-image-preview:large, max-video-preview:-1\" \/>\n<link rel=\"canonical\" href=\"https:\/\/aliolio.art\/en\/product\/contentment-within\/\" \/>\n<meta property=\"og:locale\" content=\"en_GB\" \/>\n<meta property=\"og:type\" content=\"article\" \/>\n<meta property=\"og:title\" content=\"Contentment within - Ali Olio\" \/>\n<meta property=\"og:description\" content=\"Dieses Mixed Media \u00d6lgem\u00e4lde symbolisiert die Zufriedenheit in sich selbst. Eines der h\u00f6chsten G\u00fcter ist die Zufriedenheit, die man nur in sich selbst finden kann. Kein Luxus, kein Streben nach mehr kann den Menschen so gl\u00fccklich machen. Diese Thematik wurde mit diesem zweiteiligen Bild dargestellt. Die Bilder sind auch einzeln erh\u00e4ltlich, Anfragen hierzu an: studio@aliolio.art  Mit dem Kauf dieses Originalkunstwerks schaffst Du Dir ein au\u00dfergew\u00f6hnliches Zuhause.  This mixed media oil painting symbolizes the contentment within oneself. One of the highest goods is the contentment that one can only find within oneself. No luxury, no striving for more can make people so happy. This topic was presented with this two-part image. The images are also available individually; inquiries can be sent to: studio@aliolio.art  With buying this original artwork you create a home extraordinary.\" \/>\n<meta property=\"og:url\" content=\"https:\/\/aliolio.art\/en\/product\/contentment-within\/\" \/>\n<meta property=\"og:site_name\" content=\"Ali Olio\" \/>\n<meta property=\"article:modified_time\" content=\"2025-05-09T08:29:39+00:00\" \/>\n<meta property=\"og:image\" content=\"https:\/\/aliolio.art\/wp-content\/uploads\/2024\/06\/aliolio_art_contentment-within-abstract_60x80x4_original_web-1024x1024.jpg\" \/>\n\t<meta property=\"og:image:width\" content=\"1024\" \/>\n\t<meta property=\"og:image:height\" content=\"1024\" \/>\n\t<meta property=\"og:image:type\" content=\"image\/jpeg\" \/>\n<meta name=\"twitter:card\" content=\"summary_large_image\" \/>\n<script type=\"application\/ld+json\" class=\"yoast-schema-graph\">{\"@context\":\"https:\/\/schema.org\",\"@graph\":[{\"@type\":\"WebPage\",\"@id\":\"https:\/\/aliolio.art\/product\/contentment-within\/\",\"url\":\"https:\/\/aliolio.art\/product\/contentment-within\/\",\"name\":\"Contentment within - Ali Olio\",\"isPartOf\":{\"@id\":\"https:\/\/aliolio.art\/#website\"},\"primaryImageOfPage\":{\"@id\":\"https:\/\/aliolio.art\/product\/contentment-within\/#primaryimage\"},\"image\":{\"@id\":\"https:\/\/aliolio.art\/product\/contentment-within\/#primaryimage\"},\"thumbnailUrl\":\"https:\/\/aliolio.art\/wp-content\/uploads\/2024\/06\/aliolio_art_contentment-within-abstract_60x80x4_original_web.jpg\",\"datePublished\":\"2024-06-23T13:54:38+00:00\",\"dateModified\":\"2025-05-09T08:29:39+00:00\",\"breadcrumb\":{\"@id\":\"https:\/\/aliolio.art\/product\/contentment-within\/#breadcrumb\"},\"inLanguage\":\"en-GB\",\"potentialAction\":[{\"@type\":\"ReadAction\",\"target\":[\"https:\/\/aliolio.art\/product\/contentment-within\/\"]}]},{\"@type\":\"ImageObject\",\"inLanguage\":\"en-GB\",\"@id\":\"https:\/\/aliolio.art\/product\/contentment-within\/#primaryimage\",\"url\":\"https:\/\/aliolio.art\/wp-content\/uploads\/2024\/06\/aliolio_art_contentment-within-abstract_60x80x4_original_web.jpg\",\"contentUrl\":\"https:\/\/aliolio.art\/wp-content\/uploads\/2024\/06\/aliolio_art_contentment-within-abstract_60x80x4_original_web.jpg\",\"width\":2310,\"height\":2310,\"caption\":\"Ali Olio | Fine Art from the Alps | Kunst aus den Alpen | Alexandra Isabel H\u00f6rhager | Abstrakte Kunst blau orange Frau Zufriedenheit | abstract art contemporary blue orange woman contentment\"},{\"@type\":\"BreadcrumbList\",\"@id\":\"https:\/\/aliolio.art\/product\/contentment-within\/#breadcrumb\",\"itemListElement\":[{\"@type\":\"ListItem\",\"position\":1,\"name\":\"Startseite\",\"item\":\"https:\/\/aliolio.art\/\"},{\"@type\":\"ListItem\",\"position\":2,\"name\":\"Shop\",\"item\":\"https:\/\/aliolio.art\/collect\/\"},{\"@type\":\"ListItem\",\"position\":3,\"name\":\"Contentment within\"}]},{\"@type\":\"WebSite\",\"@id\":\"https:\/\/aliolio.art\/#website\",\"url\":\"https:\/\/aliolio.art\/\",\"name\":\"Ali Olio\",\"description\":\"Fine Art from the Alps\",\"publisher\":{\"@id\":\"https:\/\/aliolio.art\/#organization\"},\"potentialAction\":[{\"@type\":\"SearchAction\",\"target\":{\"@type\":\"EntryPoint\",\"urlTemplate\":\"https:\/\/aliolio.art\/?s={search_term_string}\"},\"query-input\":{\"@type\":\"PropertyValueSpecification\",\"valueRequired\":true,\"valueName\":\"search_term_string\"}}],\"inLanguage\":\"en-GB\"},{\"@type\":\"Organization\",\"@id\":\"https:\/\/aliolio.art\/#organization\",\"name\":\"Ali Olio\",\"url\":\"https:\/\/aliolio.art\/\",\"logo\":{\"@type\":\"ImageObject\",\"inLanguage\":\"en-GB\",\"@id\":\"https:\/\/aliolio.art\/#\/schema\/logo\/image\/\",\"url\":\"https:\/\/aliolio.art\/wp-content\/uploads\/2024\/06\/cropped-cropped-AliOlioArt-logo-white-transparent.png\",\"contentUrl\":\"https:\/\/aliolio.art\/wp-content\/uploads\/2024\/06\/cropped-cropped-AliOlioArt-logo-white-transparent.png\",\"width\":512,\"height\":512,\"caption\":\"Ali Olio\"},\"image\":{\"@id\":\"https:\/\/aliolio.art\/#\/schema\/logo\/image\/\"}}]}<\/script>\n<!-- \/ Yoast SEO plugin. -->","yoast_head_json":{"title":"Contentment within - Ali Olio","robots":{"index":"index","follow":"follow","max-snippet":"max-snippet:-1","max-image-preview":"max-image-preview:large","max-video-preview":"max-video-preview:-1"},"canonical":"https:\/\/aliolio.art\/en\/product\/contentment-within\/","og_locale":"en_GB","og_type":"article","og_title":"Contentment within - Ali Olio","og_description":"Dieses Mixed Media \u00d6lgem\u00e4lde symbolisiert die Zufriedenheit in sich selbst. Eines der h\u00f6chsten G\u00fcter ist die Zufriedenheit, die man nur in sich selbst finden kann. Kein Luxus, kein Streben nach mehr kann den Menschen so gl\u00fccklich machen. Diese Thematik wurde mit diesem zweiteiligen Bild dargestellt. Die Bilder sind auch einzeln erh\u00e4ltlich, Anfragen hierzu an: studio@aliolio.art  Mit dem Kauf dieses Originalkunstwerks schaffst Du Dir ein au\u00dfergew\u00f6hnliches Zuhause.  This mixed media oil painting symbolizes the contentment within oneself. One of the highest goods is the contentment that one can only find within oneself. No luxury, no striving for more can make people so happy. This topic was presented with this two-part image. The images are also available individually; inquiries can be sent to: studio@aliolio.art  With buying this original artwork you create a home extraordinary.","og_url":"https:\/\/aliolio.art\/en\/product\/contentment-within\/","og_site_name":"Ali Olio","article_modified_time":"2025-05-09T08:29:39+00:00","og_image":[{"width":1024,"height":1024,"url":"https:\/\/aliolio.art\/wp-content\/uploads\/2024\/06\/aliolio_art_contentment-within-abstract_60x80x4_original_web-1024x1024.jpg","type":"image\/jpeg"}],"twitter_card":"summary_large_image","schema":{"@context":"https:\/\/schema.org","@graph":[{"@type":"WebPage","@id":"https:\/\/aliolio.art\/product\/contentment-within\/","url":"https:\/\/aliolio.art\/product\/contentment-within\/","name":"Contentment within - Ali Olio","isPartOf":{"@id":"https:\/\/aliolio.art\/#website"},"primaryImageOfPage":{"@id":"https:\/\/aliolio.art\/product\/contentment-within\/#primaryimage"},"image":{"@id":"https:\/\/aliolio.art\/product\/contentment-within\/#primaryimage"},"thumbnailUrl":"https:\/\/aliolio.art\/wp-content\/uploads\/2024\/06\/aliolio_art_contentment-within-abstract_60x80x4_original_web.jpg","datePublished":"2024-06-23T13:54:38+00:00","dateModified":"2025-05-09T08:29:39+00:00","breadcrumb":{"@id":"https:\/\/aliolio.art\/product\/contentment-within\/#breadcrumb"},"inLanguage":"en-GB","potentialAction":[{"@type":"ReadAction","target":["https:\/\/aliolio.art\/product\/contentment-within\/"]}]},{"@type":"ImageObject","inLanguage":"en-GB","@id":"https:\/\/aliolio.art\/product\/contentment-within\/#primaryimage","url":"https:\/\/aliolio.art\/wp-content\/uploads\/2024\/06\/aliolio_art_contentment-within-abstract_60x80x4_original_web.jpg","contentUrl":"https:\/\/aliolio.art\/wp-content\/uploads\/2024\/06\/aliolio_art_contentment-within-abstract_60x80x4_original_web.jpg","width":2310,"height":2310,"caption":"Ali Olio | Fine Art from the Alps | Kunst aus den Alpen | Alexandra Isabel H\u00f6rhager | Abstrakte Kunst blau orange Frau Zufriedenheit | abstract art contemporary blue orange woman contentment"},{"@type":"BreadcrumbList","@id":"https:\/\/aliolio.art\/product\/contentment-within\/#breadcrumb","itemListElement":[{"@type":"ListItem","position":1,"name":"Startseite","item":"https:\/\/aliolio.art\/"},{"@type":"ListItem","position":2,"name":"Shop","item":"https:\/\/aliolio.art\/collect\/"},{"@type":"ListItem","position":3,"name":"Contentment within"}]},{"@type":"WebSite","@id":"https:\/\/aliolio.art\/#website","url":"https:\/\/aliolio.art\/","name":"Ali Olio","description":"Fine Art from the Alps","publisher":{"@id":"https:\/\/aliolio.art\/#organization"},"potentialAction":[{"@type":"SearchAction","target":{"@type":"EntryPoint","urlTemplate":"https:\/\/aliolio.art\/?s={search_term_string}"},"query-input":{"@type":"PropertyValueSpecification","valueRequired":true,"valueName":"search_term_string"}}],"inLanguage":"en-GB"},{"@type":"Organization","@id":"https:\/\/aliolio.art\/#organization","name":"Ali Olio","url":"https:\/\/aliolio.art\/","logo":{"@type":"ImageObject","inLanguage":"en-GB","@id":"https:\/\/aliolio.art\/#\/schema\/logo\/image\/","url":"https:\/\/aliolio.art\/wp-content\/uploads\/2024\/06\/cropped-cropped-AliOlioArt-logo-white-transparent.png","contentUrl":"https:\/\/aliolio.art\/wp-content\/uploads\/2024\/06\/cropped-cropped-AliOlioArt-logo-white-transparent.png","width":512,"height":512,"caption":"Ali Olio"},"image":{"@id":"https:\/\/aliolio.art\/#\/schema\/logo\/image\/"}}]}},"jetpack_sharing_enabled":true,"_links":{"self":[{"href":"https:\/\/aliolio.art\/en\/wp-json\/wp\/v2\/product\/1255","targetHints":{"allow":["GET"]}}],"collection":[{"href":"https:\/\/aliolio.art\/en\/wp-json\/wp\/v2\/product"}],"about":[{"href":"https:\/\/aliolio.art\/en\/wp-json\/wp\/v2\/types\/product"}],"replies":[{"embeddable":true,"href":"https:\/\/aliolio.art\/en\/wp-json\/wp\/v2\/comments?post=1255"}],"version-history":[{"count":4,"href":"https:\/\/aliolio.art\/en\/wp-json\/wp\/v2\/product\/1255\/revisions"}],"predecessor-version":[{"id":3403,"href":"https:\/\/aliolio.art\/en\/wp-json\/wp\/v2\/product\/1255\/revisions\/3403"}],"wp:featuredmedia":[{"embeddable":true,"href":"https:\/\/aliolio.art\/en\/wp-json\/wp\/v2\/media\/1227"}],"wp:attachment":[{"href":"https:\/\/aliolio.art\/en\/wp-json\/wp\/v2\/media?parent=1255"}],"wp:term":[{"taxonomy":"product_brand","embeddable":true,"href":"https:\/\/aliolio.art\/en\/wp-json\/wp\/v2\/product_brand?post=1255"},{"taxonomy":"product_cat","embeddable":true,"href":"https:\/\/aliolio.art\/en\/wp-json\/wp\/v2\/product_cat?post=1255"},{"taxonomy":"product_tag","embeddable":true,"href":"https:\/\/aliolio.art\/en\/wp-json\/wp\/v2\/product_tag?post=1255"}],"curies":[{"name":"wp","href":"https:\/\/api.w.org\/{rel}","templated":true}]}}