{"id":1252,"date":"2024-06-23T13:51:45","date_gmt":"2024-06-23T13:51:45","guid":{"rendered":"https:\/\/aliolio.art\/?post_type=product&#038;p=1252"},"modified":"2026-03-31T09:11:40","modified_gmt":"2026-03-31T09:11:40","slug":"plein-air-no-02","status":"publish","type":"product","link":"https:\/\/aliolio.art\/en\/product\/plein-air-no-02\/","title":{"rendered":"Plein Air No 02"},"content":{"rendered":"<p>Mixed Media \u00d6lgem\u00e4lde auf Leinwand 60x60x2cm<\/p>","protected":false},"excerpt":{"rendered":"<p>Dieses Mixed Media \u00d6lgem\u00e4lde ist unter freiem Himmel entstanden. Die Farben, Formen und Texturen wurden in Mitten der italienischen Landschaft am Gardasee eingefangen. \u201eIl Dolce Farniente\u201c wurde mit Marker, Arcylfarbe, \u00d6lpastel und \u00d6lfarbe auf Leinwand gebracht.<\/p>\n<p>Mit dem Kauf dieses Originalkunstwerks schaffst Du Dir ein au\u00dfergew\u00f6hnliches Zuhause.<\/p>\n<p>This mixed media oil painting was created outdoors. The colors, shapes and textures were captured in the middle of the Italian landscape on Lake Garda. \u201cIl Dolce Farniente\u201d was created on canvas using marker, acrylic paint, oil pastel and oil paint.<\/p>\n<p>With buying this original artwork you create a home extraordinary.<\/p>","protected":false},"featured_media":1240,"comment_status":"open","ping_status":"closed","template":"","meta":[],"product_brand":[],"product_cat":[54,21,59,50],"product_tag":[58],"class_list":{"0":"post-1252","1":"product","2":"type-product","3":"status-publish","4":"has-post-thumbnail","6":"product_cat-child-serie-horizon-series","7":"product_cat-grandparent-original-art","8":"product_cat-parent-serie","9":"product_cat-parent-sold","10":"product_tag-sold","12":"first","13":"instock","14":"sold-individually","15":"shipping-taxable","16":"product-type-simple"},"yoast_head":"<!-- This site is optimized with the Yoast SEO plugin v25.8 - https:\/\/yoast.com\/wordpress\/plugins\/seo\/ -->\n<title>Plein Air No 02 - Ali Olio<\/title>\n<meta name=\"robots\" content=\"index, follow, max-snippet:-1, max-image-preview:large, max-video-preview:-1\" \/>\n<link rel=\"canonical\" href=\"https:\/\/aliolio.art\/en\/product\/plein-air-no-02\/\" \/>\n<meta property=\"og:locale\" content=\"en_GB\" \/>\n<meta property=\"og:type\" content=\"article\" \/>\n<meta property=\"og:title\" content=\"Plein Air No 02 - Ali Olio\" \/>\n<meta property=\"og:description\" content=\"Dieses Mixed Media \u00d6lgem\u00e4lde ist unter freiem Himmel entstanden. Die Farben, Formen und Texturen wurden in Mitten der italienischen Landschaft am Gardasee eingefangen. \u201eIl Dolce Farniente\u201c wurde mit Marker, Arcylfarbe, \u00d6lpastel und \u00d6lfarbe auf Leinwand gebracht.  Mit dem Kauf dieses Originalkunstwerks schaffst Du Dir ein au\u00dfergew\u00f6hnliches Zuhause.  This mixed media oil painting was created outdoors. The colors, shapes and textures were captured in the middle of the Italian landscape on Lake Garda. \u201cIl Dolce Farniente\u201d was created on canvas using marker, acrylic paint, oil pastel and oil paint.  With buying this original artwork you create a home extraordinary.\" \/>\n<meta property=\"og:url\" content=\"https:\/\/aliolio.art\/en\/product\/plein-air-no-02\/\" \/>\n<meta property=\"og:site_name\" content=\"Ali Olio\" \/>\n<meta property=\"article:modified_time\" content=\"2026-03-31T09:11:40+00:00\" \/>\n<meta property=\"og:image\" content=\"https:\/\/aliolio.art\/wp-content\/uploads\/2024\/06\/aliolio_art_plein-air-no-02_60x60x2_original_web.jpg\" \/>\n\t<meta property=\"og:image:width\" content=\"1202\" \/>\n\t<meta property=\"og:image:height\" content=\"1203\" \/>\n\t<meta property=\"og:image:type\" content=\"image\/jpeg\" \/>\n<meta name=\"twitter:card\" content=\"summary_large_image\" \/>\n<meta name=\"twitter:label1\" content=\"Estimated reading time\" \/>\n\t<meta name=\"twitter:data1\" content=\"1 minute\" \/>\n<script type=\"application\/ld+json\" class=\"yoast-schema-graph\">{\"@context\":\"https:\/\/schema.org\",\"@graph\":[{\"@type\":\"WebPage\",\"@id\":\"https:\/\/aliolio.art\/product\/plein-air-no-02\/\",\"url\":\"https:\/\/aliolio.art\/product\/plein-air-no-02\/\",\"name\":\"Plein Air No 02 - Ali Olio\",\"isPartOf\":{\"@id\":\"https:\/\/aliolio.art\/#website\"},\"primaryImageOfPage\":{\"@id\":\"https:\/\/aliolio.art\/product\/plein-air-no-02\/#primaryimage\"},\"image\":{\"@id\":\"https:\/\/aliolio.art\/product\/plein-air-no-02\/#primaryimage\"},\"thumbnailUrl\":\"https:\/\/aliolio.art\/wp-content\/uploads\/2024\/06\/aliolio_art_plein-air-no-02_60x60x2_original_web.jpg\",\"datePublished\":\"2024-06-23T13:51:45+00:00\",\"dateModified\":\"2026-03-31T09:11:40+00:00\",\"breadcrumb\":{\"@id\":\"https:\/\/aliolio.art\/product\/plein-air-no-02\/#breadcrumb\"},\"inLanguage\":\"en-GB\",\"potentialAction\":[{\"@type\":\"ReadAction\",\"target\":[\"https:\/\/aliolio.art\/product\/plein-air-no-02\/\"]}]},{\"@type\":\"ImageObject\",\"inLanguage\":\"en-GB\",\"@id\":\"https:\/\/aliolio.art\/product\/plein-air-no-02\/#primaryimage\",\"url\":\"https:\/\/aliolio.art\/wp-content\/uploads\/2024\/06\/aliolio_art_plein-air-no-02_60x60x2_original_web.jpg\",\"contentUrl\":\"https:\/\/aliolio.art\/wp-content\/uploads\/2024\/06\/aliolio_art_plein-air-no-02_60x60x2_original_web.jpg\",\"width\":1202,\"height\":1203,\"caption\":\"Ali Olio | Fine Art from the Alps | Kunst aus den Alpen | Alexandra Isabel H\u00f6rhager | Plein Air abstract plein air painting | Abstrakte Freiluft Malerei | Abstraktes Landschaftsbild Italien Gardasee | Landscape Art Italy Lake Garda\"},{\"@type\":\"BreadcrumbList\",\"@id\":\"https:\/\/aliolio.art\/product\/plein-air-no-02\/#breadcrumb\",\"itemListElement\":[{\"@type\":\"ListItem\",\"position\":1,\"name\":\"Startseite\",\"item\":\"https:\/\/aliolio.art\/\"},{\"@type\":\"ListItem\",\"position\":2,\"name\":\"Shop\",\"item\":\"https:\/\/aliolio.art\/collect\/\"},{\"@type\":\"ListItem\",\"position\":3,\"name\":\"Plein Air No 02\"}]},{\"@type\":\"WebSite\",\"@id\":\"https:\/\/aliolio.art\/#website\",\"url\":\"https:\/\/aliolio.art\/\",\"name\":\"Ali Olio\",\"description\":\"Fine Art from the Alps\",\"publisher\":{\"@id\":\"https:\/\/aliolio.art\/#organization\"},\"potentialAction\":[{\"@type\":\"SearchAction\",\"target\":{\"@type\":\"EntryPoint\",\"urlTemplate\":\"https:\/\/aliolio.art\/?s={search_term_string}\"},\"query-input\":{\"@type\":\"PropertyValueSpecification\",\"valueRequired\":true,\"valueName\":\"search_term_string\"}}],\"inLanguage\":\"en-GB\"},{\"@type\":\"Organization\",\"@id\":\"https:\/\/aliolio.art\/#organization\",\"name\":\"Ali Olio\",\"url\":\"https:\/\/aliolio.art\/\",\"logo\":{\"@type\":\"ImageObject\",\"inLanguage\":\"en-GB\",\"@id\":\"https:\/\/aliolio.art\/#\/schema\/logo\/image\/\",\"url\":\"https:\/\/aliolio.art\/wp-content\/uploads\/2024\/06\/cropped-cropped-AliOlioArt-logo-white-transparent.png\",\"contentUrl\":\"https:\/\/aliolio.art\/wp-content\/uploads\/2024\/06\/cropped-cropped-AliOlioArt-logo-white-transparent.png\",\"width\":512,\"height\":512,\"caption\":\"Ali Olio\"},\"image\":{\"@id\":\"https:\/\/aliolio.art\/#\/schema\/logo\/image\/\"}}]}<\/script>\n<!-- \/ Yoast SEO plugin. -->","yoast_head_json":{"title":"Plein Air No 02 - Ali Olio","robots":{"index":"index","follow":"follow","max-snippet":"max-snippet:-1","max-image-preview":"max-image-preview:large","max-video-preview":"max-video-preview:-1"},"canonical":"https:\/\/aliolio.art\/en\/product\/plein-air-no-02\/","og_locale":"en_GB","og_type":"article","og_title":"Plein Air No 02 - Ali Olio","og_description":"Dieses Mixed Media \u00d6lgem\u00e4lde ist unter freiem Himmel entstanden. Die Farben, Formen und Texturen wurden in Mitten der italienischen Landschaft am Gardasee eingefangen. \u201eIl Dolce Farniente\u201c wurde mit Marker, Arcylfarbe, \u00d6lpastel und \u00d6lfarbe auf Leinwand gebracht.  Mit dem Kauf dieses Originalkunstwerks schaffst Du Dir ein au\u00dfergew\u00f6hnliches Zuhause.  This mixed media oil painting was created outdoors. The colors, shapes and textures were captured in the middle of the Italian landscape on Lake Garda. \u201cIl Dolce Farniente\u201d was created on canvas using marker, acrylic paint, oil pastel and oil paint.  With buying this original artwork you create a home extraordinary.","og_url":"https:\/\/aliolio.art\/en\/product\/plein-air-no-02\/","og_site_name":"Ali Olio","article_modified_time":"2026-03-31T09:11:40+00:00","og_image":[{"width":1202,"height":1203,"url":"https:\/\/aliolio.art\/wp-content\/uploads\/2024\/06\/aliolio_art_plein-air-no-02_60x60x2_original_web.jpg","type":"image\/jpeg"}],"twitter_card":"summary_large_image","twitter_misc":{"Estimated reading time":"1 minute"},"schema":{"@context":"https:\/\/schema.org","@graph":[{"@type":"WebPage","@id":"https:\/\/aliolio.art\/product\/plein-air-no-02\/","url":"https:\/\/aliolio.art\/product\/plein-air-no-02\/","name":"Plein Air No 02 - Ali Olio","isPartOf":{"@id":"https:\/\/aliolio.art\/#website"},"primaryImageOfPage":{"@id":"https:\/\/aliolio.art\/product\/plein-air-no-02\/#primaryimage"},"image":{"@id":"https:\/\/aliolio.art\/product\/plein-air-no-02\/#primaryimage"},"thumbnailUrl":"https:\/\/aliolio.art\/wp-content\/uploads\/2024\/06\/aliolio_art_plein-air-no-02_60x60x2_original_web.jpg","datePublished":"2024-06-23T13:51:45+00:00","dateModified":"2026-03-31T09:11:40+00:00","breadcrumb":{"@id":"https:\/\/aliolio.art\/product\/plein-air-no-02\/#breadcrumb"},"inLanguage":"en-GB","potentialAction":[{"@type":"ReadAction","target":["https:\/\/aliolio.art\/product\/plein-air-no-02\/"]}]},{"@type":"ImageObject","inLanguage":"en-GB","@id":"https:\/\/aliolio.art\/product\/plein-air-no-02\/#primaryimage","url":"https:\/\/aliolio.art\/wp-content\/uploads\/2024\/06\/aliolio_art_plein-air-no-02_60x60x2_original_web.jpg","contentUrl":"https:\/\/aliolio.art\/wp-content\/uploads\/2024\/06\/aliolio_art_plein-air-no-02_60x60x2_original_web.jpg","width":1202,"height":1203,"caption":"Ali Olio | Fine Art from the Alps | Kunst aus den Alpen | Alexandra Isabel H\u00f6rhager | Plein Air abstract plein air painting | Abstrakte Freiluft Malerei | Abstraktes Landschaftsbild Italien Gardasee | Landscape Art Italy Lake Garda"},{"@type":"BreadcrumbList","@id":"https:\/\/aliolio.art\/product\/plein-air-no-02\/#breadcrumb","itemListElement":[{"@type":"ListItem","position":1,"name":"Startseite","item":"https:\/\/aliolio.art\/"},{"@type":"ListItem","position":2,"name":"Shop","item":"https:\/\/aliolio.art\/collect\/"},{"@type":"ListItem","position":3,"name":"Plein Air No 02"}]},{"@type":"WebSite","@id":"https:\/\/aliolio.art\/#website","url":"https:\/\/aliolio.art\/","name":"Ali Olio","description":"Fine Art from the Alps","publisher":{"@id":"https:\/\/aliolio.art\/#organization"},"potentialAction":[{"@type":"SearchAction","target":{"@type":"EntryPoint","urlTemplate":"https:\/\/aliolio.art\/?s={search_term_string}"},"query-input":{"@type":"PropertyValueSpecification","valueRequired":true,"valueName":"search_term_string"}}],"inLanguage":"en-GB"},{"@type":"Organization","@id":"https:\/\/aliolio.art\/#organization","name":"Ali Olio","url":"https:\/\/aliolio.art\/","logo":{"@type":"ImageObject","inLanguage":"en-GB","@id":"https:\/\/aliolio.art\/#\/schema\/logo\/image\/","url":"https:\/\/aliolio.art\/wp-content\/uploads\/2024\/06\/cropped-cropped-AliOlioArt-logo-white-transparent.png","contentUrl":"https:\/\/aliolio.art\/wp-content\/uploads\/2024\/06\/cropped-cropped-AliOlioArt-logo-white-transparent.png","width":512,"height":512,"caption":"Ali Olio"},"image":{"@id":"https:\/\/aliolio.art\/#\/schema\/logo\/image\/"}}]}},"jetpack_sharing_enabled":true,"_links":{"self":[{"href":"https:\/\/aliolio.art\/en\/wp-json\/wp\/v2\/product\/1252","targetHints":{"allow":["GET"]}}],"collection":[{"href":"https:\/\/aliolio.art\/en\/wp-json\/wp\/v2\/product"}],"about":[{"href":"https:\/\/aliolio.art\/en\/wp-json\/wp\/v2\/types\/product"}],"replies":[{"embeddable":true,"href":"https:\/\/aliolio.art\/en\/wp-json\/wp\/v2\/comments?post=1252"}],"version-history":[{"count":2,"href":"https:\/\/aliolio.art\/en\/wp-json\/wp\/v2\/product\/1252\/revisions"}],"predecessor-version":[{"id":3376,"href":"https:\/\/aliolio.art\/en\/wp-json\/wp\/v2\/product\/1252\/revisions\/3376"}],"wp:featuredmedia":[{"embeddable":true,"href":"https:\/\/aliolio.art\/en\/wp-json\/wp\/v2\/media\/1240"}],"wp:attachment":[{"href":"https:\/\/aliolio.art\/en\/wp-json\/wp\/v2\/media?parent=1252"}],"wp:term":[{"taxonomy":"product_brand","embeddable":true,"href":"https:\/\/aliolio.art\/en\/wp-json\/wp\/v2\/product_brand?post=1252"},{"taxonomy":"product_cat","embeddable":true,"href":"https:\/\/aliolio.art\/en\/wp-json\/wp\/v2\/product_cat?post=1252"},{"taxonomy":"product_tag","embeddable":true,"href":"https:\/\/aliolio.art\/en\/wp-json\/wp\/v2\/product_tag?post=1252"}],"curies":[{"name":"wp","href":"https:\/\/api.w.org\/{rel}","templated":true}]}}