{"id":1210,"date":"2024-06-16T21:27:34","date_gmt":"2024-06-16T21:27:34","guid":{"rendered":"https:\/\/aliolio.art\/?post_type=product&#038;p=1210"},"modified":"2025-03-29T17:22:02","modified_gmt":"2025-03-29T17:22:02","slug":"lioness-christina","status":"publish","type":"product","link":"https:\/\/aliolio.art\/en\/product\/lioness-christina\/","title":{"rendered":"Lioness Christina"},"content":{"rendered":"<p>\u00d6lgem\u00e4lde auf Leinwand 2 \u00e1 60x80x2cm<\/p>","protected":false},"excerpt":{"rendered":"<p>Sold<\/p>\n<p>Orginal art painting: oilcolor on canvas 2 pieces 60x80x2cm<\/p>\n<p>This oilpainting is inspired by a majestetic lioness combined with another painting which is abstract. The colors are grey, violet, green and brown.<\/p>\n<p>With buying this original art painting someone made a gift to themselves: They allowed themselves to have a piece of art and nature in their home. I hope this painting makes them feel peace and alive at the same time.<\/p>","protected":false},"featured_media":1181,"comment_status":"open","ping_status":"closed","template":"","meta":[],"product_brand":[],"product_cat":[57,21,50],"product_tag":[58],"class_list":{"0":"post-1210","1":"product","2":"type-product","3":"status-publish","4":"has-post-thumbnail","6":"product_cat-parent-experimental","7":"product_cat-grandparent-original-art","8":"product_cat-parent-sold","9":"product_tag-sold","11":"first","12":"outofstock","13":"sold-individually","14":"shipping-taxable","15":"product-type-simple"},"yoast_head":"<!-- This site is optimized with the Yoast SEO plugin v25.8 - https:\/\/yoast.com\/wordpress\/plugins\/seo\/ -->\n<title>Lioness Christina - Ali Olio<\/title>\n<meta name=\"robots\" content=\"index, follow, max-snippet:-1, max-image-preview:large, max-video-preview:-1\" \/>\n<link rel=\"canonical\" href=\"https:\/\/aliolio.art\/en\/product\/lioness-christina\/\" \/>\n<meta property=\"og:locale\" content=\"en_GB\" \/>\n<meta property=\"og:type\" content=\"article\" \/>\n<meta property=\"og:title\" content=\"Lioness Christina - Ali Olio\" \/>\n<meta property=\"og:description\" content=\"Sold  Orginal art painting: oilcolor on canvas 2 pieces 60x80x2cm  This oilpainting is inspired by a majestetic lioness combined with another painting which is abstract. The colors are grey, violet, green and brown.  With buying this original art painting someone made a gift to themselves: They allowed themselves to have a piece of art and nature in their home. I hope this painting makes them feel peace and alive at the same time.\" \/>\n<meta property=\"og:url\" content=\"https:\/\/aliolio.art\/en\/product\/lioness-christina\/\" \/>\n<meta property=\"og:site_name\" content=\"Ali Olio\" \/>\n<meta property=\"article:modified_time\" content=\"2025-03-29T17:22:02+00:00\" \/>\n<meta property=\"og:image\" content=\"https:\/\/aliolio.art\/wp-content\/uploads\/2024\/06\/lioness-christina_2x60x80x2cm_AliOlioArt_painting_front.jpg\" \/>\n\t<meta property=\"og:image:width\" content=\"1171\" \/>\n\t<meta property=\"og:image:height\" content=\"1140\" \/>\n\t<meta property=\"og:image:type\" content=\"image\/jpeg\" \/>\n<meta name=\"twitter:card\" content=\"summary_large_image\" \/>\n<script type=\"application\/ld+json\" class=\"yoast-schema-graph\">{\"@context\":\"https:\/\/schema.org\",\"@graph\":[{\"@type\":\"WebPage\",\"@id\":\"https:\/\/aliolio.art\/product\/lioness-christina\/\",\"url\":\"https:\/\/aliolio.art\/product\/lioness-christina\/\",\"name\":\"Lioness Christina - Ali Olio\",\"isPartOf\":{\"@id\":\"https:\/\/aliolio.art\/#website\"},\"primaryImageOfPage\":{\"@id\":\"https:\/\/aliolio.art\/product\/lioness-christina\/#primaryimage\"},\"image\":{\"@id\":\"https:\/\/aliolio.art\/product\/lioness-christina\/#primaryimage\"},\"thumbnailUrl\":\"https:\/\/aliolio.art\/wp-content\/uploads\/2024\/06\/lioness-christina_2x60x80x2cm_AliOlioArt_painting_front.jpg\",\"datePublished\":\"2024-06-16T21:27:34+00:00\",\"dateModified\":\"2025-03-29T17:22:02+00:00\",\"breadcrumb\":{\"@id\":\"https:\/\/aliolio.art\/product\/lioness-christina\/#breadcrumb\"},\"inLanguage\":\"en-GB\",\"potentialAction\":[{\"@type\":\"ReadAction\",\"target\":[\"https:\/\/aliolio.art\/product\/lioness-christina\/\"]}]},{\"@type\":\"ImageObject\",\"inLanguage\":\"en-GB\",\"@id\":\"https:\/\/aliolio.art\/product\/lioness-christina\/#primaryimage\",\"url\":\"https:\/\/aliolio.art\/wp-content\/uploads\/2024\/06\/lioness-christina_2x60x80x2cm_AliOlioArt_painting_front.jpg\",\"contentUrl\":\"https:\/\/aliolio.art\/wp-content\/uploads\/2024\/06\/lioness-christina_2x60x80x2cm_AliOlioArt_painting_front.jpg\",\"width\":1171,\"height\":1140,\"caption\":\"Ali Olio | Fine Art from the Alps | Kunst aus den Alpen | lion lioness abstract art modern wall art L\u00f6we Malerei abstrakt \u00d6lgem\u00e4lde \u00d6lmalerei\"},{\"@type\":\"BreadcrumbList\",\"@id\":\"https:\/\/aliolio.art\/product\/lioness-christina\/#breadcrumb\",\"itemListElement\":[{\"@type\":\"ListItem\",\"position\":1,\"name\":\"Startseite\",\"item\":\"https:\/\/aliolio.art\/\"},{\"@type\":\"ListItem\",\"position\":2,\"name\":\"Shop\",\"item\":\"https:\/\/aliolio.art\/collect\/\"},{\"@type\":\"ListItem\",\"position\":3,\"name\":\"Lioness Christina\"}]},{\"@type\":\"WebSite\",\"@id\":\"https:\/\/aliolio.art\/#website\",\"url\":\"https:\/\/aliolio.art\/\",\"name\":\"Ali Olio\",\"description\":\"Fine Art from the Alps\",\"publisher\":{\"@id\":\"https:\/\/aliolio.art\/#organization\"},\"potentialAction\":[{\"@type\":\"SearchAction\",\"target\":{\"@type\":\"EntryPoint\",\"urlTemplate\":\"https:\/\/aliolio.art\/?s={search_term_string}\"},\"query-input\":{\"@type\":\"PropertyValueSpecification\",\"valueRequired\":true,\"valueName\":\"search_term_string\"}}],\"inLanguage\":\"en-GB\"},{\"@type\":\"Organization\",\"@id\":\"https:\/\/aliolio.art\/#organization\",\"name\":\"Ali Olio\",\"url\":\"https:\/\/aliolio.art\/\",\"logo\":{\"@type\":\"ImageObject\",\"inLanguage\":\"en-GB\",\"@id\":\"https:\/\/aliolio.art\/#\/schema\/logo\/image\/\",\"url\":\"https:\/\/aliolio.art\/wp-content\/uploads\/2024\/06\/cropped-cropped-AliOlioArt-logo-white-transparent.png\",\"contentUrl\":\"https:\/\/aliolio.art\/wp-content\/uploads\/2024\/06\/cropped-cropped-AliOlioArt-logo-white-transparent.png\",\"width\":512,\"height\":512,\"caption\":\"Ali Olio\"},\"image\":{\"@id\":\"https:\/\/aliolio.art\/#\/schema\/logo\/image\/\"}}]}<\/script>\n<!-- \/ Yoast SEO plugin. -->","yoast_head_json":{"title":"Lioness Christina - Ali Olio","robots":{"index":"index","follow":"follow","max-snippet":"max-snippet:-1","max-image-preview":"max-image-preview:large","max-video-preview":"max-video-preview:-1"},"canonical":"https:\/\/aliolio.art\/en\/product\/lioness-christina\/","og_locale":"en_GB","og_type":"article","og_title":"Lioness Christina - Ali Olio","og_description":"Sold  Orginal art painting: oilcolor on canvas 2 pieces 60x80x2cm  This oilpainting is inspired by a majestetic lioness combined with another painting which is abstract. The colors are grey, violet, green and brown.  With buying this original art painting someone made a gift to themselves: They allowed themselves to have a piece of art and nature in their home. I hope this painting makes them feel peace and alive at the same time.","og_url":"https:\/\/aliolio.art\/en\/product\/lioness-christina\/","og_site_name":"Ali Olio","article_modified_time":"2025-03-29T17:22:02+00:00","og_image":[{"width":1171,"height":1140,"url":"https:\/\/aliolio.art\/wp-content\/uploads\/2024\/06\/lioness-christina_2x60x80x2cm_AliOlioArt_painting_front.jpg","type":"image\/jpeg"}],"twitter_card":"summary_large_image","schema":{"@context":"https:\/\/schema.org","@graph":[{"@type":"WebPage","@id":"https:\/\/aliolio.art\/product\/lioness-christina\/","url":"https:\/\/aliolio.art\/product\/lioness-christina\/","name":"Lioness Christina - Ali Olio","isPartOf":{"@id":"https:\/\/aliolio.art\/#website"},"primaryImageOfPage":{"@id":"https:\/\/aliolio.art\/product\/lioness-christina\/#primaryimage"},"image":{"@id":"https:\/\/aliolio.art\/product\/lioness-christina\/#primaryimage"},"thumbnailUrl":"https:\/\/aliolio.art\/wp-content\/uploads\/2024\/06\/lioness-christina_2x60x80x2cm_AliOlioArt_painting_front.jpg","datePublished":"2024-06-16T21:27:34+00:00","dateModified":"2025-03-29T17:22:02+00:00","breadcrumb":{"@id":"https:\/\/aliolio.art\/product\/lioness-christina\/#breadcrumb"},"inLanguage":"en-GB","potentialAction":[{"@type":"ReadAction","target":["https:\/\/aliolio.art\/product\/lioness-christina\/"]}]},{"@type":"ImageObject","inLanguage":"en-GB","@id":"https:\/\/aliolio.art\/product\/lioness-christina\/#primaryimage","url":"https:\/\/aliolio.art\/wp-content\/uploads\/2024\/06\/lioness-christina_2x60x80x2cm_AliOlioArt_painting_front.jpg","contentUrl":"https:\/\/aliolio.art\/wp-content\/uploads\/2024\/06\/lioness-christina_2x60x80x2cm_AliOlioArt_painting_front.jpg","width":1171,"height":1140,"caption":"Ali Olio | Fine Art from the Alps | Kunst aus den Alpen | lion lioness abstract art modern wall art L\u00f6we Malerei abstrakt \u00d6lgem\u00e4lde \u00d6lmalerei"},{"@type":"BreadcrumbList","@id":"https:\/\/aliolio.art\/product\/lioness-christina\/#breadcrumb","itemListElement":[{"@type":"ListItem","position":1,"name":"Startseite","item":"https:\/\/aliolio.art\/"},{"@type":"ListItem","position":2,"name":"Shop","item":"https:\/\/aliolio.art\/collect\/"},{"@type":"ListItem","position":3,"name":"Lioness Christina"}]},{"@type":"WebSite","@id":"https:\/\/aliolio.art\/#website","url":"https:\/\/aliolio.art\/","name":"Ali Olio","description":"Fine Art from the Alps","publisher":{"@id":"https:\/\/aliolio.art\/#organization"},"potentialAction":[{"@type":"SearchAction","target":{"@type":"EntryPoint","urlTemplate":"https:\/\/aliolio.art\/?s={search_term_string}"},"query-input":{"@type":"PropertyValueSpecification","valueRequired":true,"valueName":"search_term_string"}}],"inLanguage":"en-GB"},{"@type":"Organization","@id":"https:\/\/aliolio.art\/#organization","name":"Ali Olio","url":"https:\/\/aliolio.art\/","logo":{"@type":"ImageObject","inLanguage":"en-GB","@id":"https:\/\/aliolio.art\/#\/schema\/logo\/image\/","url":"https:\/\/aliolio.art\/wp-content\/uploads\/2024\/06\/cropped-cropped-AliOlioArt-logo-white-transparent.png","contentUrl":"https:\/\/aliolio.art\/wp-content\/uploads\/2024\/06\/cropped-cropped-AliOlioArt-logo-white-transparent.png","width":512,"height":512,"caption":"Ali Olio"},"image":{"@id":"https:\/\/aliolio.art\/#\/schema\/logo\/image\/"}}]}},"jetpack_sharing_enabled":true,"_links":{"self":[{"href":"https:\/\/aliolio.art\/en\/wp-json\/wp\/v2\/product\/1210","targetHints":{"allow":["GET"]}}],"collection":[{"href":"https:\/\/aliolio.art\/en\/wp-json\/wp\/v2\/product"}],"about":[{"href":"https:\/\/aliolio.art\/en\/wp-json\/wp\/v2\/types\/product"}],"replies":[{"embeddable":true,"href":"https:\/\/aliolio.art\/en\/wp-json\/wp\/v2\/comments?post=1210"}],"version-history":[{"count":4,"href":"https:\/\/aliolio.art\/en\/wp-json\/wp\/v2\/product\/1210\/revisions"}],"predecessor-version":[{"id":3379,"href":"https:\/\/aliolio.art\/en\/wp-json\/wp\/v2\/product\/1210\/revisions\/3379"}],"wp:featuredmedia":[{"embeddable":true,"href":"https:\/\/aliolio.art\/en\/wp-json\/wp\/v2\/media\/1181"}],"wp:attachment":[{"href":"https:\/\/aliolio.art\/en\/wp-json\/wp\/v2\/media?parent=1210"}],"wp:term":[{"taxonomy":"product_brand","embeddable":true,"href":"https:\/\/aliolio.art\/en\/wp-json\/wp\/v2\/product_brand?post=1210"},{"taxonomy":"product_cat","embeddable":true,"href":"https:\/\/aliolio.art\/en\/wp-json\/wp\/v2\/product_cat?post=1210"},{"taxonomy":"product_tag","embeddable":true,"href":"https:\/\/aliolio.art\/en\/wp-json\/wp\/v2\/product_tag?post=1210"}],"curies":[{"name":"wp","href":"https:\/\/api.w.org\/{rel}","templated":true}]}}