{"id":1202,"date":"2024-06-16T21:10:14","date_gmt":"2024-06-16T21:10:14","guid":{"rendered":"https:\/\/aliolio.art\/?post_type=product&#038;p=1202"},"modified":"2025-03-29T17:23:43","modified_gmt":"2025-03-29T17:23:43","slug":"place-to-rest","status":"publish","type":"product","link":"https:\/\/aliolio.art\/en\/product\/place-to-rest\/","title":{"rendered":"Place to Rest"},"content":{"rendered":"<p>\u00d6lgem\u00e4lde auf Leinwand 160x160x4cm<\/p>","protected":false},"excerpt":{"rendered":"<p>Original art painting: oilcolor on canvas 160x160x4cm<\/p>\n<p>This oilpainting is inspired by the beautiful mountains and a bench. Sometimes you don\u2019t need more than a place to rest.<\/p>\n<p>The colors are kept neutral to natural tones with green, blue, white and brown. There are shades of violet and yellow to be found.<\/p>\n<p>With buying this original art painting someone made a gift to themselves: They allowed themselves to have a piece of art and nature in their home. I hope this painting makes them feel peace and alive at the same time.<\/p>","protected":false},"featured_media":1173,"comment_status":"open","ping_status":"closed","template":"","meta":[],"product_brand":[],"product_cat":[54,21,59,50],"product_tag":[58],"class_list":{"0":"post-1202","1":"product","2":"type-product","3":"status-publish","4":"has-post-thumbnail","6":"product_cat-child-serie-horizon-series","7":"product_cat-grandparent-original-art","8":"product_cat-parent-serie","9":"product_cat-parent-sold","10":"product_tag-sold","12":"first","13":"outofstock","14":"sold-individually","15":"shipping-taxable","16":"product-type-simple"},"yoast_head":"<!-- This site is optimized with the Yoast SEO plugin v25.8 - https:\/\/yoast.com\/wordpress\/plugins\/seo\/ -->\n<title>Place to Rest - Ali Olio<\/title>\n<meta name=\"robots\" content=\"index, follow, max-snippet:-1, max-image-preview:large, max-video-preview:-1\" \/>\n<link rel=\"canonical\" href=\"https:\/\/aliolio.art\/en\/product\/place-to-rest\/\" \/>\n<meta property=\"og:locale\" content=\"en_GB\" \/>\n<meta property=\"og:type\" content=\"article\" \/>\n<meta property=\"og:title\" content=\"Place to Rest - Ali Olio\" \/>\n<meta property=\"og:description\" content=\"Original art painting: oilcolor on canvas 160x160x4cm  This oilpainting is inspired by the beautiful mountains and a bench. Sometimes you don\u2019t need more than a place to rest.  The colors are kept neutral to natural tones with green, blue, white and brown. There are shades of violet and yellow to be found.  With buying this original art painting someone made a gift to themselves: They allowed themselves to have a piece of art and nature in their home. I hope this painting makes them feel peace and alive at the same time.\" \/>\n<meta property=\"og:url\" content=\"https:\/\/aliolio.art\/en\/product\/place-to-rest\/\" \/>\n<meta property=\"og:site_name\" content=\"Ali Olio\" \/>\n<meta property=\"article:modified_time\" content=\"2025-03-29T17:23:43+00:00\" \/>\n<meta property=\"og:image\" content=\"https:\/\/aliolio.art\/wp-content\/uploads\/2024\/06\/A-place-to-rest_160x160x4cm_AliOlioArt_painting_front.jpg\" \/>\n\t<meta property=\"og:image:width\" content=\"1286\" \/>\n\t<meta property=\"og:image:height\" content=\"1286\" \/>\n\t<meta property=\"og:image:type\" content=\"image\/jpeg\" \/>\n<meta name=\"twitter:card\" content=\"summary_large_image\" \/>\n<script type=\"application\/ld+json\" class=\"yoast-schema-graph\">{\"@context\":\"https:\/\/schema.org\",\"@graph\":[{\"@type\":\"WebPage\",\"@id\":\"https:\/\/aliolio.art\/product\/place-to-rest\/\",\"url\":\"https:\/\/aliolio.art\/product\/place-to-rest\/\",\"name\":\"Place to Rest - Ali Olio\",\"isPartOf\":{\"@id\":\"https:\/\/aliolio.art\/#website\"},\"primaryImageOfPage\":{\"@id\":\"https:\/\/aliolio.art\/product\/place-to-rest\/#primaryimage\"},\"image\":{\"@id\":\"https:\/\/aliolio.art\/product\/place-to-rest\/#primaryimage\"},\"thumbnailUrl\":\"https:\/\/aliolio.art\/wp-content\/uploads\/2024\/06\/A-place-to-rest_160x160x4cm_AliOlioArt_painting_front.jpg\",\"datePublished\":\"2024-06-16T21:10:14+00:00\",\"dateModified\":\"2025-03-29T17:23:43+00:00\",\"breadcrumb\":{\"@id\":\"https:\/\/aliolio.art\/product\/place-to-rest\/#breadcrumb\"},\"inLanguage\":\"en-GB\",\"potentialAction\":[{\"@type\":\"ReadAction\",\"target\":[\"https:\/\/aliolio.art\/product\/place-to-rest\/\"]}]},{\"@type\":\"ImageObject\",\"inLanguage\":\"en-GB\",\"@id\":\"https:\/\/aliolio.art\/product\/place-to-rest\/#primaryimage\",\"url\":\"https:\/\/aliolio.art\/wp-content\/uploads\/2024\/06\/A-place-to-rest_160x160x4cm_AliOlioArt_painting_front.jpg\",\"contentUrl\":\"https:\/\/aliolio.art\/wp-content\/uploads\/2024\/06\/A-place-to-rest_160x160x4cm_AliOlioArt_painting_front.jpg\",\"width\":1286,\"height\":1286,\"caption\":\"Ali Olio | Fine Art from the Alps | Kunst aus den Alpen | Berge gr\u00fcn grau blau Himmel Weg Landschaftsbild \u00d6lmalerei \u00d6lgem\u00e4lde oilpainting landscape art mountain\"},{\"@type\":\"BreadcrumbList\",\"@id\":\"https:\/\/aliolio.art\/product\/place-to-rest\/#breadcrumb\",\"itemListElement\":[{\"@type\":\"ListItem\",\"position\":1,\"name\":\"Startseite\",\"item\":\"https:\/\/aliolio.art\/\"},{\"@type\":\"ListItem\",\"position\":2,\"name\":\"Shop\",\"item\":\"https:\/\/aliolio.art\/collect\/\"},{\"@type\":\"ListItem\",\"position\":3,\"name\":\"Place to Rest\"}]},{\"@type\":\"WebSite\",\"@id\":\"https:\/\/aliolio.art\/#website\",\"url\":\"https:\/\/aliolio.art\/\",\"name\":\"Ali Olio\",\"description\":\"Fine Art from the Alps\",\"publisher\":{\"@id\":\"https:\/\/aliolio.art\/#organization\"},\"potentialAction\":[{\"@type\":\"SearchAction\",\"target\":{\"@type\":\"EntryPoint\",\"urlTemplate\":\"https:\/\/aliolio.art\/?s={search_term_string}\"},\"query-input\":{\"@type\":\"PropertyValueSpecification\",\"valueRequired\":true,\"valueName\":\"search_term_string\"}}],\"inLanguage\":\"en-GB\"},{\"@type\":\"Organization\",\"@id\":\"https:\/\/aliolio.art\/#organization\",\"name\":\"Ali Olio\",\"url\":\"https:\/\/aliolio.art\/\",\"logo\":{\"@type\":\"ImageObject\",\"inLanguage\":\"en-GB\",\"@id\":\"https:\/\/aliolio.art\/#\/schema\/logo\/image\/\",\"url\":\"https:\/\/aliolio.art\/wp-content\/uploads\/2024\/06\/cropped-cropped-AliOlioArt-logo-white-transparent.png\",\"contentUrl\":\"https:\/\/aliolio.art\/wp-content\/uploads\/2024\/06\/cropped-cropped-AliOlioArt-logo-white-transparent.png\",\"width\":512,\"height\":512,\"caption\":\"Ali Olio\"},\"image\":{\"@id\":\"https:\/\/aliolio.art\/#\/schema\/logo\/image\/\"}}]}<\/script>\n<!-- \/ Yoast SEO plugin. -->","yoast_head_json":{"title":"Place to Rest - Ali Olio","robots":{"index":"index","follow":"follow","max-snippet":"max-snippet:-1","max-image-preview":"max-image-preview:large","max-video-preview":"max-video-preview:-1"},"canonical":"https:\/\/aliolio.art\/en\/product\/place-to-rest\/","og_locale":"en_GB","og_type":"article","og_title":"Place to Rest - Ali Olio","og_description":"Original art painting: oilcolor on canvas 160x160x4cm  This oilpainting is inspired by the beautiful mountains and a bench. Sometimes you don\u2019t need more than a place to rest.  The colors are kept neutral to natural tones with green, blue, white and brown. There are shades of violet and yellow to be found.  With buying this original art painting someone made a gift to themselves: They allowed themselves to have a piece of art and nature in their home. I hope this painting makes them feel peace and alive at the same time.","og_url":"https:\/\/aliolio.art\/en\/product\/place-to-rest\/","og_site_name":"Ali Olio","article_modified_time":"2025-03-29T17:23:43+00:00","og_image":[{"width":1286,"height":1286,"url":"https:\/\/aliolio.art\/wp-content\/uploads\/2024\/06\/A-place-to-rest_160x160x4cm_AliOlioArt_painting_front.jpg","type":"image\/jpeg"}],"twitter_card":"summary_large_image","schema":{"@context":"https:\/\/schema.org","@graph":[{"@type":"WebPage","@id":"https:\/\/aliolio.art\/product\/place-to-rest\/","url":"https:\/\/aliolio.art\/product\/place-to-rest\/","name":"Place to Rest - Ali Olio","isPartOf":{"@id":"https:\/\/aliolio.art\/#website"},"primaryImageOfPage":{"@id":"https:\/\/aliolio.art\/product\/place-to-rest\/#primaryimage"},"image":{"@id":"https:\/\/aliolio.art\/product\/place-to-rest\/#primaryimage"},"thumbnailUrl":"https:\/\/aliolio.art\/wp-content\/uploads\/2024\/06\/A-place-to-rest_160x160x4cm_AliOlioArt_painting_front.jpg","datePublished":"2024-06-16T21:10:14+00:00","dateModified":"2025-03-29T17:23:43+00:00","breadcrumb":{"@id":"https:\/\/aliolio.art\/product\/place-to-rest\/#breadcrumb"},"inLanguage":"en-GB","potentialAction":[{"@type":"ReadAction","target":["https:\/\/aliolio.art\/product\/place-to-rest\/"]}]},{"@type":"ImageObject","inLanguage":"en-GB","@id":"https:\/\/aliolio.art\/product\/place-to-rest\/#primaryimage","url":"https:\/\/aliolio.art\/wp-content\/uploads\/2024\/06\/A-place-to-rest_160x160x4cm_AliOlioArt_painting_front.jpg","contentUrl":"https:\/\/aliolio.art\/wp-content\/uploads\/2024\/06\/A-place-to-rest_160x160x4cm_AliOlioArt_painting_front.jpg","width":1286,"height":1286,"caption":"Ali Olio | Fine Art from the Alps | Kunst aus den Alpen | Berge gr\u00fcn grau blau Himmel Weg Landschaftsbild \u00d6lmalerei \u00d6lgem\u00e4lde oilpainting landscape art mountain"},{"@type":"BreadcrumbList","@id":"https:\/\/aliolio.art\/product\/place-to-rest\/#breadcrumb","itemListElement":[{"@type":"ListItem","position":1,"name":"Startseite","item":"https:\/\/aliolio.art\/"},{"@type":"ListItem","position":2,"name":"Shop","item":"https:\/\/aliolio.art\/collect\/"},{"@type":"ListItem","position":3,"name":"Place to Rest"}]},{"@type":"WebSite","@id":"https:\/\/aliolio.art\/#website","url":"https:\/\/aliolio.art\/","name":"Ali Olio","description":"Fine Art from the Alps","publisher":{"@id":"https:\/\/aliolio.art\/#organization"},"potentialAction":[{"@type":"SearchAction","target":{"@type":"EntryPoint","urlTemplate":"https:\/\/aliolio.art\/?s={search_term_string}"},"query-input":{"@type":"PropertyValueSpecification","valueRequired":true,"valueName":"search_term_string"}}],"inLanguage":"en-GB"},{"@type":"Organization","@id":"https:\/\/aliolio.art\/#organization","name":"Ali Olio","url":"https:\/\/aliolio.art\/","logo":{"@type":"ImageObject","inLanguage":"en-GB","@id":"https:\/\/aliolio.art\/#\/schema\/logo\/image\/","url":"https:\/\/aliolio.art\/wp-content\/uploads\/2024\/06\/cropped-cropped-AliOlioArt-logo-white-transparent.png","contentUrl":"https:\/\/aliolio.art\/wp-content\/uploads\/2024\/06\/cropped-cropped-AliOlioArt-logo-white-transparent.png","width":512,"height":512,"caption":"Ali Olio"},"image":{"@id":"https:\/\/aliolio.art\/#\/schema\/logo\/image\/"}}]}},"jetpack_sharing_enabled":true,"_links":{"self":[{"href":"https:\/\/aliolio.art\/en\/wp-json\/wp\/v2\/product\/1202","targetHints":{"allow":["GET"]}}],"collection":[{"href":"https:\/\/aliolio.art\/en\/wp-json\/wp\/v2\/product"}],"about":[{"href":"https:\/\/aliolio.art\/en\/wp-json\/wp\/v2\/types\/product"}],"replies":[{"embeddable":true,"href":"https:\/\/aliolio.art\/en\/wp-json\/wp\/v2\/comments?post=1202"}],"version-history":[{"count":3,"href":"https:\/\/aliolio.art\/en\/wp-json\/wp\/v2\/product\/1202\/revisions"}],"predecessor-version":[{"id":3381,"href":"https:\/\/aliolio.art\/en\/wp-json\/wp\/v2\/product\/1202\/revisions\/3381"}],"wp:featuredmedia":[{"embeddable":true,"href":"https:\/\/aliolio.art\/en\/wp-json\/wp\/v2\/media\/1173"}],"wp:attachment":[{"href":"https:\/\/aliolio.art\/en\/wp-json\/wp\/v2\/media?parent=1202"}],"wp:term":[{"taxonomy":"product_brand","embeddable":true,"href":"https:\/\/aliolio.art\/en\/wp-json\/wp\/v2\/product_brand?post=1202"},{"taxonomy":"product_cat","embeddable":true,"href":"https:\/\/aliolio.art\/en\/wp-json\/wp\/v2\/product_cat?post=1202"},{"taxonomy":"product_tag","embeddable":true,"href":"https:\/\/aliolio.art\/en\/wp-json\/wp\/v2\/product_tag?post=1202"}],"curies":[{"name":"wp","href":"https:\/\/api.w.org\/{rel}","templated":true}]}}