{"id":1143,"date":"2024-06-16T19:37:56","date_gmt":"2024-06-16T19:37:56","guid":{"rendered":"https:\/\/aliolio.art\/?post_type=product&#038;p=1143"},"modified":"2025-09-27T21:38:20","modified_gmt":"2025-09-27T21:38:20","slug":"gentleness","status":"publish","type":"product","link":"https:\/\/aliolio.art\/en\/product\/gentleness\/","title":{"rendered":"Gentleness"},"content":{"rendered":"<p>Oilpainting on canvas 40 x 50 x 2 cm<\/p>","protected":false},"excerpt":{"rendered":"<p>Orginal art painting oilcolor on canvas 40x50x2cm<\/p>\n<p>A beautifully colorful leopard with gentle blue colored eyes \u2013 that\u2019s where the name of this painting comes from.<\/p>\n<p>Reconnect with nature. Nature is art itself and that\u2019s what inspires me the most.<br \/>\nWith buying this original art painting you make a gift to yourself: You allow yourself to have a piece of art and nature in your home.<\/p>\n<p>I hope this painting makes you feel peace and alive at the same time.<\/p>\n<p>&nbsp;<\/p>","protected":false},"featured_media":1148,"comment_status":"open","ping_status":"closed","template":"","meta":[],"product_brand":[],"product_cat":[57,21,50],"product_tag":[58],"class_list":{"0":"post-1143","1":"product","2":"type-product","3":"status-publish","4":"has-post-thumbnail","6":"product_cat-parent-experimental","7":"product_cat-grandparent-original-art","8":"product_cat-parent-sold","9":"product_tag-sold","11":"first","12":"outofstock","13":"sold-individually","14":"shipping-taxable","15":"product-type-simple"},"yoast_head":"<!-- This site is optimized with the Yoast SEO plugin v25.8 - https:\/\/yoast.com\/wordpress\/plugins\/seo\/ -->\n<title>Gentleness - Ali Olio<\/title>\n<meta name=\"robots\" content=\"index, follow, max-snippet:-1, max-image-preview:large, max-video-preview:-1\" \/>\n<link rel=\"canonical\" href=\"https:\/\/aliolio.art\/en\/product\/gentleness\/\" \/>\n<meta property=\"og:locale\" content=\"en_GB\" \/>\n<meta property=\"og:type\" content=\"article\" \/>\n<meta property=\"og:title\" content=\"Gentleness - Ali Olio\" \/>\n<meta property=\"og:description\" content=\"Orginal art painting oilcolor on canvas 40x50x2cm  A beautifully colorful leopard with gentle blue colored eyes \u2013 that\u2019s where the name of this painting comes from.  Reconnect with nature. Nature is art itself and that\u2019s what inspires me the most. With buying this original art painting you make a gift to yourself: You allow yourself to have a piece of art and nature in your home.  I hope this painting makes you feel peace and alive at the same time.  &nbsp;\" \/>\n<meta property=\"og:url\" content=\"https:\/\/aliolio.art\/en\/product\/gentleness\/\" \/>\n<meta property=\"og:site_name\" content=\"Ali Olio\" \/>\n<meta property=\"article:modified_time\" content=\"2025-09-27T21:38:20+00:00\" \/>\n<meta property=\"og:image\" content=\"https:\/\/aliolio.art\/wp-content\/uploads\/2024\/06\/gentleness40x50_aliolio_art_painting-inroom02-1-e1718566855944.jpg\" \/>\n\t<meta property=\"og:image:width\" content=\"700\" \/>\n\t<meta property=\"og:image:height\" content=\"700\" \/>\n\t<meta property=\"og:image:type\" content=\"image\/jpeg\" \/>\n<meta name=\"twitter:card\" content=\"summary_large_image\" \/>\n<meta name=\"twitter:label1\" content=\"Estimated reading time\" \/>\n\t<meta name=\"twitter:data1\" content=\"1 minute\" \/>\n<script type=\"application\/ld+json\" class=\"yoast-schema-graph\">{\"@context\":\"https:\/\/schema.org\",\"@graph\":[{\"@type\":\"WebPage\",\"@id\":\"https:\/\/aliolio.art\/product\/gentleness\/\",\"url\":\"https:\/\/aliolio.art\/product\/gentleness\/\",\"name\":\"Gentleness - Ali Olio\",\"isPartOf\":{\"@id\":\"https:\/\/aliolio.art\/#website\"},\"primaryImageOfPage\":{\"@id\":\"https:\/\/aliolio.art\/product\/gentleness\/#primaryimage\"},\"image\":{\"@id\":\"https:\/\/aliolio.art\/product\/gentleness\/#primaryimage\"},\"thumbnailUrl\":\"https:\/\/aliolio.art\/wp-content\/uploads\/2024\/06\/gentleness40x50_aliolio_art_painting-inroom02-1-e1718566855944.jpg\",\"datePublished\":\"2024-06-16T19:37:56+00:00\",\"dateModified\":\"2025-09-27T21:38:20+00:00\",\"breadcrumb\":{\"@id\":\"https:\/\/aliolio.art\/product\/gentleness\/#breadcrumb\"},\"inLanguage\":\"en-GB\",\"potentialAction\":[{\"@type\":\"ReadAction\",\"target\":[\"https:\/\/aliolio.art\/product\/gentleness\/\"]}]},{\"@type\":\"ImageObject\",\"inLanguage\":\"en-GB\",\"@id\":\"https:\/\/aliolio.art\/product\/gentleness\/#primaryimage\",\"url\":\"https:\/\/aliolio.art\/wp-content\/uploads\/2024\/06\/gentleness40x50_aliolio_art_painting-inroom02-1-e1718566855944.jpg\",\"contentUrl\":\"https:\/\/aliolio.art\/wp-content\/uploads\/2024\/06\/gentleness40x50_aliolio_art_painting-inroom02-1-e1718566855944.jpg\",\"width\":700,\"height\":700,\"caption\":\"Ali Olio | Fine Art from the Alps | Kunst aus den Alpen | Leopard bunt colorful \u00d6lmalerei \u00d6lgem\u00e4lde oilpainting\"},{\"@type\":\"BreadcrumbList\",\"@id\":\"https:\/\/aliolio.art\/product\/gentleness\/#breadcrumb\",\"itemListElement\":[{\"@type\":\"ListItem\",\"position\":1,\"name\":\"Startseite\",\"item\":\"https:\/\/aliolio.art\/\"},{\"@type\":\"ListItem\",\"position\":2,\"name\":\"Shop\",\"item\":\"https:\/\/aliolio.art\/collect\/\"},{\"@type\":\"ListItem\",\"position\":3,\"name\":\"Gentleness\"}]},{\"@type\":\"WebSite\",\"@id\":\"https:\/\/aliolio.art\/#website\",\"url\":\"https:\/\/aliolio.art\/\",\"name\":\"Ali Olio\",\"description\":\"Fine Art from the Alps\",\"publisher\":{\"@id\":\"https:\/\/aliolio.art\/#organization\"},\"potentialAction\":[{\"@type\":\"SearchAction\",\"target\":{\"@type\":\"EntryPoint\",\"urlTemplate\":\"https:\/\/aliolio.art\/?s={search_term_string}\"},\"query-input\":{\"@type\":\"PropertyValueSpecification\",\"valueRequired\":true,\"valueName\":\"search_term_string\"}}],\"inLanguage\":\"en-GB\"},{\"@type\":\"Organization\",\"@id\":\"https:\/\/aliolio.art\/#organization\",\"name\":\"Ali Olio\",\"url\":\"https:\/\/aliolio.art\/\",\"logo\":{\"@type\":\"ImageObject\",\"inLanguage\":\"en-GB\",\"@id\":\"https:\/\/aliolio.art\/#\/schema\/logo\/image\/\",\"url\":\"https:\/\/aliolio.art\/wp-content\/uploads\/2024\/06\/cropped-cropped-AliOlioArt-logo-white-transparent.png\",\"contentUrl\":\"https:\/\/aliolio.art\/wp-content\/uploads\/2024\/06\/cropped-cropped-AliOlioArt-logo-white-transparent.png\",\"width\":512,\"height\":512,\"caption\":\"Ali Olio\"},\"image\":{\"@id\":\"https:\/\/aliolio.art\/#\/schema\/logo\/image\/\"}}]}<\/script>\n<!-- \/ Yoast SEO plugin. -->","yoast_head_json":{"title":"Gentleness - Ali Olio","robots":{"index":"index","follow":"follow","max-snippet":"max-snippet:-1","max-image-preview":"max-image-preview:large","max-video-preview":"max-video-preview:-1"},"canonical":"https:\/\/aliolio.art\/en\/product\/gentleness\/","og_locale":"en_GB","og_type":"article","og_title":"Gentleness - Ali Olio","og_description":"Orginal art painting oilcolor on canvas 40x50x2cm  A beautifully colorful leopard with gentle blue colored eyes \u2013 that\u2019s where the name of this painting comes from.  Reconnect with nature. Nature is art itself and that\u2019s what inspires me the most. With buying this original art painting you make a gift to yourself: You allow yourself to have a piece of art and nature in your home.  I hope this painting makes you feel peace and alive at the same time.  &nbsp;","og_url":"https:\/\/aliolio.art\/en\/product\/gentleness\/","og_site_name":"Ali Olio","article_modified_time":"2025-09-27T21:38:20+00:00","og_image":[{"width":700,"height":700,"url":"https:\/\/aliolio.art\/wp-content\/uploads\/2024\/06\/gentleness40x50_aliolio_art_painting-inroom02-1-e1718566855944.jpg","type":"image\/jpeg"}],"twitter_card":"summary_large_image","twitter_misc":{"Estimated reading time":"1 minute"},"schema":{"@context":"https:\/\/schema.org","@graph":[{"@type":"WebPage","@id":"https:\/\/aliolio.art\/product\/gentleness\/","url":"https:\/\/aliolio.art\/product\/gentleness\/","name":"Gentleness - Ali Olio","isPartOf":{"@id":"https:\/\/aliolio.art\/#website"},"primaryImageOfPage":{"@id":"https:\/\/aliolio.art\/product\/gentleness\/#primaryimage"},"image":{"@id":"https:\/\/aliolio.art\/product\/gentleness\/#primaryimage"},"thumbnailUrl":"https:\/\/aliolio.art\/wp-content\/uploads\/2024\/06\/gentleness40x50_aliolio_art_painting-inroom02-1-e1718566855944.jpg","datePublished":"2024-06-16T19:37:56+00:00","dateModified":"2025-09-27T21:38:20+00:00","breadcrumb":{"@id":"https:\/\/aliolio.art\/product\/gentleness\/#breadcrumb"},"inLanguage":"en-GB","potentialAction":[{"@type":"ReadAction","target":["https:\/\/aliolio.art\/product\/gentleness\/"]}]},{"@type":"ImageObject","inLanguage":"en-GB","@id":"https:\/\/aliolio.art\/product\/gentleness\/#primaryimage","url":"https:\/\/aliolio.art\/wp-content\/uploads\/2024\/06\/gentleness40x50_aliolio_art_painting-inroom02-1-e1718566855944.jpg","contentUrl":"https:\/\/aliolio.art\/wp-content\/uploads\/2024\/06\/gentleness40x50_aliolio_art_painting-inroom02-1-e1718566855944.jpg","width":700,"height":700,"caption":"Ali Olio | Fine Art from the Alps | Kunst aus den Alpen | Leopard bunt colorful \u00d6lmalerei \u00d6lgem\u00e4lde oilpainting"},{"@type":"BreadcrumbList","@id":"https:\/\/aliolio.art\/product\/gentleness\/#breadcrumb","itemListElement":[{"@type":"ListItem","position":1,"name":"Startseite","item":"https:\/\/aliolio.art\/"},{"@type":"ListItem","position":2,"name":"Shop","item":"https:\/\/aliolio.art\/collect\/"},{"@type":"ListItem","position":3,"name":"Gentleness"}]},{"@type":"WebSite","@id":"https:\/\/aliolio.art\/#website","url":"https:\/\/aliolio.art\/","name":"Ali Olio","description":"Fine Art from the Alps","publisher":{"@id":"https:\/\/aliolio.art\/#organization"},"potentialAction":[{"@type":"SearchAction","target":{"@type":"EntryPoint","urlTemplate":"https:\/\/aliolio.art\/?s={search_term_string}"},"query-input":{"@type":"PropertyValueSpecification","valueRequired":true,"valueName":"search_term_string"}}],"inLanguage":"en-GB"},{"@type":"Organization","@id":"https:\/\/aliolio.art\/#organization","name":"Ali Olio","url":"https:\/\/aliolio.art\/","logo":{"@type":"ImageObject","inLanguage":"en-GB","@id":"https:\/\/aliolio.art\/#\/schema\/logo\/image\/","url":"https:\/\/aliolio.art\/wp-content\/uploads\/2024\/06\/cropped-cropped-AliOlioArt-logo-white-transparent.png","contentUrl":"https:\/\/aliolio.art\/wp-content\/uploads\/2024\/06\/cropped-cropped-AliOlioArt-logo-white-transparent.png","width":512,"height":512,"caption":"Ali Olio"},"image":{"@id":"https:\/\/aliolio.art\/#\/schema\/logo\/image\/"}}]}},"jetpack_sharing_enabled":true,"_links":{"self":[{"href":"https:\/\/aliolio.art\/en\/wp-json\/wp\/v2\/product\/1143","targetHints":{"allow":["GET"]}}],"collection":[{"href":"https:\/\/aliolio.art\/en\/wp-json\/wp\/v2\/product"}],"about":[{"href":"https:\/\/aliolio.art\/en\/wp-json\/wp\/v2\/types\/product"}],"replies":[{"embeddable":true,"href":"https:\/\/aliolio.art\/en\/wp-json\/wp\/v2\/comments?post=1143"}],"version-history":[{"count":1,"href":"https:\/\/aliolio.art\/en\/wp-json\/wp\/v2\/product\/1143\/revisions"}],"predecessor-version":[{"id":1149,"href":"https:\/\/aliolio.art\/en\/wp-json\/wp\/v2\/product\/1143\/revisions\/1149"}],"wp:featuredmedia":[{"embeddable":true,"href":"https:\/\/aliolio.art\/en\/wp-json\/wp\/v2\/media\/1148"}],"wp:attachment":[{"href":"https:\/\/aliolio.art\/en\/wp-json\/wp\/v2\/media?parent=1143"}],"wp:term":[{"taxonomy":"product_brand","embeddable":true,"href":"https:\/\/aliolio.art\/en\/wp-json\/wp\/v2\/product_brand?post=1143"},{"taxonomy":"product_cat","embeddable":true,"href":"https:\/\/aliolio.art\/en\/wp-json\/wp\/v2\/product_cat?post=1143"},{"taxonomy":"product_tag","embeddable":true,"href":"https:\/\/aliolio.art\/en\/wp-json\/wp\/v2\/product_tag?post=1143"}],"curies":[{"name":"wp","href":"https:\/\/api.w.org\/{rel}","templated":true}]}}