{"id":1136,"date":"2024-06-16T19:31:13","date_gmt":"2024-06-16T19:31:13","guid":{"rendered":"https:\/\/aliolio.art\/?post_type=product&#038;p=1136"},"modified":"2025-04-02T09:02:56","modified_gmt":"2025-04-02T09:02:56","slug":"etretat","status":"publish","type":"product","link":"https:\/\/aliolio.art\/en\/product\/etretat\/","title":{"rendered":"\u00c9tretat"},"content":{"rendered":"<p>Oilpainting on canvas 60 x 80 x 2 cm<\/p>","protected":false},"excerpt":{"rendered":"<p>Orginal art painting: oilcolor on canvas 60x80x2cm<\/p>\n<p>This oilpainting was originally painted en plein air at the cliffs of \u00c9tretat in France. The colors are magical just like the place in blue, green, turquoise and grey.<\/p>\n<p>&nbsp;<\/p>\n<p>With buying this original art painting you make a gift to yourself: You allow yourself to have a piece of art and nature in your home.<\/p>\n<p>I hope this painting makes you feel peace and alive at the same time.<\/p>","protected":false},"featured_media":1141,"comment_status":"open","ping_status":"closed","template":"","meta":[],"product_brand":[],"product_cat":[45,54,21,59],"product_tag":[],"class_list":{"0":"post-1136","1":"product","2":"type-product","3":"status-publish","4":"has-post-thumbnail","6":"product_cat-parent-available","7":"product_cat-child-serie-horizon-series","8":"product_cat-grandparent-original-art","9":"product_cat-parent-serie","11":"first","12":"instock","13":"featured","14":"sold-individually","15":"shipping-taxable","16":"purchasable","17":"product-type-simple"},"yoast_head":"<!-- This site is optimized with the Yoast SEO plugin v25.8 - https:\/\/yoast.com\/wordpress\/plugins\/seo\/ -->\n<title>\u00c9tretat - Ali Olio<\/title>\n<meta name=\"robots\" content=\"index, follow, max-snippet:-1, max-image-preview:large, max-video-preview:-1\" \/>\n<link rel=\"canonical\" href=\"https:\/\/aliolio.art\/en\/product\/etretat\/\" \/>\n<meta property=\"og:locale\" content=\"en_GB\" \/>\n<meta property=\"og:type\" content=\"article\" \/>\n<meta property=\"og:title\" content=\"\u00c9tretat - Ali Olio\" \/>\n<meta property=\"og:description\" content=\"Orginal art painting: oilcolor on canvas 60x80x2cm  This oilpainting was originally painted en plein air at the cliffs of \u00c9tretat in France. The colors are magical just like the place in blue, green, turquoise and grey.  &nbsp;  With buying this original art painting you make a gift to yourself: You allow yourself to have a piece of art and nature in your home.  I hope this painting makes you feel peace and alive at the same time.\" \/>\n<meta property=\"og:url\" content=\"https:\/\/aliolio.art\/en\/product\/etretat\/\" \/>\n<meta property=\"og:site_name\" content=\"Ali Olio\" \/>\n<meta property=\"article:modified_time\" content=\"2025-04-02T09:02:56+00:00\" \/>\n<meta property=\"og:image\" content=\"https:\/\/aliolio.art\/wp-content\/uploads\/2024\/06\/Etretat-pleinair_60x80_AliOlioArt_painting_inroom02-1-e1718566514125.jpg\" \/>\n\t<meta property=\"og:image:width\" content=\"700\" \/>\n\t<meta property=\"og:image:height\" content=\"700\" \/>\n\t<meta property=\"og:image:type\" content=\"image\/jpeg\" \/>\n<meta name=\"twitter:card\" content=\"summary_large_image\" \/>\n<script type=\"application\/ld+json\" class=\"yoast-schema-graph\">{\"@context\":\"https:\/\/schema.org\",\"@graph\":[{\"@type\":\"WebPage\",\"@id\":\"https:\/\/aliolio.art\/product\/etretat\/\",\"url\":\"https:\/\/aliolio.art\/product\/etretat\/\",\"name\":\"\u00c9tretat - Ali Olio\",\"isPartOf\":{\"@id\":\"https:\/\/aliolio.art\/#website\"},\"primaryImageOfPage\":{\"@id\":\"https:\/\/aliolio.art\/product\/etretat\/#primaryimage\"},\"image\":{\"@id\":\"https:\/\/aliolio.art\/product\/etretat\/#primaryimage\"},\"thumbnailUrl\":\"https:\/\/aliolio.art\/wp-content\/uploads\/2024\/06\/Etretat-pleinair_60x80_AliOlioArt_painting_inroom02-1-e1718566514125.jpg\",\"datePublished\":\"2024-06-16T19:31:13+00:00\",\"dateModified\":\"2025-04-02T09:02:56+00:00\",\"breadcrumb\":{\"@id\":\"https:\/\/aliolio.art\/product\/etretat\/#breadcrumb\"},\"inLanguage\":\"en-GB\",\"potentialAction\":[{\"@type\":\"ReadAction\",\"target\":[\"https:\/\/aliolio.art\/product\/etretat\/\"]}]},{\"@type\":\"ImageObject\",\"inLanguage\":\"en-GB\",\"@id\":\"https:\/\/aliolio.art\/product\/etretat\/#primaryimage\",\"url\":\"https:\/\/aliolio.art\/wp-content\/uploads\/2024\/06\/Etretat-pleinair_60x80_AliOlioArt_painting_inroom02-1-e1718566514125.jpg\",\"contentUrl\":\"https:\/\/aliolio.art\/wp-content\/uploads\/2024\/06\/Etretat-pleinair_60x80_AliOlioArt_painting_inroom02-1-e1718566514125.jpg\",\"width\":700,\"height\":700,\"caption\":\"Ali Olio | Fine Art from the Alps | Kunst aus den Alpen | \u00c9tretat Cliffs Alabasterk\u00fcste France Sea Frankreich Meer Landschaftsbild Landscape art oilpainting \u00d6lmalerei\"},{\"@type\":\"BreadcrumbList\",\"@id\":\"https:\/\/aliolio.art\/product\/etretat\/#breadcrumb\",\"itemListElement\":[{\"@type\":\"ListItem\",\"position\":1,\"name\":\"Startseite\",\"item\":\"https:\/\/aliolio.art\/\"},{\"@type\":\"ListItem\",\"position\":2,\"name\":\"Shop\",\"item\":\"https:\/\/aliolio.art\/collect\/\"},{\"@type\":\"ListItem\",\"position\":3,\"name\":\"\u00c9tretat\"}]},{\"@type\":\"WebSite\",\"@id\":\"https:\/\/aliolio.art\/#website\",\"url\":\"https:\/\/aliolio.art\/\",\"name\":\"Ali Olio\",\"description\":\"Fine Art from the Alps\",\"publisher\":{\"@id\":\"https:\/\/aliolio.art\/#organization\"},\"potentialAction\":[{\"@type\":\"SearchAction\",\"target\":{\"@type\":\"EntryPoint\",\"urlTemplate\":\"https:\/\/aliolio.art\/?s={search_term_string}\"},\"query-input\":{\"@type\":\"PropertyValueSpecification\",\"valueRequired\":true,\"valueName\":\"search_term_string\"}}],\"inLanguage\":\"en-GB\"},{\"@type\":\"Organization\",\"@id\":\"https:\/\/aliolio.art\/#organization\",\"name\":\"Ali Olio\",\"url\":\"https:\/\/aliolio.art\/\",\"logo\":{\"@type\":\"ImageObject\",\"inLanguage\":\"en-GB\",\"@id\":\"https:\/\/aliolio.art\/#\/schema\/logo\/image\/\",\"url\":\"https:\/\/aliolio.art\/wp-content\/uploads\/2024\/06\/cropped-cropped-AliOlioArt-logo-white-transparent.png\",\"contentUrl\":\"https:\/\/aliolio.art\/wp-content\/uploads\/2024\/06\/cropped-cropped-AliOlioArt-logo-white-transparent.png\",\"width\":512,\"height\":512,\"caption\":\"Ali Olio\"},\"image\":{\"@id\":\"https:\/\/aliolio.art\/#\/schema\/logo\/image\/\"}}]}<\/script>\n<!-- \/ Yoast SEO plugin. -->","yoast_head_json":{"title":"\u00c9tretat - Ali Olio","robots":{"index":"index","follow":"follow","max-snippet":"max-snippet:-1","max-image-preview":"max-image-preview:large","max-video-preview":"max-video-preview:-1"},"canonical":"https:\/\/aliolio.art\/en\/product\/etretat\/","og_locale":"en_GB","og_type":"article","og_title":"\u00c9tretat - Ali Olio","og_description":"Orginal art painting: oilcolor on canvas 60x80x2cm  This oilpainting was originally painted en plein air at the cliffs of \u00c9tretat in France. The colors are magical just like the place in blue, green, turquoise and grey.  &nbsp;  With buying this original art painting you make a gift to yourself: You allow yourself to have a piece of art and nature in your home.  I hope this painting makes you feel peace and alive at the same time.","og_url":"https:\/\/aliolio.art\/en\/product\/etretat\/","og_site_name":"Ali Olio","article_modified_time":"2025-04-02T09:02:56+00:00","og_image":[{"width":700,"height":700,"url":"https:\/\/aliolio.art\/wp-content\/uploads\/2024\/06\/Etretat-pleinair_60x80_AliOlioArt_painting_inroom02-1-e1718566514125.jpg","type":"image\/jpeg"}],"twitter_card":"summary_large_image","schema":{"@context":"https:\/\/schema.org","@graph":[{"@type":"WebPage","@id":"https:\/\/aliolio.art\/product\/etretat\/","url":"https:\/\/aliolio.art\/product\/etretat\/","name":"\u00c9tretat - Ali Olio","isPartOf":{"@id":"https:\/\/aliolio.art\/#website"},"primaryImageOfPage":{"@id":"https:\/\/aliolio.art\/product\/etretat\/#primaryimage"},"image":{"@id":"https:\/\/aliolio.art\/product\/etretat\/#primaryimage"},"thumbnailUrl":"https:\/\/aliolio.art\/wp-content\/uploads\/2024\/06\/Etretat-pleinair_60x80_AliOlioArt_painting_inroom02-1-e1718566514125.jpg","datePublished":"2024-06-16T19:31:13+00:00","dateModified":"2025-04-02T09:02:56+00:00","breadcrumb":{"@id":"https:\/\/aliolio.art\/product\/etretat\/#breadcrumb"},"inLanguage":"en-GB","potentialAction":[{"@type":"ReadAction","target":["https:\/\/aliolio.art\/product\/etretat\/"]}]},{"@type":"ImageObject","inLanguage":"en-GB","@id":"https:\/\/aliolio.art\/product\/etretat\/#primaryimage","url":"https:\/\/aliolio.art\/wp-content\/uploads\/2024\/06\/Etretat-pleinair_60x80_AliOlioArt_painting_inroom02-1-e1718566514125.jpg","contentUrl":"https:\/\/aliolio.art\/wp-content\/uploads\/2024\/06\/Etretat-pleinair_60x80_AliOlioArt_painting_inroom02-1-e1718566514125.jpg","width":700,"height":700,"caption":"Ali Olio | Fine Art from the Alps | Kunst aus den Alpen | \u00c9tretat Cliffs Alabasterk\u00fcste France Sea Frankreich Meer Landschaftsbild Landscape art oilpainting \u00d6lmalerei"},{"@type":"BreadcrumbList","@id":"https:\/\/aliolio.art\/product\/etretat\/#breadcrumb","itemListElement":[{"@type":"ListItem","position":1,"name":"Startseite","item":"https:\/\/aliolio.art\/"},{"@type":"ListItem","position":2,"name":"Shop","item":"https:\/\/aliolio.art\/collect\/"},{"@type":"ListItem","position":3,"name":"\u00c9tretat"}]},{"@type":"WebSite","@id":"https:\/\/aliolio.art\/#website","url":"https:\/\/aliolio.art\/","name":"Ali Olio","description":"Fine Art from the Alps","publisher":{"@id":"https:\/\/aliolio.art\/#organization"},"potentialAction":[{"@type":"SearchAction","target":{"@type":"EntryPoint","urlTemplate":"https:\/\/aliolio.art\/?s={search_term_string}"},"query-input":{"@type":"PropertyValueSpecification","valueRequired":true,"valueName":"search_term_string"}}],"inLanguage":"en-GB"},{"@type":"Organization","@id":"https:\/\/aliolio.art\/#organization","name":"Ali Olio","url":"https:\/\/aliolio.art\/","logo":{"@type":"ImageObject","inLanguage":"en-GB","@id":"https:\/\/aliolio.art\/#\/schema\/logo\/image\/","url":"https:\/\/aliolio.art\/wp-content\/uploads\/2024\/06\/cropped-cropped-AliOlioArt-logo-white-transparent.png","contentUrl":"https:\/\/aliolio.art\/wp-content\/uploads\/2024\/06\/cropped-cropped-AliOlioArt-logo-white-transparent.png","width":512,"height":512,"caption":"Ali Olio"},"image":{"@id":"https:\/\/aliolio.art\/#\/schema\/logo\/image\/"}}]}},"jetpack_sharing_enabled":true,"_links":{"self":[{"href":"https:\/\/aliolio.art\/en\/wp-json\/wp\/v2\/product\/1136","targetHints":{"allow":["GET"]}}],"collection":[{"href":"https:\/\/aliolio.art\/en\/wp-json\/wp\/v2\/product"}],"about":[{"href":"https:\/\/aliolio.art\/en\/wp-json\/wp\/v2\/types\/product"}],"replies":[{"embeddable":true,"href":"https:\/\/aliolio.art\/en\/wp-json\/wp\/v2\/comments?post=1136"}],"version-history":[{"count":1,"href":"https:\/\/aliolio.art\/en\/wp-json\/wp\/v2\/product\/1136\/revisions"}],"predecessor-version":[{"id":1142,"href":"https:\/\/aliolio.art\/en\/wp-json\/wp\/v2\/product\/1136\/revisions\/1142"}],"wp:featuredmedia":[{"embeddable":true,"href":"https:\/\/aliolio.art\/en\/wp-json\/wp\/v2\/media\/1141"}],"wp:attachment":[{"href":"https:\/\/aliolio.art\/en\/wp-json\/wp\/v2\/media?parent=1136"}],"wp:term":[{"taxonomy":"product_brand","embeddable":true,"href":"https:\/\/aliolio.art\/en\/wp-json\/wp\/v2\/product_brand?post=1136"},{"taxonomy":"product_cat","embeddable":true,"href":"https:\/\/aliolio.art\/en\/wp-json\/wp\/v2\/product_cat?post=1136"},{"taxonomy":"product_tag","embeddable":true,"href":"https:\/\/aliolio.art\/en\/wp-json\/wp\/v2\/product_tag?post=1136"}],"curies":[{"name":"wp","href":"https:\/\/api.w.org\/{rel}","templated":true}]}}