{"id":1111,"date":"2024-06-15T19:59:41","date_gmt":"2024-06-15T19:59:41","guid":{"rendered":"https:\/\/aliolio.art\/?post_type=product&#038;p=1111"},"modified":"2025-04-02T09:02:58","modified_gmt":"2025-04-02T09:02:58","slug":"mountengem-cadini","status":"publish","type":"product","link":"https:\/\/aliolio.art\/en\/product\/mountengem-cadini\/","title":{"rendered":"Mountengem Cadini"},"content":{"rendered":"<p>Mixed media oilpainting on canvas 60 x 80 x 2 cm<\/p>","protected":false},"excerpt":{"rendered":"<p>Orginal art painting oilcolor on canvas 60x80x2cm<\/p>\n<p>This painting is inspired by the mountain range Cadini in Italy combined with the unique and beautiful stone texture material. The colors are kept neutral in grey, white and black combined with nuances of rose, brown and green.<\/p>\n<p>Reconnect with nature. Nature is art itself and that\u2019s what inspires me the most.<br \/>\nWith buying this original art painting you make a gift to yourself: You allow yourself to have a piece of art and nature in your home.<\/p>\n<p>I hope this painting makes you feel peace and alive at the same time.<\/p>","protected":false},"featured_media":1114,"comment_status":"open","ping_status":"closed","template":"","meta":[],"product_brand":[],"product_cat":[45,57,21],"product_tag":[],"class_list":{"0":"post-1111","1":"product","2":"type-product","3":"status-publish","4":"has-post-thumbnail","6":"product_cat-parent-available","7":"product_cat-parent-experimental","8":"product_cat-grandparent-original-art","10":"first","11":"instock","12":"featured","13":"sold-individually","14":"shipping-taxable","15":"purchasable","16":"product-type-simple"},"yoast_head":"<!-- This site is optimized with the Yoast SEO plugin v25.8 - https:\/\/yoast.com\/wordpress\/plugins\/seo\/ -->\n<title>Mountengem Cadini - Ali Olio<\/title>\n<meta name=\"robots\" content=\"index, follow, max-snippet:-1, max-image-preview:large, max-video-preview:-1\" \/>\n<link rel=\"canonical\" href=\"https:\/\/aliolio.art\/en\/product\/mountengem-cadini\/\" \/>\n<meta property=\"og:locale\" content=\"en_GB\" \/>\n<meta property=\"og:type\" content=\"article\" \/>\n<meta property=\"og:title\" content=\"Mountengem Cadini - Ali Olio\" \/>\n<meta property=\"og:description\" content=\"Orginal art painting oilcolor on canvas 60x80x2cm  This painting is inspired by the mountain range Cadini in Italy combined with the unique and beautiful stone texture material. The colors are kept neutral in grey, white and black combined with nuances of rose, brown and green.  Reconnect with nature. Nature is art itself and that\u2019s what inspires me the most. With buying this original art painting you make a gift to yourself: You allow yourself to have a piece of art and nature in your home.  I hope this painting makes you feel peace and alive at the same time.\" \/>\n<meta property=\"og:url\" content=\"https:\/\/aliolio.art\/en\/product\/mountengem-cadini\/\" \/>\n<meta property=\"og:site_name\" content=\"Ali Olio\" \/>\n<meta property=\"article:modified_time\" content=\"2025-04-02T09:02:58+00:00\" \/>\n<meta property=\"og:image\" content=\"https:\/\/aliolio.art\/wp-content\/uploads\/2024\/06\/Mountaingem_60x80_AliOlioArt_painting_inroom02-e1718481747343.jpg\" \/>\n\t<meta property=\"og:image:width\" content=\"701\" \/>\n\t<meta property=\"og:image:height\" content=\"701\" \/>\n\t<meta property=\"og:image:type\" content=\"image\/jpeg\" \/>\n<meta name=\"twitter:card\" content=\"summary_large_image\" \/>\n<script type=\"application\/ld+json\" class=\"yoast-schema-graph\">{\"@context\":\"https:\/\/schema.org\",\"@graph\":[{\"@type\":\"WebPage\",\"@id\":\"https:\/\/aliolio.art\/product\/mountengem-cadini\/\",\"url\":\"https:\/\/aliolio.art\/product\/mountengem-cadini\/\",\"name\":\"Mountengem Cadini - Ali Olio\",\"isPartOf\":{\"@id\":\"https:\/\/aliolio.art\/#website\"},\"primaryImageOfPage\":{\"@id\":\"https:\/\/aliolio.art\/product\/mountengem-cadini\/#primaryimage\"},\"image\":{\"@id\":\"https:\/\/aliolio.art\/product\/mountengem-cadini\/#primaryimage\"},\"thumbnailUrl\":\"https:\/\/aliolio.art\/wp-content\/uploads\/2024\/06\/Mountaingem_60x80_AliOlioArt_painting_inroom02-e1718481747343.jpg\",\"datePublished\":\"2024-06-15T19:59:41+00:00\",\"dateModified\":\"2025-04-02T09:02:58+00:00\",\"breadcrumb\":{\"@id\":\"https:\/\/aliolio.art\/product\/mountengem-cadini\/#breadcrumb\"},\"inLanguage\":\"en-GB\",\"potentialAction\":[{\"@type\":\"ReadAction\",\"target\":[\"https:\/\/aliolio.art\/product\/mountengem-cadini\/\"]}]},{\"@type\":\"ImageObject\",\"inLanguage\":\"en-GB\",\"@id\":\"https:\/\/aliolio.art\/product\/mountengem-cadini\/#primaryimage\",\"url\":\"https:\/\/aliolio.art\/wp-content\/uploads\/2024\/06\/Mountaingem_60x80_AliOlioArt_painting_inroom02-e1718481747343.jpg\",\"contentUrl\":\"https:\/\/aliolio.art\/wp-content\/uploads\/2024\/06\/Mountaingem_60x80_AliOlioArt_painting_inroom02-e1718481747343.jpg\",\"width\":701,\"height\":701,\"caption\":\"Ali Olio | Fine Art from the Alps | Kunst aus den Alpen | Abstrakte Landschaft rosa gr\u00fcn grau schwarz braun \u00d6lgem\u00e4lde Malerei landscape painting rose\"},{\"@type\":\"BreadcrumbList\",\"@id\":\"https:\/\/aliolio.art\/product\/mountengem-cadini\/#breadcrumb\",\"itemListElement\":[{\"@type\":\"ListItem\",\"position\":1,\"name\":\"Startseite\",\"item\":\"https:\/\/aliolio.art\/\"},{\"@type\":\"ListItem\",\"position\":2,\"name\":\"Shop\",\"item\":\"https:\/\/aliolio.art\/collect\/\"},{\"@type\":\"ListItem\",\"position\":3,\"name\":\"Mountengem Cadini\"}]},{\"@type\":\"WebSite\",\"@id\":\"https:\/\/aliolio.art\/#website\",\"url\":\"https:\/\/aliolio.art\/\",\"name\":\"Ali Olio\",\"description\":\"Fine Art from the Alps\",\"publisher\":{\"@id\":\"https:\/\/aliolio.art\/#organization\"},\"potentialAction\":[{\"@type\":\"SearchAction\",\"target\":{\"@type\":\"EntryPoint\",\"urlTemplate\":\"https:\/\/aliolio.art\/?s={search_term_string}\"},\"query-input\":{\"@type\":\"PropertyValueSpecification\",\"valueRequired\":true,\"valueName\":\"search_term_string\"}}],\"inLanguage\":\"en-GB\"},{\"@type\":\"Organization\",\"@id\":\"https:\/\/aliolio.art\/#organization\",\"name\":\"Ali Olio\",\"url\":\"https:\/\/aliolio.art\/\",\"logo\":{\"@type\":\"ImageObject\",\"inLanguage\":\"en-GB\",\"@id\":\"https:\/\/aliolio.art\/#\/schema\/logo\/image\/\",\"url\":\"https:\/\/aliolio.art\/wp-content\/uploads\/2024\/06\/cropped-cropped-AliOlioArt-logo-white-transparent.png\",\"contentUrl\":\"https:\/\/aliolio.art\/wp-content\/uploads\/2024\/06\/cropped-cropped-AliOlioArt-logo-white-transparent.png\",\"width\":512,\"height\":512,\"caption\":\"Ali Olio\"},\"image\":{\"@id\":\"https:\/\/aliolio.art\/#\/schema\/logo\/image\/\"}}]}<\/script>\n<!-- \/ Yoast SEO plugin. -->","yoast_head_json":{"title":"Mountengem Cadini - Ali Olio","robots":{"index":"index","follow":"follow","max-snippet":"max-snippet:-1","max-image-preview":"max-image-preview:large","max-video-preview":"max-video-preview:-1"},"canonical":"https:\/\/aliolio.art\/en\/product\/mountengem-cadini\/","og_locale":"en_GB","og_type":"article","og_title":"Mountengem Cadini - Ali Olio","og_description":"Orginal art painting oilcolor on canvas 60x80x2cm  This painting is inspired by the mountain range Cadini in Italy combined with the unique and beautiful stone texture material. The colors are kept neutral in grey, white and black combined with nuances of rose, brown and green.  Reconnect with nature. Nature is art itself and that\u2019s what inspires me the most. With buying this original art painting you make a gift to yourself: You allow yourself to have a piece of art and nature in your home.  I hope this painting makes you feel peace and alive at the same time.","og_url":"https:\/\/aliolio.art\/en\/product\/mountengem-cadini\/","og_site_name":"Ali Olio","article_modified_time":"2025-04-02T09:02:58+00:00","og_image":[{"width":701,"height":701,"url":"https:\/\/aliolio.art\/wp-content\/uploads\/2024\/06\/Mountaingem_60x80_AliOlioArt_painting_inroom02-e1718481747343.jpg","type":"image\/jpeg"}],"twitter_card":"summary_large_image","schema":{"@context":"https:\/\/schema.org","@graph":[{"@type":"WebPage","@id":"https:\/\/aliolio.art\/product\/mountengem-cadini\/","url":"https:\/\/aliolio.art\/product\/mountengem-cadini\/","name":"Mountengem Cadini - Ali Olio","isPartOf":{"@id":"https:\/\/aliolio.art\/#website"},"primaryImageOfPage":{"@id":"https:\/\/aliolio.art\/product\/mountengem-cadini\/#primaryimage"},"image":{"@id":"https:\/\/aliolio.art\/product\/mountengem-cadini\/#primaryimage"},"thumbnailUrl":"https:\/\/aliolio.art\/wp-content\/uploads\/2024\/06\/Mountaingem_60x80_AliOlioArt_painting_inroom02-e1718481747343.jpg","datePublished":"2024-06-15T19:59:41+00:00","dateModified":"2025-04-02T09:02:58+00:00","breadcrumb":{"@id":"https:\/\/aliolio.art\/product\/mountengem-cadini\/#breadcrumb"},"inLanguage":"en-GB","potentialAction":[{"@type":"ReadAction","target":["https:\/\/aliolio.art\/product\/mountengem-cadini\/"]}]},{"@type":"ImageObject","inLanguage":"en-GB","@id":"https:\/\/aliolio.art\/product\/mountengem-cadini\/#primaryimage","url":"https:\/\/aliolio.art\/wp-content\/uploads\/2024\/06\/Mountaingem_60x80_AliOlioArt_painting_inroom02-e1718481747343.jpg","contentUrl":"https:\/\/aliolio.art\/wp-content\/uploads\/2024\/06\/Mountaingem_60x80_AliOlioArt_painting_inroom02-e1718481747343.jpg","width":701,"height":701,"caption":"Ali Olio | Fine Art from the Alps | Kunst aus den Alpen | Abstrakte Landschaft rosa gr\u00fcn grau schwarz braun \u00d6lgem\u00e4lde Malerei landscape painting rose"},{"@type":"BreadcrumbList","@id":"https:\/\/aliolio.art\/product\/mountengem-cadini\/#breadcrumb","itemListElement":[{"@type":"ListItem","position":1,"name":"Startseite","item":"https:\/\/aliolio.art\/"},{"@type":"ListItem","position":2,"name":"Shop","item":"https:\/\/aliolio.art\/collect\/"},{"@type":"ListItem","position":3,"name":"Mountengem Cadini"}]},{"@type":"WebSite","@id":"https:\/\/aliolio.art\/#website","url":"https:\/\/aliolio.art\/","name":"Ali Olio","description":"Fine Art from the Alps","publisher":{"@id":"https:\/\/aliolio.art\/#organization"},"potentialAction":[{"@type":"SearchAction","target":{"@type":"EntryPoint","urlTemplate":"https:\/\/aliolio.art\/?s={search_term_string}"},"query-input":{"@type":"PropertyValueSpecification","valueRequired":true,"valueName":"search_term_string"}}],"inLanguage":"en-GB"},{"@type":"Organization","@id":"https:\/\/aliolio.art\/#organization","name":"Ali Olio","url":"https:\/\/aliolio.art\/","logo":{"@type":"ImageObject","inLanguage":"en-GB","@id":"https:\/\/aliolio.art\/#\/schema\/logo\/image\/","url":"https:\/\/aliolio.art\/wp-content\/uploads\/2024\/06\/cropped-cropped-AliOlioArt-logo-white-transparent.png","contentUrl":"https:\/\/aliolio.art\/wp-content\/uploads\/2024\/06\/cropped-cropped-AliOlioArt-logo-white-transparent.png","width":512,"height":512,"caption":"Ali Olio"},"image":{"@id":"https:\/\/aliolio.art\/#\/schema\/logo\/image\/"}}]}},"jetpack_sharing_enabled":true,"_links":{"self":[{"href":"https:\/\/aliolio.art\/en\/wp-json\/wp\/v2\/product\/1111","targetHints":{"allow":["GET"]}}],"collection":[{"href":"https:\/\/aliolio.art\/en\/wp-json\/wp\/v2\/product"}],"about":[{"href":"https:\/\/aliolio.art\/en\/wp-json\/wp\/v2\/types\/product"}],"replies":[{"embeddable":true,"href":"https:\/\/aliolio.art\/en\/wp-json\/wp\/v2\/comments?post=1111"}],"version-history":[{"count":1,"href":"https:\/\/aliolio.art\/en\/wp-json\/wp\/v2\/product\/1111\/revisions"}],"predecessor-version":[{"id":1117,"href":"https:\/\/aliolio.art\/en\/wp-json\/wp\/v2\/product\/1111\/revisions\/1117"}],"wp:featuredmedia":[{"embeddable":true,"href":"https:\/\/aliolio.art\/en\/wp-json\/wp\/v2\/media\/1114"}],"wp:attachment":[{"href":"https:\/\/aliolio.art\/en\/wp-json\/wp\/v2\/media?parent=1111"}],"wp:term":[{"taxonomy":"product_brand","embeddable":true,"href":"https:\/\/aliolio.art\/en\/wp-json\/wp\/v2\/product_brand?post=1111"},{"taxonomy":"product_cat","embeddable":true,"href":"https:\/\/aliolio.art\/en\/wp-json\/wp\/v2\/product_cat?post=1111"},{"taxonomy":"product_tag","embeddable":true,"href":"https:\/\/aliolio.art\/en\/wp-json\/wp\/v2\/product_tag?post=1111"}],"curies":[{"name":"wp","href":"https:\/\/api.w.org\/{rel}","templated":true}]}}