{"id":1109,"date":"2024-06-15T19:55:33","date_gmt":"2024-06-15T19:55:33","guid":{"rendered":"https:\/\/aliolio.art\/?post_type=product&#038;p=1109"},"modified":"2026-03-31T09:09:56","modified_gmt":"2026-03-31T09:09:56","slug":"south-africa-n-03","status":"publish","type":"product","link":"https:\/\/aliolio.art\/en\/product\/south-africa-n-03\/","title":{"rendered":"South Africa N\u00b0 03"},"content":{"rendered":"<p>Mixed media oilpainting on cardboard 30 x 30 x 0,5 cm<\/p>","protected":false},"excerpt":{"rendered":"<p>\u201cSouthafrica No 003\u201d Originales \u00d6lbild mit Acrylfarbe und Marker auf Panel \/ Karton in den Ma\u00dfen 30x30cm.<br \/>\nEin majest\u00e4tischer L\u00f6we mit abstrakten Elementen interpretiert.<br \/>\nFarben in verschiedenen Braunt\u00f6nen und wei\u00df kombiniert mit Nuancen in lila.<\/p>\n<p>Handgefertigt, \u00d6l \/ Mixed Media auf Panel \/ Karton, ohne Rahmen<\/p>\n<p>\u201cSouthafrica No 003\u201d Original artwork with oilcolor, acrylics and markers on panel \/ cardboard size 30x30cm.<br \/>\nA majestic lion interpreted with abstract elements.<br \/>\nColors in different shades of brown and white combined with shades of purple.<\/p>\n<p>Handmade, oil \/ mixed media on panel \/ cardboard, without frame<\/p>\n<p>Reconnect with nature. Nature is art itself and that\u2019s what inspires me the most.<br \/>\nWith buying this art you make yourself or your loved ones a gift: You allow yourself or your loved ones to have a piece of art and nature at home.<\/p>","protected":false},"featured_media":1104,"comment_status":"open","ping_status":"closed","template":"","meta":[],"product_brand":[],"product_cat":[57,21,50],"product_tag":[58],"class_list":{"0":"post-1109","1":"product","2":"type-product","3":"status-publish","4":"has-post-thumbnail","6":"product_cat-parent-experimental","7":"product_cat-grandparent-original-art","8":"product_cat-parent-sold","9":"product_tag-sold","11":"first","12":"instock","13":"featured","14":"sold-individually","15":"shipping-taxable","16":"product-type-simple"},"yoast_head":"<!-- This site is optimized with the Yoast SEO plugin v25.8 - https:\/\/yoast.com\/wordpress\/plugins\/seo\/ -->\n<title>South Africa N\u00b0 03 - Ali Olio<\/title>\n<meta name=\"robots\" content=\"index, follow, max-snippet:-1, max-image-preview:large, max-video-preview:-1\" \/>\n<link rel=\"canonical\" href=\"https:\/\/aliolio.art\/en\/product\/south-africa-n-03\/\" \/>\n<meta property=\"og:locale\" content=\"en_GB\" \/>\n<meta property=\"og:type\" content=\"article\" \/>\n<meta property=\"og:title\" content=\"South Africa N\u00b0 03 - Ali Olio\" \/>\n<meta property=\"og:description\" content=\"\u201cSouthafrica No 003\u201d Originales \u00d6lbild mit Acrylfarbe und Marker auf Panel \/ Karton in den Ma\u00dfen 30x30cm. Ein majest\u00e4tischer L\u00f6we mit abstrakten Elementen interpretiert. Farben in verschiedenen Braunt\u00f6nen und wei\u00df kombiniert mit Nuancen in lila.  Handgefertigt, \u00d6l \/ Mixed Media auf Panel \/ Karton, ohne Rahmen  \u201cSouthafrica No 003\u201d Original artwork with oilcolor, acrylics and markers on panel \/ cardboard size 30x30cm. A majestic lion interpreted with abstract elements. Colors in different shades of brown and white combined with shades of purple.  Handmade, oil \/ mixed media on panel \/ cardboard, without frame  Reconnect with nature. Nature is art itself and that\u2019s what inspires me the most. With buying this art you make yourself or your loved ones a gift: You allow yourself or your loved ones to have a piece of art and nature at home.\" \/>\n<meta property=\"og:url\" content=\"https:\/\/aliolio.art\/en\/product\/south-africa-n-03\/\" \/>\n<meta property=\"og:site_name\" content=\"Ali Olio\" \/>\n<meta property=\"article:modified_time\" content=\"2026-03-31T09:09:56+00:00\" \/>\n<meta property=\"og:image\" content=\"https:\/\/aliolio.art\/wp-content\/uploads\/2024\/06\/Southafrica-N\u00b0003_30x30cm_AliOlioArt_painting_front.jpg\" \/>\n\t<meta property=\"og:image:width\" content=\"1638\" \/>\n\t<meta property=\"og:image:height\" content=\"1638\" \/>\n\t<meta property=\"og:image:type\" content=\"image\/jpeg\" \/>\n<meta name=\"twitter:card\" content=\"summary_large_image\" \/>\n<meta name=\"twitter:label1\" content=\"Estimated reading time\" \/>\n\t<meta name=\"twitter:data1\" content=\"1 minute\" \/>\n<script type=\"application\/ld+json\" class=\"yoast-schema-graph\">{\"@context\":\"https:\/\/schema.org\",\"@graph\":[{\"@type\":\"WebPage\",\"@id\":\"https:\/\/aliolio.art\/product\/south-africa-n-03\/\",\"url\":\"https:\/\/aliolio.art\/product\/south-africa-n-03\/\",\"name\":\"South Africa N\u00b0 03 - Ali Olio\",\"isPartOf\":{\"@id\":\"https:\/\/aliolio.art\/#website\"},\"primaryImageOfPage\":{\"@id\":\"https:\/\/aliolio.art\/product\/south-africa-n-03\/#primaryimage\"},\"image\":{\"@id\":\"https:\/\/aliolio.art\/product\/south-africa-n-03\/#primaryimage\"},\"thumbnailUrl\":\"https:\/\/aliolio.art\/wp-content\/uploads\/2024\/06\/Southafrica-N\u00b0003_30x30cm_AliOlioArt_painting_front.jpg\",\"datePublished\":\"2024-06-15T19:55:33+00:00\",\"dateModified\":\"2026-03-31T09:09:56+00:00\",\"breadcrumb\":{\"@id\":\"https:\/\/aliolio.art\/product\/south-africa-n-03\/#breadcrumb\"},\"inLanguage\":\"en-GB\",\"potentialAction\":[{\"@type\":\"ReadAction\",\"target\":[\"https:\/\/aliolio.art\/product\/south-africa-n-03\/\"]}]},{\"@type\":\"ImageObject\",\"inLanguage\":\"en-GB\",\"@id\":\"https:\/\/aliolio.art\/product\/south-africa-n-03\/#primaryimage\",\"url\":\"https:\/\/aliolio.art\/wp-content\/uploads\/2024\/06\/Southafrica-N\u00b0003_30x30cm_AliOlioArt_painting_front.jpg\",\"contentUrl\":\"https:\/\/aliolio.art\/wp-content\/uploads\/2024\/06\/Southafrica-N\u00b0003_30x30cm_AliOlioArt_painting_front.jpg\",\"width\":1638,\"height\":1638,\"caption\":\"Ali Olio | Fine Art from the Alps | Kunst aus den Alpen | S\u00fcdafrika L\u00f6we Safari Lion Southafrica painting Gem\u00e4lde Bild Brown white\"},{\"@type\":\"BreadcrumbList\",\"@id\":\"https:\/\/aliolio.art\/product\/south-africa-n-03\/#breadcrumb\",\"itemListElement\":[{\"@type\":\"ListItem\",\"position\":1,\"name\":\"Startseite\",\"item\":\"https:\/\/aliolio.art\/\"},{\"@type\":\"ListItem\",\"position\":2,\"name\":\"Shop\",\"item\":\"https:\/\/aliolio.art\/collect\/\"},{\"@type\":\"ListItem\",\"position\":3,\"name\":\"South Africa N\u00b0 03\"}]},{\"@type\":\"WebSite\",\"@id\":\"https:\/\/aliolio.art\/#website\",\"url\":\"https:\/\/aliolio.art\/\",\"name\":\"Ali Olio\",\"description\":\"Fine Art from the Alps\",\"publisher\":{\"@id\":\"https:\/\/aliolio.art\/#organization\"},\"potentialAction\":[{\"@type\":\"SearchAction\",\"target\":{\"@type\":\"EntryPoint\",\"urlTemplate\":\"https:\/\/aliolio.art\/?s={search_term_string}\"},\"query-input\":{\"@type\":\"PropertyValueSpecification\",\"valueRequired\":true,\"valueName\":\"search_term_string\"}}],\"inLanguage\":\"en-GB\"},{\"@type\":\"Organization\",\"@id\":\"https:\/\/aliolio.art\/#organization\",\"name\":\"Ali Olio\",\"url\":\"https:\/\/aliolio.art\/\",\"logo\":{\"@type\":\"ImageObject\",\"inLanguage\":\"en-GB\",\"@id\":\"https:\/\/aliolio.art\/#\/schema\/logo\/image\/\",\"url\":\"https:\/\/aliolio.art\/wp-content\/uploads\/2024\/06\/cropped-cropped-AliOlioArt-logo-white-transparent.png\",\"contentUrl\":\"https:\/\/aliolio.art\/wp-content\/uploads\/2024\/06\/cropped-cropped-AliOlioArt-logo-white-transparent.png\",\"width\":512,\"height\":512,\"caption\":\"Ali Olio\"},\"image\":{\"@id\":\"https:\/\/aliolio.art\/#\/schema\/logo\/image\/\"}}]}<\/script>\n<!-- \/ Yoast SEO plugin. -->","yoast_head_json":{"title":"South Africa N\u00b0 03 - Ali Olio","robots":{"index":"index","follow":"follow","max-snippet":"max-snippet:-1","max-image-preview":"max-image-preview:large","max-video-preview":"max-video-preview:-1"},"canonical":"https:\/\/aliolio.art\/en\/product\/south-africa-n-03\/","og_locale":"en_GB","og_type":"article","og_title":"South Africa N\u00b0 03 - Ali Olio","og_description":"\u201cSouthafrica No 003\u201d Originales \u00d6lbild mit Acrylfarbe und Marker auf Panel \/ Karton in den Ma\u00dfen 30x30cm. Ein majest\u00e4tischer L\u00f6we mit abstrakten Elementen interpretiert. Farben in verschiedenen Braunt\u00f6nen und wei\u00df kombiniert mit Nuancen in lila.  Handgefertigt, \u00d6l \/ Mixed Media auf Panel \/ Karton, ohne Rahmen  \u201cSouthafrica No 003\u201d Original artwork with oilcolor, acrylics and markers on panel \/ cardboard size 30x30cm. A majestic lion interpreted with abstract elements. Colors in different shades of brown and white combined with shades of purple.  Handmade, oil \/ mixed media on panel \/ cardboard, without frame  Reconnect with nature. Nature is art itself and that\u2019s what inspires me the most. With buying this art you make yourself or your loved ones a gift: You allow yourself or your loved ones to have a piece of art and nature at home.","og_url":"https:\/\/aliolio.art\/en\/product\/south-africa-n-03\/","og_site_name":"Ali Olio","article_modified_time":"2026-03-31T09:09:56+00:00","og_image":[{"width":1638,"height":1638,"url":"https:\/\/aliolio.art\/wp-content\/uploads\/2024\/06\/Southafrica-N\u00b0003_30x30cm_AliOlioArt_painting_front.jpg","type":"image\/jpeg"}],"twitter_card":"summary_large_image","twitter_misc":{"Estimated reading time":"1 minute"},"schema":{"@context":"https:\/\/schema.org","@graph":[{"@type":"WebPage","@id":"https:\/\/aliolio.art\/product\/south-africa-n-03\/","url":"https:\/\/aliolio.art\/product\/south-africa-n-03\/","name":"South Africa N\u00b0 03 - Ali Olio","isPartOf":{"@id":"https:\/\/aliolio.art\/#website"},"primaryImageOfPage":{"@id":"https:\/\/aliolio.art\/product\/south-africa-n-03\/#primaryimage"},"image":{"@id":"https:\/\/aliolio.art\/product\/south-africa-n-03\/#primaryimage"},"thumbnailUrl":"https:\/\/aliolio.art\/wp-content\/uploads\/2024\/06\/Southafrica-N\u00b0003_30x30cm_AliOlioArt_painting_front.jpg","datePublished":"2024-06-15T19:55:33+00:00","dateModified":"2026-03-31T09:09:56+00:00","breadcrumb":{"@id":"https:\/\/aliolio.art\/product\/south-africa-n-03\/#breadcrumb"},"inLanguage":"en-GB","potentialAction":[{"@type":"ReadAction","target":["https:\/\/aliolio.art\/product\/south-africa-n-03\/"]}]},{"@type":"ImageObject","inLanguage":"en-GB","@id":"https:\/\/aliolio.art\/product\/south-africa-n-03\/#primaryimage","url":"https:\/\/aliolio.art\/wp-content\/uploads\/2024\/06\/Southafrica-N\u00b0003_30x30cm_AliOlioArt_painting_front.jpg","contentUrl":"https:\/\/aliolio.art\/wp-content\/uploads\/2024\/06\/Southafrica-N\u00b0003_30x30cm_AliOlioArt_painting_front.jpg","width":1638,"height":1638,"caption":"Ali Olio | Fine Art from the Alps | Kunst aus den Alpen | S\u00fcdafrika L\u00f6we Safari Lion Southafrica painting Gem\u00e4lde Bild Brown white"},{"@type":"BreadcrumbList","@id":"https:\/\/aliolio.art\/product\/south-africa-n-03\/#breadcrumb","itemListElement":[{"@type":"ListItem","position":1,"name":"Startseite","item":"https:\/\/aliolio.art\/"},{"@type":"ListItem","position":2,"name":"Shop","item":"https:\/\/aliolio.art\/collect\/"},{"@type":"ListItem","position":3,"name":"South Africa N\u00b0 03"}]},{"@type":"WebSite","@id":"https:\/\/aliolio.art\/#website","url":"https:\/\/aliolio.art\/","name":"Ali Olio","description":"Fine Art from the Alps","publisher":{"@id":"https:\/\/aliolio.art\/#organization"},"potentialAction":[{"@type":"SearchAction","target":{"@type":"EntryPoint","urlTemplate":"https:\/\/aliolio.art\/?s={search_term_string}"},"query-input":{"@type":"PropertyValueSpecification","valueRequired":true,"valueName":"search_term_string"}}],"inLanguage":"en-GB"},{"@type":"Organization","@id":"https:\/\/aliolio.art\/#organization","name":"Ali Olio","url":"https:\/\/aliolio.art\/","logo":{"@type":"ImageObject","inLanguage":"en-GB","@id":"https:\/\/aliolio.art\/#\/schema\/logo\/image\/","url":"https:\/\/aliolio.art\/wp-content\/uploads\/2024\/06\/cropped-cropped-AliOlioArt-logo-white-transparent.png","contentUrl":"https:\/\/aliolio.art\/wp-content\/uploads\/2024\/06\/cropped-cropped-AliOlioArt-logo-white-transparent.png","width":512,"height":512,"caption":"Ali Olio"},"image":{"@id":"https:\/\/aliolio.art\/#\/schema\/logo\/image\/"}}]}},"jetpack_sharing_enabled":true,"_links":{"self":[{"href":"https:\/\/aliolio.art\/en\/wp-json\/wp\/v2\/product\/1109","targetHints":{"allow":["GET"]}}],"collection":[{"href":"https:\/\/aliolio.art\/en\/wp-json\/wp\/v2\/product"}],"about":[{"href":"https:\/\/aliolio.art\/en\/wp-json\/wp\/v2\/types\/product"}],"replies":[{"embeddable":true,"href":"https:\/\/aliolio.art\/en\/wp-json\/wp\/v2\/comments?post=1109"}],"version-history":[{"count":1,"href":"https:\/\/aliolio.art\/en\/wp-json\/wp\/v2\/product\/1109\/revisions"}],"predecessor-version":[{"id":1110,"href":"https:\/\/aliolio.art\/en\/wp-json\/wp\/v2\/product\/1109\/revisions\/1110"}],"wp:featuredmedia":[{"embeddable":true,"href":"https:\/\/aliolio.art\/en\/wp-json\/wp\/v2\/media\/1104"}],"wp:attachment":[{"href":"https:\/\/aliolio.art\/en\/wp-json\/wp\/v2\/media?parent=1109"}],"wp:term":[{"taxonomy":"product_brand","embeddable":true,"href":"https:\/\/aliolio.art\/en\/wp-json\/wp\/v2\/product_brand?post=1109"},{"taxonomy":"product_cat","embeddable":true,"href":"https:\/\/aliolio.art\/en\/wp-json\/wp\/v2\/product_cat?post=1109"},{"taxonomy":"product_tag","embeddable":true,"href":"https:\/\/aliolio.art\/en\/wp-json\/wp\/v2\/product_tag?post=1109"}],"curies":[{"name":"wp","href":"https:\/\/api.w.org\/{rel}","templated":true}]}}