{"id":1067,"date":"2024-06-15T18:31:12","date_gmt":"2024-06-15T18:31:12","guid":{"rendered":"https:\/\/aliolio.art\/?post_type=product&#038;p=1067"},"modified":"2025-05-30T14:48:14","modified_gmt":"2025-05-30T14:48:14","slug":"greece-naxos-beach","status":"publish","type":"product","link":"https:\/\/aliolio.art\/en\/product\/greece-naxos-beach\/","title":{"rendered":"Greece | Naxos Beach"},"content":{"rendered":"<p>Mixed media oilpainting on cardboard 24 x 30 x 0,5 cm<\/p>","protected":false},"excerpt":{"rendered":"<p>\u201cGreece\u201d Originales \u00d6lbild mit Acrylfarbe und Marker auf Panel \/ Karton in den Ma\u00dfen 24x30cm.<br \/>\nDer traumhafte Strand auf einer griechischen Insel mit abstrakten Elementen interpretiert.<br \/>\nFarben in t\u00fcrkis, blau, sand kombiniert mit gr\u00fcn und braun.<\/p>\n<p>Handgefertigt, \u00d6l \/ Mixed Media auf Panel \/ Karton, ohne Rahmen<\/p>\n<p>The beautiful beach on a Greek island interpreted with abstract elements.<br \/>\nColors in turquoise, blue, sand combined with green and brown.<\/p>\n<p>Handmade, oil \/ mixed media on panel \/ cardboard, without frame<\/p>\n<p>Reconnect with nature. Nature is art itself and that\u2019s what inspires me the most.<br \/>\nWith buying this art you make yourself or your loved ones a gift: You allow yourself or your loved ones to have a piece of art and nature at home.<\/p>","protected":false},"featured_media":282,"comment_status":"open","ping_status":"closed","template":"","meta":[],"product_brand":[],"product_cat":[57,21,50],"product_tag":[58],"class_list":{"0":"post-1067","1":"product","2":"type-product","3":"status-publish","4":"has-post-thumbnail","6":"product_cat-parent-experimental","7":"product_cat-grandparent-original-art","8":"product_cat-parent-sold","9":"product_tag-sold","11":"first","12":"outofstock","13":"sold-individually","14":"shipping-taxable","15":"product-type-simple"},"yoast_head":"<!-- This site is optimized with the Yoast SEO plugin v25.8 - https:\/\/yoast.com\/wordpress\/plugins\/seo\/ -->\n<title>Greece | Naxos Beach - Ali Olio<\/title>\n<meta name=\"robots\" content=\"index, follow, max-snippet:-1, max-image-preview:large, max-video-preview:-1\" \/>\n<link rel=\"canonical\" href=\"https:\/\/aliolio.art\/en\/product\/greece-naxos-beach\/\" \/>\n<meta property=\"og:locale\" content=\"en_GB\" \/>\n<meta property=\"og:type\" content=\"article\" \/>\n<meta property=\"og:title\" content=\"Greece | Naxos Beach - Ali Olio\" \/>\n<meta property=\"og:description\" content=\"\u201cGreece\u201d Originales \u00d6lbild mit Acrylfarbe und Marker auf Panel \/ Karton in den Ma\u00dfen 24x30cm. Der traumhafte Strand auf einer griechischen Insel mit abstrakten Elementen interpretiert. Farben in t\u00fcrkis, blau, sand kombiniert mit gr\u00fcn und braun.  Handgefertigt, \u00d6l \/ Mixed Media auf Panel \/ Karton, ohne Rahmen  The beautiful beach on a Greek island interpreted with abstract elements. Colors in turquoise, blue, sand combined with green and brown.  Handmade, oil \/ mixed media on panel \/ cardboard, without frame  Reconnect with nature. Nature is art itself and that\u2019s what inspires me the most. With buying this art you make yourself or your loved ones a gift: You allow yourself or your loved ones to have a piece of art and nature at home.\" \/>\n<meta property=\"og:url\" content=\"https:\/\/aliolio.art\/en\/product\/greece-naxos-beach\/\" \/>\n<meta property=\"og:site_name\" content=\"Ali Olio\" \/>\n<meta property=\"article:modified_time\" content=\"2025-05-30T14:48:14+00:00\" \/>\n<meta property=\"og:image\" content=\"https:\/\/aliolio.art\/wp-content\/uploads\/2024\/06\/Greece_24x30cm_AliOlioArt_painting_front.jpg\" \/>\n\t<meta property=\"og:image:width\" content=\"1144\" \/>\n\t<meta property=\"og:image:height\" content=\"1144\" \/>\n\t<meta property=\"og:image:type\" content=\"image\/jpeg\" \/>\n<meta name=\"twitter:card\" content=\"summary_large_image\" \/>\n<script type=\"application\/ld+json\" class=\"yoast-schema-graph\">{\"@context\":\"https:\/\/schema.org\",\"@graph\":[{\"@type\":\"WebPage\",\"@id\":\"https:\/\/aliolio.art\/product\/greece-naxos-beach\/\",\"url\":\"https:\/\/aliolio.art\/product\/greece-naxos-beach\/\",\"name\":\"Greece | Naxos Beach - Ali Olio\",\"isPartOf\":{\"@id\":\"https:\/\/aliolio.art\/#website\"},\"primaryImageOfPage\":{\"@id\":\"https:\/\/aliolio.art\/product\/greece-naxos-beach\/#primaryimage\"},\"image\":{\"@id\":\"https:\/\/aliolio.art\/product\/greece-naxos-beach\/#primaryimage\"},\"thumbnailUrl\":\"https:\/\/aliolio.art\/wp-content\/uploads\/2024\/06\/Greece_24x30cm_AliOlioArt_painting_front.jpg\",\"datePublished\":\"2024-06-15T18:31:12+00:00\",\"dateModified\":\"2025-05-30T14:48:14+00:00\",\"breadcrumb\":{\"@id\":\"https:\/\/aliolio.art\/product\/greece-naxos-beach\/#breadcrumb\"},\"inLanguage\":\"en-GB\",\"potentialAction\":[{\"@type\":\"ReadAction\",\"target\":[\"https:\/\/aliolio.art\/product\/greece-naxos-beach\/\"]}]},{\"@type\":\"ImageObject\",\"inLanguage\":\"en-GB\",\"@id\":\"https:\/\/aliolio.art\/product\/greece-naxos-beach\/#primaryimage\",\"url\":\"https:\/\/aliolio.art\/wp-content\/uploads\/2024\/06\/Greece_24x30cm_AliOlioArt_painting_front.jpg\",\"contentUrl\":\"https:\/\/aliolio.art\/wp-content\/uploads\/2024\/06\/Greece_24x30cm_AliOlioArt_painting_front.jpg\",\"width\":1144,\"height\":1144,\"caption\":\"Ali Olio | Fine Art from the Alps | Kunst aus den Alpen | \u00d6lbild \u00d6lgem\u00e4lde Landschaftsbild Griechenland Naxos Insel Strand blau painting Greece Island beach blue\"},{\"@type\":\"BreadcrumbList\",\"@id\":\"https:\/\/aliolio.art\/product\/greece-naxos-beach\/#breadcrumb\",\"itemListElement\":[{\"@type\":\"ListItem\",\"position\":1,\"name\":\"Startseite\",\"item\":\"https:\/\/aliolio.art\/\"},{\"@type\":\"ListItem\",\"position\":2,\"name\":\"Shop\",\"item\":\"https:\/\/aliolio.art\/collect\/\"},{\"@type\":\"ListItem\",\"position\":3,\"name\":\"Greece | Naxos Beach\"}]},{\"@type\":\"WebSite\",\"@id\":\"https:\/\/aliolio.art\/#website\",\"url\":\"https:\/\/aliolio.art\/\",\"name\":\"Ali Olio\",\"description\":\"Fine Art from the Alps\",\"publisher\":{\"@id\":\"https:\/\/aliolio.art\/#organization\"},\"potentialAction\":[{\"@type\":\"SearchAction\",\"target\":{\"@type\":\"EntryPoint\",\"urlTemplate\":\"https:\/\/aliolio.art\/?s={search_term_string}\"},\"query-input\":{\"@type\":\"PropertyValueSpecification\",\"valueRequired\":true,\"valueName\":\"search_term_string\"}}],\"inLanguage\":\"en-GB\"},{\"@type\":\"Organization\",\"@id\":\"https:\/\/aliolio.art\/#organization\",\"name\":\"Ali Olio\",\"url\":\"https:\/\/aliolio.art\/\",\"logo\":{\"@type\":\"ImageObject\",\"inLanguage\":\"en-GB\",\"@id\":\"https:\/\/aliolio.art\/#\/schema\/logo\/image\/\",\"url\":\"https:\/\/aliolio.art\/wp-content\/uploads\/2024\/06\/cropped-cropped-AliOlioArt-logo-white-transparent.png\",\"contentUrl\":\"https:\/\/aliolio.art\/wp-content\/uploads\/2024\/06\/cropped-cropped-AliOlioArt-logo-white-transparent.png\",\"width\":512,\"height\":512,\"caption\":\"Ali Olio\"},\"image\":{\"@id\":\"https:\/\/aliolio.art\/#\/schema\/logo\/image\/\"}}]}<\/script>\n<!-- \/ Yoast SEO plugin. -->","yoast_head_json":{"title":"Greece | Naxos Beach - Ali Olio","robots":{"index":"index","follow":"follow","max-snippet":"max-snippet:-1","max-image-preview":"max-image-preview:large","max-video-preview":"max-video-preview:-1"},"canonical":"https:\/\/aliolio.art\/en\/product\/greece-naxos-beach\/","og_locale":"en_GB","og_type":"article","og_title":"Greece | Naxos Beach - Ali Olio","og_description":"\u201cGreece\u201d Originales \u00d6lbild mit Acrylfarbe und Marker auf Panel \/ Karton in den Ma\u00dfen 24x30cm. Der traumhafte Strand auf einer griechischen Insel mit abstrakten Elementen interpretiert. Farben in t\u00fcrkis, blau, sand kombiniert mit gr\u00fcn und braun.  Handgefertigt, \u00d6l \/ Mixed Media auf Panel \/ Karton, ohne Rahmen  The beautiful beach on a Greek island interpreted with abstract elements. Colors in turquoise, blue, sand combined with green and brown.  Handmade, oil \/ mixed media on panel \/ cardboard, without frame  Reconnect with nature. Nature is art itself and that\u2019s what inspires me the most. With buying this art you make yourself or your loved ones a gift: You allow yourself or your loved ones to have a piece of art and nature at home.","og_url":"https:\/\/aliolio.art\/en\/product\/greece-naxos-beach\/","og_site_name":"Ali Olio","article_modified_time":"2025-05-30T14:48:14+00:00","og_image":[{"width":1144,"height":1144,"url":"https:\/\/aliolio.art\/wp-content\/uploads\/2024\/06\/Greece_24x30cm_AliOlioArt_painting_front.jpg","type":"image\/jpeg"}],"twitter_card":"summary_large_image","schema":{"@context":"https:\/\/schema.org","@graph":[{"@type":"WebPage","@id":"https:\/\/aliolio.art\/product\/greece-naxos-beach\/","url":"https:\/\/aliolio.art\/product\/greece-naxos-beach\/","name":"Greece | Naxos Beach - Ali Olio","isPartOf":{"@id":"https:\/\/aliolio.art\/#website"},"primaryImageOfPage":{"@id":"https:\/\/aliolio.art\/product\/greece-naxos-beach\/#primaryimage"},"image":{"@id":"https:\/\/aliolio.art\/product\/greece-naxos-beach\/#primaryimage"},"thumbnailUrl":"https:\/\/aliolio.art\/wp-content\/uploads\/2024\/06\/Greece_24x30cm_AliOlioArt_painting_front.jpg","datePublished":"2024-06-15T18:31:12+00:00","dateModified":"2025-05-30T14:48:14+00:00","breadcrumb":{"@id":"https:\/\/aliolio.art\/product\/greece-naxos-beach\/#breadcrumb"},"inLanguage":"en-GB","potentialAction":[{"@type":"ReadAction","target":["https:\/\/aliolio.art\/product\/greece-naxos-beach\/"]}]},{"@type":"ImageObject","inLanguage":"en-GB","@id":"https:\/\/aliolio.art\/product\/greece-naxos-beach\/#primaryimage","url":"https:\/\/aliolio.art\/wp-content\/uploads\/2024\/06\/Greece_24x30cm_AliOlioArt_painting_front.jpg","contentUrl":"https:\/\/aliolio.art\/wp-content\/uploads\/2024\/06\/Greece_24x30cm_AliOlioArt_painting_front.jpg","width":1144,"height":1144,"caption":"Ali Olio | Fine Art from the Alps | Kunst aus den Alpen | \u00d6lbild \u00d6lgem\u00e4lde Landschaftsbild Griechenland Naxos Insel Strand blau painting Greece Island beach blue"},{"@type":"BreadcrumbList","@id":"https:\/\/aliolio.art\/product\/greece-naxos-beach\/#breadcrumb","itemListElement":[{"@type":"ListItem","position":1,"name":"Startseite","item":"https:\/\/aliolio.art\/"},{"@type":"ListItem","position":2,"name":"Shop","item":"https:\/\/aliolio.art\/collect\/"},{"@type":"ListItem","position":3,"name":"Greece | Naxos Beach"}]},{"@type":"WebSite","@id":"https:\/\/aliolio.art\/#website","url":"https:\/\/aliolio.art\/","name":"Ali Olio","description":"Fine Art from the Alps","publisher":{"@id":"https:\/\/aliolio.art\/#organization"},"potentialAction":[{"@type":"SearchAction","target":{"@type":"EntryPoint","urlTemplate":"https:\/\/aliolio.art\/?s={search_term_string}"},"query-input":{"@type":"PropertyValueSpecification","valueRequired":true,"valueName":"search_term_string"}}],"inLanguage":"en-GB"},{"@type":"Organization","@id":"https:\/\/aliolio.art\/#organization","name":"Ali Olio","url":"https:\/\/aliolio.art\/","logo":{"@type":"ImageObject","inLanguage":"en-GB","@id":"https:\/\/aliolio.art\/#\/schema\/logo\/image\/","url":"https:\/\/aliolio.art\/wp-content\/uploads\/2024\/06\/cropped-cropped-AliOlioArt-logo-white-transparent.png","contentUrl":"https:\/\/aliolio.art\/wp-content\/uploads\/2024\/06\/cropped-cropped-AliOlioArt-logo-white-transparent.png","width":512,"height":512,"caption":"Ali Olio"},"image":{"@id":"https:\/\/aliolio.art\/#\/schema\/logo\/image\/"}}]}},"jetpack_sharing_enabled":true,"_links":{"self":[{"href":"https:\/\/aliolio.art\/en\/wp-json\/wp\/v2\/product\/1067","targetHints":{"allow":["GET"]}}],"collection":[{"href":"https:\/\/aliolio.art\/en\/wp-json\/wp\/v2\/product"}],"about":[{"href":"https:\/\/aliolio.art\/en\/wp-json\/wp\/v2\/types\/product"}],"replies":[{"embeddable":true,"href":"https:\/\/aliolio.art\/en\/wp-json\/wp\/v2\/comments?post=1067"}],"version-history":[{"count":2,"href":"https:\/\/aliolio.art\/en\/wp-json\/wp\/v2\/product\/1067\/revisions"}],"predecessor-version":[{"id":1284,"href":"https:\/\/aliolio.art\/en\/wp-json\/wp\/v2\/product\/1067\/revisions\/1284"}],"wp:featuredmedia":[{"embeddable":true,"href":"https:\/\/aliolio.art\/en\/wp-json\/wp\/v2\/media\/282"}],"wp:attachment":[{"href":"https:\/\/aliolio.art\/en\/wp-json\/wp\/v2\/media?parent=1067"}],"wp:term":[{"taxonomy":"product_brand","embeddable":true,"href":"https:\/\/aliolio.art\/en\/wp-json\/wp\/v2\/product_brand?post=1067"},{"taxonomy":"product_cat","embeddable":true,"href":"https:\/\/aliolio.art\/en\/wp-json\/wp\/v2\/product_cat?post=1067"},{"taxonomy":"product_tag","embeddable":true,"href":"https:\/\/aliolio.art\/en\/wp-json\/wp\/v2\/product_tag?post=1067"}],"curies":[{"name":"wp","href":"https:\/\/api.w.org\/{rel}","templated":true}]}}