{"id":1065,"date":"2024-06-15T18:26:33","date_gmt":"2024-06-15T18:26:33","guid":{"rendered":"https:\/\/aliolio.art\/?post_type=product&#038;p=1065"},"modified":"2025-04-02T09:02:56","modified_gmt":"2025-04-02T09:02:56","slug":"free-falling","status":"publish","type":"product","link":"https:\/\/aliolio.art\/en\/product\/free-falling\/","title":{"rendered":"Free Falling"},"content":{"rendered":"<p>Mixed media oilpainting on canvas 70 x 100 x 4 cm<\/p>","protected":false},"excerpt":{"rendered":"<p>\u201cFree Falling\u201d Originales \u00d6lbild mit Acrylfarbe und Marker auf Leinwand in den Ma\u00dfen 70x100x4cm.<br \/>\nWasserfall in S\u00fcdafrika, Fotoreferenz auf Reisen fotografiert.<br \/>\nFarben in gr\u00fcn, blau, wei\u00df, kombiniert mit r\u00f6tlichem Orange.<\/p>\n<p>\u201cFree Falling\u201d Original artwork with oilcolor, acrylics and markers on canvas, size 70x100x4cm.<br \/>\nWaterfall in South Africa, reference photo made on a Trip to South Africa in February 2023.<br \/>\nColors are green, blue, white combined with red orange.<\/p>\n<p>Reconnect with nature. Nature is art itself and that\u2019s what inspires me the most.<br \/>\nWith buying this art you make yourself or your loved ones a gift: You allow yourself or your loved ones to have a piece of art and nature at home.<\/p>","protected":false},"featured_media":276,"comment_status":"open","ping_status":"closed","template":"","meta":[],"product_brand":[],"product_cat":[45,54,21,59],"product_tag":[],"class_list":{"0":"post-1065","1":"product","2":"type-product","3":"status-publish","4":"has-post-thumbnail","6":"product_cat-parent-available","7":"product_cat-child-serie-horizon-series","8":"product_cat-grandparent-original-art","9":"product_cat-parent-serie","11":"first","12":"instock","13":"featured","14":"sold-individually","15":"shipping-taxable","16":"purchasable","17":"product-type-simple"},"yoast_head":"<!-- This site is optimized with the Yoast SEO plugin v25.8 - https:\/\/yoast.com\/wordpress\/plugins\/seo\/ -->\n<title>Free Falling - Ali Olio<\/title>\n<meta name=\"robots\" content=\"index, follow, max-snippet:-1, max-image-preview:large, max-video-preview:-1\" \/>\n<link rel=\"canonical\" href=\"https:\/\/aliolio.art\/en\/product\/free-falling\/\" \/>\n<meta property=\"og:locale\" content=\"en_GB\" \/>\n<meta property=\"og:type\" content=\"article\" \/>\n<meta property=\"og:title\" content=\"Free Falling - Ali Olio\" \/>\n<meta property=\"og:description\" content=\"\u201cFree Falling\u201d Originales \u00d6lbild mit Acrylfarbe und Marker auf Leinwand in den Ma\u00dfen 70x100x4cm. Wasserfall in S\u00fcdafrika, Fotoreferenz auf Reisen fotografiert. Farben in gr\u00fcn, blau, wei\u00df, kombiniert mit r\u00f6tlichem Orange.  \u201cFree Falling\u201d Original artwork with oilcolor, acrylics and markers on canvas, size 70x100x4cm. Waterfall in South Africa, reference photo made on a Trip to South Africa in February 2023. Colors are green, blue, white combined with red orange.  Reconnect with nature. Nature is art itself and that\u2019s what inspires me the most. With buying this art you make yourself or your loved ones a gift: You allow yourself or your loved ones to have a piece of art and nature at home.\" \/>\n<meta property=\"og:url\" content=\"https:\/\/aliolio.art\/en\/product\/free-falling\/\" \/>\n<meta property=\"og:site_name\" content=\"Ali Olio\" \/>\n<meta property=\"article:modified_time\" content=\"2025-04-02T09:02:56+00:00\" \/>\n<meta property=\"og:image\" content=\"https:\/\/aliolio.art\/wp-content\/uploads\/2024\/06\/Free-falling_70x100cm_AliOlioArt_painting_front-web.jpg\" \/>\n\t<meta property=\"og:image:width\" content=\"654\" \/>\n\t<meta property=\"og:image:height\" content=\"655\" \/>\n\t<meta property=\"og:image:type\" content=\"image\/jpeg\" \/>\n<meta name=\"twitter:card\" content=\"summary_large_image\" \/>\n<script type=\"application\/ld+json\" class=\"yoast-schema-graph\">{\"@context\":\"https:\/\/schema.org\",\"@graph\":[{\"@type\":\"WebPage\",\"@id\":\"https:\/\/aliolio.art\/product\/free-falling\/\",\"url\":\"https:\/\/aliolio.art\/product\/free-falling\/\",\"name\":\"Free Falling - Ali Olio\",\"isPartOf\":{\"@id\":\"https:\/\/aliolio.art\/#website\"},\"primaryImageOfPage\":{\"@id\":\"https:\/\/aliolio.art\/product\/free-falling\/#primaryimage\"},\"image\":{\"@id\":\"https:\/\/aliolio.art\/product\/free-falling\/#primaryimage\"},\"thumbnailUrl\":\"https:\/\/aliolio.art\/wp-content\/uploads\/2024\/06\/Free-falling_70x100cm_AliOlioArt_painting_front-web.jpg\",\"datePublished\":\"2024-06-15T18:26:33+00:00\",\"dateModified\":\"2025-04-02T09:02:56+00:00\",\"breadcrumb\":{\"@id\":\"https:\/\/aliolio.art\/product\/free-falling\/#breadcrumb\"},\"inLanguage\":\"en-GB\",\"potentialAction\":[{\"@type\":\"ReadAction\",\"target\":[\"https:\/\/aliolio.art\/product\/free-falling\/\"]}]},{\"@type\":\"ImageObject\",\"inLanguage\":\"en-GB\",\"@id\":\"https:\/\/aliolio.art\/product\/free-falling\/#primaryimage\",\"url\":\"https:\/\/aliolio.art\/wp-content\/uploads\/2024\/06\/Free-falling_70x100cm_AliOlioArt_painting_front-web.jpg\",\"contentUrl\":\"https:\/\/aliolio.art\/wp-content\/uploads\/2024\/06\/Free-falling_70x100cm_AliOlioArt_painting_front-web.jpg\",\"width\":654,\"height\":655,\"caption\":\"Ali Olio | Fine Art from the Alps | Kunst aus den Alpen | Berge Mountains Wasserfall Waterfall South Africa S\u00fcdafrica nature abstract background green blue gr\u00fcn blau\"},{\"@type\":\"BreadcrumbList\",\"@id\":\"https:\/\/aliolio.art\/product\/free-falling\/#breadcrumb\",\"itemListElement\":[{\"@type\":\"ListItem\",\"position\":1,\"name\":\"Startseite\",\"item\":\"https:\/\/aliolio.art\/\"},{\"@type\":\"ListItem\",\"position\":2,\"name\":\"Shop\",\"item\":\"https:\/\/aliolio.art\/collect\/\"},{\"@type\":\"ListItem\",\"position\":3,\"name\":\"Free Falling\"}]},{\"@type\":\"WebSite\",\"@id\":\"https:\/\/aliolio.art\/#website\",\"url\":\"https:\/\/aliolio.art\/\",\"name\":\"Ali Olio\",\"description\":\"Fine Art from the Alps\",\"publisher\":{\"@id\":\"https:\/\/aliolio.art\/#organization\"},\"potentialAction\":[{\"@type\":\"SearchAction\",\"target\":{\"@type\":\"EntryPoint\",\"urlTemplate\":\"https:\/\/aliolio.art\/?s={search_term_string}\"},\"query-input\":{\"@type\":\"PropertyValueSpecification\",\"valueRequired\":true,\"valueName\":\"search_term_string\"}}],\"inLanguage\":\"en-GB\"},{\"@type\":\"Organization\",\"@id\":\"https:\/\/aliolio.art\/#organization\",\"name\":\"Ali Olio\",\"url\":\"https:\/\/aliolio.art\/\",\"logo\":{\"@type\":\"ImageObject\",\"inLanguage\":\"en-GB\",\"@id\":\"https:\/\/aliolio.art\/#\/schema\/logo\/image\/\",\"url\":\"https:\/\/aliolio.art\/wp-content\/uploads\/2024\/06\/cropped-cropped-AliOlioArt-logo-white-transparent.png\",\"contentUrl\":\"https:\/\/aliolio.art\/wp-content\/uploads\/2024\/06\/cropped-cropped-AliOlioArt-logo-white-transparent.png\",\"width\":512,\"height\":512,\"caption\":\"Ali Olio\"},\"image\":{\"@id\":\"https:\/\/aliolio.art\/#\/schema\/logo\/image\/\"}}]}<\/script>\n<!-- \/ Yoast SEO plugin. -->","yoast_head_json":{"title":"Free Falling - Ali Olio","robots":{"index":"index","follow":"follow","max-snippet":"max-snippet:-1","max-image-preview":"max-image-preview:large","max-video-preview":"max-video-preview:-1"},"canonical":"https:\/\/aliolio.art\/en\/product\/free-falling\/","og_locale":"en_GB","og_type":"article","og_title":"Free Falling - Ali Olio","og_description":"\u201cFree Falling\u201d Originales \u00d6lbild mit Acrylfarbe und Marker auf Leinwand in den Ma\u00dfen 70x100x4cm. Wasserfall in S\u00fcdafrika, Fotoreferenz auf Reisen fotografiert. Farben in gr\u00fcn, blau, wei\u00df, kombiniert mit r\u00f6tlichem Orange.  \u201cFree Falling\u201d Original artwork with oilcolor, acrylics and markers on canvas, size 70x100x4cm. Waterfall in South Africa, reference photo made on a Trip to South Africa in February 2023. Colors are green, blue, white combined with red orange.  Reconnect with nature. Nature is art itself and that\u2019s what inspires me the most. With buying this art you make yourself or your loved ones a gift: You allow yourself or your loved ones to have a piece of art and nature at home.","og_url":"https:\/\/aliolio.art\/en\/product\/free-falling\/","og_site_name":"Ali Olio","article_modified_time":"2025-04-02T09:02:56+00:00","og_image":[{"width":654,"height":655,"url":"https:\/\/aliolio.art\/wp-content\/uploads\/2024\/06\/Free-falling_70x100cm_AliOlioArt_painting_front-web.jpg","type":"image\/jpeg"}],"twitter_card":"summary_large_image","schema":{"@context":"https:\/\/schema.org","@graph":[{"@type":"WebPage","@id":"https:\/\/aliolio.art\/product\/free-falling\/","url":"https:\/\/aliolio.art\/product\/free-falling\/","name":"Free Falling - Ali Olio","isPartOf":{"@id":"https:\/\/aliolio.art\/#website"},"primaryImageOfPage":{"@id":"https:\/\/aliolio.art\/product\/free-falling\/#primaryimage"},"image":{"@id":"https:\/\/aliolio.art\/product\/free-falling\/#primaryimage"},"thumbnailUrl":"https:\/\/aliolio.art\/wp-content\/uploads\/2024\/06\/Free-falling_70x100cm_AliOlioArt_painting_front-web.jpg","datePublished":"2024-06-15T18:26:33+00:00","dateModified":"2025-04-02T09:02:56+00:00","breadcrumb":{"@id":"https:\/\/aliolio.art\/product\/free-falling\/#breadcrumb"},"inLanguage":"en-GB","potentialAction":[{"@type":"ReadAction","target":["https:\/\/aliolio.art\/product\/free-falling\/"]}]},{"@type":"ImageObject","inLanguage":"en-GB","@id":"https:\/\/aliolio.art\/product\/free-falling\/#primaryimage","url":"https:\/\/aliolio.art\/wp-content\/uploads\/2024\/06\/Free-falling_70x100cm_AliOlioArt_painting_front-web.jpg","contentUrl":"https:\/\/aliolio.art\/wp-content\/uploads\/2024\/06\/Free-falling_70x100cm_AliOlioArt_painting_front-web.jpg","width":654,"height":655,"caption":"Ali Olio | Fine Art from the Alps | Kunst aus den Alpen | Berge Mountains Wasserfall Waterfall South Africa S\u00fcdafrica nature abstract background green blue gr\u00fcn blau"},{"@type":"BreadcrumbList","@id":"https:\/\/aliolio.art\/product\/free-falling\/#breadcrumb","itemListElement":[{"@type":"ListItem","position":1,"name":"Startseite","item":"https:\/\/aliolio.art\/"},{"@type":"ListItem","position":2,"name":"Shop","item":"https:\/\/aliolio.art\/collect\/"},{"@type":"ListItem","position":3,"name":"Free Falling"}]},{"@type":"WebSite","@id":"https:\/\/aliolio.art\/#website","url":"https:\/\/aliolio.art\/","name":"Ali Olio","description":"Fine Art from the Alps","publisher":{"@id":"https:\/\/aliolio.art\/#organization"},"potentialAction":[{"@type":"SearchAction","target":{"@type":"EntryPoint","urlTemplate":"https:\/\/aliolio.art\/?s={search_term_string}"},"query-input":{"@type":"PropertyValueSpecification","valueRequired":true,"valueName":"search_term_string"}}],"inLanguage":"en-GB"},{"@type":"Organization","@id":"https:\/\/aliolio.art\/#organization","name":"Ali Olio","url":"https:\/\/aliolio.art\/","logo":{"@type":"ImageObject","inLanguage":"en-GB","@id":"https:\/\/aliolio.art\/#\/schema\/logo\/image\/","url":"https:\/\/aliolio.art\/wp-content\/uploads\/2024\/06\/cropped-cropped-AliOlioArt-logo-white-transparent.png","contentUrl":"https:\/\/aliolio.art\/wp-content\/uploads\/2024\/06\/cropped-cropped-AliOlioArt-logo-white-transparent.png","width":512,"height":512,"caption":"Ali Olio"},"image":{"@id":"https:\/\/aliolio.art\/#\/schema\/logo\/image\/"}}]}},"jetpack_sharing_enabled":true,"_links":{"self":[{"href":"https:\/\/aliolio.art\/en\/wp-json\/wp\/v2\/product\/1065","targetHints":{"allow":["GET"]}}],"collection":[{"href":"https:\/\/aliolio.art\/en\/wp-json\/wp\/v2\/product"}],"about":[{"href":"https:\/\/aliolio.art\/en\/wp-json\/wp\/v2\/types\/product"}],"replies":[{"embeddable":true,"href":"https:\/\/aliolio.art\/en\/wp-json\/wp\/v2\/comments?post=1065"}],"version-history":[{"count":1,"href":"https:\/\/aliolio.art\/en\/wp-json\/wp\/v2\/product\/1065\/revisions"}],"predecessor-version":[{"id":1066,"href":"https:\/\/aliolio.art\/en\/wp-json\/wp\/v2\/product\/1065\/revisions\/1066"}],"wp:featuredmedia":[{"embeddable":true,"href":"https:\/\/aliolio.art\/en\/wp-json\/wp\/v2\/media\/276"}],"wp:attachment":[{"href":"https:\/\/aliolio.art\/en\/wp-json\/wp\/v2\/media?parent=1065"}],"wp:term":[{"taxonomy":"product_brand","embeddable":true,"href":"https:\/\/aliolio.art\/en\/wp-json\/wp\/v2\/product_brand?post=1065"},{"taxonomy":"product_cat","embeddable":true,"href":"https:\/\/aliolio.art\/en\/wp-json\/wp\/v2\/product_cat?post=1065"},{"taxonomy":"product_tag","embeddable":true,"href":"https:\/\/aliolio.art\/en\/wp-json\/wp\/v2\/product_tag?post=1065"}],"curies":[{"name":"wp","href":"https:\/\/api.w.org\/{rel}","templated":true}]}}