{"id":1054,"date":"2024-06-15T17:35:35","date_gmt":"2024-06-15T17:35:35","guid":{"rendered":"https:\/\/aliolio.art\/?post_type=product&#038;p=1054"},"modified":"2025-04-02T09:01:56","modified_gmt":"2025-04-02T09:01:56","slug":"abstract-night-copy","status":"publish","type":"product","link":"https:\/\/aliolio.art\/en\/product\/abstract-night-copy\/","title":{"rendered":"Abstract Val Gardena"},"content":{"rendered":"<p>Mixed media oilpainting on canvas 95 x 60 x 2 cm<\/p>","protected":false},"excerpt":{"rendered":"<p>\u201cVal Gardena\u201d Originales \u00d6lbild mit Acrylfarbe und Marker auf Leinwand in den Ma\u00dfen 95x60x2cm.<br \/>\nEinzigartige Landschaft in den Dolomiten bei Gr\u00f6den, Val Gardena. Abstrakte Einschl\u00e4ge.<br \/>\nFarben in grau, wei\u00df, gr\u00fcn kombiniert mit orange und braun.<\/p>\n<p>\u201cVal Gardena\u201d Original artwork with oilcolor, acrylics and markers on canvas, size 95x60x2cm.<br \/>\nUnique landscape in the Dolomites, Gr\u00f6den, Val Gardena. Abstract background.<br \/>\nColors are grey, white, green combined with colorful orange and brown.<\/p>\n<p>Reconnect with nature. Nature is art itself and that\u2019s what inspires me the most.<br \/>\nWith buying this art you make yourself or your loved ones a gift: You allow yourself or your loved ones to have a piece of art and nature at home.<\/p>","protected":false},"featured_media":287,"comment_status":"open","ping_status":"closed","template":"","meta":[],"product_brand":[],"product_cat":[45,54,21,59],"product_tag":[],"class_list":{"0":"post-1054","1":"product","2":"type-product","3":"status-publish","4":"has-post-thumbnail","6":"product_cat-parent-available","7":"product_cat-child-serie-horizon-series","8":"product_cat-grandparent-original-art","9":"product_cat-parent-serie","11":"first","12":"instock","13":"featured","14":"sold-individually","15":"shipping-taxable","16":"purchasable","17":"product-type-simple"},"yoast_head":"<!-- This site is optimized with the Yoast SEO plugin v25.8 - https:\/\/yoast.com\/wordpress\/plugins\/seo\/ -->\n<title>Abstract Val Gardena - Ali Olio<\/title>\n<meta name=\"robots\" content=\"index, follow, max-snippet:-1, max-image-preview:large, max-video-preview:-1\" \/>\n<link rel=\"canonical\" href=\"https:\/\/aliolio.art\/en\/product\/abstract-night-copy\/\" \/>\n<meta property=\"og:locale\" content=\"en_GB\" \/>\n<meta property=\"og:type\" content=\"article\" \/>\n<meta property=\"og:title\" content=\"Abstract Val Gardena - Ali Olio\" \/>\n<meta property=\"og:description\" content=\"\u201cVal Gardena\u201d Originales \u00d6lbild mit Acrylfarbe und Marker auf Leinwand in den Ma\u00dfen 95x60x2cm. Einzigartige Landschaft in den Dolomiten bei Gr\u00f6den, Val Gardena. Abstrakte Einschl\u00e4ge. Farben in grau, wei\u00df, gr\u00fcn kombiniert mit orange und braun.  \u201cVal Gardena\u201d Original artwork with oilcolor, acrylics and markers on canvas, size 95x60x2cm. Unique landscape in the Dolomites, Gr\u00f6den, Val Gardena. Abstract background. Colors are grey, white, green combined with colorful orange and brown.  Reconnect with nature. Nature is art itself and that\u2019s what inspires me the most. With buying this art you make yourself or your loved ones a gift: You allow yourself or your loved ones to have a piece of art and nature at home.\" \/>\n<meta property=\"og:url\" content=\"https:\/\/aliolio.art\/en\/product\/abstract-night-copy\/\" \/>\n<meta property=\"og:site_name\" content=\"Ali Olio\" \/>\n<meta property=\"article:modified_time\" content=\"2025-04-02T09:01:56+00:00\" \/>\n<meta property=\"og:image\" content=\"https:\/\/aliolio.art\/wp-content\/uploads\/2024\/06\/mountaingem_val_gardena_95x60_aliolioart-front.jpg\" \/>\n\t<meta property=\"og:image:width\" content=\"649\" \/>\n\t<meta property=\"og:image:height\" content=\"622\" \/>\n\t<meta property=\"og:image:type\" content=\"image\/jpeg\" \/>\n<meta name=\"twitter:card\" content=\"summary_large_image\" \/>\n<script type=\"application\/ld+json\" class=\"yoast-schema-graph\">{\"@context\":\"https:\/\/schema.org\",\"@graph\":[{\"@type\":\"WebPage\",\"@id\":\"https:\/\/aliolio.art\/product\/abstract-night-copy\/\",\"url\":\"https:\/\/aliolio.art\/product\/abstract-night-copy\/\",\"name\":\"Abstract Val Gardena - Ali Olio\",\"isPartOf\":{\"@id\":\"https:\/\/aliolio.art\/#website\"},\"primaryImageOfPage\":{\"@id\":\"https:\/\/aliolio.art\/product\/abstract-night-copy\/#primaryimage\"},\"image\":{\"@id\":\"https:\/\/aliolio.art\/product\/abstract-night-copy\/#primaryimage\"},\"thumbnailUrl\":\"https:\/\/aliolio.art\/wp-content\/uploads\/2024\/06\/mountaingem_val_gardena_95x60_aliolioart-front.jpg\",\"datePublished\":\"2024-06-15T17:35:35+00:00\",\"dateModified\":\"2025-04-02T09:01:56+00:00\",\"breadcrumb\":{\"@id\":\"https:\/\/aliolio.art\/product\/abstract-night-copy\/#breadcrumb\"},\"inLanguage\":\"en-GB\",\"potentialAction\":[{\"@type\":\"ReadAction\",\"target\":[\"https:\/\/aliolio.art\/product\/abstract-night-copy\/\"]}]},{\"@type\":\"ImageObject\",\"inLanguage\":\"en-GB\",\"@id\":\"https:\/\/aliolio.art\/product\/abstract-night-copy\/#primaryimage\",\"url\":\"https:\/\/aliolio.art\/wp-content\/uploads\/2024\/06\/mountaingem_val_gardena_95x60_aliolioart-front.jpg\",\"contentUrl\":\"https:\/\/aliolio.art\/wp-content\/uploads\/2024\/06\/mountaingem_val_gardena_95x60_aliolioart-front.jpg\",\"width\":649,\"height\":622,\"caption\":\"Ali Olio | Fine Art from the Alps | Kunst aus den Alpen | Berge Mountains nature abstract background green blue gr\u00fcn blau\"},{\"@type\":\"BreadcrumbList\",\"@id\":\"https:\/\/aliolio.art\/product\/abstract-night-copy\/#breadcrumb\",\"itemListElement\":[{\"@type\":\"ListItem\",\"position\":1,\"name\":\"Startseite\",\"item\":\"https:\/\/aliolio.art\/\"},{\"@type\":\"ListItem\",\"position\":2,\"name\":\"Shop\",\"item\":\"https:\/\/aliolio.art\/collect\/\"},{\"@type\":\"ListItem\",\"position\":3,\"name\":\"Abstract Val Gardena\"}]},{\"@type\":\"WebSite\",\"@id\":\"https:\/\/aliolio.art\/#website\",\"url\":\"https:\/\/aliolio.art\/\",\"name\":\"Ali Olio\",\"description\":\"Fine Art from the Alps\",\"publisher\":{\"@id\":\"https:\/\/aliolio.art\/#organization\"},\"potentialAction\":[{\"@type\":\"SearchAction\",\"target\":{\"@type\":\"EntryPoint\",\"urlTemplate\":\"https:\/\/aliolio.art\/?s={search_term_string}\"},\"query-input\":{\"@type\":\"PropertyValueSpecification\",\"valueRequired\":true,\"valueName\":\"search_term_string\"}}],\"inLanguage\":\"en-GB\"},{\"@type\":\"Organization\",\"@id\":\"https:\/\/aliolio.art\/#organization\",\"name\":\"Ali Olio\",\"url\":\"https:\/\/aliolio.art\/\",\"logo\":{\"@type\":\"ImageObject\",\"inLanguage\":\"en-GB\",\"@id\":\"https:\/\/aliolio.art\/#\/schema\/logo\/image\/\",\"url\":\"https:\/\/aliolio.art\/wp-content\/uploads\/2024\/06\/cropped-cropped-AliOlioArt-logo-white-transparent.png\",\"contentUrl\":\"https:\/\/aliolio.art\/wp-content\/uploads\/2024\/06\/cropped-cropped-AliOlioArt-logo-white-transparent.png\",\"width\":512,\"height\":512,\"caption\":\"Ali Olio\"},\"image\":{\"@id\":\"https:\/\/aliolio.art\/#\/schema\/logo\/image\/\"}}]}<\/script>\n<!-- \/ Yoast SEO plugin. -->","yoast_head_json":{"title":"Abstract Val Gardena - Ali Olio","robots":{"index":"index","follow":"follow","max-snippet":"max-snippet:-1","max-image-preview":"max-image-preview:large","max-video-preview":"max-video-preview:-1"},"canonical":"https:\/\/aliolio.art\/en\/product\/abstract-night-copy\/","og_locale":"en_GB","og_type":"article","og_title":"Abstract Val Gardena - Ali Olio","og_description":"\u201cVal Gardena\u201d Originales \u00d6lbild mit Acrylfarbe und Marker auf Leinwand in den Ma\u00dfen 95x60x2cm. Einzigartige Landschaft in den Dolomiten bei Gr\u00f6den, Val Gardena. Abstrakte Einschl\u00e4ge. Farben in grau, wei\u00df, gr\u00fcn kombiniert mit orange und braun.  \u201cVal Gardena\u201d Original artwork with oilcolor, acrylics and markers on canvas, size 95x60x2cm. Unique landscape in the Dolomites, Gr\u00f6den, Val Gardena. Abstract background. Colors are grey, white, green combined with colorful orange and brown.  Reconnect with nature. Nature is art itself and that\u2019s what inspires me the most. With buying this art you make yourself or your loved ones a gift: You allow yourself or your loved ones to have a piece of art and nature at home.","og_url":"https:\/\/aliolio.art\/en\/product\/abstract-night-copy\/","og_site_name":"Ali Olio","article_modified_time":"2025-04-02T09:01:56+00:00","og_image":[{"width":649,"height":622,"url":"https:\/\/aliolio.art\/wp-content\/uploads\/2024\/06\/mountaingem_val_gardena_95x60_aliolioart-front.jpg","type":"image\/jpeg"}],"twitter_card":"summary_large_image","schema":{"@context":"https:\/\/schema.org","@graph":[{"@type":"WebPage","@id":"https:\/\/aliolio.art\/product\/abstract-night-copy\/","url":"https:\/\/aliolio.art\/product\/abstract-night-copy\/","name":"Abstract Val Gardena - Ali Olio","isPartOf":{"@id":"https:\/\/aliolio.art\/#website"},"primaryImageOfPage":{"@id":"https:\/\/aliolio.art\/product\/abstract-night-copy\/#primaryimage"},"image":{"@id":"https:\/\/aliolio.art\/product\/abstract-night-copy\/#primaryimage"},"thumbnailUrl":"https:\/\/aliolio.art\/wp-content\/uploads\/2024\/06\/mountaingem_val_gardena_95x60_aliolioart-front.jpg","datePublished":"2024-06-15T17:35:35+00:00","dateModified":"2025-04-02T09:01:56+00:00","breadcrumb":{"@id":"https:\/\/aliolio.art\/product\/abstract-night-copy\/#breadcrumb"},"inLanguage":"en-GB","potentialAction":[{"@type":"ReadAction","target":["https:\/\/aliolio.art\/product\/abstract-night-copy\/"]}]},{"@type":"ImageObject","inLanguage":"en-GB","@id":"https:\/\/aliolio.art\/product\/abstract-night-copy\/#primaryimage","url":"https:\/\/aliolio.art\/wp-content\/uploads\/2024\/06\/mountaingem_val_gardena_95x60_aliolioart-front.jpg","contentUrl":"https:\/\/aliolio.art\/wp-content\/uploads\/2024\/06\/mountaingem_val_gardena_95x60_aliolioart-front.jpg","width":649,"height":622,"caption":"Ali Olio | Fine Art from the Alps | Kunst aus den Alpen | Berge Mountains nature abstract background green blue gr\u00fcn blau"},{"@type":"BreadcrumbList","@id":"https:\/\/aliolio.art\/product\/abstract-night-copy\/#breadcrumb","itemListElement":[{"@type":"ListItem","position":1,"name":"Startseite","item":"https:\/\/aliolio.art\/"},{"@type":"ListItem","position":2,"name":"Shop","item":"https:\/\/aliolio.art\/collect\/"},{"@type":"ListItem","position":3,"name":"Abstract Val Gardena"}]},{"@type":"WebSite","@id":"https:\/\/aliolio.art\/#website","url":"https:\/\/aliolio.art\/","name":"Ali Olio","description":"Fine Art from the Alps","publisher":{"@id":"https:\/\/aliolio.art\/#organization"},"potentialAction":[{"@type":"SearchAction","target":{"@type":"EntryPoint","urlTemplate":"https:\/\/aliolio.art\/?s={search_term_string}"},"query-input":{"@type":"PropertyValueSpecification","valueRequired":true,"valueName":"search_term_string"}}],"inLanguage":"en-GB"},{"@type":"Organization","@id":"https:\/\/aliolio.art\/#organization","name":"Ali Olio","url":"https:\/\/aliolio.art\/","logo":{"@type":"ImageObject","inLanguage":"en-GB","@id":"https:\/\/aliolio.art\/#\/schema\/logo\/image\/","url":"https:\/\/aliolio.art\/wp-content\/uploads\/2024\/06\/cropped-cropped-AliOlioArt-logo-white-transparent.png","contentUrl":"https:\/\/aliolio.art\/wp-content\/uploads\/2024\/06\/cropped-cropped-AliOlioArt-logo-white-transparent.png","width":512,"height":512,"caption":"Ali Olio"},"image":{"@id":"https:\/\/aliolio.art\/#\/schema\/logo\/image\/"}}]}},"jetpack_sharing_enabled":true,"_links":{"self":[{"href":"https:\/\/aliolio.art\/en\/wp-json\/wp\/v2\/product\/1054","targetHints":{"allow":["GET"]}}],"collection":[{"href":"https:\/\/aliolio.art\/en\/wp-json\/wp\/v2\/product"}],"about":[{"href":"https:\/\/aliolio.art\/en\/wp-json\/wp\/v2\/types\/product"}],"replies":[{"embeddable":true,"href":"https:\/\/aliolio.art\/en\/wp-json\/wp\/v2\/comments?post=1054"}],"version-history":[{"count":3,"href":"https:\/\/aliolio.art\/en\/wp-json\/wp\/v2\/product\/1054\/revisions"}],"predecessor-version":[{"id":1057,"href":"https:\/\/aliolio.art\/en\/wp-json\/wp\/v2\/product\/1054\/revisions\/1057"}],"wp:featuredmedia":[{"embeddable":true,"href":"https:\/\/aliolio.art\/en\/wp-json\/wp\/v2\/media\/287"}],"wp:attachment":[{"href":"https:\/\/aliolio.art\/en\/wp-json\/wp\/v2\/media?parent=1054"}],"wp:term":[{"taxonomy":"product_brand","embeddable":true,"href":"https:\/\/aliolio.art\/en\/wp-json\/wp\/v2\/product_brand?post=1054"},{"taxonomy":"product_cat","embeddable":true,"href":"https:\/\/aliolio.art\/en\/wp-json\/wp\/v2\/product_cat?post=1054"},{"taxonomy":"product_tag","embeddable":true,"href":"https:\/\/aliolio.art\/en\/wp-json\/wp\/v2\/product_tag?post=1054"}],"curies":[{"name":"wp","href":"https:\/\/api.w.org\/{rel}","templated":true}]}}