{"id":1049,"date":"2024-06-15T17:28:20","date_gmt":"2024-06-15T17:28:20","guid":{"rendered":"https:\/\/aliolio.art\/?post_type=product&#038;p=1049"},"modified":"2025-04-02T09:01:55","modified_gmt":"2025-04-02T09:01:55","slug":"abstract-night","status":"publish","type":"product","link":"https:\/\/aliolio.art\/en\/product\/abstract-night\/","title":{"rendered":"Abstract Night"},"content":{"rendered":"<p>Mixed media oilpainting on canvas 40 x 40 x 4 cm<\/p>","protected":false},"excerpt":{"rendered":"<p>\u201cNight\u201d Originales \u00d6lbild mit Acrylfarbe und Marker auf Leinwand in den Ma\u00dfen 40x40x4cm.<br \/>\nMotte mit Kristall vor abstraktem dunklem rotem Hintergrund.<br \/>\nFarben in schwarz, wei\u00df, rot kombiniert mit Nuancen von lila und blau.<\/p>\n<p>\u201cNight\u201d Original artwork with oilcolor, acrylics and markers on canvas, size 40x40x4cm.<br \/>\nMoth with a crystal in front of an abstract dark red background.<br \/>\nColors are black, white, red combined with nuances of violet and blue.<\/p>\n<p>Reconnect with nature. Nature is art itself and that\u2019s what inspires me the most.<br \/>\nWith buying this art you make yourself or your loved ones a gift: You allow yourself or your loved ones to have a piece of art and nature at home.<\/p>","protected":false},"featured_media":295,"comment_status":"open","ping_status":"closed","template":"","meta":[],"product_brand":[],"product_cat":[21,59,50,55],"product_tag":[58],"class_list":{"0":"post-1049","1":"product","2":"type-product","3":"status-publish","4":"has-post-thumbnail","6":"product_cat-grandparent-original-art","7":"product_cat-parent-serie","8":"product_cat-parent-sold","9":"product_cat-child-serie-series","10":"product_tag-sold","12":"first","13":"outofstock","14":"sold-individually","15":"shipping-taxable","16":"product-type-simple"},"yoast_head":"<!-- This site is optimized with the Yoast SEO plugin v25.8 - https:\/\/yoast.com\/wordpress\/plugins\/seo\/ -->\n<title>Abstract Night - Ali Olio<\/title>\n<meta name=\"robots\" content=\"index, follow, max-snippet:-1, max-image-preview:large, max-video-preview:-1\" \/>\n<link rel=\"canonical\" href=\"https:\/\/aliolio.art\/en\/product\/abstract-night\/\" \/>\n<meta property=\"og:locale\" content=\"en_GB\" \/>\n<meta property=\"og:type\" content=\"article\" \/>\n<meta property=\"og:title\" content=\"Abstract Night - Ali Olio\" \/>\n<meta property=\"og:description\" content=\"\u201cNight\u201d Originales \u00d6lbild mit Acrylfarbe und Marker auf Leinwand in den Ma\u00dfen 40x40x4cm. Motte mit Kristall vor abstraktem dunklem rotem Hintergrund. Farben in schwarz, wei\u00df, rot kombiniert mit Nuancen von lila und blau.  \u201cNight\u201d Original artwork with oilcolor, acrylics and markers on canvas, size 40x40x4cm. Moth with a crystal in front of an abstract dark red background. Colors are black, white, red combined with nuances of violet and blue.  Reconnect with nature. Nature is art itself and that\u2019s what inspires me the most. With buying this art you make yourself or your loved ones a gift: You allow yourself or your loved ones to have a piece of art and nature at home.\" \/>\n<meta property=\"og:url\" content=\"https:\/\/aliolio.art\/en\/product\/abstract-night\/\" \/>\n<meta property=\"og:site_name\" content=\"Ali Olio\" \/>\n<meta property=\"article:modified_time\" content=\"2025-04-02T09:01:55+00:00\" \/>\n<meta property=\"og:image\" content=\"https:\/\/aliolio.art\/wp-content\/uploads\/2024\/06\/night_40x40x4cm_AliOlioArt_painting_front.jpg\" \/>\n\t<meta property=\"og:image:width\" content=\"1888\" \/>\n\t<meta property=\"og:image:height\" content=\"1888\" \/>\n\t<meta property=\"og:image:type\" content=\"image\/jpeg\" \/>\n<meta name=\"twitter:card\" content=\"summary_large_image\" \/>\n<script type=\"application\/ld+json\" class=\"yoast-schema-graph\">{\"@context\":\"https:\/\/schema.org\",\"@graph\":[{\"@type\":\"WebPage\",\"@id\":\"https:\/\/aliolio.art\/product\/abstract-night\/\",\"url\":\"https:\/\/aliolio.art\/product\/abstract-night\/\",\"name\":\"Abstract Night - Ali Olio\",\"isPartOf\":{\"@id\":\"https:\/\/aliolio.art\/#website\"},\"primaryImageOfPage\":{\"@id\":\"https:\/\/aliolio.art\/product\/abstract-night\/#primaryimage\"},\"image\":{\"@id\":\"https:\/\/aliolio.art\/product\/abstract-night\/#primaryimage\"},\"thumbnailUrl\":\"https:\/\/aliolio.art\/wp-content\/uploads\/2024\/06\/night_40x40x4cm_AliOlioArt_painting_front.jpg\",\"datePublished\":\"2024-06-15T17:28:20+00:00\",\"dateModified\":\"2025-04-02T09:01:55+00:00\",\"breadcrumb\":{\"@id\":\"https:\/\/aliolio.art\/product\/abstract-night\/#breadcrumb\"},\"inLanguage\":\"en-GB\",\"potentialAction\":[{\"@type\":\"ReadAction\",\"target\":[\"https:\/\/aliolio.art\/product\/abstract-night\/\"]}]},{\"@type\":\"ImageObject\",\"inLanguage\":\"en-GB\",\"@id\":\"https:\/\/aliolio.art\/product\/abstract-night\/#primaryimage\",\"url\":\"https:\/\/aliolio.art\/wp-content\/uploads\/2024\/06\/night_40x40x4cm_AliOlioArt_painting_front.jpg\",\"contentUrl\":\"https:\/\/aliolio.art\/wp-content\/uploads\/2024\/06\/night_40x40x4cm_AliOlioArt_painting_front.jpg\",\"width\":1888,\"height\":1888,\"caption\":\"Ali Olio | Fine Art from the Alps | Kunst aus den Alpen | Crystal butterfly dark red night nature abstract background Schmetterling Kristall Bild Nacht schwarz rot abstrakter Hintergrund\"},{\"@type\":\"BreadcrumbList\",\"@id\":\"https:\/\/aliolio.art\/product\/abstract-night\/#breadcrumb\",\"itemListElement\":[{\"@type\":\"ListItem\",\"position\":1,\"name\":\"Startseite\",\"item\":\"https:\/\/aliolio.art\/\"},{\"@type\":\"ListItem\",\"position\":2,\"name\":\"Shop\",\"item\":\"https:\/\/aliolio.art\/collect\/\"},{\"@type\":\"ListItem\",\"position\":3,\"name\":\"Abstract Night\"}]},{\"@type\":\"WebSite\",\"@id\":\"https:\/\/aliolio.art\/#website\",\"url\":\"https:\/\/aliolio.art\/\",\"name\":\"Ali Olio\",\"description\":\"Fine Art from the Alps\",\"publisher\":{\"@id\":\"https:\/\/aliolio.art\/#organization\"},\"potentialAction\":[{\"@type\":\"SearchAction\",\"target\":{\"@type\":\"EntryPoint\",\"urlTemplate\":\"https:\/\/aliolio.art\/?s={search_term_string}\"},\"query-input\":{\"@type\":\"PropertyValueSpecification\",\"valueRequired\":true,\"valueName\":\"search_term_string\"}}],\"inLanguage\":\"en-GB\"},{\"@type\":\"Organization\",\"@id\":\"https:\/\/aliolio.art\/#organization\",\"name\":\"Ali Olio\",\"url\":\"https:\/\/aliolio.art\/\",\"logo\":{\"@type\":\"ImageObject\",\"inLanguage\":\"en-GB\",\"@id\":\"https:\/\/aliolio.art\/#\/schema\/logo\/image\/\",\"url\":\"https:\/\/aliolio.art\/wp-content\/uploads\/2024\/06\/cropped-cropped-AliOlioArt-logo-white-transparent.png\",\"contentUrl\":\"https:\/\/aliolio.art\/wp-content\/uploads\/2024\/06\/cropped-cropped-AliOlioArt-logo-white-transparent.png\",\"width\":512,\"height\":512,\"caption\":\"Ali Olio\"},\"image\":{\"@id\":\"https:\/\/aliolio.art\/#\/schema\/logo\/image\/\"}}]}<\/script>\n<!-- \/ Yoast SEO plugin. -->","yoast_head_json":{"title":"Abstract Night - Ali Olio","robots":{"index":"index","follow":"follow","max-snippet":"max-snippet:-1","max-image-preview":"max-image-preview:large","max-video-preview":"max-video-preview:-1"},"canonical":"https:\/\/aliolio.art\/en\/product\/abstract-night\/","og_locale":"en_GB","og_type":"article","og_title":"Abstract Night - Ali Olio","og_description":"\u201cNight\u201d Originales \u00d6lbild mit Acrylfarbe und Marker auf Leinwand in den Ma\u00dfen 40x40x4cm. Motte mit Kristall vor abstraktem dunklem rotem Hintergrund. Farben in schwarz, wei\u00df, rot kombiniert mit Nuancen von lila und blau.  \u201cNight\u201d Original artwork with oilcolor, acrylics and markers on canvas, size 40x40x4cm. Moth with a crystal in front of an abstract dark red background. Colors are black, white, red combined with nuances of violet and blue.  Reconnect with nature. Nature is art itself and that\u2019s what inspires me the most. With buying this art you make yourself or your loved ones a gift: You allow yourself or your loved ones to have a piece of art and nature at home.","og_url":"https:\/\/aliolio.art\/en\/product\/abstract-night\/","og_site_name":"Ali Olio","article_modified_time":"2025-04-02T09:01:55+00:00","og_image":[{"width":1888,"height":1888,"url":"https:\/\/aliolio.art\/wp-content\/uploads\/2024\/06\/night_40x40x4cm_AliOlioArt_painting_front.jpg","type":"image\/jpeg"}],"twitter_card":"summary_large_image","schema":{"@context":"https:\/\/schema.org","@graph":[{"@type":"WebPage","@id":"https:\/\/aliolio.art\/product\/abstract-night\/","url":"https:\/\/aliolio.art\/product\/abstract-night\/","name":"Abstract Night - Ali Olio","isPartOf":{"@id":"https:\/\/aliolio.art\/#website"},"primaryImageOfPage":{"@id":"https:\/\/aliolio.art\/product\/abstract-night\/#primaryimage"},"image":{"@id":"https:\/\/aliolio.art\/product\/abstract-night\/#primaryimage"},"thumbnailUrl":"https:\/\/aliolio.art\/wp-content\/uploads\/2024\/06\/night_40x40x4cm_AliOlioArt_painting_front.jpg","datePublished":"2024-06-15T17:28:20+00:00","dateModified":"2025-04-02T09:01:55+00:00","breadcrumb":{"@id":"https:\/\/aliolio.art\/product\/abstract-night\/#breadcrumb"},"inLanguage":"en-GB","potentialAction":[{"@type":"ReadAction","target":["https:\/\/aliolio.art\/product\/abstract-night\/"]}]},{"@type":"ImageObject","inLanguage":"en-GB","@id":"https:\/\/aliolio.art\/product\/abstract-night\/#primaryimage","url":"https:\/\/aliolio.art\/wp-content\/uploads\/2024\/06\/night_40x40x4cm_AliOlioArt_painting_front.jpg","contentUrl":"https:\/\/aliolio.art\/wp-content\/uploads\/2024\/06\/night_40x40x4cm_AliOlioArt_painting_front.jpg","width":1888,"height":1888,"caption":"Ali Olio | Fine Art from the Alps | Kunst aus den Alpen | Crystal butterfly dark red night nature abstract background Schmetterling Kristall Bild Nacht schwarz rot abstrakter Hintergrund"},{"@type":"BreadcrumbList","@id":"https:\/\/aliolio.art\/product\/abstract-night\/#breadcrumb","itemListElement":[{"@type":"ListItem","position":1,"name":"Startseite","item":"https:\/\/aliolio.art\/"},{"@type":"ListItem","position":2,"name":"Shop","item":"https:\/\/aliolio.art\/collect\/"},{"@type":"ListItem","position":3,"name":"Abstract Night"}]},{"@type":"WebSite","@id":"https:\/\/aliolio.art\/#website","url":"https:\/\/aliolio.art\/","name":"Ali Olio","description":"Fine Art from the Alps","publisher":{"@id":"https:\/\/aliolio.art\/#organization"},"potentialAction":[{"@type":"SearchAction","target":{"@type":"EntryPoint","urlTemplate":"https:\/\/aliolio.art\/?s={search_term_string}"},"query-input":{"@type":"PropertyValueSpecification","valueRequired":true,"valueName":"search_term_string"}}],"inLanguage":"en-GB"},{"@type":"Organization","@id":"https:\/\/aliolio.art\/#organization","name":"Ali Olio","url":"https:\/\/aliolio.art\/","logo":{"@type":"ImageObject","inLanguage":"en-GB","@id":"https:\/\/aliolio.art\/#\/schema\/logo\/image\/","url":"https:\/\/aliolio.art\/wp-content\/uploads\/2024\/06\/cropped-cropped-AliOlioArt-logo-white-transparent.png","contentUrl":"https:\/\/aliolio.art\/wp-content\/uploads\/2024\/06\/cropped-cropped-AliOlioArt-logo-white-transparent.png","width":512,"height":512,"caption":"Ali Olio"},"image":{"@id":"https:\/\/aliolio.art\/#\/schema\/logo\/image\/"}}]}},"jetpack_sharing_enabled":true,"_links":{"self":[{"href":"https:\/\/aliolio.art\/en\/wp-json\/wp\/v2\/product\/1049","targetHints":{"allow":["GET"]}}],"collection":[{"href":"https:\/\/aliolio.art\/en\/wp-json\/wp\/v2\/product"}],"about":[{"href":"https:\/\/aliolio.art\/en\/wp-json\/wp\/v2\/types\/product"}],"replies":[{"embeddable":true,"href":"https:\/\/aliolio.art\/en\/wp-json\/wp\/v2\/comments?post=1049"}],"version-history":[{"count":5,"href":"https:\/\/aliolio.art\/en\/wp-json\/wp\/v2\/product\/1049\/revisions"}],"predecessor-version":[{"id":2613,"href":"https:\/\/aliolio.art\/en\/wp-json\/wp\/v2\/product\/1049\/revisions\/2613"}],"wp:featuredmedia":[{"embeddable":true,"href":"https:\/\/aliolio.art\/en\/wp-json\/wp\/v2\/media\/295"}],"wp:attachment":[{"href":"https:\/\/aliolio.art\/en\/wp-json\/wp\/v2\/media?parent=1049"}],"wp:term":[{"taxonomy":"product_brand","embeddable":true,"href":"https:\/\/aliolio.art\/en\/wp-json\/wp\/v2\/product_brand?post=1049"},{"taxonomy":"product_cat","embeddable":true,"href":"https:\/\/aliolio.art\/en\/wp-json\/wp\/v2\/product_cat?post=1049"},{"taxonomy":"product_tag","embeddable":true,"href":"https:\/\/aliolio.art\/en\/wp-json\/wp\/v2\/product_tag?post=1049"}],"curies":[{"name":"wp","href":"https:\/\/api.w.org\/{rel}","templated":true}]}}