{"id":1047,"date":"2024-06-15T17:23:42","date_gmt":"2024-06-15T17:23:42","guid":{"rendered":"https:\/\/aliolio.art\/?post_type=product&#038;p=1047"},"modified":"2025-05-30T07:18:03","modified_gmt":"2025-05-30T07:18:03","slug":"beeautiful","status":"publish","type":"product","link":"https:\/\/aliolio.art\/en\/product\/beeautiful\/","title":{"rendered":"Beeautiful"},"content":{"rendered":"<p>Mixed media oilpainting on canvas 80 x 80 x 4 cm<\/p>","protected":false},"excerpt":{"rendered":"<p>[SOLD]<\/p>\n<p>\u201cBeeautiful\u201d Originales \u00d6lbild mit Acrylfarbe und Marker auf Leinwand in den Ma\u00dfen 80x80x4cm<br \/>\nHonigwabe mit Honig, Bl\u00fcten und Bienen mit abstraktem Hintergrund.<br \/>\nFarben in grau, wei\u00df, beige kombiniert mit kr\u00e4ftigen orange, gelb und rot.<\/p>\n<p>\u201cBeeautiful\u201d Original artwork with oilcolor, acrylics and markers on canvas, size 80x80x4cm.<br \/>\nHoneycomb with honey, flowers and bees with an abstract background.<br \/>\nColors are grey, white, beige combined with colorful orange, yellow and red.<\/p>\n<p>Reconnect with nature. Nature is art itself and that\u2019s what inspires me the most.<br \/>\nWith buying this art you make yourself or your loved ones a gift: You allow yourself or your loved ones to have a piece of art and nature at home.<\/p>","protected":false},"featured_media":253,"comment_status":"open","ping_status":"closed","template":"","meta":[],"product_brand":[],"product_cat":[21,59,50,55],"product_tag":[58],"class_list":{"0":"post-1047","1":"product","2":"type-product","3":"status-publish","4":"has-post-thumbnail","6":"product_cat-grandparent-original-art","7":"product_cat-parent-serie","8":"product_cat-parent-sold","9":"product_cat-child-serie-series","10":"product_tag-sold","12":"first","13":"outofstock","14":"sold-individually","15":"shipping-taxable","16":"product-type-simple"},"yoast_head":"<!-- This site is optimized with the Yoast SEO plugin v25.8 - https:\/\/yoast.com\/wordpress\/plugins\/seo\/ -->\n<title>Beeautiful - Ali Olio<\/title>\n<meta name=\"robots\" content=\"index, follow, max-snippet:-1, max-image-preview:large, max-video-preview:-1\" \/>\n<link rel=\"canonical\" href=\"https:\/\/aliolio.art\/en\/product\/beeautiful\/\" \/>\n<meta property=\"og:locale\" content=\"en_GB\" \/>\n<meta property=\"og:type\" content=\"article\" \/>\n<meta property=\"og:title\" content=\"Beeautiful - Ali Olio\" \/>\n<meta property=\"og:description\" content=\"[SOLD]  \u201cBeeautiful\u201d Originales \u00d6lbild mit Acrylfarbe und Marker auf Leinwand in den Ma\u00dfen 80x80x4cm Honigwabe mit Honig, Bl\u00fcten und Bienen mit abstraktem Hintergrund. Farben in grau, wei\u00df, beige kombiniert mit kr\u00e4ftigen orange, gelb und rot.  \u201cBeeautiful\u201d Original artwork with oilcolor, acrylics and markers on canvas, size 80x80x4cm. Honeycomb with honey, flowers and bees with an abstract background. Colors are grey, white, beige combined with colorful orange, yellow and red.  Reconnect with nature. Nature is art itself and that\u2019s what inspires me the most. With buying this art you make yourself or your loved ones a gift: You allow yourself or your loved ones to have a piece of art and nature at home.\" \/>\n<meta property=\"og:url\" content=\"https:\/\/aliolio.art\/en\/product\/beeautiful\/\" \/>\n<meta property=\"og:site_name\" content=\"Ali Olio\" \/>\n<meta property=\"article:modified_time\" content=\"2025-05-30T07:18:03+00:00\" \/>\n<meta property=\"og:image\" content=\"https:\/\/aliolio.art\/wp-content\/uploads\/2024\/06\/Beeautiful_80x80cm_AliOlioArt_painting_front-web-1.jpg\" \/>\n\t<meta property=\"og:image:width\" content=\"979\" \/>\n\t<meta property=\"og:image:height\" content=\"979\" \/>\n\t<meta property=\"og:image:type\" content=\"image\/jpeg\" \/>\n<meta name=\"twitter:card\" content=\"summary_large_image\" \/>\n<meta name=\"twitter:label1\" content=\"Estimated reading time\" \/>\n\t<meta name=\"twitter:data1\" content=\"1 minute\" \/>\n<script type=\"application\/ld+json\" class=\"yoast-schema-graph\">{\"@context\":\"https:\/\/schema.org\",\"@graph\":[{\"@type\":\"WebPage\",\"@id\":\"https:\/\/aliolio.art\/product\/beeautiful\/\",\"url\":\"https:\/\/aliolio.art\/product\/beeautiful\/\",\"name\":\"Beeautiful - Ali Olio\",\"isPartOf\":{\"@id\":\"https:\/\/aliolio.art\/#website\"},\"primaryImageOfPage\":{\"@id\":\"https:\/\/aliolio.art\/product\/beeautiful\/#primaryimage\"},\"image\":{\"@id\":\"https:\/\/aliolio.art\/product\/beeautiful\/#primaryimage\"},\"thumbnailUrl\":\"https:\/\/aliolio.art\/wp-content\/uploads\/2024\/06\/Beeautiful_80x80cm_AliOlioArt_painting_front-web-1.jpg\",\"datePublished\":\"2024-06-15T17:23:42+00:00\",\"dateModified\":\"2025-05-30T07:18:03+00:00\",\"breadcrumb\":{\"@id\":\"https:\/\/aliolio.art\/product\/beeautiful\/#breadcrumb\"},\"inLanguage\":\"en-GB\",\"potentialAction\":[{\"@type\":\"ReadAction\",\"target\":[\"https:\/\/aliolio.art\/product\/beeautiful\/\"]}]},{\"@type\":\"ImageObject\",\"inLanguage\":\"en-GB\",\"@id\":\"https:\/\/aliolio.art\/product\/beeautiful\/#primaryimage\",\"url\":\"https:\/\/aliolio.art\/wp-content\/uploads\/2024\/06\/Beeautiful_80x80cm_AliOlioArt_painting_front-web-1.jpg\",\"contentUrl\":\"https:\/\/aliolio.art\/wp-content\/uploads\/2024\/06\/Beeautiful_80x80cm_AliOlioArt_painting_front-web-1.jpg\",\"width\":979,\"height\":979,\"caption\":\"Ali Olio | Fine Art from the Alps | Kunst aus den Alpen | abstract beetle blue orange white | abstrakter Bienen mit Hintergrund orange gelb neutral honey bees abstract yellow\"},{\"@type\":\"BreadcrumbList\",\"@id\":\"https:\/\/aliolio.art\/product\/beeautiful\/#breadcrumb\",\"itemListElement\":[{\"@type\":\"ListItem\",\"position\":1,\"name\":\"Startseite\",\"item\":\"https:\/\/aliolio.art\/\"},{\"@type\":\"ListItem\",\"position\":2,\"name\":\"Shop\",\"item\":\"https:\/\/aliolio.art\/collect\/\"},{\"@type\":\"ListItem\",\"position\":3,\"name\":\"Beeautiful\"}]},{\"@type\":\"WebSite\",\"@id\":\"https:\/\/aliolio.art\/#website\",\"url\":\"https:\/\/aliolio.art\/\",\"name\":\"Ali Olio\",\"description\":\"Fine Art from the Alps\",\"publisher\":{\"@id\":\"https:\/\/aliolio.art\/#organization\"},\"potentialAction\":[{\"@type\":\"SearchAction\",\"target\":{\"@type\":\"EntryPoint\",\"urlTemplate\":\"https:\/\/aliolio.art\/?s={search_term_string}\"},\"query-input\":{\"@type\":\"PropertyValueSpecification\",\"valueRequired\":true,\"valueName\":\"search_term_string\"}}],\"inLanguage\":\"en-GB\"},{\"@type\":\"Organization\",\"@id\":\"https:\/\/aliolio.art\/#organization\",\"name\":\"Ali Olio\",\"url\":\"https:\/\/aliolio.art\/\",\"logo\":{\"@type\":\"ImageObject\",\"inLanguage\":\"en-GB\",\"@id\":\"https:\/\/aliolio.art\/#\/schema\/logo\/image\/\",\"url\":\"https:\/\/aliolio.art\/wp-content\/uploads\/2024\/06\/cropped-cropped-AliOlioArt-logo-white-transparent.png\",\"contentUrl\":\"https:\/\/aliolio.art\/wp-content\/uploads\/2024\/06\/cropped-cropped-AliOlioArt-logo-white-transparent.png\",\"width\":512,\"height\":512,\"caption\":\"Ali Olio\"},\"image\":{\"@id\":\"https:\/\/aliolio.art\/#\/schema\/logo\/image\/\"}}]}<\/script>\n<!-- \/ Yoast SEO plugin. -->","yoast_head_json":{"title":"Beeautiful - Ali Olio","robots":{"index":"index","follow":"follow","max-snippet":"max-snippet:-1","max-image-preview":"max-image-preview:large","max-video-preview":"max-video-preview:-1"},"canonical":"https:\/\/aliolio.art\/en\/product\/beeautiful\/","og_locale":"en_GB","og_type":"article","og_title":"Beeautiful - Ali Olio","og_description":"[SOLD]  \u201cBeeautiful\u201d Originales \u00d6lbild mit Acrylfarbe und Marker auf Leinwand in den Ma\u00dfen 80x80x4cm Honigwabe mit Honig, Bl\u00fcten und Bienen mit abstraktem Hintergrund. Farben in grau, wei\u00df, beige kombiniert mit kr\u00e4ftigen orange, gelb und rot.  \u201cBeeautiful\u201d Original artwork with oilcolor, acrylics and markers on canvas, size 80x80x4cm. Honeycomb with honey, flowers and bees with an abstract background. Colors are grey, white, beige combined with colorful orange, yellow and red.  Reconnect with nature. Nature is art itself and that\u2019s what inspires me the most. With buying this art you make yourself or your loved ones a gift: You allow yourself or your loved ones to have a piece of art and nature at home.","og_url":"https:\/\/aliolio.art\/en\/product\/beeautiful\/","og_site_name":"Ali Olio","article_modified_time":"2025-05-30T07:18:03+00:00","og_image":[{"width":979,"height":979,"url":"https:\/\/aliolio.art\/wp-content\/uploads\/2024\/06\/Beeautiful_80x80cm_AliOlioArt_painting_front-web-1.jpg","type":"image\/jpeg"}],"twitter_card":"summary_large_image","twitter_misc":{"Estimated reading time":"1 minute"},"schema":{"@context":"https:\/\/schema.org","@graph":[{"@type":"WebPage","@id":"https:\/\/aliolio.art\/product\/beeautiful\/","url":"https:\/\/aliolio.art\/product\/beeautiful\/","name":"Beeautiful - Ali Olio","isPartOf":{"@id":"https:\/\/aliolio.art\/#website"},"primaryImageOfPage":{"@id":"https:\/\/aliolio.art\/product\/beeautiful\/#primaryimage"},"image":{"@id":"https:\/\/aliolio.art\/product\/beeautiful\/#primaryimage"},"thumbnailUrl":"https:\/\/aliolio.art\/wp-content\/uploads\/2024\/06\/Beeautiful_80x80cm_AliOlioArt_painting_front-web-1.jpg","datePublished":"2024-06-15T17:23:42+00:00","dateModified":"2025-05-30T07:18:03+00:00","breadcrumb":{"@id":"https:\/\/aliolio.art\/product\/beeautiful\/#breadcrumb"},"inLanguage":"en-GB","potentialAction":[{"@type":"ReadAction","target":["https:\/\/aliolio.art\/product\/beeautiful\/"]}]},{"@type":"ImageObject","inLanguage":"en-GB","@id":"https:\/\/aliolio.art\/product\/beeautiful\/#primaryimage","url":"https:\/\/aliolio.art\/wp-content\/uploads\/2024\/06\/Beeautiful_80x80cm_AliOlioArt_painting_front-web-1.jpg","contentUrl":"https:\/\/aliolio.art\/wp-content\/uploads\/2024\/06\/Beeautiful_80x80cm_AliOlioArt_painting_front-web-1.jpg","width":979,"height":979,"caption":"Ali Olio | Fine Art from the Alps | Kunst aus den Alpen | abstract beetle blue orange white | abstrakter Bienen mit Hintergrund orange gelb neutral honey bees abstract yellow"},{"@type":"BreadcrumbList","@id":"https:\/\/aliolio.art\/product\/beeautiful\/#breadcrumb","itemListElement":[{"@type":"ListItem","position":1,"name":"Startseite","item":"https:\/\/aliolio.art\/"},{"@type":"ListItem","position":2,"name":"Shop","item":"https:\/\/aliolio.art\/collect\/"},{"@type":"ListItem","position":3,"name":"Beeautiful"}]},{"@type":"WebSite","@id":"https:\/\/aliolio.art\/#website","url":"https:\/\/aliolio.art\/","name":"Ali Olio","description":"Fine Art from the Alps","publisher":{"@id":"https:\/\/aliolio.art\/#organization"},"potentialAction":[{"@type":"SearchAction","target":{"@type":"EntryPoint","urlTemplate":"https:\/\/aliolio.art\/?s={search_term_string}"},"query-input":{"@type":"PropertyValueSpecification","valueRequired":true,"valueName":"search_term_string"}}],"inLanguage":"en-GB"},{"@type":"Organization","@id":"https:\/\/aliolio.art\/#organization","name":"Ali Olio","url":"https:\/\/aliolio.art\/","logo":{"@type":"ImageObject","inLanguage":"en-GB","@id":"https:\/\/aliolio.art\/#\/schema\/logo\/image\/","url":"https:\/\/aliolio.art\/wp-content\/uploads\/2024\/06\/cropped-cropped-AliOlioArt-logo-white-transparent.png","contentUrl":"https:\/\/aliolio.art\/wp-content\/uploads\/2024\/06\/cropped-cropped-AliOlioArt-logo-white-transparent.png","width":512,"height":512,"caption":"Ali Olio"},"image":{"@id":"https:\/\/aliolio.art\/#\/schema\/logo\/image\/"}}]}},"jetpack_sharing_enabled":true,"_links":{"self":[{"href":"https:\/\/aliolio.art\/en\/wp-json\/wp\/v2\/product\/1047","targetHints":{"allow":["GET"]}}],"collection":[{"href":"https:\/\/aliolio.art\/en\/wp-json\/wp\/v2\/product"}],"about":[{"href":"https:\/\/aliolio.art\/en\/wp-json\/wp\/v2\/types\/product"}],"replies":[{"embeddable":true,"href":"https:\/\/aliolio.art\/en\/wp-json\/wp\/v2\/comments?post=1047"}],"version-history":[{"count":5,"href":"https:\/\/aliolio.art\/en\/wp-json\/wp\/v2\/product\/1047\/revisions"}],"predecessor-version":[{"id":3902,"href":"https:\/\/aliolio.art\/en\/wp-json\/wp\/v2\/product\/1047\/revisions\/3902"}],"wp:featuredmedia":[{"embeddable":true,"href":"https:\/\/aliolio.art\/en\/wp-json\/wp\/v2\/media\/253"}],"wp:attachment":[{"href":"https:\/\/aliolio.art\/en\/wp-json\/wp\/v2\/media?parent=1047"}],"wp:term":[{"taxonomy":"product_brand","embeddable":true,"href":"https:\/\/aliolio.art\/en\/wp-json\/wp\/v2\/product_brand?post=1047"},{"taxonomy":"product_cat","embeddable":true,"href":"https:\/\/aliolio.art\/en\/wp-json\/wp\/v2\/product_cat?post=1047"},{"taxonomy":"product_tag","embeddable":true,"href":"https:\/\/aliolio.art\/en\/wp-json\/wp\/v2\/product_tag?post=1047"}],"curies":[{"name":"wp","href":"https:\/\/api.w.org\/{rel}","templated":true}]}}