{"id":509,"date":"2024-06-11T19:19:22","date_gmt":"2024-06-11T19:19:22","guid":{"rendered":"https:\/\/aliolio.art\/?page_id=509"},"modified":"2025-03-27T08:49:51","modified_gmt":"2025-03-27T08:49:51","slug":"impressum","status":"publish","type":"page","link":"https:\/\/aliolio.art\/en\/impressum\/","title":{"rendered":"Imprint"},"content":{"rendered":"<div data-elementor-type=\"wp-page\" data-elementor-id=\"509\" class=\"elementor elementor-509\" data-elementor-post-type=\"page\">\n\t\t\t\t<div class=\"elementor-element elementor-element-7f624a7e e-flex e-con-boxed e-con e-parent\" data-id=\"7f624a7e\" data-element_type=\"container\" data-e-type=\"container\">\n\t\t\t\t\t<div class=\"e-con-inner\">\n\t\t\t\t<div class=\"elementor-element elementor-element-2df283f elementor-widget elementor-widget-heading\" data-id=\"2df283f\" data-element_type=\"widget\" data-e-type=\"widget\" data-widget_type=\"heading.default\">\n\t\t\t\t<div class=\"elementor-widget-container\">\n\t\t\t\t\t<h2 class=\"elementor-heading-title elementor-size-default\">Imprint<\/h2>\t\t\t\t<\/div>\n\t\t\t\t<\/div>\n\t\t\t\t<div class=\"elementor-element elementor-element-3cf1dfa8 elementor-widget elementor-widget-text-editor\" data-id=\"3cf1dfa8\" data-element_type=\"widget\" data-e-type=\"widget\" data-widget_type=\"text-editor.default\">\n\t\t\t\t<div class=\"elementor-widget-container\">\n\t\t\t\t\t\t\t\t\t<p>\u00a0<\/p><hr \/><h5><strong>KONTAKT<\/strong><\/h5><p><strong>Ali Olio | Fine Art from the Alps<\/strong><br \/>operated by Alexandra Isabel H\u00f6rhager<br \/>Gie\u00dfenweg 16<br \/>6341 Ebbs<br \/>\u00d6STERREICH<br \/>+43 664 75050405<br \/><a href=\"mailto:studio@aliolio.art\">studio@aliolio.art<\/a><\/p><hr \/><h5><strong>Disclaimer<\/strong><\/h5><p>This disclaimer is to be considered as part of the internet offering from which reference was made to this website. Should parts or individual phrases of this text not, no longer, or not fully comply with the applicable legal situation, the remaining parts of the document will remain unaffected in their content and validity.<\/p><hr \/><h5><strong>Liability for the content of this website<\/strong><\/h5><p>The content of this website has been created with the utmost care. However, we do not assume any liability for the accuracy, completeness, or timeliness of the content.<\/p><p>As a service provider, we are responsible for our own content on these pages under general laws. However, we are not obligated to monitor transmitted or stored external information or to investigate circumstances that point to illegal activities. Obligations to remove or block the use of information under general laws remain unaffected by this. Liability in this regard is only possible once we become aware of a specific legal violation. As soon as we are informed of such violations, we will promptly remove the content.<\/p><hr \/><h5><strong>Liability for links to third-party websites<\/strong><\/h5><p>Our offer contains links to external websites. We have no influence over their content. Therefore, we cannot accept any liability for these external contents. The respective provider or operator of the linked pages is always responsible for the content of the linked sites.<\/p><p>The linked pages were checked for possible legal violations at the time of linking. No illegal content was recognizable at the time of linking. However, a permanent content review of the linked pages is not reasonable without concrete indications of a legal violation. As soon as we become aware of any legal violations, we will remove such links immediately.<\/p><hr \/><h5><strong>URHEBERRECHT<\/strong><\/h5><p>Die Betreiber dieser Website sind bestrebt, stets die Urheberrechte anderer zu beachten und auf selbst erstellte sowie lizenzfreie Werke zur\u00fcckzugreifen.<\/p><p>Die durch die Seitenbetreiber erstellten Inhalte und Werke auf dieser Website unterliegen dem Urheberrecht. Beitr\u00e4ge Dritter sind als solche gekennzeichnet. Die Vervielf\u00e4ltigung, Bearbeitung, Verbreitung und jegliche Art der Verwertung au\u00dferhalb der Grenzen des Urheberrechts bed\u00fcrfen der schriftlichen Zustimmung des jeweiligen Autors oder Erstellers.<\/p><p>Downloads and copies of this page are only permitted for private, non-commercial use.<\/p><hr \/><p><!-- \/wp:paragraph --><\/p>\t\t\t\t\t\t\t\t<\/div>\n\t\t\t\t<\/div>\n\t\t\t\t\t<\/div>\n\t\t\t\t<\/div>\n\t\t\t\t<\/div>","protected":false},"excerpt":{"rendered":"<p>Impressum \u00a0 KONTAKT Ali Olio | Fine Art from the Alpsbetrieben von Alexandra Isabel H\u00f6rhagerGie\u00dfenweg 166341 Ebbs\u00d6STERREICH+43 664 75050405studio@aliolio.art HAFTUNGSAUSSCHLUSS Dieser Haftungsausschluss ist als Teil des Internetangebots zu betrachten, von dem aus auf diese Website verwiesen wurde. Sollten Teile oder einzelne Formulierungen dieses Textes nicht, nicht mehr oder nicht vollst\u00e4ndig der geltenden Rechtslage entsprechen, bleiben [&hellip;]<\/p>","protected":false},"author":1,"featured_media":0,"parent":0,"menu_order":0,"comment_status":"closed","ping_status":"closed","template":"","meta":{"footnotes":""},"class_list":["post-509","page","type-page","status-publish","hentry"],"yoast_head":"<!-- This site is optimized with the Yoast SEO plugin v25.8 - https:\/\/yoast.com\/wordpress\/plugins\/seo\/ -->\n<title>Impressum - Ali Olio<\/title>\n<meta name=\"robots\" content=\"index, follow, max-snippet:-1, max-image-preview:large, max-video-preview:-1\" \/>\n<link rel=\"canonical\" href=\"https:\/\/aliolio.art\/en\/impressum\/\" \/>\n<meta property=\"og:locale\" content=\"en_GB\" \/>\n<meta property=\"og:type\" content=\"article\" \/>\n<meta property=\"og:title\" content=\"Impressum - Ali Olio\" \/>\n<meta property=\"og:description\" content=\"Impressum \u00a0 KONTAKT Ali Olio | Fine Art from the Alpsbetrieben von Alexandra Isabel H\u00f6rhagerGie\u00dfenweg 166341 Ebbs\u00d6STERREICH+43 664 75050405studio@aliolio.art HAFTUNGSAUSSCHLUSS Dieser Haftungsausschluss ist als Teil des Internetangebots zu betrachten, von dem aus auf diese Website verwiesen wurde. Sollten Teile oder einzelne Formulierungen dieses Textes nicht, nicht mehr oder nicht vollst\u00e4ndig der geltenden Rechtslage entsprechen, bleiben [&hellip;]\" \/>\n<meta property=\"og:url\" content=\"https:\/\/aliolio.art\/en\/impressum\/\" \/>\n<meta property=\"og:site_name\" content=\"Ali Olio\" \/>\n<meta property=\"article:modified_time\" content=\"2025-03-27T08:49:51+00:00\" \/>\n<meta name=\"twitter:card\" content=\"summary_large_image\" \/>\n<meta name=\"twitter:label1\" content=\"Estimated reading time\" \/>\n\t<meta name=\"twitter:data1\" content=\"2 minutes\" \/>\n<script type=\"application\/ld+json\" class=\"yoast-schema-graph\">{\"@context\":\"https:\/\/schema.org\",\"@graph\":[{\"@type\":\"WebPage\",\"@id\":\"https:\/\/aliolio.art\/impressum\/\",\"url\":\"https:\/\/aliolio.art\/impressum\/\",\"name\":\"Impressum - Ali Olio\",\"isPartOf\":{\"@id\":\"https:\/\/aliolio.art\/#website\"},\"datePublished\":\"2024-06-11T19:19:22+00:00\",\"dateModified\":\"2025-03-27T08:49:51+00:00\",\"breadcrumb\":{\"@id\":\"https:\/\/aliolio.art\/impressum\/#breadcrumb\"},\"inLanguage\":\"en-GB\",\"potentialAction\":[{\"@type\":\"ReadAction\",\"target\":[\"https:\/\/aliolio.art\/impressum\/\"]}]},{\"@type\":\"BreadcrumbList\",\"@id\":\"https:\/\/aliolio.art\/impressum\/#breadcrumb\",\"itemListElement\":[{\"@type\":\"ListItem\",\"position\":1,\"name\":\"Startseite\",\"item\":\"https:\/\/aliolio.art\/\"},{\"@type\":\"ListItem\",\"position\":2,\"name\":\"Impressum\"}]},{\"@type\":\"WebSite\",\"@id\":\"https:\/\/aliolio.art\/#website\",\"url\":\"https:\/\/aliolio.art\/\",\"name\":\"Ali Olio\",\"description\":\"Fine Art from the Alps\",\"publisher\":{\"@id\":\"https:\/\/aliolio.art\/#organization\"},\"potentialAction\":[{\"@type\":\"SearchAction\",\"target\":{\"@type\":\"EntryPoint\",\"urlTemplate\":\"https:\/\/aliolio.art\/?s={search_term_string}\"},\"query-input\":{\"@type\":\"PropertyValueSpecification\",\"valueRequired\":true,\"valueName\":\"search_term_string\"}}],\"inLanguage\":\"en-GB\"},{\"@type\":\"Organization\",\"@id\":\"https:\/\/aliolio.art\/#organization\",\"name\":\"Ali Olio\",\"url\":\"https:\/\/aliolio.art\/\",\"logo\":{\"@type\":\"ImageObject\",\"inLanguage\":\"en-GB\",\"@id\":\"https:\/\/aliolio.art\/#\/schema\/logo\/image\/\",\"url\":\"https:\/\/aliolio.art\/wp-content\/uploads\/2024\/06\/cropped-cropped-AliOlioArt-logo-white-transparent.png\",\"contentUrl\":\"https:\/\/aliolio.art\/wp-content\/uploads\/2024\/06\/cropped-cropped-AliOlioArt-logo-white-transparent.png\",\"width\":512,\"height\":512,\"caption\":\"Ali Olio\"},\"image\":{\"@id\":\"https:\/\/aliolio.art\/#\/schema\/logo\/image\/\"}}]}<\/script>\n<!-- \/ Yoast SEO plugin. -->","yoast_head_json":{"title":"Impressum - Ali Olio","robots":{"index":"index","follow":"follow","max-snippet":"max-snippet:-1","max-image-preview":"max-image-preview:large","max-video-preview":"max-video-preview:-1"},"canonical":"https:\/\/aliolio.art\/en\/impressum\/","og_locale":"en_GB","og_type":"article","og_title":"Impressum - Ali Olio","og_description":"Impressum \u00a0 KONTAKT Ali Olio | Fine Art from the Alpsbetrieben von Alexandra Isabel H\u00f6rhagerGie\u00dfenweg 166341 Ebbs\u00d6STERREICH+43 664 75050405studio@aliolio.art HAFTUNGSAUSSCHLUSS Dieser Haftungsausschluss ist als Teil des Internetangebots zu betrachten, von dem aus auf diese Website verwiesen wurde. Sollten Teile oder einzelne Formulierungen dieses Textes nicht, nicht mehr oder nicht vollst\u00e4ndig der geltenden Rechtslage entsprechen, bleiben [&hellip;]","og_url":"https:\/\/aliolio.art\/en\/impressum\/","og_site_name":"Ali Olio","article_modified_time":"2025-03-27T08:49:51+00:00","twitter_card":"summary_large_image","twitter_misc":{"Estimated reading time":"2 minutes"},"schema":{"@context":"https:\/\/schema.org","@graph":[{"@type":"WebPage","@id":"https:\/\/aliolio.art\/impressum\/","url":"https:\/\/aliolio.art\/impressum\/","name":"Impressum - Ali Olio","isPartOf":{"@id":"https:\/\/aliolio.art\/#website"},"datePublished":"2024-06-11T19:19:22+00:00","dateModified":"2025-03-27T08:49:51+00:00","breadcrumb":{"@id":"https:\/\/aliolio.art\/impressum\/#breadcrumb"},"inLanguage":"en-GB","potentialAction":[{"@type":"ReadAction","target":["https:\/\/aliolio.art\/impressum\/"]}]},{"@type":"BreadcrumbList","@id":"https:\/\/aliolio.art\/impressum\/#breadcrumb","itemListElement":[{"@type":"ListItem","position":1,"name":"Startseite","item":"https:\/\/aliolio.art\/"},{"@type":"ListItem","position":2,"name":"Impressum"}]},{"@type":"WebSite","@id":"https:\/\/aliolio.art\/#website","url":"https:\/\/aliolio.art\/","name":"Ali Olio","description":"Fine Art from the Alps","publisher":{"@id":"https:\/\/aliolio.art\/#organization"},"potentialAction":[{"@type":"SearchAction","target":{"@type":"EntryPoint","urlTemplate":"https:\/\/aliolio.art\/?s={search_term_string}"},"query-input":{"@type":"PropertyValueSpecification","valueRequired":true,"valueName":"search_term_string"}}],"inLanguage":"en-GB"},{"@type":"Organization","@id":"https:\/\/aliolio.art\/#organization","name":"Ali Olio","url":"https:\/\/aliolio.art\/","logo":{"@type":"ImageObject","inLanguage":"en-GB","@id":"https:\/\/aliolio.art\/#\/schema\/logo\/image\/","url":"https:\/\/aliolio.art\/wp-content\/uploads\/2024\/06\/cropped-cropped-AliOlioArt-logo-white-transparent.png","contentUrl":"https:\/\/aliolio.art\/wp-content\/uploads\/2024\/06\/cropped-cropped-AliOlioArt-logo-white-transparent.png","width":512,"height":512,"caption":"Ali Olio"},"image":{"@id":"https:\/\/aliolio.art\/#\/schema\/logo\/image\/"}}]}},"jetpack_sharing_enabled":true,"_links":{"self":[{"href":"https:\/\/aliolio.art\/en\/wp-json\/wp\/v2\/pages\/509","targetHints":{"allow":["GET"]}}],"collection":[{"href":"https:\/\/aliolio.art\/en\/wp-json\/wp\/v2\/pages"}],"about":[{"href":"https:\/\/aliolio.art\/en\/wp-json\/wp\/v2\/types\/page"}],"author":[{"embeddable":true,"href":"https:\/\/aliolio.art\/en\/wp-json\/wp\/v2\/users\/1"}],"replies":[{"embeddable":true,"href":"https:\/\/aliolio.art\/en\/wp-json\/wp\/v2\/comments?post=509"}],"version-history":[{"count":23,"href":"https:\/\/aliolio.art\/en\/wp-json\/wp\/v2\/pages\/509\/revisions"}],"predecessor-version":[{"id":2737,"href":"https:\/\/aliolio.art\/en\/wp-json\/wp\/v2\/pages\/509\/revisions\/2737"}],"wp:attachment":[{"href":"https:\/\/aliolio.art\/en\/wp-json\/wp\/v2\/media?parent=509"}],"curies":[{"name":"wp","href":"https:\/\/api.w.org\/{rel}","templated":true}]}}