{"id":501,"date":"2024-06-11T19:17:12","date_gmt":"2024-06-11T19:17:12","guid":{"rendered":"https:\/\/aliolio.art\/?page_id=501"},"modified":"2025-03-27T08:46:09","modified_gmt":"2025-03-27T08:46:09","slug":"datenschutzerklaerung","status":"publish","type":"page","link":"https:\/\/aliolio.art\/en\/datenschutzerklaerung\/","title":{"rendered":"Privacy Policy"},"content":{"rendered":"<div data-elementor-type=\"wp-page\" data-elementor-id=\"501\" class=\"elementor elementor-501\" data-elementor-post-type=\"page\">\n\t\t\t\t<div class=\"elementor-element elementor-element-7f624a7e e-flex e-con-boxed e-con e-parent\" data-id=\"7f624a7e\" data-element_type=\"container\" data-e-type=\"container\">\n\t\t\t\t\t<div class=\"e-con-inner\">\n\t\t\t\t<div class=\"elementor-element elementor-element-4fb057f elementor-widget elementor-widget-heading\" data-id=\"4fb057f\" data-element_type=\"widget\" data-e-type=\"widget\" data-widget_type=\"heading.default\">\n\t\t\t\t<div class=\"elementor-widget-container\">\n\t\t\t\t\t<h2 class=\"elementor-heading-title elementor-size-default\">Privacy Policy<\/h2>\t\t\t\t<\/div>\n\t\t\t\t<\/div>\n\t\t\t\t<div class=\"elementor-element elementor-element-3cf1dfa8 elementor-widget elementor-widget-text-editor\" data-id=\"3cf1dfa8\" data-element_type=\"widget\" data-e-type=\"widget\" data-widget_type=\"text-editor.default\">\n\t\t\t\t<div class=\"elementor-widget-container\">\n\t\t\t\t\t\t\t\t\t<h5>\u00a0<\/h5><hr \/><h5><strong>Declaration on the Duty to Inform<\/strong><\/h5><p>The protection of your personal data is especially important to me. Therefore, I process your data exclusively based on the legal regulations (GDPR, TKG 2003). In this privacy policy, I inform you about the most important aspects of data processing on my website.<\/p><hr \/><h5><strong>**Access Data**<\/strong><\/h5><p>The website operator or hosting provider collects data about accesses to the site and stores them as \"server log files.\" The following data is logged:<\/p><ul><li><p>Visited website<\/p><\/li><li><p>Time of access<\/p><\/li><li><p>Amount of data transmitted in bytes<\/p><\/li><li><p>Source\/reference from which you accessed the site<\/p><\/li><li><p>Used browser<\/p><\/li><li><p>Verwendetes Betriebssystem<\/p><\/li><li><p>Verwendete IP-Adresse<\/p><\/li><\/ul><p>The collected data is used exclusively for statistical analysis and improving the website. However, I reserve the right to review the server log files retrospectively if there are concrete indications of illegal use.<\/p><hr \/><h5><strong>Contacting Us<\/strong><\/h5><p>If you contact me via the contact form on the website or by email, the data you provide will be stored for six months to process your inquiry and for follow-up questions. This data will not be shared without your consent.<\/p><hr \/><h5><strong>COOKIES<\/strong><\/h5><p>My website uses so-called cookies. These are small text files that are stored on your device with the help of your browser. They do not cause any harm.<\/p><p>Ich nutze Cookies, um mein Angebot nutzerfreundlich zu gestalten. Einige Cookies bleiben auf deinem Endger\u00e4t gespeichert, bis du sie l\u00f6schst. Sie erm\u00f6glichen es mir, deinen Browser beim n\u00e4chsten Besuch wiederzuerkennen.<\/p><p>If you do not wish to accept cookies, you can configure your browser to notify you when cookies are being set, allowing you to permit them on a case-by-case basis.<\/p><p>Disabling cookies may limit the functionality of my website.<\/p><hr \/><h5><strong>Use of Google Analytics<\/strong><\/h5><p>My website uses features of the web analytics service Google Analytics. The provider is Google Inc., 1600 Amphitheater Parkway, Mountain View, CA 94043, USA. For this purpose, cookies are used to enable an analysis of the website usage by users. The information generated is transmitted to a server of the provider and stored there.<\/p><p>You can prevent the collection and processing of this data by Google by downloading and installing the browser plugin available at the following link:<br \/><a href=\"https:\/\/tools.google.com\/dlpage\/gaoptout?hl=de\">https:\/\/tools.google.com\/dlpage\/gaoptout?hl=de<\/a><\/p><p>I have entered into an appropriate contract for data processing with the provider.<\/p><p>Your IP address is collected but immediately pseudonymized (e.g., by truncating the last 8 bits). This makes only a rough localization possible. The relationship with the web analytics provider is based on... <strong>Standard contractual clauses or an adequacy decision by the European Commission (\"Privacy Shield\").<\/strong>.<\/p><p>The data processing is carried out based on the legal provisions of \u00a7 96 para. 3 TKG as well as Art. 6 para. 1 lit. a (consent) and\/or f (legitimate interest) of the GDPR.<\/p><p>My concern in terms of the GDPR (legitimate interest) is the improvement of my services and website. Since the privacy of my users is important to me, user data is pseudonymized.<\/p><hr \/><h5><strong>Use of Social Media Plugins<\/strong><\/h5><p>I use so-called \"embedded\" social media plugins (interfaces to social networks) on my website. By integrating these plugins, a connection to the respective social networks is automatically established when you visit the website, and data is transferred (e.g., IP address, website visit).<\/p><p>Diese Daten\u00fcbertragung erfolgt ohne mein Zutun und liegt au\u00dferhalb meiner Verantwortung. Um dies zu verhindern, kannst du dich vor dem Besuch meiner Website aus den jeweiligen sozialen Netzwerken ausloggen. Nur wenn du \u201eeingeloggt\u201c bist, kann das soziale Netzwerk die automatisch \u00fcbermittelten Daten deinem Nutzerkonto zuordnen.<\/p><p>Die automatisch \u00fcbermittelten Daten werden ausschlie\u00dflich von den Betreibern der sozialen Netzwerke genutzt und nicht von mir. Weitere Informationen zur Datenerhebung und deren Umfang findest du direkt auf den Websites der jeweiligen sozialen Netzwerke. Dort kannst du auch deine Datenschutzeinstellungen anpassen.<\/p><p>The social networks integrated on my website are:<\/p><p><strong>Facebook<\/strong><br \/>Facebook Inc., 1601 S California Ave, Palo Alto, CA, 94304, USA<br \/>Further information: <a href=\"https:\/\/de-de.facebook.com\/policy.php\">https:\/\/de-de.facebook.com\/policy.php<\/a><\/p><p><strong>Instagram<\/strong><br \/>Instagram, LLC Instagram Inc., 1601 Willow Road, Menlo Park, CA 94025, USA<br \/>Further information: <a href=\"https:\/\/help.instagram.com\/155833707900388\">https:\/\/help.instagram.com\/155833707900388<\/a><\/p><p><strong>Pinterest<\/strong><br \/>Pinterest Europe Ltd.<br \/>Palmerston House, 2nd Floor<br \/>Fenian Street<br \/>Dublin 2, Ireland<br \/><a href=\"mailto:hallo@pinterest.com\">hallo@pinterest.com<\/a><br \/>Further information: <a href=\"https:\/\/policy.pinterest.com\/de\/impressum\">https:\/\/policy.pinterest.com\/de\/impressum<\/a><\/p><hr \/><h5><strong>Data Storage<\/strong><\/h5><p>I would like to point out that the data you provide is necessary for further contract processing in order to fulfill the contract or carry out pre-contractual measures. Without this data, I cannot conclude a contract with you.<\/p><p>Data will only be shared with third parties with your written consent or if it is essential for the creation of the offer or the processing of the order.<\/p><p>Nach Beendigung der Angebotsphase werden die gespeicherten Daten gel\u00f6scht. Bei Vertragsabschluss werden alle Daten aus dem Vertragsverh\u00e4ltnis bis zum Ablauf der steuerrechtlichen Aufbewahrungspflicht (7 Jahre) gespeichert.<\/p><hr \/><h5><strong>Data Security<\/strong><\/h5><p>I implement technical and organizational security measures to protect stored personal data against accidental or deliberate manipulation, loss, or destruction, as well as unauthorized access. My security measures are continuously improved in accordance with technological developments.<\/p><hr \/><h5><strong>DEINE RECHTE<\/strong><\/h5><p>You have the right to access, correction, deletion, restriction, data portability, withdrawal, and objection.<\/p><p>If you believe that the processing of your data violates data protection laws or your data protection rights have been otherwise infringed upon, you can file a complaint with the supervisory authority. In Austria, this is the Data Protection Authority (Wickenburggasse 8 \u2013 10, 1080 Vienna, Email:). <a href=\"mailto:dsb@dsb.gv.at\">dsb@dsb.gv.at<\/a>).<\/p><hr \/><h5><strong>KONTAKT<\/strong><\/h5><p><strong>Ali Olio | Fine Art from the Alps<\/strong><br \/>operated by Alexandra Isabel H\u00f6rhager<br \/>Gie\u00dfenweg 16<br \/>6341 Ebbs<br \/>\u00d6STERREICH<br \/>+43 664 75050405<br \/><a href=\"mailto:studio@aliolio.art\">studio@aliolio.art<\/a><br \/><a href=\"https:\/\/aliolio.art\/en\/\">www.aliolio.art<\/a><\/p><hr \/><p><!-- \/wp:paragraph --><\/p>\t\t\t\t\t\t\t\t<\/div>\n\t\t\t\t<\/div>\n\t\t\t\t\t<\/div>\n\t\t\t\t<\/div>\n\t\t\t\t<\/div>","protected":false},"excerpt":{"rendered":"<p>Datenschutzerkl\u00e4rung \u00a0 ERKL\u00c4RUNG ZUR INFORMATIONSPFLICHT Der Schutz deiner pers\u00f6nlichen Daten ist mir besonders wichtig. Daher verarbeite ich deine Daten ausschlie\u00dflich auf Grundlage der gesetzlichen Bestimmungen (DSGVO, TKG 2003). In dieser Datenschutzerkl\u00e4rung informiere ich dich \u00fcber die wichtigsten Aspekte der Datenverarbeitung auf meiner Website. ZUGRIFFSDATEN Der Website-Betreiber bzw. der Hosting-Anbieter erhebt Daten \u00fcber Zugriffe auf die [&hellip;]<\/p>","protected":false},"author":1,"featured_media":0,"parent":0,"menu_order":0,"comment_status":"closed","ping_status":"closed","template":"","meta":{"footnotes":""},"class_list":["post-501","page","type-page","status-publish","hentry"],"yoast_head":"<!-- This site is optimized with the Yoast SEO plugin v25.8 - https:\/\/yoast.com\/wordpress\/plugins\/seo\/ -->\n<title>Datenschutzerkl\u00e4rung - Ali Olio<\/title>\n<meta name=\"robots\" content=\"index, follow, max-snippet:-1, max-image-preview:large, max-video-preview:-1\" \/>\n<link rel=\"canonical\" href=\"https:\/\/aliolio.art\/en\/datenschutzerklaerung\/\" \/>\n<meta property=\"og:locale\" content=\"en_GB\" \/>\n<meta property=\"og:type\" content=\"article\" \/>\n<meta property=\"og:title\" content=\"Datenschutzerkl\u00e4rung - Ali Olio\" \/>\n<meta property=\"og:description\" content=\"Datenschutzerkl\u00e4rung \u00a0 ERKL\u00c4RUNG ZUR INFORMATIONSPFLICHT Der Schutz deiner pers\u00f6nlichen Daten ist mir besonders wichtig. Daher verarbeite ich deine Daten ausschlie\u00dflich auf Grundlage der gesetzlichen Bestimmungen (DSGVO, TKG 2003). In dieser Datenschutzerkl\u00e4rung informiere ich dich \u00fcber die wichtigsten Aspekte der Datenverarbeitung auf meiner Website. ZUGRIFFSDATEN Der Website-Betreiber bzw. der Hosting-Anbieter erhebt Daten \u00fcber Zugriffe auf die [&hellip;]\" \/>\n<meta property=\"og:url\" content=\"https:\/\/aliolio.art\/en\/datenschutzerklaerung\/\" \/>\n<meta property=\"og:site_name\" content=\"Ali Olio\" \/>\n<meta property=\"article:modified_time\" content=\"2025-03-27T08:46:09+00:00\" \/>\n<meta name=\"twitter:card\" content=\"summary_large_image\" \/>\n<meta name=\"twitter:label1\" content=\"Estimated reading time\" \/>\n\t<meta name=\"twitter:data1\" content=\"4 minutes\" \/>\n<script type=\"application\/ld+json\" class=\"yoast-schema-graph\">{\"@context\":\"https:\/\/schema.org\",\"@graph\":[{\"@type\":\"WebPage\",\"@id\":\"https:\/\/aliolio.art\/datenschutzerklaerung\/\",\"url\":\"https:\/\/aliolio.art\/datenschutzerklaerung\/\",\"name\":\"Datenschutzerkl\u00e4rung - Ali Olio\",\"isPartOf\":{\"@id\":\"https:\/\/aliolio.art\/#website\"},\"datePublished\":\"2024-06-11T19:17:12+00:00\",\"dateModified\":\"2025-03-27T08:46:09+00:00\",\"breadcrumb\":{\"@id\":\"https:\/\/aliolio.art\/datenschutzerklaerung\/#breadcrumb\"},\"inLanguage\":\"en-GB\",\"potentialAction\":[{\"@type\":\"ReadAction\",\"target\":[\"https:\/\/aliolio.art\/datenschutzerklaerung\/\"]}]},{\"@type\":\"BreadcrumbList\",\"@id\":\"https:\/\/aliolio.art\/datenschutzerklaerung\/#breadcrumb\",\"itemListElement\":[{\"@type\":\"ListItem\",\"position\":1,\"name\":\"Startseite\",\"item\":\"https:\/\/aliolio.art\/\"},{\"@type\":\"ListItem\",\"position\":2,\"name\":\"Datenschutzerkl\u00e4rung\"}]},{\"@type\":\"WebSite\",\"@id\":\"https:\/\/aliolio.art\/#website\",\"url\":\"https:\/\/aliolio.art\/\",\"name\":\"Ali Olio\",\"description\":\"Fine Art from the Alps\",\"publisher\":{\"@id\":\"https:\/\/aliolio.art\/#organization\"},\"potentialAction\":[{\"@type\":\"SearchAction\",\"target\":{\"@type\":\"EntryPoint\",\"urlTemplate\":\"https:\/\/aliolio.art\/?s={search_term_string}\"},\"query-input\":{\"@type\":\"PropertyValueSpecification\",\"valueRequired\":true,\"valueName\":\"search_term_string\"}}],\"inLanguage\":\"en-GB\"},{\"@type\":\"Organization\",\"@id\":\"https:\/\/aliolio.art\/#organization\",\"name\":\"Ali Olio\",\"url\":\"https:\/\/aliolio.art\/\",\"logo\":{\"@type\":\"ImageObject\",\"inLanguage\":\"en-GB\",\"@id\":\"https:\/\/aliolio.art\/#\/schema\/logo\/image\/\",\"url\":\"https:\/\/aliolio.art\/wp-content\/uploads\/2024\/06\/cropped-cropped-AliOlioArt-logo-white-transparent.png\",\"contentUrl\":\"https:\/\/aliolio.art\/wp-content\/uploads\/2024\/06\/cropped-cropped-AliOlioArt-logo-white-transparent.png\",\"width\":512,\"height\":512,\"caption\":\"Ali Olio\"},\"image\":{\"@id\":\"https:\/\/aliolio.art\/#\/schema\/logo\/image\/\"}}]}<\/script>\n<!-- \/ Yoast SEO plugin. -->","yoast_head_json":{"title":"Datenschutzerkl\u00e4rung - Ali Olio","robots":{"index":"index","follow":"follow","max-snippet":"max-snippet:-1","max-image-preview":"max-image-preview:large","max-video-preview":"max-video-preview:-1"},"canonical":"https:\/\/aliolio.art\/en\/datenschutzerklaerung\/","og_locale":"en_GB","og_type":"article","og_title":"Datenschutzerkl\u00e4rung - Ali Olio","og_description":"Datenschutzerkl\u00e4rung \u00a0 ERKL\u00c4RUNG ZUR INFORMATIONSPFLICHT Der Schutz deiner pers\u00f6nlichen Daten ist mir besonders wichtig. Daher verarbeite ich deine Daten ausschlie\u00dflich auf Grundlage der gesetzlichen Bestimmungen (DSGVO, TKG 2003). In dieser Datenschutzerkl\u00e4rung informiere ich dich \u00fcber die wichtigsten Aspekte der Datenverarbeitung auf meiner Website. ZUGRIFFSDATEN Der Website-Betreiber bzw. der Hosting-Anbieter erhebt Daten \u00fcber Zugriffe auf die [&hellip;]","og_url":"https:\/\/aliolio.art\/en\/datenschutzerklaerung\/","og_site_name":"Ali Olio","article_modified_time":"2025-03-27T08:46:09+00:00","twitter_card":"summary_large_image","twitter_misc":{"Estimated reading time":"4 minutes"},"schema":{"@context":"https:\/\/schema.org","@graph":[{"@type":"WebPage","@id":"https:\/\/aliolio.art\/datenschutzerklaerung\/","url":"https:\/\/aliolio.art\/datenschutzerklaerung\/","name":"Datenschutzerkl\u00e4rung - Ali Olio","isPartOf":{"@id":"https:\/\/aliolio.art\/#website"},"datePublished":"2024-06-11T19:17:12+00:00","dateModified":"2025-03-27T08:46:09+00:00","breadcrumb":{"@id":"https:\/\/aliolio.art\/datenschutzerklaerung\/#breadcrumb"},"inLanguage":"en-GB","potentialAction":[{"@type":"ReadAction","target":["https:\/\/aliolio.art\/datenschutzerklaerung\/"]}]},{"@type":"BreadcrumbList","@id":"https:\/\/aliolio.art\/datenschutzerklaerung\/#breadcrumb","itemListElement":[{"@type":"ListItem","position":1,"name":"Startseite","item":"https:\/\/aliolio.art\/"},{"@type":"ListItem","position":2,"name":"Datenschutzerkl\u00e4rung"}]},{"@type":"WebSite","@id":"https:\/\/aliolio.art\/#website","url":"https:\/\/aliolio.art\/","name":"Ali Olio","description":"Fine Art from the Alps","publisher":{"@id":"https:\/\/aliolio.art\/#organization"},"potentialAction":[{"@type":"SearchAction","target":{"@type":"EntryPoint","urlTemplate":"https:\/\/aliolio.art\/?s={search_term_string}"},"query-input":{"@type":"PropertyValueSpecification","valueRequired":true,"valueName":"search_term_string"}}],"inLanguage":"en-GB"},{"@type":"Organization","@id":"https:\/\/aliolio.art\/#organization","name":"Ali Olio","url":"https:\/\/aliolio.art\/","logo":{"@type":"ImageObject","inLanguage":"en-GB","@id":"https:\/\/aliolio.art\/#\/schema\/logo\/image\/","url":"https:\/\/aliolio.art\/wp-content\/uploads\/2024\/06\/cropped-cropped-AliOlioArt-logo-white-transparent.png","contentUrl":"https:\/\/aliolio.art\/wp-content\/uploads\/2024\/06\/cropped-cropped-AliOlioArt-logo-white-transparent.png","width":512,"height":512,"caption":"Ali Olio"},"image":{"@id":"https:\/\/aliolio.art\/#\/schema\/logo\/image\/"}}]}},"jetpack_sharing_enabled":true,"_links":{"self":[{"href":"https:\/\/aliolio.art\/en\/wp-json\/wp\/v2\/pages\/501","targetHints":{"allow":["GET"]}}],"collection":[{"href":"https:\/\/aliolio.art\/en\/wp-json\/wp\/v2\/pages"}],"about":[{"href":"https:\/\/aliolio.art\/en\/wp-json\/wp\/v2\/types\/page"}],"author":[{"embeddable":true,"href":"https:\/\/aliolio.art\/en\/wp-json\/wp\/v2\/users\/1"}],"replies":[{"embeddable":true,"href":"https:\/\/aliolio.art\/en\/wp-json\/wp\/v2\/comments?post=501"}],"version-history":[{"count":20,"href":"https:\/\/aliolio.art\/en\/wp-json\/wp\/v2\/pages\/501\/revisions"}],"predecessor-version":[{"id":2725,"href":"https:\/\/aliolio.art\/en\/wp-json\/wp\/v2\/pages\/501\/revisions\/2725"}],"wp:attachment":[{"href":"https:\/\/aliolio.art\/en\/wp-json\/wp\/v2\/media?parent=501"}],"curies":[{"name":"wp","href":"https:\/\/api.w.org\/{rel}","templated":true}]}}