{"id":184,"date":"2024-06-09T08:22:56","date_gmt":"2024-06-09T08:22:56","guid":{"rendered":"https:\/\/aliolio.art\/?page_id=184"},"modified":"2025-03-29T14:36:14","modified_gmt":"2025-03-29T14:36:14","slug":"agbs","status":"publish","type":"page","link":"https:\/\/aliolio.art\/en\/agbs\/","title":{"rendered":"Terms &amp; Conditions"},"content":{"rendered":"<div data-elementor-type=\"wp-page\" data-elementor-id=\"184\" class=\"elementor elementor-184\" data-elementor-post-type=\"page\">\n\t\t\t\t<div class=\"elementor-element elementor-element-7f624a7e e-flex e-con-boxed e-con e-parent\" data-id=\"7f624a7e\" data-element_type=\"container\" data-e-type=\"container\">\n\t\t\t\t\t<div class=\"e-con-inner\">\n\t\t\t\t<div class=\"elementor-element elementor-element-e1fea89 elementor-widget elementor-widget-heading\" data-id=\"e1fea89\" data-element_type=\"widget\" data-e-type=\"widget\" data-widget_type=\"heading.default\">\n\t\t\t\t<div class=\"elementor-widget-container\">\n\t\t\t\t\t<h2 class=\"elementor-heading-title elementor-size-default\">Terms &amp; Conditions<\/h2>\t\t\t\t<\/div>\n\t\t\t\t<\/div>\n\t\t\t\t<div class=\"elementor-element elementor-element-3cf1dfa8 elementor-widget elementor-widget-text-editor\" data-id=\"3cf1dfa8\" data-element_type=\"widget\" data-e-type=\"widget\" data-widget_type=\"text-editor.default\">\n\t\t\t\t<div class=\"elementor-widget-container\">\n\t\t\t\t\t\t\t\t\t<p>\u00a0<\/p><hr \/><h3><strong>Return Policy<\/strong><\/h3><p>I offer a 30-day return policy, meaning you can request a return within 30 days of receiving your item.<\/p><p>To be eligible for a return, your item must be in the same condition as when you received it \u2013 with tags and in the original packaging. You will also need the receipt or proof of purchase.<\/p><p>To initiate a return, please contact me at [your contact information]. <strong><a href=\"mailto:studio@aliolio.art\">studio@aliolio.art<\/a><\/strong>.<br \/>If your return is accepted, you will be responsible for shipping the item back at your own cost.<\/p><p>For any questions regarding returns, you can reach me anytime at [your contact information]. <strong><a href=\"mailto:studio@aliolio.art\">studio@aliolio.art<\/a><\/strong> kontaktieren.<\/p><hr \/><h3><strong>Damages &amp; Issues<\/strong><\/h3><p>Please inspect your order immediately upon receipt and contact me right away if the item is damaged, faulty, or if you received the wrong item. This will allow me to assess the issue and find a solution.<\/p><hr \/><h3><strong>Refund Policy<\/strong><\/h3><p>Ich benachrichtige dich, sobald ich deine R\u00fccksendung erhalten und gepr\u00fcft habe. Dann teile ich dir mit, ob die R\u00fcckerstattung genehmigt wurde. Falls ja, erfolgt die R\u00fcckzahlung automatisch \u00fcber die urspr\u00fcngliche Zahlungsmethode. Bitte beachte, dass es einige Zeit dauern kann, bis die R\u00fcckerstattung von deiner Bank oder Kreditkartenfirma bearbeitet und verbucht wird.<\/p><hr \/><h3><strong>Shipping Policy<\/strong><\/h3><p>I\u2019m very excited to send you your new artwork! It means a lot to me that you\u2019ve chosen to collect my art. As an art collector myself, I understand how much art can enrich the energy of a space.<\/p><p>Please allow <strong>3\u20135 business days<\/strong> f\u00fcr die Bearbeitung deiner Bestellung.<br \/>Shipping usually takes <strong>3\u201310 working days<\/strong>, depending on the destination. However, shipping times may vary depending on the shipping carrier. If a package is delayed or takes longer than expected, I apologize on behalf of the shipping company.<\/p><p>If your package is lost during transit, please contact me within [specified time frame]. <strong>48 hours<\/strong> under <strong><a href=\"mailto:studio@aliolio.art\">studio@aliolio.art<\/a><\/strong>to find a solution.<\/p><p>If you receive a damaged item, please contact me at [your contact information] as well. <strong><a href=\"mailto:studio@aliolio.art\">studio@aliolio.art<\/a><\/strong> \u2013 I will take care of the issue. <strong>Important:<\/strong> A photo of the damaged item must be provided within <strong>48 hours<\/strong> gesendet werden.<\/p><hr \/><h3><strong>Changes to Services and Prices<\/strong><\/h3><p>In accordance with <strong>\u00a7 6 para. 1 no. 27 of the German VAT Act (UStG)<\/strong> no VAT will be charged.<\/p><p>The prices of my products may change at any time without prior notice. I reserve the right to modify or discontinue the service (or parts of it) at any time without prior notice. I assume no liability for changes, price adjustments, suspensions, or discontinuation of the service.<\/p><hr \/><h3><strong>Errors, inaccuracies, and omissions<\/strong><\/h3><p>Occasionally, information on my website or service may contain typographical errors, inaccuracies, or omissions \u2013 such as regarding product descriptions, prices, offers, shipping costs, delivery times, or availability.<\/p><p>I reserve the right to correct errors, inaccuracies, or omissions and to modify information or cancel orders if any information is incorrect \u2013 at any time and without prior notice (even after an order has been placed).<\/p><p>I am not obligated to update or correct information on the service or website unless required by law.<\/p><hr \/><h3><strong>Important Notice<\/strong><\/h3><p>I take no responsibility for VAT, import fees, or other charges that may be levied by your local government upon delivery.<\/p><hr \/><h3><strong>Contact Information<\/strong><\/h3><p>For any questions regarding the terms and conditions, please contact me at [your contact information]. <strong><a href=\"mailto:studio@aliolio.art\">studio@aliolio.art<\/a><\/strong>.<\/p>\t\t\t\t\t\t\t\t<\/div>\n\t\t\t\t<\/div>\n\t\t\t\t\t<\/div>\n\t\t\t\t<\/div>\n\t\t\t\t<\/div>","protected":false},"excerpt":{"rendered":"<p>AGBs \u00a0 R\u00fcckgaberecht Ich biete ein 30-t\u00e4giges R\u00fcckgaberecht, das bedeutet, dass du innerhalb von 30 Tagen nach Erhalt deines Artikels eine R\u00fcckgabe beantragen kannst. Um f\u00fcr eine R\u00fcckgabe berechtigt zu sein, muss dein Artikel in demselben Zustand sein, in dem du ihn erhalten hast \u2013 mit Etiketten und in der Originalverpackung. Zudem ben\u00f6tigst du die [&hellip;]<\/p>","protected":false},"author":1,"featured_media":0,"parent":0,"menu_order":0,"comment_status":"closed","ping_status":"closed","template":"","meta":{"footnotes":""},"class_list":["post-184","page","type-page","status-publish","hentry"],"yoast_head":"<!-- This site is optimized with the Yoast SEO plugin v25.8 - https:\/\/yoast.com\/wordpress\/plugins\/seo\/ -->\n<title>AGBs - Ali Olio<\/title>\n<meta name=\"robots\" content=\"index, follow, max-snippet:-1, max-image-preview:large, max-video-preview:-1\" \/>\n<link rel=\"canonical\" href=\"https:\/\/aliolio.art\/en\/agbs\/\" \/>\n<meta property=\"og:locale\" content=\"en_GB\" \/>\n<meta property=\"og:type\" content=\"article\" \/>\n<meta property=\"og:title\" content=\"AGBs - Ali Olio\" \/>\n<meta property=\"og:description\" content=\"AGBs \u00a0 R\u00fcckgaberecht Ich biete ein 30-t\u00e4giges R\u00fcckgaberecht, das bedeutet, dass du innerhalb von 30 Tagen nach Erhalt deines Artikels eine R\u00fcckgabe beantragen kannst. Um f\u00fcr eine R\u00fcckgabe berechtigt zu sein, muss dein Artikel in demselben Zustand sein, in dem du ihn erhalten hast \u2013 mit Etiketten und in der Originalverpackung. Zudem ben\u00f6tigst du die [&hellip;]\" \/>\n<meta property=\"og:url\" content=\"https:\/\/aliolio.art\/en\/agbs\/\" \/>\n<meta property=\"og:site_name\" content=\"Ali Olio\" \/>\n<meta property=\"article:modified_time\" content=\"2025-03-29T14:36:14+00:00\" \/>\n<meta name=\"twitter:card\" content=\"summary_large_image\" \/>\n<meta name=\"twitter:label1\" content=\"Estimated reading time\" \/>\n\t<meta name=\"twitter:data1\" content=\"3 minutes\" \/>\n<script type=\"application\/ld+json\" class=\"yoast-schema-graph\">{\"@context\":\"https:\/\/schema.org\",\"@graph\":[{\"@type\":\"WebPage\",\"@id\":\"https:\/\/aliolio.art\/agbs\/\",\"url\":\"https:\/\/aliolio.art\/agbs\/\",\"name\":\"AGBs - Ali Olio\",\"isPartOf\":{\"@id\":\"https:\/\/aliolio.art\/#website\"},\"datePublished\":\"2024-06-09T08:22:56+00:00\",\"dateModified\":\"2025-03-29T14:36:14+00:00\",\"breadcrumb\":{\"@id\":\"https:\/\/aliolio.art\/agbs\/#breadcrumb\"},\"inLanguage\":\"en-GB\",\"potentialAction\":[{\"@type\":\"ReadAction\",\"target\":[\"https:\/\/aliolio.art\/agbs\/\"]}]},{\"@type\":\"BreadcrumbList\",\"@id\":\"https:\/\/aliolio.art\/agbs\/#breadcrumb\",\"itemListElement\":[{\"@type\":\"ListItem\",\"position\":1,\"name\":\"Startseite\",\"item\":\"https:\/\/aliolio.art\/\"},{\"@type\":\"ListItem\",\"position\":2,\"name\":\"AGBs\"}]},{\"@type\":\"WebSite\",\"@id\":\"https:\/\/aliolio.art\/#website\",\"url\":\"https:\/\/aliolio.art\/\",\"name\":\"Ali Olio\",\"description\":\"Fine Art from the Alps\",\"publisher\":{\"@id\":\"https:\/\/aliolio.art\/#organization\"},\"potentialAction\":[{\"@type\":\"SearchAction\",\"target\":{\"@type\":\"EntryPoint\",\"urlTemplate\":\"https:\/\/aliolio.art\/?s={search_term_string}\"},\"query-input\":{\"@type\":\"PropertyValueSpecification\",\"valueRequired\":true,\"valueName\":\"search_term_string\"}}],\"inLanguage\":\"en-GB\"},{\"@type\":\"Organization\",\"@id\":\"https:\/\/aliolio.art\/#organization\",\"name\":\"Ali Olio\",\"url\":\"https:\/\/aliolio.art\/\",\"logo\":{\"@type\":\"ImageObject\",\"inLanguage\":\"en-GB\",\"@id\":\"https:\/\/aliolio.art\/#\/schema\/logo\/image\/\",\"url\":\"https:\/\/aliolio.art\/wp-content\/uploads\/2024\/06\/cropped-cropped-AliOlioArt-logo-white-transparent.png\",\"contentUrl\":\"https:\/\/aliolio.art\/wp-content\/uploads\/2024\/06\/cropped-cropped-AliOlioArt-logo-white-transparent.png\",\"width\":512,\"height\":512,\"caption\":\"Ali Olio\"},\"image\":{\"@id\":\"https:\/\/aliolio.art\/#\/schema\/logo\/image\/\"}}]}<\/script>\n<!-- \/ Yoast SEO plugin. -->","yoast_head_json":{"title":"AGBs - Ali Olio","robots":{"index":"index","follow":"follow","max-snippet":"max-snippet:-1","max-image-preview":"max-image-preview:large","max-video-preview":"max-video-preview:-1"},"canonical":"https:\/\/aliolio.art\/en\/agbs\/","og_locale":"en_GB","og_type":"article","og_title":"AGBs - Ali Olio","og_description":"AGBs \u00a0 R\u00fcckgaberecht Ich biete ein 30-t\u00e4giges R\u00fcckgaberecht, das bedeutet, dass du innerhalb von 30 Tagen nach Erhalt deines Artikels eine R\u00fcckgabe beantragen kannst. Um f\u00fcr eine R\u00fcckgabe berechtigt zu sein, muss dein Artikel in demselben Zustand sein, in dem du ihn erhalten hast \u2013 mit Etiketten und in der Originalverpackung. Zudem ben\u00f6tigst du die [&hellip;]","og_url":"https:\/\/aliolio.art\/en\/agbs\/","og_site_name":"Ali Olio","article_modified_time":"2025-03-29T14:36:14+00:00","twitter_card":"summary_large_image","twitter_misc":{"Estimated reading time":"3 minutes"},"schema":{"@context":"https:\/\/schema.org","@graph":[{"@type":"WebPage","@id":"https:\/\/aliolio.art\/agbs\/","url":"https:\/\/aliolio.art\/agbs\/","name":"AGBs - Ali Olio","isPartOf":{"@id":"https:\/\/aliolio.art\/#website"},"datePublished":"2024-06-09T08:22:56+00:00","dateModified":"2025-03-29T14:36:14+00:00","breadcrumb":{"@id":"https:\/\/aliolio.art\/agbs\/#breadcrumb"},"inLanguage":"en-GB","potentialAction":[{"@type":"ReadAction","target":["https:\/\/aliolio.art\/agbs\/"]}]},{"@type":"BreadcrumbList","@id":"https:\/\/aliolio.art\/agbs\/#breadcrumb","itemListElement":[{"@type":"ListItem","position":1,"name":"Startseite","item":"https:\/\/aliolio.art\/"},{"@type":"ListItem","position":2,"name":"AGBs"}]},{"@type":"WebSite","@id":"https:\/\/aliolio.art\/#website","url":"https:\/\/aliolio.art\/","name":"Ali Olio","description":"Fine Art from the Alps","publisher":{"@id":"https:\/\/aliolio.art\/#organization"},"potentialAction":[{"@type":"SearchAction","target":{"@type":"EntryPoint","urlTemplate":"https:\/\/aliolio.art\/?s={search_term_string}"},"query-input":{"@type":"PropertyValueSpecification","valueRequired":true,"valueName":"search_term_string"}}],"inLanguage":"en-GB"},{"@type":"Organization","@id":"https:\/\/aliolio.art\/#organization","name":"Ali Olio","url":"https:\/\/aliolio.art\/","logo":{"@type":"ImageObject","inLanguage":"en-GB","@id":"https:\/\/aliolio.art\/#\/schema\/logo\/image\/","url":"https:\/\/aliolio.art\/wp-content\/uploads\/2024\/06\/cropped-cropped-AliOlioArt-logo-white-transparent.png","contentUrl":"https:\/\/aliolio.art\/wp-content\/uploads\/2024\/06\/cropped-cropped-AliOlioArt-logo-white-transparent.png","width":512,"height":512,"caption":"Ali Olio"},"image":{"@id":"https:\/\/aliolio.art\/#\/schema\/logo\/image\/"}}]}},"jetpack_sharing_enabled":true,"_links":{"self":[{"href":"https:\/\/aliolio.art\/en\/wp-json\/wp\/v2\/pages\/184","targetHints":{"allow":["GET"]}}],"collection":[{"href":"https:\/\/aliolio.art\/en\/wp-json\/wp\/v2\/pages"}],"about":[{"href":"https:\/\/aliolio.art\/en\/wp-json\/wp\/v2\/types\/page"}],"author":[{"embeddable":true,"href":"https:\/\/aliolio.art\/en\/wp-json\/wp\/v2\/users\/1"}],"replies":[{"embeddable":true,"href":"https:\/\/aliolio.art\/en\/wp-json\/wp\/v2\/comments?post=184"}],"version-history":[{"count":20,"href":"https:\/\/aliolio.art\/en\/wp-json\/wp\/v2\/pages\/184\/revisions"}],"predecessor-version":[{"id":3261,"href":"https:\/\/aliolio.art\/en\/wp-json\/wp\/v2\/pages\/184\/revisions\/3261"}],"wp:attachment":[{"href":"https:\/\/aliolio.art\/en\/wp-json\/wp\/v2\/media?parent=184"}],"curies":[{"name":"wp","href":"https:\/\/api.w.org\/{rel}","templated":true}]}}